{"id":3981,"date":"2022-06-28T13:09:15","date_gmt":"2022-06-28T13:09:15","guid":{"rendered":"https:\/\/ampersol.com\/trgovina\/Bez%20kategorije\/leoch-12v-cyclic-vrla-baterija-lps-85ah\/"},"modified":"2024-04-08T19:50:37","modified_gmt":"2024-04-08T19:50:37","slug":"leoch-12v-cyclic-vrla-baterija-lps-85ah","status":"publish","type":"product","link":"https:\/\/ampersol.com\/hr\/trgovina\/samooskrba-hr\/elektricna-energija-hr\/leoch-12v-cyclic-vrla-baterija-lps-85ah\/","title":{"rendered":"Leoch 12V Cyclic VRLA baterija LPS 85Ah"},"content":{"rendered":"","protected":false},"excerpt":{"rendered":"<p>Cikli\u010dka baterija optimalna za solarne sustave, nautiku i karavaning.<\/p>\n<p>Na lageru imamo akumulatore razli\u010ditih kapaciteta &#8211; od 85Ah do 240Ah.<\/p>\n<p>Popust na baterije pri kupnji invertera iz na\u0161e ponude.<\/p>\n<p>&nbsp;<\/p>\n","protected":false},"featured_media":3982,"comment_status":"open","ping_status":"closed","template":"","meta":[],"product_cat":[360,361,370],"product_tag":[],"class_list":{"0":"post-3981","1":"product","2":"type-product","3":"status-publish","4":"has-post-thumbnail","6":"product_cat-ostala-oprema-hr","7":"product_cat-elektricna-energija-hr","8":"product_cat-samooskrba-hr","10":"first","11":"instock","12":"taxable","13":"shipping-taxable","14":"purchasable","15":"product-type-simple"},"yoast_head":"<!-- This site is optimized with the Yoast SEO plugin v24.1 - https:\/\/yoast.com\/wordpress\/plugins\/seo\/ -->\n<title>Leoch 12V Cyclic VRLA baterija LPS 85Ah - Amper Sol d.o.o.<\/title>\n<meta name=\"description\" content=\"Cikli\u010dki akumulator optimalan za solarne sustave, nautiku i karavaning Na lageru imamo akumulatore razli\u010ditih kapaciteta - od 85Ah do 240Ah na popust na akumulatore iz na\u0161e ponude.\" \/>\n<meta name=\"robots\" content=\"index, follow, max-snippet:-1, max-image-preview:large, max-video-preview:-1\" \/>\n<link rel=\"canonical\" href=\"https:\/\/ampersol.com\/hr\/trgovina\/samooskrba-hr\/elektricna-energija-hr\/leoch-12v-cyclic-vrla-baterija-lps-85ah\/\" \/>\n<meta property=\"og:locale\" content=\"hr_HR\" \/>\n<meta property=\"og:type\" content=\"article\" \/>\n<meta property=\"og:title\" content=\"Leoch 12V Cyclic VRLA baterija LPS 85Ah - Amper Sol d.o.o.\" \/>\n<meta property=\"og:description\" content=\"Cikli\u010dki akumulator optimalan za solarne sustave, nautiku i karavaning Na lageru imamo akumulatore razli\u010ditih kapaciteta - od 85Ah do 240Ah na popust na akumulatore iz na\u0161e ponude.\" \/>\n<meta property=\"og:url\" content=\"https:\/\/ampersol.com\/hr\/trgovina\/samooskrba-hr\/elektricna-energija-hr\/leoch-12v-cyclic-vrla-baterija-lps-85ah\/\" \/>\n<meta property=\"og:site_name\" content=\"Amper Sol d.o.o.\" \/>\n<meta property=\"article:modified_time\" content=\"2024-04-08T19:50:37+00:00\" \/>\n<meta property=\"og:image\" content=\"https:\/\/ampersol.com\/wp-content\/uploads\/2022\/06\/Posnetek-zaslona-2022-07-01-130610.jpg\" \/>\n\t<meta property=\"og:image:width\" content=\"381\" \/>\n\t<meta property=\"og:image:height\" content=\"349\" \/>\n\t<meta property=\"og:image:type\" content=\"image\/jpeg\" \/>\n<meta name=\"twitter:card\" content=\"summary_large_image\" \/>\n<script type=\"application\/ld+json\" class=\"yoast-schema-graph\">{\"@context\":\"https:\/\/schema.org\",\"@graph\":[{\"@type\":\"WebPage\",\"@id\":\"https:\/\/ampersol.com\/hr\/trgovina\/samooskrba-hr\/elektricna-energija-hr\/leoch-12v-cyclic-vrla-baterija-lps-85ah\/\",\"url\":\"https:\/\/ampersol.com\/hr\/trgovina\/samooskrba-hr\/elektricna-energija-hr\/leoch-12v-cyclic-vrla-baterija-lps-85ah\/\",\"name\":\"Leoch 12V Cyclic VRLA baterija LPS 85Ah - Amper Sol d.o.o.\",\"isPartOf\":{\"@id\":\"https:\/\/ampersol.com\/hr\/#website\"},\"primaryImageOfPage\":{\"@id\":\"https:\/\/ampersol.com\/hr\/trgovina\/samooskrba-hr\/elektricna-energija-hr\/leoch-12v-cyclic-vrla-baterija-lps-85ah\/#primaryimage\"},\"image\":{\"@id\":\"https:\/\/ampersol.com\/hr\/trgovina\/samooskrba-hr\/elektricna-energija-hr\/leoch-12v-cyclic-vrla-baterija-lps-85ah\/#primaryimage\"},\"thumbnailUrl\":\"https:\/\/ampersol.com\/wp-content\/uploads\/2022\/06\/Posnetek-zaslona-2022-07-01-130610.jpg\",\"datePublished\":\"2022-06-28T13:09:15+00:00\",\"dateModified\":\"2024-04-08T19:50:37+00:00\",\"description\":\"Cikli\u010dki akumulator optimalan za solarne sustave, nautiku i karavaning Na lageru imamo akumulatore razli\u010ditih kapaciteta - od 85Ah do 240Ah na popust na akumulatore iz na\u0161e ponude.\",\"breadcrumb\":{\"@id\":\"https:\/\/ampersol.com\/hr\/trgovina\/samooskrba-hr\/elektricna-energija-hr\/leoch-12v-cyclic-vrla-baterija-lps-85ah\/#breadcrumb\"},\"inLanguage\":\"hr\",\"potentialAction\":[{\"@type\":\"ReadAction\",\"target\":[\"https:\/\/ampersol.com\/hr\/trgovina\/samooskrba-hr\/elektricna-energija-hr\/leoch-12v-cyclic-vrla-baterija-lps-85ah\/\"]}]},{\"@type\":\"ImageObject\",\"inLanguage\":\"hr\",\"@id\":\"https:\/\/ampersol.com\/hr\/trgovina\/samooskrba-hr\/elektricna-energija-hr\/leoch-12v-cyclic-vrla-baterija-lps-85ah\/#primaryimage\",\"url\":\"https:\/\/ampersol.com\/wp-content\/uploads\/2022\/06\/Posnetek-zaslona-2022-07-01-130610.jpg\",\"contentUrl\":\"https:\/\/ampersol.com\/wp-content\/uploads\/2022\/06\/Posnetek-zaslona-2022-07-01-130610.jpg\",\"width\":381,\"height\":349},{\"@type\":\"BreadcrumbList\",\"@id\":\"https:\/\/ampersol.com\/hr\/trgovina\/samooskrba-hr\/elektricna-energija-hr\/leoch-12v-cyclic-vrla-baterija-lps-85ah\/#breadcrumb\",\"itemListElement\":[{\"@type\":\"ListItem\",\"position\":1,\"name\":\"Home\",\"item\":\"https:\/\/ampersol.com\/hr\/\"},{\"@type\":\"ListItem\",\"position\":2,\"name\":\"Trgovina\",\"item\":\"https:\/\/ampersol.com\/hr\/trgovina\/\"},{\"@type\":\"ListItem\",\"position\":3,\"name\":\"Leoch 12V Cyclic VRLA baterija LPS 85Ah\"}]},{\"@type\":\"WebSite\",\"@id\":\"https:\/\/ampersol.com\/hr\/#website\",\"url\":\"https:\/\/ampersol.com\/hr\/\",\"name\":\"Amper Sol d.o.o.\",\"description\":\"Prodaja, servis in storitve\",\"publisher\":{\"@id\":\"https:\/\/ampersol.com\/hr\/#organization\"},\"potentialAction\":[{\"@type\":\"SearchAction\",\"target\":{\"@type\":\"EntryPoint\",\"urlTemplate\":\"https:\/\/ampersol.com\/hr\/?s={search_term_string}\"},\"query-input\":{\"@type\":\"PropertyValueSpecification\",\"valueRequired\":true,\"valueName\":\"search_term_string\"}}],\"inLanguage\":\"hr\"},{\"@type\":\"Organization\",\"@id\":\"https:\/\/ampersol.com\/hr\/#organization\",\"name\":\"Amper Sol d.o.o.\",\"url\":\"https:\/\/ampersol.com\/hr\/\",\"logo\":{\"@type\":\"ImageObject\",\"inLanguage\":\"hr\",\"@id\":\"https:\/\/ampersol.com\/hr\/#\/schema\/logo\/image\/\",\"url\":\"https:\/\/ampersol.com\/wp-content\/uploads\/2022\/06\/cropped-deni-logo-1-303x71-1.png\",\"contentUrl\":\"https:\/\/ampersol.com\/wp-content\/uploads\/2022\/06\/cropped-deni-logo-1-303x71-1.png\",\"width\":303,\"height\":71,\"caption\":\"Amper Sol d.o.o.\"},\"image\":{\"@id\":\"https:\/\/ampersol.com\/hr\/#\/schema\/logo\/image\/\"}}]}<\/script>\n<!-- \/ Yoast SEO plugin. -->","yoast_head_json":{"title":"Leoch 12V Cyclic VRLA baterija LPS 85Ah - Amper Sol d.o.o.","description":"Cikli\u010dki akumulator optimalan za solarne sustave, nautiku i karavaning Na lageru imamo akumulatore razli\u010ditih kapaciteta - od 85Ah do 240Ah na popust na akumulatore iz na\u0161e ponude.","robots":{"index":"index","follow":"follow","max-snippet":"max-snippet:-1","max-image-preview":"max-image-preview:large","max-video-preview":"max-video-preview:-1"},"canonical":"https:\/\/ampersol.com\/hr\/trgovina\/samooskrba-hr\/elektricna-energija-hr\/leoch-12v-cyclic-vrla-baterija-lps-85ah\/","og_locale":"hr_HR","og_type":"article","og_title":"Leoch 12V Cyclic VRLA baterija LPS 85Ah - Amper Sol d.o.o.","og_description":"Cikli\u010dki akumulator optimalan za solarne sustave, nautiku i karavaning Na lageru imamo akumulatore razli\u010ditih kapaciteta - od 85Ah do 240Ah na popust na akumulatore iz na\u0161e ponude.","og_url":"https:\/\/ampersol.com\/hr\/trgovina\/samooskrba-hr\/elektricna-energija-hr\/leoch-12v-cyclic-vrla-baterija-lps-85ah\/","og_site_name":"Amper Sol d.o.o.","article_modified_time":"2024-04-08T19:50:37+00:00","og_image":[{"width":381,"height":349,"url":"https:\/\/ampersol.com\/wp-content\/uploads\/2022\/06\/Posnetek-zaslona-2022-07-01-130610.jpg","type":"image\/jpeg"}],"twitter_card":"summary_large_image","schema":{"@context":"https:\/\/schema.org","@graph":[{"@type":"WebPage","@id":"https:\/\/ampersol.com\/hr\/trgovina\/samooskrba-hr\/elektricna-energija-hr\/leoch-12v-cyclic-vrla-baterija-lps-85ah\/","url":"https:\/\/ampersol.com\/hr\/trgovina\/samooskrba-hr\/elektricna-energija-hr\/leoch-12v-cyclic-vrla-baterija-lps-85ah\/","name":"Leoch 12V Cyclic VRLA baterija LPS 85Ah - Amper Sol d.o.o.","isPartOf":{"@id":"https:\/\/ampersol.com\/hr\/#website"},"primaryImageOfPage":{"@id":"https:\/\/ampersol.com\/hr\/trgovina\/samooskrba-hr\/elektricna-energija-hr\/leoch-12v-cyclic-vrla-baterija-lps-85ah\/#primaryimage"},"image":{"@id":"https:\/\/ampersol.com\/hr\/trgovina\/samooskrba-hr\/elektricna-energija-hr\/leoch-12v-cyclic-vrla-baterija-lps-85ah\/#primaryimage"},"thumbnailUrl":"https:\/\/ampersol.com\/wp-content\/uploads\/2022\/06\/Posnetek-zaslona-2022-07-01-130610.jpg","datePublished":"2022-06-28T13:09:15+00:00","dateModified":"2024-04-08T19:50:37+00:00","description":"Cikli\u010dki akumulator optimalan za solarne sustave, nautiku i karavaning Na lageru imamo akumulatore razli\u010ditih kapaciteta - od 85Ah do 240Ah na popust na akumulatore iz na\u0161e ponude.","breadcrumb":{"@id":"https:\/\/ampersol.com\/hr\/trgovina\/samooskrba-hr\/elektricna-energija-hr\/leoch-12v-cyclic-vrla-baterija-lps-85ah\/#breadcrumb"},"inLanguage":"hr","potentialAction":[{"@type":"ReadAction","target":["https:\/\/ampersol.com\/hr\/trgovina\/samooskrba-hr\/elektricna-energija-hr\/leoch-12v-cyclic-vrla-baterija-lps-85ah\/"]}]},{"@type":"ImageObject","inLanguage":"hr","@id":"https:\/\/ampersol.com\/hr\/trgovina\/samooskrba-hr\/elektricna-energija-hr\/leoch-12v-cyclic-vrla-baterija-lps-85ah\/#primaryimage","url":"https:\/\/ampersol.com\/wp-content\/uploads\/2022\/06\/Posnetek-zaslona-2022-07-01-130610.jpg","contentUrl":"https:\/\/ampersol.com\/wp-content\/uploads\/2022\/06\/Posnetek-zaslona-2022-07-01-130610.jpg","width":381,"height":349},{"@type":"BreadcrumbList","@id":"https:\/\/ampersol.com\/hr\/trgovina\/samooskrba-hr\/elektricna-energija-hr\/leoch-12v-cyclic-vrla-baterija-lps-85ah\/#breadcrumb","itemListElement":[{"@type":"ListItem","position":1,"name":"Home","item":"https:\/\/ampersol.com\/hr\/"},{"@type":"ListItem","position":2,"name":"Trgovina","item":"https:\/\/ampersol.com\/hr\/trgovina\/"},{"@type":"ListItem","position":3,"name":"Leoch 12V Cyclic VRLA baterija LPS 85Ah"}]},{"@type":"WebSite","@id":"https:\/\/ampersol.com\/hr\/#website","url":"https:\/\/ampersol.com\/hr\/","name":"Amper Sol d.o.o.","description":"Prodaja, servis in storitve","publisher":{"@id":"https:\/\/ampersol.com\/hr\/#organization"},"potentialAction":[{"@type":"SearchAction","target":{"@type":"EntryPoint","urlTemplate":"https:\/\/ampersol.com\/hr\/?s={search_term_string}"},"query-input":{"@type":"PropertyValueSpecification","valueRequired":true,"valueName":"search_term_string"}}],"inLanguage":"hr"},{"@type":"Organization","@id":"https:\/\/ampersol.com\/hr\/#organization","name":"Amper Sol d.o.o.","url":"https:\/\/ampersol.com\/hr\/","logo":{"@type":"ImageObject","inLanguage":"hr","@id":"https:\/\/ampersol.com\/hr\/#\/schema\/logo\/image\/","url":"https:\/\/ampersol.com\/wp-content\/uploads\/2022\/06\/cropped-deni-logo-1-303x71-1.png","contentUrl":"https:\/\/ampersol.com\/wp-content\/uploads\/2022\/06\/cropped-deni-logo-1-303x71-1.png","width":303,"height":71,"caption":"Amper Sol d.o.o."},"image":{"@id":"https:\/\/ampersol.com\/hr\/#\/schema\/logo\/image\/"}}]}},"_links":{"self":[{"href":"https:\/\/ampersol.com\/hr\/wp-json\/wp\/v2\/product\/3981","targetHints":{"allow":["GET"]}}],"collection":[{"href":"https:\/\/ampersol.com\/hr\/wp-json\/wp\/v2\/product"}],"about":[{"href":"https:\/\/ampersol.com\/hr\/wp-json\/wp\/v2\/types\/product"}],"replies":[{"embeddable":true,"href":"https:\/\/ampersol.com\/hr\/wp-json\/wp\/v2\/comments?post=3981"}],"wp:featuredmedia":[{"embeddable":true,"href":"https:\/\/ampersol.com\/hr\/wp-json\/wp\/v2\/media\/3982"}],"wp:attachment":[{"href":"https:\/\/ampersol.com\/hr\/wp-json\/wp\/v2\/media?parent=3981"}],"wp:term":[{"taxonomy":"product_cat","embeddable":true,"href":"https:\/\/ampersol.com\/hr\/wp-json\/wp\/v2\/product_cat?post=3981"},{"taxonomy":"product_tag","embeddable":true,"href":"https:\/\/ampersol.com\/hr\/wp-json\/wp\/v2\/product_tag?post=3981"}],"curies":[{"name":"wp","href":"https:\/\/api.w.org\/{rel}","templated":true}]}}