{"id":3970,"date":"2022-06-28T13:09:16","date_gmt":"2022-06-28T13:09:16","guid":{"rendered":"https:\/\/ampersol.com\/trgovina\/Bez kategorije\/autoterm-air-4d-12v-24v-diesel-grijac-zraka\/"},"modified":"2022-06-28T13:09:16","modified_gmt":"2022-06-28T13:09:16","slug":"autoterm-air-4d-12v-24v-diesel-grijac-zraka","status":"publish","type":"product","link":"https:\/\/ampersol.com\/hr\/trgovina\/dom-nautika-karavaning\/grijanje-na-dizel\/autoterm-hr\/autoterm-air-4d-12v-24v-diesel-grijac-zraka\/","title":{"rendered":"AUTOTERM Air 4D 12V\/24V Diesel grija\u010d zraka"},"content":{"rendered":"","protected":false},"excerpt":{"rendered":"<p>Prikladno za kombije, \u010damce, vozila za odmor, mobilne radionice, kamione&#8230;<\/p>\n<p>Proizvod je vi\u0161e klase kvalitete, garancija 3 godine!<\/p>\n<p>Tvrtka Amper Sol doo je ovla\u0161teni prodava\u010d, monta\u017eer i serviser Autoterm grija\u010da.<\/p>\n<p>Napajanje: 12V ili 24V<\/p>\n<p>Snaga grijanja: 4000W<\/p>\n<p>Regulator se mora posebno naru\u010diti!<\/p>\n<p>Cijena kontrolera:<\/p>\n<p>PU-27tm2 77,00 \u20ac<\/p>\n<p>PU-5tm: 43,90 \u20ac<\/p>\n<p>Comfort LCD: 120 \u20ac<\/p>\n","protected":false},"featured_media":3695,"comment_status":"open","ping_status":"closed","template":"","meta":[],"product_cat":[365],"product_tag":[],"class_list":{"0":"post-3970","1":"product","2":"type-product","3":"status-publish","4":"has-post-thumbnail","6":"product_cat-autoterm-hr","8":"first","9":"instock","10":"taxable","11":"shipping-taxable","12":"purchasable","13":"product-type-simple"},"yoast_head":"<!-- This site is optimized with the Yoast SEO plugin v24.1 - https:\/\/yoast.com\/wordpress\/plugins\/seo\/ -->\n<title>AUTOTERM Air 4D 12V\/24V Diesel grija\u010d zraka - Amper Sol d.o.o.<\/title>\n<meta name=\"description\" content=\"Pogodan za kombije, \u010damce, vozila za odmor, putuju\u0107e radionice, kamione... Proizvod je vi\u0161e klase kvalitete, garancija 3 godine! Tvrtka Amper Sol doo je ovla\u0161teni prodava\u010d, monta\u017eer i serviser Autoterm grija\u010da.\" \/>\n<meta name=\"robots\" content=\"index, follow, max-snippet:-1, max-image-preview:large, max-video-preview:-1\" \/>\n<link rel=\"canonical\" href=\"https:\/\/ampersol.com\/hr\/trgovina\/dom-nautika-karavaning\/grijanje-na-dizel\/autoterm-hr\/autoterm-air-4d-12v-24v-diesel-grijac-zraka\/\" \/>\n<meta property=\"og:locale\" content=\"hr_HR\" \/>\n<meta property=\"og:type\" content=\"article\" \/>\n<meta property=\"og:title\" content=\"AUTOTERM Air 4D 12V\/24V Diesel grija\u010d zraka - Amper Sol d.o.o.\" \/>\n<meta property=\"og:description\" content=\"Pogodan za kombije, \u010damce, vozila za odmor, putuju\u0107e radionice, kamione... Proizvod je vi\u0161e klase kvalitete, garancija 3 godine! Tvrtka Amper Sol doo je ovla\u0161teni prodava\u010d, monta\u017eer i serviser Autoterm grija\u010da.\" \/>\n<meta property=\"og:url\" content=\"https:\/\/ampersol.com\/hr\/trgovina\/dom-nautika-karavaning\/grijanje-na-dizel\/autoterm-hr\/autoterm-air-4d-12v-24v-diesel-grijac-zraka\/\" \/>\n<meta property=\"og:site_name\" content=\"Amper Sol d.o.o.\" \/>\n<meta property=\"og:image\" content=\"https:\/\/ampersol.com\/wp-content\/uploads\/2022\/06\/22.png\" \/>\n\t<meta property=\"og:image:width\" content=\"823\" \/>\n\t<meta property=\"og:image:height\" content=\"491\" \/>\n\t<meta property=\"og:image:type\" content=\"image\/png\" \/>\n<meta name=\"twitter:card\" content=\"summary_large_image\" \/>\n<script type=\"application\/ld+json\" class=\"yoast-schema-graph\">{\"@context\":\"https:\/\/schema.org\",\"@graph\":[{\"@type\":\"WebPage\",\"@id\":\"https:\/\/ampersol.com\/hr\/trgovina\/dom-nautika-karavaning\/grijanje-na-dizel\/autoterm-hr\/autoterm-air-4d-12v-24v-diesel-grijac-zraka\/\",\"url\":\"https:\/\/ampersol.com\/hr\/trgovina\/dom-nautika-karavaning\/grijanje-na-dizel\/autoterm-hr\/autoterm-air-4d-12v-24v-diesel-grijac-zraka\/\",\"name\":\"AUTOTERM Air 4D 12V\/24V Diesel grija\u010d zraka - Amper Sol d.o.o.\",\"isPartOf\":{\"@id\":\"https:\/\/ampersol.com\/hr\/#website\"},\"primaryImageOfPage\":{\"@id\":\"https:\/\/ampersol.com\/hr\/trgovina\/dom-nautika-karavaning\/grijanje-na-dizel\/autoterm-hr\/autoterm-air-4d-12v-24v-diesel-grijac-zraka\/#primaryimage\"},\"image\":{\"@id\":\"https:\/\/ampersol.com\/hr\/trgovina\/dom-nautika-karavaning\/grijanje-na-dizel\/autoterm-hr\/autoterm-air-4d-12v-24v-diesel-grijac-zraka\/#primaryimage\"},\"thumbnailUrl\":\"https:\/\/ampersol.com\/wp-content\/uploads\/2022\/06\/22.png\",\"datePublished\":\"2022-06-28T13:09:16+00:00\",\"dateModified\":\"2022-06-28T13:09:16+00:00\",\"description\":\"Pogodan za kombije, \u010damce, vozila za odmor, putuju\u0107e radionice, kamione... Proizvod je vi\u0161e klase kvalitete, garancija 3 godine! Tvrtka Amper Sol doo je ovla\u0161teni prodava\u010d, monta\u017eer i serviser Autoterm grija\u010da.\",\"breadcrumb\":{\"@id\":\"https:\/\/ampersol.com\/hr\/trgovina\/dom-nautika-karavaning\/grijanje-na-dizel\/autoterm-hr\/autoterm-air-4d-12v-24v-diesel-grijac-zraka\/#breadcrumb\"},\"inLanguage\":\"hr\",\"potentialAction\":[{\"@type\":\"ReadAction\",\"target\":[\"https:\/\/ampersol.com\/hr\/trgovina\/dom-nautika-karavaning\/grijanje-na-dizel\/autoterm-hr\/autoterm-air-4d-12v-24v-diesel-grijac-zraka\/\"]}]},{\"@type\":\"ImageObject\",\"inLanguage\":\"hr\",\"@id\":\"https:\/\/ampersol.com\/hr\/trgovina\/dom-nautika-karavaning\/grijanje-na-dizel\/autoterm-hr\/autoterm-air-4d-12v-24v-diesel-grijac-zraka\/#primaryimage\",\"url\":\"https:\/\/ampersol.com\/wp-content\/uploads\/2022\/06\/22.png\",\"contentUrl\":\"https:\/\/ampersol.com\/wp-content\/uploads\/2022\/06\/22.png\",\"width\":823,\"height\":491},{\"@type\":\"BreadcrumbList\",\"@id\":\"https:\/\/ampersol.com\/hr\/trgovina\/dom-nautika-karavaning\/grijanje-na-dizel\/autoterm-hr\/autoterm-air-4d-12v-24v-diesel-grijac-zraka\/#breadcrumb\",\"itemListElement\":[{\"@type\":\"ListItem\",\"position\":1,\"name\":\"Home\",\"item\":\"https:\/\/ampersol.com\/hr\/\"},{\"@type\":\"ListItem\",\"position\":2,\"name\":\"Trgovina\",\"item\":\"https:\/\/ampersol.com\/hr\/trgovina\/\"},{\"@type\":\"ListItem\",\"position\":3,\"name\":\"AUTOTERM Air 4D 12V\/24V Diesel grija\u010d zraka\"}]},{\"@type\":\"WebSite\",\"@id\":\"https:\/\/ampersol.com\/hr\/#website\",\"url\":\"https:\/\/ampersol.com\/hr\/\",\"name\":\"Amper Sol d.o.o.\",\"description\":\"Prodaja, servis in storitve\",\"publisher\":{\"@id\":\"https:\/\/ampersol.com\/hr\/#organization\"},\"potentialAction\":[{\"@type\":\"SearchAction\",\"target\":{\"@type\":\"EntryPoint\",\"urlTemplate\":\"https:\/\/ampersol.com\/hr\/?s={search_term_string}\"},\"query-input\":{\"@type\":\"PropertyValueSpecification\",\"valueRequired\":true,\"valueName\":\"search_term_string\"}}],\"inLanguage\":\"hr\"},{\"@type\":\"Organization\",\"@id\":\"https:\/\/ampersol.com\/hr\/#organization\",\"name\":\"Amper Sol d.o.o.\",\"url\":\"https:\/\/ampersol.com\/hr\/\",\"logo\":{\"@type\":\"ImageObject\",\"inLanguage\":\"hr\",\"@id\":\"https:\/\/ampersol.com\/hr\/#\/schema\/logo\/image\/\",\"url\":\"https:\/\/ampersol.com\/wp-content\/uploads\/2022\/06\/cropped-deni-logo-1-303x71-1.png\",\"contentUrl\":\"https:\/\/ampersol.com\/wp-content\/uploads\/2022\/06\/cropped-deni-logo-1-303x71-1.png\",\"width\":303,\"height\":71,\"caption\":\"Amper Sol d.o.o.\"},\"image\":{\"@id\":\"https:\/\/ampersol.com\/hr\/#\/schema\/logo\/image\/\"}}]}<\/script>\n<!-- \/ Yoast SEO plugin. -->","yoast_head_json":{"title":"AUTOTERM Air 4D 12V\/24V Diesel grija\u010d zraka - Amper Sol d.o.o.","description":"Pogodan za kombije, \u010damce, vozila za odmor, putuju\u0107e radionice, kamione... Proizvod je vi\u0161e klase kvalitete, garancija 3 godine! Tvrtka Amper Sol doo je ovla\u0161teni prodava\u010d, monta\u017eer i serviser Autoterm grija\u010da.","robots":{"index":"index","follow":"follow","max-snippet":"max-snippet:-1","max-image-preview":"max-image-preview:large","max-video-preview":"max-video-preview:-1"},"canonical":"https:\/\/ampersol.com\/hr\/trgovina\/dom-nautika-karavaning\/grijanje-na-dizel\/autoterm-hr\/autoterm-air-4d-12v-24v-diesel-grijac-zraka\/","og_locale":"hr_HR","og_type":"article","og_title":"AUTOTERM Air 4D 12V\/24V Diesel grija\u010d zraka - Amper Sol d.o.o.","og_description":"Pogodan za kombije, \u010damce, vozila za odmor, putuju\u0107e radionice, kamione... Proizvod je vi\u0161e klase kvalitete, garancija 3 godine! Tvrtka Amper Sol doo je ovla\u0161teni prodava\u010d, monta\u017eer i serviser Autoterm grija\u010da.","og_url":"https:\/\/ampersol.com\/hr\/trgovina\/dom-nautika-karavaning\/grijanje-na-dizel\/autoterm-hr\/autoterm-air-4d-12v-24v-diesel-grijac-zraka\/","og_site_name":"Amper Sol d.o.o.","og_image":[{"width":823,"height":491,"url":"https:\/\/ampersol.com\/wp-content\/uploads\/2022\/06\/22.png","type":"image\/png"}],"twitter_card":"summary_large_image","schema":{"@context":"https:\/\/schema.org","@graph":[{"@type":"WebPage","@id":"https:\/\/ampersol.com\/hr\/trgovina\/dom-nautika-karavaning\/grijanje-na-dizel\/autoterm-hr\/autoterm-air-4d-12v-24v-diesel-grijac-zraka\/","url":"https:\/\/ampersol.com\/hr\/trgovina\/dom-nautika-karavaning\/grijanje-na-dizel\/autoterm-hr\/autoterm-air-4d-12v-24v-diesel-grijac-zraka\/","name":"AUTOTERM Air 4D 12V\/24V Diesel grija\u010d zraka - Amper Sol d.o.o.","isPartOf":{"@id":"https:\/\/ampersol.com\/hr\/#website"},"primaryImageOfPage":{"@id":"https:\/\/ampersol.com\/hr\/trgovina\/dom-nautika-karavaning\/grijanje-na-dizel\/autoterm-hr\/autoterm-air-4d-12v-24v-diesel-grijac-zraka\/#primaryimage"},"image":{"@id":"https:\/\/ampersol.com\/hr\/trgovina\/dom-nautika-karavaning\/grijanje-na-dizel\/autoterm-hr\/autoterm-air-4d-12v-24v-diesel-grijac-zraka\/#primaryimage"},"thumbnailUrl":"https:\/\/ampersol.com\/wp-content\/uploads\/2022\/06\/22.png","datePublished":"2022-06-28T13:09:16+00:00","dateModified":"2022-06-28T13:09:16+00:00","description":"Pogodan za kombije, \u010damce, vozila za odmor, putuju\u0107e radionice, kamione... Proizvod je vi\u0161e klase kvalitete, garancija 3 godine! Tvrtka Amper Sol doo je ovla\u0161teni prodava\u010d, monta\u017eer i serviser Autoterm grija\u010da.","breadcrumb":{"@id":"https:\/\/ampersol.com\/hr\/trgovina\/dom-nautika-karavaning\/grijanje-na-dizel\/autoterm-hr\/autoterm-air-4d-12v-24v-diesel-grijac-zraka\/#breadcrumb"},"inLanguage":"hr","potentialAction":[{"@type":"ReadAction","target":["https:\/\/ampersol.com\/hr\/trgovina\/dom-nautika-karavaning\/grijanje-na-dizel\/autoterm-hr\/autoterm-air-4d-12v-24v-diesel-grijac-zraka\/"]}]},{"@type":"ImageObject","inLanguage":"hr","@id":"https:\/\/ampersol.com\/hr\/trgovina\/dom-nautika-karavaning\/grijanje-na-dizel\/autoterm-hr\/autoterm-air-4d-12v-24v-diesel-grijac-zraka\/#primaryimage","url":"https:\/\/ampersol.com\/wp-content\/uploads\/2022\/06\/22.png","contentUrl":"https:\/\/ampersol.com\/wp-content\/uploads\/2022\/06\/22.png","width":823,"height":491},{"@type":"BreadcrumbList","@id":"https:\/\/ampersol.com\/hr\/trgovina\/dom-nautika-karavaning\/grijanje-na-dizel\/autoterm-hr\/autoterm-air-4d-12v-24v-diesel-grijac-zraka\/#breadcrumb","itemListElement":[{"@type":"ListItem","position":1,"name":"Home","item":"https:\/\/ampersol.com\/hr\/"},{"@type":"ListItem","position":2,"name":"Trgovina","item":"https:\/\/ampersol.com\/hr\/trgovina\/"},{"@type":"ListItem","position":3,"name":"AUTOTERM Air 4D 12V\/24V Diesel grija\u010d zraka"}]},{"@type":"WebSite","@id":"https:\/\/ampersol.com\/hr\/#website","url":"https:\/\/ampersol.com\/hr\/","name":"Amper Sol d.o.o.","description":"Prodaja, servis in storitve","publisher":{"@id":"https:\/\/ampersol.com\/hr\/#organization"},"potentialAction":[{"@type":"SearchAction","target":{"@type":"EntryPoint","urlTemplate":"https:\/\/ampersol.com\/hr\/?s={search_term_string}"},"query-input":{"@type":"PropertyValueSpecification","valueRequired":true,"valueName":"search_term_string"}}],"inLanguage":"hr"},{"@type":"Organization","@id":"https:\/\/ampersol.com\/hr\/#organization","name":"Amper Sol d.o.o.","url":"https:\/\/ampersol.com\/hr\/","logo":{"@type":"ImageObject","inLanguage":"hr","@id":"https:\/\/ampersol.com\/hr\/#\/schema\/logo\/image\/","url":"https:\/\/ampersol.com\/wp-content\/uploads\/2022\/06\/cropped-deni-logo-1-303x71-1.png","contentUrl":"https:\/\/ampersol.com\/wp-content\/uploads\/2022\/06\/cropped-deni-logo-1-303x71-1.png","width":303,"height":71,"caption":"Amper Sol d.o.o."},"image":{"@id":"https:\/\/ampersol.com\/hr\/#\/schema\/logo\/image\/"}}]}},"_links":{"self":[{"href":"https:\/\/ampersol.com\/hr\/wp-json\/wp\/v2\/product\/3970","targetHints":{"allow":["GET"]}}],"collection":[{"href":"https:\/\/ampersol.com\/hr\/wp-json\/wp\/v2\/product"}],"about":[{"href":"https:\/\/ampersol.com\/hr\/wp-json\/wp\/v2\/types\/product"}],"replies":[{"embeddable":true,"href":"https:\/\/ampersol.com\/hr\/wp-json\/wp\/v2\/comments?post=3970"}],"wp:featuredmedia":[{"embeddable":true,"href":"https:\/\/ampersol.com\/hr\/wp-json\/wp\/v2\/media\/3695"}],"wp:attachment":[{"href":"https:\/\/ampersol.com\/hr\/wp-json\/wp\/v2\/media?parent=3970"}],"wp:term":[{"taxonomy":"product_cat","embeddable":true,"href":"https:\/\/ampersol.com\/hr\/wp-json\/wp\/v2\/product_cat?post=3970"},{"taxonomy":"product_tag","embeddable":true,"href":"https:\/\/ampersol.com\/hr\/wp-json\/wp\/v2\/product_tag?post=3970"}],"curies":[{"name":"wp","href":"https:\/\/api.w.org\/{rel}","templated":true}]}}