{"id":3964,"date":"2022-06-28T13:09:39","date_gmt":"2022-06-28T13:09:39","guid":{"rendered":"https:\/\/ampersol.com\/trgovina\/Bez%20kategorije\/autoterm-protocno-5d-5b-12v-24v-grijanje-dizel-ili-benzinskog-motora-vozila\/"},"modified":"2024-04-08T19:50:01","modified_gmt":"2024-04-08T19:50:01","slug":"autoterm-protocno-5d-5b-12v-24v-grijanje-dizel-ili-benzinskog-motora-vozila","status":"publish","type":"product","link":"https:\/\/ampersol.com\/hr\/trgovina\/dom-nautika-karavaning\/grijanje-na-dizel\/autoterm-hr\/autoterm-protocno-5d-5b-12v-24v-grijanje-dizel-ili-benzinskog-motora-vozila\/","title":{"rendered":"AUTOTERM Proto\u010dno 5D\/5B 12V\/24V grijanje dizel ili benzinskog motora vozila"},"content":{"rendered":"","protected":false},"excerpt":{"rendered":"<div class=\"woocommerce-product-details__short-description\">\n<p>Pogodno za grijanje motora i kabina za kombije, \u010damce, vozila za odmor, putuju\u0107e radionice, kamione&#8230;<\/p>\n<p>Grija\u010d mo\u017ee raditi i samostalno za grijanje krugova s \u200b\u200bmaksimalnim kapacitetom do 30L.<\/p>\n<p>Proizvod je vi\u0161e klase kvalitete, garancija 3 godine!<\/p>\n<p>Napajanje: 12V ili 24V<\/p>\n<p>Snaga grijanja: 5000W<\/p>\n<p>Dodatne informacije na email.<\/p>\n<\/div>\n","protected":false},"featured_media":3965,"comment_status":"open","ping_status":"closed","template":"","meta":[],"product_cat":[365],"product_tag":[],"class_list":{"0":"post-3964","1":"product","2":"type-product","3":"status-publish","4":"has-post-thumbnail","6":"product_cat-autoterm-hr","8":"first","9":"instock","10":"taxable","11":"shipping-taxable","12":"purchasable","13":"product-type-simple"},"yoast_head":"<!-- This site is optimized with the Yoast SEO plugin v24.1 - https:\/\/yoast.com\/wordpress\/plugins\/seo\/ -->\n<title>AUTOTERM Proto\u010dno 5D\/5B 12V\/24V grijanje dizel ili benzinskog motora vozila - Amper Sol d.o.o.<\/title>\n<meta name=\"description\" content=\"Pogodan za grijanje motora i kabina za kombije, \u010damce, vozila za odmor, putuju\u0107e radionice, kamione... Grija\u010d mo\u017ee raditi i samostalno za grijanje krugova maksimalnog kapaciteta do 30L. Proizvod je vi\u0161e klase kvalitete, 3-. godina garancije!\" \/>\n<meta name=\"robots\" content=\"index, follow, max-snippet:-1, max-image-preview:large, max-video-preview:-1\" \/>\n<link rel=\"canonical\" href=\"https:\/\/ampersol.com\/hr\/trgovina\/dom-nautika-karavaning\/grijanje-na-dizel\/autoterm-hr\/autoterm-protocno-5d-5b-12v-24v-grijanje-dizel-ili-benzinskog-motora-vozila\/\" \/>\n<meta property=\"og:locale\" content=\"hr_HR\" \/>\n<meta property=\"og:type\" content=\"article\" \/>\n<meta property=\"og:title\" content=\"AUTOTERM Proto\u010dno 5D\/5B 12V\/24V grijanje dizel ili benzinskog motora vozila - Amper Sol d.o.o.\" \/>\n<meta property=\"og:description\" content=\"Pogodan za grijanje motora i kabina za kombije, \u010damce, vozila za odmor, putuju\u0107e radionice, kamione... Grija\u010d mo\u017ee raditi i samostalno za grijanje krugova maksimalnog kapaciteta do 30L. Proizvod je vi\u0161e klase kvalitete, 3-. godina garancije!\" \/>\n<meta property=\"og:url\" content=\"https:\/\/ampersol.com\/hr\/trgovina\/dom-nautika-karavaning\/grijanje-na-dizel\/autoterm-hr\/autoterm-protocno-5d-5b-12v-24v-grijanje-dizel-ili-benzinskog-motora-vozila\/\" \/>\n<meta property=\"og:site_name\" content=\"Amper Sol d.o.o.\" \/>\n<meta property=\"article:modified_time\" content=\"2024-04-08T19:50:01+00:00\" \/>\n<meta property=\"og:image\" content=\"https:\/\/ampersol.com\/wp-content\/uploads\/2022\/06\/55.png\" \/>\n\t<meta property=\"og:image:width\" content=\"401\" \/>\n\t<meta property=\"og:image:height\" content=\"331\" \/>\n\t<meta property=\"og:image:type\" content=\"image\/png\" \/>\n<meta name=\"twitter:card\" content=\"summary_large_image\" \/>\n<script type=\"application\/ld+json\" class=\"yoast-schema-graph\">{\"@context\":\"https:\/\/schema.org\",\"@graph\":[{\"@type\":\"WebPage\",\"@id\":\"https:\/\/ampersol.com\/hr\/trgovina\/dom-nautika-karavaning\/grijanje-na-dizel\/autoterm-hr\/autoterm-protocno-5d-5b-12v-24v-grijanje-dizel-ili-benzinskog-motora-vozila\/\",\"url\":\"https:\/\/ampersol.com\/hr\/trgovina\/dom-nautika-karavaning\/grijanje-na-dizel\/autoterm-hr\/autoterm-protocno-5d-5b-12v-24v-grijanje-dizel-ili-benzinskog-motora-vozila\/\",\"name\":\"AUTOTERM Proto\u010dno 5D\/5B 12V\/24V grijanje dizel ili benzinskog motora vozila - Amper Sol d.o.o.\",\"isPartOf\":{\"@id\":\"https:\/\/ampersol.com\/hr\/#website\"},\"primaryImageOfPage\":{\"@id\":\"https:\/\/ampersol.com\/hr\/trgovina\/dom-nautika-karavaning\/grijanje-na-dizel\/autoterm-hr\/autoterm-protocno-5d-5b-12v-24v-grijanje-dizel-ili-benzinskog-motora-vozila\/#primaryimage\"},\"image\":{\"@id\":\"https:\/\/ampersol.com\/hr\/trgovina\/dom-nautika-karavaning\/grijanje-na-dizel\/autoterm-hr\/autoterm-protocno-5d-5b-12v-24v-grijanje-dizel-ili-benzinskog-motora-vozila\/#primaryimage\"},\"thumbnailUrl\":\"https:\/\/ampersol.com\/wp-content\/uploads\/2022\/06\/55.png\",\"datePublished\":\"2022-06-28T13:09:39+00:00\",\"dateModified\":\"2024-04-08T19:50:01+00:00\",\"description\":\"Pogodan za grijanje motora i kabina za kombije, \u010damce, vozila za odmor, putuju\u0107e radionice, kamione... Grija\u010d mo\u017ee raditi i samostalno za grijanje krugova maksimalnog kapaciteta do 30L. Proizvod je vi\u0161e klase kvalitete, 3-. godina garancije!\",\"breadcrumb\":{\"@id\":\"https:\/\/ampersol.com\/hr\/trgovina\/dom-nautika-karavaning\/grijanje-na-dizel\/autoterm-hr\/autoterm-protocno-5d-5b-12v-24v-grijanje-dizel-ili-benzinskog-motora-vozila\/#breadcrumb\"},\"inLanguage\":\"hr\",\"potentialAction\":[{\"@type\":\"ReadAction\",\"target\":[\"https:\/\/ampersol.com\/hr\/trgovina\/dom-nautika-karavaning\/grijanje-na-dizel\/autoterm-hr\/autoterm-protocno-5d-5b-12v-24v-grijanje-dizel-ili-benzinskog-motora-vozila\/\"]}]},{\"@type\":\"ImageObject\",\"inLanguage\":\"hr\",\"@id\":\"https:\/\/ampersol.com\/hr\/trgovina\/dom-nautika-karavaning\/grijanje-na-dizel\/autoterm-hr\/autoterm-protocno-5d-5b-12v-24v-grijanje-dizel-ili-benzinskog-motora-vozila\/#primaryimage\",\"url\":\"https:\/\/ampersol.com\/wp-content\/uploads\/2022\/06\/55.png\",\"contentUrl\":\"https:\/\/ampersol.com\/wp-content\/uploads\/2022\/06\/55.png\",\"width\":401,\"height\":331},{\"@type\":\"BreadcrumbList\",\"@id\":\"https:\/\/ampersol.com\/hr\/trgovina\/dom-nautika-karavaning\/grijanje-na-dizel\/autoterm-hr\/autoterm-protocno-5d-5b-12v-24v-grijanje-dizel-ili-benzinskog-motora-vozila\/#breadcrumb\",\"itemListElement\":[{\"@type\":\"ListItem\",\"position\":1,\"name\":\"Home\",\"item\":\"https:\/\/ampersol.com\/hr\/\"},{\"@type\":\"ListItem\",\"position\":2,\"name\":\"Trgovina\",\"item\":\"https:\/\/ampersol.com\/hr\/trgovina\/\"},{\"@type\":\"ListItem\",\"position\":3,\"name\":\"AUTOTERM Proto\u010dno 5D\/5B 12V\/24V grijanje dizel ili benzinskog motora vozila\"}]},{\"@type\":\"WebSite\",\"@id\":\"https:\/\/ampersol.com\/hr\/#website\",\"url\":\"https:\/\/ampersol.com\/hr\/\",\"name\":\"Amper Sol d.o.o.\",\"description\":\"Prodaja, servis in storitve\",\"publisher\":{\"@id\":\"https:\/\/ampersol.com\/hr\/#organization\"},\"potentialAction\":[{\"@type\":\"SearchAction\",\"target\":{\"@type\":\"EntryPoint\",\"urlTemplate\":\"https:\/\/ampersol.com\/hr\/?s={search_term_string}\"},\"query-input\":{\"@type\":\"PropertyValueSpecification\",\"valueRequired\":true,\"valueName\":\"search_term_string\"}}],\"inLanguage\":\"hr\"},{\"@type\":\"Organization\",\"@id\":\"https:\/\/ampersol.com\/hr\/#organization\",\"name\":\"Amper Sol d.o.o.\",\"url\":\"https:\/\/ampersol.com\/hr\/\",\"logo\":{\"@type\":\"ImageObject\",\"inLanguage\":\"hr\",\"@id\":\"https:\/\/ampersol.com\/hr\/#\/schema\/logo\/image\/\",\"url\":\"https:\/\/ampersol.com\/wp-content\/uploads\/2022\/06\/cropped-deni-logo-1-303x71-1.png\",\"contentUrl\":\"https:\/\/ampersol.com\/wp-content\/uploads\/2022\/06\/cropped-deni-logo-1-303x71-1.png\",\"width\":303,\"height\":71,\"caption\":\"Amper Sol d.o.o.\"},\"image\":{\"@id\":\"https:\/\/ampersol.com\/hr\/#\/schema\/logo\/image\/\"}}]}<\/script>\n<!-- \/ Yoast SEO plugin. -->","yoast_head_json":{"title":"AUTOTERM Proto\u010dno 5D\/5B 12V\/24V grijanje dizel ili benzinskog motora vozila - Amper Sol d.o.o.","description":"Pogodan za grijanje motora i kabina za kombije, \u010damce, vozila za odmor, putuju\u0107e radionice, kamione... Grija\u010d mo\u017ee raditi i samostalno za grijanje krugova maksimalnog kapaciteta do 30L. Proizvod je vi\u0161e klase kvalitete, 3-. godina garancije!","robots":{"index":"index","follow":"follow","max-snippet":"max-snippet:-1","max-image-preview":"max-image-preview:large","max-video-preview":"max-video-preview:-1"},"canonical":"https:\/\/ampersol.com\/hr\/trgovina\/dom-nautika-karavaning\/grijanje-na-dizel\/autoterm-hr\/autoterm-protocno-5d-5b-12v-24v-grijanje-dizel-ili-benzinskog-motora-vozila\/","og_locale":"hr_HR","og_type":"article","og_title":"AUTOTERM Proto\u010dno 5D\/5B 12V\/24V grijanje dizel ili benzinskog motora vozila - Amper Sol d.o.o.","og_description":"Pogodan za grijanje motora i kabina za kombije, \u010damce, vozila za odmor, putuju\u0107e radionice, kamione... Grija\u010d mo\u017ee raditi i samostalno za grijanje krugova maksimalnog kapaciteta do 30L. Proizvod je vi\u0161e klase kvalitete, 3-. godina garancije!","og_url":"https:\/\/ampersol.com\/hr\/trgovina\/dom-nautika-karavaning\/grijanje-na-dizel\/autoterm-hr\/autoterm-protocno-5d-5b-12v-24v-grijanje-dizel-ili-benzinskog-motora-vozila\/","og_site_name":"Amper Sol d.o.o.","article_modified_time":"2024-04-08T19:50:01+00:00","og_image":[{"width":401,"height":331,"url":"https:\/\/ampersol.com\/wp-content\/uploads\/2022\/06\/55.png","type":"image\/png"}],"twitter_card":"summary_large_image","schema":{"@context":"https:\/\/schema.org","@graph":[{"@type":"WebPage","@id":"https:\/\/ampersol.com\/hr\/trgovina\/dom-nautika-karavaning\/grijanje-na-dizel\/autoterm-hr\/autoterm-protocno-5d-5b-12v-24v-grijanje-dizel-ili-benzinskog-motora-vozila\/","url":"https:\/\/ampersol.com\/hr\/trgovina\/dom-nautika-karavaning\/grijanje-na-dizel\/autoterm-hr\/autoterm-protocno-5d-5b-12v-24v-grijanje-dizel-ili-benzinskog-motora-vozila\/","name":"AUTOTERM Proto\u010dno 5D\/5B 12V\/24V grijanje dizel ili benzinskog motora vozila - Amper Sol d.o.o.","isPartOf":{"@id":"https:\/\/ampersol.com\/hr\/#website"},"primaryImageOfPage":{"@id":"https:\/\/ampersol.com\/hr\/trgovina\/dom-nautika-karavaning\/grijanje-na-dizel\/autoterm-hr\/autoterm-protocno-5d-5b-12v-24v-grijanje-dizel-ili-benzinskog-motora-vozila\/#primaryimage"},"image":{"@id":"https:\/\/ampersol.com\/hr\/trgovina\/dom-nautika-karavaning\/grijanje-na-dizel\/autoterm-hr\/autoterm-protocno-5d-5b-12v-24v-grijanje-dizel-ili-benzinskog-motora-vozila\/#primaryimage"},"thumbnailUrl":"https:\/\/ampersol.com\/wp-content\/uploads\/2022\/06\/55.png","datePublished":"2022-06-28T13:09:39+00:00","dateModified":"2024-04-08T19:50:01+00:00","description":"Pogodan za grijanje motora i kabina za kombije, \u010damce, vozila za odmor, putuju\u0107e radionice, kamione... Grija\u010d mo\u017ee raditi i samostalno za grijanje krugova maksimalnog kapaciteta do 30L. Proizvod je vi\u0161e klase kvalitete, 3-. godina garancije!","breadcrumb":{"@id":"https:\/\/ampersol.com\/hr\/trgovina\/dom-nautika-karavaning\/grijanje-na-dizel\/autoterm-hr\/autoterm-protocno-5d-5b-12v-24v-grijanje-dizel-ili-benzinskog-motora-vozila\/#breadcrumb"},"inLanguage":"hr","potentialAction":[{"@type":"ReadAction","target":["https:\/\/ampersol.com\/hr\/trgovina\/dom-nautika-karavaning\/grijanje-na-dizel\/autoterm-hr\/autoterm-protocno-5d-5b-12v-24v-grijanje-dizel-ili-benzinskog-motora-vozila\/"]}]},{"@type":"ImageObject","inLanguage":"hr","@id":"https:\/\/ampersol.com\/hr\/trgovina\/dom-nautika-karavaning\/grijanje-na-dizel\/autoterm-hr\/autoterm-protocno-5d-5b-12v-24v-grijanje-dizel-ili-benzinskog-motora-vozila\/#primaryimage","url":"https:\/\/ampersol.com\/wp-content\/uploads\/2022\/06\/55.png","contentUrl":"https:\/\/ampersol.com\/wp-content\/uploads\/2022\/06\/55.png","width":401,"height":331},{"@type":"BreadcrumbList","@id":"https:\/\/ampersol.com\/hr\/trgovina\/dom-nautika-karavaning\/grijanje-na-dizel\/autoterm-hr\/autoterm-protocno-5d-5b-12v-24v-grijanje-dizel-ili-benzinskog-motora-vozila\/#breadcrumb","itemListElement":[{"@type":"ListItem","position":1,"name":"Home","item":"https:\/\/ampersol.com\/hr\/"},{"@type":"ListItem","position":2,"name":"Trgovina","item":"https:\/\/ampersol.com\/hr\/trgovina\/"},{"@type":"ListItem","position":3,"name":"AUTOTERM Proto\u010dno 5D\/5B 12V\/24V grijanje dizel ili benzinskog motora vozila"}]},{"@type":"WebSite","@id":"https:\/\/ampersol.com\/hr\/#website","url":"https:\/\/ampersol.com\/hr\/","name":"Amper Sol d.o.o.","description":"Prodaja, servis in storitve","publisher":{"@id":"https:\/\/ampersol.com\/hr\/#organization"},"potentialAction":[{"@type":"SearchAction","target":{"@type":"EntryPoint","urlTemplate":"https:\/\/ampersol.com\/hr\/?s={search_term_string}"},"query-input":{"@type":"PropertyValueSpecification","valueRequired":true,"valueName":"search_term_string"}}],"inLanguage":"hr"},{"@type":"Organization","@id":"https:\/\/ampersol.com\/hr\/#organization","name":"Amper Sol d.o.o.","url":"https:\/\/ampersol.com\/hr\/","logo":{"@type":"ImageObject","inLanguage":"hr","@id":"https:\/\/ampersol.com\/hr\/#\/schema\/logo\/image\/","url":"https:\/\/ampersol.com\/wp-content\/uploads\/2022\/06\/cropped-deni-logo-1-303x71-1.png","contentUrl":"https:\/\/ampersol.com\/wp-content\/uploads\/2022\/06\/cropped-deni-logo-1-303x71-1.png","width":303,"height":71,"caption":"Amper Sol d.o.o."},"image":{"@id":"https:\/\/ampersol.com\/hr\/#\/schema\/logo\/image\/"}}]}},"_links":{"self":[{"href":"https:\/\/ampersol.com\/hr\/wp-json\/wp\/v2\/product\/3964","targetHints":{"allow":["GET"]}}],"collection":[{"href":"https:\/\/ampersol.com\/hr\/wp-json\/wp\/v2\/product"}],"about":[{"href":"https:\/\/ampersol.com\/hr\/wp-json\/wp\/v2\/types\/product"}],"replies":[{"embeddable":true,"href":"https:\/\/ampersol.com\/hr\/wp-json\/wp\/v2\/comments?post=3964"}],"wp:featuredmedia":[{"embeddable":true,"href":"https:\/\/ampersol.com\/hr\/wp-json\/wp\/v2\/media\/3965"}],"wp:attachment":[{"href":"https:\/\/ampersol.com\/hr\/wp-json\/wp\/v2\/media?parent=3964"}],"wp:term":[{"taxonomy":"product_cat","embeddable":true,"href":"https:\/\/ampersol.com\/hr\/wp-json\/wp\/v2\/product_cat?post=3964"},{"taxonomy":"product_tag","embeddable":true,"href":"https:\/\/ampersol.com\/hr\/wp-json\/wp\/v2\/product_tag?post=3964"}],"curies":[{"name":"wp","href":"https:\/\/api.w.org\/{rel}","templated":true}]}}