{"id":3958,"date":"2022-06-28T13:09:39","date_gmt":"2022-06-28T13:09:39","guid":{"rendered":"https:\/\/ampersol.com\/trgovina\/Bez kategorije\/fleksibilni-solarni-komplet-100w-300w-pvm-regulator-spojni-kablovi\/"},"modified":"2022-06-28T13:09:39","modified_gmt":"2022-06-28T13:09:39","slug":"fleksibilni-solarni-komplet-100w-300w-pvm-regulator-spojni-kablovi","status":"publish","type":"product","link":"https:\/\/ampersol.com\/hr\/trgovina\/samooskrba-hr\/elektricna-energija-hr\/fleksibilni-solarni-komplet-100w-300w-pvm-regulator-spojni-kablovi\/","title":{"rendered":"FLEKSIBILNI SOLARNI KOMPLET 100W &#8211; 300W, PVM REGULATOR, SPOJNI KABLOVI"},"content":{"rendered":"","protected":false},"excerpt":{"rendered":"<p>Odli\u010dan komplet za kombije, kampere, ku\u0107e za odmor itd.<\/p>\n<p>Fleksibilni solarni paneli su lagani i vrlo jednostavni za postavljanje!<\/p>\n<p>To\u010dke za monta\u017eu panela ve\u0107 su ugra\u0111ene u sam solarni panel. Sika ljepilo se tako\u0111er mo\u017ee koristiti za pri\u010dvr\u0161\u0107ivanje na krov. Plo\u010de su fleksibilne do 30\u00b0!<\/p>\n<p>Set sadr\u017ei sve \u0161to je potrebno za solarni sustav &#8211; osim baterija.<\/p>\n<p>Set 100W:<\/p>\n<p>1x 100W solarni panel 180\u20ac<\/p>\n<p>Solarni regulator od 10A s LCD zaslonom i USB punja\u010dem<\/p>\n<p>priklju\u010dni kablovi za solarnu plo\u010du<\/p>\n<p>kabeli za spajanje akumulatora<\/p>\n<p>Cijena 230\u20ac<\/p>\n<p>Fleksibilni solarni panel od 100 W s podacima:<\/p>\n<p>Maksimalna snaga: 100Wp<\/p>\n<p>Napon otvorenih stezaljki: 21,6V<\/p>\n<p>Maksimalni napon\/snaga Vmpp: 18V<\/p>\n<p>Struja kratkog spoja: 6.11A<\/p>\n<p>Maksimalna struja Impp: 5.55A<\/p>\n<p>Tip \u0107elije: monokristalne stanice<\/p>\n<p>Broj \u0107elija: 36<\/p>\n<p>Maksimalni napon sustava: 1000V<\/p>\n<p>Za\u0161tita: IP67<\/p>\n<p>U\u010dinkovitost modula: 21.0<\/p>\n","protected":false},"featured_media":3959,"comment_status":"open","ping_status":"closed","template":"","meta":[],"product_cat":[360,361,370],"product_tag":[],"class_list":{"0":"post-3958","1":"product","2":"type-product","3":"status-publish","4":"has-post-thumbnail","6":"product_cat-ostala-oprema-hr","7":"product_cat-elektricna-energija-hr","8":"product_cat-samooskrba-hr","10":"first","11":"instock","12":"taxable","13":"shipping-taxable","14":"purchasable","15":"product-type-simple"},"yoast_head":"<!-- This site is optimized with the Yoast SEO plugin v24.1 - https:\/\/yoast.com\/wordpress\/plugins\/seo\/ -->\n<title>FLEKSIBILNI SOLARNI KOMPLET 100W - 300W, PVM REGULATOR, SPOJNI KABLOVI - Amper Sol d.o.o.<\/title>\n<meta name=\"robots\" content=\"index, follow, max-snippet:-1, max-image-preview:large, max-video-preview:-1\" \/>\n<link rel=\"canonical\" href=\"https:\/\/ampersol.com\/hr\/trgovina\/samooskrba-hr\/elektricna-energija-hr\/fleksibilni-solarni-komplet-100w-300w-pvm-regulator-spojni-kablovi\/\" \/>\n<meta property=\"og:locale\" content=\"hr_HR\" \/>\n<meta property=\"og:type\" content=\"article\" \/>\n<meta property=\"og:title\" content=\"FLEKSIBILNI SOLARNI KOMPLET 100W - 300W, PVM REGULATOR, SPOJNI KABLOVI - Amper Sol d.o.o.\" \/>\n<meta property=\"og:description\" content=\"Odli\u010dan komplet za kombije, kampere, ku\u0107e za odmor itd. Fleksibilni solarni paneli su lagani i vrlo jednostavni za postavljanje! To\u010dke za monta\u017eu panela ve\u0107 su ugra\u0111ene u sam solarni panel. Sika ljepilo se tako\u0111er mo\u017ee koristiti za pri\u010dvr\u0161\u0107ivanje na krov. Plo\u010de su fleksibilne do 30\u00b0! Set sadr\u017ei sve \u0161to je potrebno za solarni sustav - osim baterija. Set 100W: 1x 100W solarni panel 180\u20ac Solarni regulator od 10A s LCD zaslonom i USB punja\u010dem priklju\u010dni kablovi za solarnu plo\u010du kabeli za spajanje akumulatora Cijena 230\u20ac Fleksibilni solarni panel od 100 W s podacima: Maksimalna snaga: 100Wp Napon otvorenih stezaljki: 21,6V Maksimalni napon\/snaga Vmpp: 18V Struja kratkog spoja: 6.11A Maksimalna struja Impp: 5.55A Tip \u0107elije: monokristalne stanice Broj \u0107elija: 36 Maksimalni napon sustava: 1000V Za\u0161tita: IP67 U\u010dinkovitost modula: 21.0\" \/>\n<meta property=\"og:url\" content=\"https:\/\/ampersol.com\/hr\/trgovina\/samooskrba-hr\/elektricna-energija-hr\/fleksibilni-solarni-komplet-100w-300w-pvm-regulator-spojni-kablovi\/\" \/>\n<meta property=\"og:site_name\" content=\"Amper Sol d.o.o.\" \/>\n<meta property=\"og:image\" content=\"https:\/\/ampersol.com\/wp-content\/uploads\/2022\/06\/2-3-1.png\" \/>\n\t<meta property=\"og:image:width\" content=\"385\" \/>\n\t<meta property=\"og:image:height\" content=\"383\" \/>\n\t<meta property=\"og:image:type\" content=\"image\/png\" \/>\n<meta name=\"twitter:card\" content=\"summary_large_image\" \/>\n<script type=\"application\/ld+json\" class=\"yoast-schema-graph\">{\"@context\":\"https:\/\/schema.org\",\"@graph\":[{\"@type\":\"WebPage\",\"@id\":\"https:\/\/ampersol.com\/hr\/trgovina\/samooskrba-hr\/elektricna-energija-hr\/fleksibilni-solarni-komplet-100w-300w-pvm-regulator-spojni-kablovi\/\",\"url\":\"https:\/\/ampersol.com\/hr\/trgovina\/samooskrba-hr\/elektricna-energija-hr\/fleksibilni-solarni-komplet-100w-300w-pvm-regulator-spojni-kablovi\/\",\"name\":\"FLEKSIBILNI SOLARNI KOMPLET 100W - 300W, PVM REGULATOR, SPOJNI KABLOVI - Amper Sol d.o.o.\",\"isPartOf\":{\"@id\":\"https:\/\/ampersol.com\/hr\/#website\"},\"primaryImageOfPage\":{\"@id\":\"https:\/\/ampersol.com\/hr\/trgovina\/samooskrba-hr\/elektricna-energija-hr\/fleksibilni-solarni-komplet-100w-300w-pvm-regulator-spojni-kablovi\/#primaryimage\"},\"image\":{\"@id\":\"https:\/\/ampersol.com\/hr\/trgovina\/samooskrba-hr\/elektricna-energija-hr\/fleksibilni-solarni-komplet-100w-300w-pvm-regulator-spojni-kablovi\/#primaryimage\"},\"thumbnailUrl\":\"https:\/\/ampersol.com\/wp-content\/uploads\/2022\/06\/2-3-1.png\",\"datePublished\":\"2022-06-28T13:09:39+00:00\",\"dateModified\":\"2022-06-28T13:09:39+00:00\",\"breadcrumb\":{\"@id\":\"https:\/\/ampersol.com\/hr\/trgovina\/samooskrba-hr\/elektricna-energija-hr\/fleksibilni-solarni-komplet-100w-300w-pvm-regulator-spojni-kablovi\/#breadcrumb\"},\"inLanguage\":\"hr\",\"potentialAction\":[{\"@type\":\"ReadAction\",\"target\":[\"https:\/\/ampersol.com\/hr\/trgovina\/samooskrba-hr\/elektricna-energija-hr\/fleksibilni-solarni-komplet-100w-300w-pvm-regulator-spojni-kablovi\/\"]}]},{\"@type\":\"ImageObject\",\"inLanguage\":\"hr\",\"@id\":\"https:\/\/ampersol.com\/hr\/trgovina\/samooskrba-hr\/elektricna-energija-hr\/fleksibilni-solarni-komplet-100w-300w-pvm-regulator-spojni-kablovi\/#primaryimage\",\"url\":\"https:\/\/ampersol.com\/wp-content\/uploads\/2022\/06\/2-3-1.png\",\"contentUrl\":\"https:\/\/ampersol.com\/wp-content\/uploads\/2022\/06\/2-3-1.png\",\"width\":385,\"height\":383},{\"@type\":\"BreadcrumbList\",\"@id\":\"https:\/\/ampersol.com\/hr\/trgovina\/samooskrba-hr\/elektricna-energija-hr\/fleksibilni-solarni-komplet-100w-300w-pvm-regulator-spojni-kablovi\/#breadcrumb\",\"itemListElement\":[{\"@type\":\"ListItem\",\"position\":1,\"name\":\"Home\",\"item\":\"https:\/\/ampersol.com\/hr\/\"},{\"@type\":\"ListItem\",\"position\":2,\"name\":\"Trgovina\",\"item\":\"https:\/\/ampersol.com\/hr\/trgovina\/\"},{\"@type\":\"ListItem\",\"position\":3,\"name\":\"FLEKSIBILNI SOLARNI KOMPLET 100W &#8211; 300W, PVM REGULATOR, SPOJNI KABLOVI\"}]},{\"@type\":\"WebSite\",\"@id\":\"https:\/\/ampersol.com\/hr\/#website\",\"url\":\"https:\/\/ampersol.com\/hr\/\",\"name\":\"Amper Sol d.o.o.\",\"description\":\"Prodaja, servis in storitve\",\"publisher\":{\"@id\":\"https:\/\/ampersol.com\/hr\/#organization\"},\"potentialAction\":[{\"@type\":\"SearchAction\",\"target\":{\"@type\":\"EntryPoint\",\"urlTemplate\":\"https:\/\/ampersol.com\/hr\/?s={search_term_string}\"},\"query-input\":{\"@type\":\"PropertyValueSpecification\",\"valueRequired\":true,\"valueName\":\"search_term_string\"}}],\"inLanguage\":\"hr\"},{\"@type\":\"Organization\",\"@id\":\"https:\/\/ampersol.com\/hr\/#organization\",\"name\":\"Amper Sol d.o.o.\",\"url\":\"https:\/\/ampersol.com\/hr\/\",\"logo\":{\"@type\":\"ImageObject\",\"inLanguage\":\"hr\",\"@id\":\"https:\/\/ampersol.com\/hr\/#\/schema\/logo\/image\/\",\"url\":\"https:\/\/ampersol.com\/wp-content\/uploads\/2022\/06\/cropped-deni-logo-1-303x71-1.png\",\"contentUrl\":\"https:\/\/ampersol.com\/wp-content\/uploads\/2022\/06\/cropped-deni-logo-1-303x71-1.png\",\"width\":303,\"height\":71,\"caption\":\"Amper Sol d.o.o.\"},\"image\":{\"@id\":\"https:\/\/ampersol.com\/hr\/#\/schema\/logo\/image\/\"}}]}<\/script>\n<!-- \/ Yoast SEO plugin. -->","yoast_head_json":{"title":"FLEKSIBILNI SOLARNI KOMPLET 100W - 300W, PVM REGULATOR, SPOJNI KABLOVI - Amper Sol d.o.o.","robots":{"index":"index","follow":"follow","max-snippet":"max-snippet:-1","max-image-preview":"max-image-preview:large","max-video-preview":"max-video-preview:-1"},"canonical":"https:\/\/ampersol.com\/hr\/trgovina\/samooskrba-hr\/elektricna-energija-hr\/fleksibilni-solarni-komplet-100w-300w-pvm-regulator-spojni-kablovi\/","og_locale":"hr_HR","og_type":"article","og_title":"FLEKSIBILNI SOLARNI KOMPLET 100W - 300W, PVM REGULATOR, SPOJNI KABLOVI - Amper Sol d.o.o.","og_description":"Odli\u010dan komplet za kombije, kampere, ku\u0107e za odmor itd. Fleksibilni solarni paneli su lagani i vrlo jednostavni za postavljanje! To\u010dke za monta\u017eu panela ve\u0107 su ugra\u0111ene u sam solarni panel. Sika ljepilo se tako\u0111er mo\u017ee koristiti za pri\u010dvr\u0161\u0107ivanje na krov. Plo\u010de su fleksibilne do 30\u00b0! Set sadr\u017ei sve \u0161to je potrebno za solarni sustav - osim baterija. Set 100W: 1x 100W solarni panel 180\u20ac Solarni regulator od 10A s LCD zaslonom i USB punja\u010dem priklju\u010dni kablovi za solarnu plo\u010du kabeli za spajanje akumulatora Cijena 230\u20ac Fleksibilni solarni panel od 100 W s podacima: Maksimalna snaga: 100Wp Napon otvorenih stezaljki: 21,6V Maksimalni napon\/snaga Vmpp: 18V Struja kratkog spoja: 6.11A Maksimalna struja Impp: 5.55A Tip \u0107elije: monokristalne stanice Broj \u0107elija: 36 Maksimalni napon sustava: 1000V Za\u0161tita: IP67 U\u010dinkovitost modula: 21.0","og_url":"https:\/\/ampersol.com\/hr\/trgovina\/samooskrba-hr\/elektricna-energija-hr\/fleksibilni-solarni-komplet-100w-300w-pvm-regulator-spojni-kablovi\/","og_site_name":"Amper Sol d.o.o.","og_image":[{"width":385,"height":383,"url":"https:\/\/ampersol.com\/wp-content\/uploads\/2022\/06\/2-3-1.png","type":"image\/png"}],"twitter_card":"summary_large_image","schema":{"@context":"https:\/\/schema.org","@graph":[{"@type":"WebPage","@id":"https:\/\/ampersol.com\/hr\/trgovina\/samooskrba-hr\/elektricna-energija-hr\/fleksibilni-solarni-komplet-100w-300w-pvm-regulator-spojni-kablovi\/","url":"https:\/\/ampersol.com\/hr\/trgovina\/samooskrba-hr\/elektricna-energija-hr\/fleksibilni-solarni-komplet-100w-300w-pvm-regulator-spojni-kablovi\/","name":"FLEKSIBILNI SOLARNI KOMPLET 100W - 300W, PVM REGULATOR, SPOJNI KABLOVI - Amper Sol d.o.o.","isPartOf":{"@id":"https:\/\/ampersol.com\/hr\/#website"},"primaryImageOfPage":{"@id":"https:\/\/ampersol.com\/hr\/trgovina\/samooskrba-hr\/elektricna-energija-hr\/fleksibilni-solarni-komplet-100w-300w-pvm-regulator-spojni-kablovi\/#primaryimage"},"image":{"@id":"https:\/\/ampersol.com\/hr\/trgovina\/samooskrba-hr\/elektricna-energija-hr\/fleksibilni-solarni-komplet-100w-300w-pvm-regulator-spojni-kablovi\/#primaryimage"},"thumbnailUrl":"https:\/\/ampersol.com\/wp-content\/uploads\/2022\/06\/2-3-1.png","datePublished":"2022-06-28T13:09:39+00:00","dateModified":"2022-06-28T13:09:39+00:00","breadcrumb":{"@id":"https:\/\/ampersol.com\/hr\/trgovina\/samooskrba-hr\/elektricna-energija-hr\/fleksibilni-solarni-komplet-100w-300w-pvm-regulator-spojni-kablovi\/#breadcrumb"},"inLanguage":"hr","potentialAction":[{"@type":"ReadAction","target":["https:\/\/ampersol.com\/hr\/trgovina\/samooskrba-hr\/elektricna-energija-hr\/fleksibilni-solarni-komplet-100w-300w-pvm-regulator-spojni-kablovi\/"]}]},{"@type":"ImageObject","inLanguage":"hr","@id":"https:\/\/ampersol.com\/hr\/trgovina\/samooskrba-hr\/elektricna-energija-hr\/fleksibilni-solarni-komplet-100w-300w-pvm-regulator-spojni-kablovi\/#primaryimage","url":"https:\/\/ampersol.com\/wp-content\/uploads\/2022\/06\/2-3-1.png","contentUrl":"https:\/\/ampersol.com\/wp-content\/uploads\/2022\/06\/2-3-1.png","width":385,"height":383},{"@type":"BreadcrumbList","@id":"https:\/\/ampersol.com\/hr\/trgovina\/samooskrba-hr\/elektricna-energija-hr\/fleksibilni-solarni-komplet-100w-300w-pvm-regulator-spojni-kablovi\/#breadcrumb","itemListElement":[{"@type":"ListItem","position":1,"name":"Home","item":"https:\/\/ampersol.com\/hr\/"},{"@type":"ListItem","position":2,"name":"Trgovina","item":"https:\/\/ampersol.com\/hr\/trgovina\/"},{"@type":"ListItem","position":3,"name":"FLEKSIBILNI SOLARNI KOMPLET 100W &#8211; 300W, PVM REGULATOR, SPOJNI KABLOVI"}]},{"@type":"WebSite","@id":"https:\/\/ampersol.com\/hr\/#website","url":"https:\/\/ampersol.com\/hr\/","name":"Amper Sol d.o.o.","description":"Prodaja, servis in storitve","publisher":{"@id":"https:\/\/ampersol.com\/hr\/#organization"},"potentialAction":[{"@type":"SearchAction","target":{"@type":"EntryPoint","urlTemplate":"https:\/\/ampersol.com\/hr\/?s={search_term_string}"},"query-input":{"@type":"PropertyValueSpecification","valueRequired":true,"valueName":"search_term_string"}}],"inLanguage":"hr"},{"@type":"Organization","@id":"https:\/\/ampersol.com\/hr\/#organization","name":"Amper Sol d.o.o.","url":"https:\/\/ampersol.com\/hr\/","logo":{"@type":"ImageObject","inLanguage":"hr","@id":"https:\/\/ampersol.com\/hr\/#\/schema\/logo\/image\/","url":"https:\/\/ampersol.com\/wp-content\/uploads\/2022\/06\/cropped-deni-logo-1-303x71-1.png","contentUrl":"https:\/\/ampersol.com\/wp-content\/uploads\/2022\/06\/cropped-deni-logo-1-303x71-1.png","width":303,"height":71,"caption":"Amper Sol d.o.o."},"image":{"@id":"https:\/\/ampersol.com\/hr\/#\/schema\/logo\/image\/"}}]}},"_links":{"self":[{"href":"https:\/\/ampersol.com\/hr\/wp-json\/wp\/v2\/product\/3958","targetHints":{"allow":["GET"]}}],"collection":[{"href":"https:\/\/ampersol.com\/hr\/wp-json\/wp\/v2\/product"}],"about":[{"href":"https:\/\/ampersol.com\/hr\/wp-json\/wp\/v2\/types\/product"}],"replies":[{"embeddable":true,"href":"https:\/\/ampersol.com\/hr\/wp-json\/wp\/v2\/comments?post=3958"}],"wp:featuredmedia":[{"embeddable":true,"href":"https:\/\/ampersol.com\/hr\/wp-json\/wp\/v2\/media\/3959"}],"wp:attachment":[{"href":"https:\/\/ampersol.com\/hr\/wp-json\/wp\/v2\/media?parent=3958"}],"wp:term":[{"taxonomy":"product_cat","embeddable":true,"href":"https:\/\/ampersol.com\/hr\/wp-json\/wp\/v2\/product_cat?post=3958"},{"taxonomy":"product_tag","embeddable":true,"href":"https:\/\/ampersol.com\/hr\/wp-json\/wp\/v2\/product_tag?post=3958"}],"curies":[{"name":"wp","href":"https:\/\/api.w.org\/{rel}","templated":true}]}}