{"id":3945,"date":"2022-06-28T13:09:39","date_gmt":"2022-06-28T13:09:39","guid":{"rendered":"https:\/\/ampersol.com\/trgovina\/Bez kategorije\/e-krpan-cr32l-kompresor-hladnjak-zamrzivac-12v-24v-dc-220v\/"},"modified":"2022-06-28T13:09:39","modified_gmt":"2022-06-28T13:09:39","slug":"e-krpan-cr32l-kompresor-hladnjak-zamrzivac-12v-24v-dc-220v","status":"publish","type":"product","link":"https:\/\/ampersol.com\/hr\/trgovina\/dom-nautika-karavaning\/ostala-oprema-hr\/e-krpan-cr32l-kompresor-hladnjak-zamrzivac-12v-24v-dc-220v\/","title":{"rendered":"E-KRPAN CR32L KOMPRESOR HLADNJAK-ZAMRZIVA\u010c 12V\/24V DC \/ 220V"},"content":{"rendered":"<p>Kompresorski hladnjak ili zamrziva\u010d s ugra\u0111enim LED zaslonom, minimalnom potro\u0161njom elektri\u010dne energije i minimalnom bukom savr\u0161en je izbor za u\u017eivanje u svje\u017eoj hrani i hladnim napitcima kod ku\u0107e ili na putovanju. Pogodan je za nautiku, karavaning i solarne sustave. Ovaj vrhunski prijenosni auto hladnjak prikladan je za unutarnju i vanjsku upotrebu zahvaljuju\u0107i dobroj izolaciji.<br \/>\nMinimalna potro\u0161nja elektri\u010dne energije, dobra izolacija i robusna konstrukcija! Brzo zamrzavanje, ECO na\u010din rada za u\u0161tedu energije i nagib do 45\u00b0 (za nautiku ili off-road).<br \/>\nHladnjak-zamrziva\u010d od 12 V, koji radi na 12\/24 V DC i 110-240 AC, mo\u017ee se spojiti na upalja\u010d za cigarete u automobilu ili ku\u0107nu struju. Hladnjak ima izuzetno brzo hla\u0111enje. Za samo 15 minuta temperatura pada s 20\u00b0C na 0\u00b0C, a za 20 minuta s 0\u00b0C na -19\u00b0C. Nakon prekida napajanja, zahvaljuju\u0107i dobroj izolaciji, hladi se jo\u0161 18 sati, \u0161to omogu\u0107uje bezbri\u017eno putovanje.<\/p>\n<p>Tehni\u010dke specifikacije:<br \/>\n-Najvi\u0161a klasa kvalitete<\/p>\n<p>&#8211; Zapremina 32 litre<\/p>\n<p>-Radi na baterijski napon 12V\/24V i na <strong>prilo\u017eeni<\/strong> adapter od 220V<\/p>\n<p>&#8211; Hla\u0111enje i sve funkcije se pode\u0161avaju na LED ekranu (ili mobilnoj aplikaciji)<\/p>\n<p>-Pode\u0161avanje \u017eeljene temperature od +10 do -20\u00b0C<\/p>\n<p>&#8211; Trostupanjsko pode\u0161avanje dubine pra\u017enjenja baterije High mode, Medion mode, Low mode: (H (isklju\u010deno na 11,3V, uklju\u010deno na 12,5V), M (isklju\u010deno na 10,1V, uklju\u010deno na 121,4V), L (isklju\u010deno na 9.6V, uklju\u010divanje na 10.9V))<\/p>\n<p>-Snaga kompresora: 45W, u ECO modu samo 30W<\/p>\n<p>-Te\u017eina hladnjaka: 20,8 kg<\/p>\n<p>-Potro\u0161nja hladnjaka pri normalnom radu na 12V je 3,5A i 1,8A na 24V (samo kada kompresor radi)<\/p>\n<p>&#8211; Kompresor visokih performansi s niskom potro\u0161njom<\/p>\n<p>&#8211; Mo\u017eemo postaviti izme\u0111u ECO i HH na\u010dina rada.<\/p>\n<p>-Rad na nagibima do 45\u00b0 kratkoro\u010dno i 30\u00b0 dugoro\u010dno &#8211; tako\u0111er izvrsno za terensku vo\u017enju i nautiku<\/p>\n<p>-Robusno ku\u0107i\u0161te s ugra\u0111enim ru\u010dkama za jednostavno no\u0161enje i fiksiranje u vozilu<\/p>\n<p>-Velika i manja ladica unutra, LED rasvjeta<\/p>\n<p>-Vanjske dimenzije: D 654 x \u0160 345 x V 377 mm (bez ru\u010dki du\u017eina je 600 mm)<\/p>\n<p>-Unutarnje dimenzije:<\/p>\n<p>Dimenzija zamrziva\u010da: 322 D x 270 \u0160 x 240 V mm<\/p>\n<p>Rashladni dio: 125 D x 270 \u0160 x 79 V mm<\/p>\n<p>Hladnjak ima jamstvo od 1 godine i certificiran je prema sljede\u0107im standardima: CE, GS, ROHS, ETL, CB i SAA.<\/p>\n<p>Rezervni dijelovi na stanju, servis u Ljubljani.<\/p>\n","protected":false},"excerpt":{"rendered":"<p>Kompresorski hladnjak ili zamrziva\u010d s ugra\u0111enim LED zaslonom, minimalnom potro\u0161njom elektri\u010dne energije i minimalnom bukom savr\u0161en je izbor za u\u017eivanje<\/p>\n","protected":false},"featured_media":3946,"comment_status":"open","ping_status":"closed","template":"","meta":[],"product_cat":[363,360],"product_tag":[],"class_list":{"0":"post-3945","1":"product","2":"type-product","3":"status-publish","4":"has-post-thumbnail","6":"product_cat-dc-kompresorski-hladilniki-hr","7":"product_cat-ostala-oprema-hr","9":"first","10":"outofstock","11":"taxable","12":"shipping-taxable","13":"purchasable","14":"product-type-simple"},"yoast_head":"<!-- This site is optimized with the Yoast SEO plugin v24.1 - https:\/\/yoast.com\/wordpress\/plugins\/seo\/ -->\n<title>E-KRPAN CR32L KOMPRESOR HLADNJAK-ZAMRZIVA\u010c 12V\/24V DC \/ 220V - Amper Sol d.o.o.<\/title>\n<meta name=\"description\" content=\"Kompresorski hladnjak ili zamrziva\u010d s ugra\u0111enim LED zaslonom, minimalnom potro\u0161njom elektri\u010dne energije i minimalnom bukom savr\u0161en je izbor za u\u017eivanje u svje\u017eoj hrani i hladnim napitcima kod ku\u0107e ili na putovanju. Pogodan je za nautiku, karavaning i solarne sustave. Ovaj vrhunski prijenosni auto hladnjak prikladan je za unutarnju i vanjsku upotrebu zahvaljuju\u0107i dobroj izolaciji. Minimalna potro\u0161nja elektri\u010dne energije, dobra izolacija i robusna konstrukcija! Brzo zamrzavanje, ECO na\u010din rada za u\u0161tedu energije i nagib do 45\u00b0 (za nautiku ili off-road).\" \/>\n<meta name=\"robots\" content=\"index, follow, max-snippet:-1, max-image-preview:large, max-video-preview:-1\" \/>\n<link rel=\"canonical\" href=\"https:\/\/ampersol.com\/hr\/trgovina\/dom-nautika-karavaning\/ostala-oprema-hr\/e-krpan-cr32l-kompresor-hladnjak-zamrzivac-12v-24v-dc-220v\/\" \/>\n<meta property=\"og:locale\" content=\"hr_HR\" \/>\n<meta property=\"og:type\" content=\"article\" \/>\n<meta property=\"og:title\" content=\"E-KRPAN CR32L KOMPRESOR HLADNJAK-ZAMRZIVA\u010c 12V\/24V DC \/ 220V - Amper Sol d.o.o.\" \/>\n<meta property=\"og:description\" content=\"Kompresorski hladnjak ili zamrziva\u010d s ugra\u0111enim LED zaslonom, minimalnom potro\u0161njom elektri\u010dne energije i minimalnom bukom savr\u0161en je izbor za u\u017eivanje u svje\u017eoj hrani i hladnim napitcima kod ku\u0107e ili na putovanju. Pogodan je za nautiku, karavaning i solarne sustave. Ovaj vrhunski prijenosni auto hladnjak prikladan je za unutarnju i vanjsku upotrebu zahvaljuju\u0107i dobroj izolaciji. Minimalna potro\u0161nja elektri\u010dne energije, dobra izolacija i robusna konstrukcija! Brzo zamrzavanje, ECO na\u010din rada za u\u0161tedu energije i nagib do 45\u00b0 (za nautiku ili off-road).\" \/>\n<meta property=\"og:url\" content=\"https:\/\/ampersol.com\/hr\/trgovina\/dom-nautika-karavaning\/ostala-oprema-hr\/e-krpan-cr32l-kompresor-hladnjak-zamrzivac-12v-24v-dc-220v\/\" \/>\n<meta property=\"og:site_name\" content=\"Amper Sol d.o.o.\" \/>\n<meta property=\"og:image\" content=\"https:\/\/ampersol.com\/wp-content\/uploads\/2022\/06\/32.png\" \/>\n\t<meta property=\"og:image:width\" content=\"913\" \/>\n\t<meta property=\"og:image:height\" content=\"661\" \/>\n\t<meta property=\"og:image:type\" content=\"image\/png\" \/>\n<meta name=\"twitter:card\" content=\"summary_large_image\" \/>\n<meta name=\"twitter:label1\" content=\"Procijenjeno vrijeme \u010ditanja\" \/>\n\t<meta name=\"twitter:data1\" content=\"2 minute\" \/>\n<script type=\"application\/ld+json\" class=\"yoast-schema-graph\">{\"@context\":\"https:\/\/schema.org\",\"@graph\":[{\"@type\":\"WebPage\",\"@id\":\"https:\/\/ampersol.com\/hr\/trgovina\/dom-nautika-karavaning\/ostala-oprema-hr\/e-krpan-cr32l-kompresor-hladnjak-zamrzivac-12v-24v-dc-220v\/\",\"url\":\"https:\/\/ampersol.com\/hr\/trgovina\/dom-nautika-karavaning\/ostala-oprema-hr\/e-krpan-cr32l-kompresor-hladnjak-zamrzivac-12v-24v-dc-220v\/\",\"name\":\"E-KRPAN CR32L KOMPRESOR HLADNJAK-ZAMRZIVA\u010c 12V\/24V DC \/ 220V - Amper Sol d.o.o.\",\"isPartOf\":{\"@id\":\"https:\/\/ampersol.com\/hr\/#website\"},\"primaryImageOfPage\":{\"@id\":\"https:\/\/ampersol.com\/hr\/trgovina\/dom-nautika-karavaning\/ostala-oprema-hr\/e-krpan-cr32l-kompresor-hladnjak-zamrzivac-12v-24v-dc-220v\/#primaryimage\"},\"image\":{\"@id\":\"https:\/\/ampersol.com\/hr\/trgovina\/dom-nautika-karavaning\/ostala-oprema-hr\/e-krpan-cr32l-kompresor-hladnjak-zamrzivac-12v-24v-dc-220v\/#primaryimage\"},\"thumbnailUrl\":\"https:\/\/ampersol.com\/wp-content\/uploads\/2022\/06\/32.png\",\"datePublished\":\"2022-06-28T13:09:39+00:00\",\"dateModified\":\"2022-06-28T13:09:39+00:00\",\"description\":\"Kompresorski hladnjak ili zamrziva\u010d s ugra\u0111enim LED zaslonom, minimalnom potro\u0161njom elektri\u010dne energije i minimalnom bukom savr\u0161en je izbor za u\u017eivanje u svje\u017eoj hrani i hladnim napitcima kod ku\u0107e ili na putovanju. Pogodan je za nautiku, karavaning i solarne sustave. Ovaj vrhunski prijenosni auto hladnjak prikladan je za unutarnju i vanjsku upotrebu zahvaljuju\u0107i dobroj izolaciji. Minimalna potro\u0161nja elektri\u010dne energije, dobra izolacija i robusna konstrukcija! Brzo zamrzavanje, ECO na\u010din rada za u\u0161tedu energije i nagib do 45\u00b0 (za nautiku ili off-road).\",\"breadcrumb\":{\"@id\":\"https:\/\/ampersol.com\/hr\/trgovina\/dom-nautika-karavaning\/ostala-oprema-hr\/e-krpan-cr32l-kompresor-hladnjak-zamrzivac-12v-24v-dc-220v\/#breadcrumb\"},\"inLanguage\":\"hr\",\"potentialAction\":[{\"@type\":\"ReadAction\",\"target\":[\"https:\/\/ampersol.com\/hr\/trgovina\/dom-nautika-karavaning\/ostala-oprema-hr\/e-krpan-cr32l-kompresor-hladnjak-zamrzivac-12v-24v-dc-220v\/\"]}]},{\"@type\":\"ImageObject\",\"inLanguage\":\"hr\",\"@id\":\"https:\/\/ampersol.com\/hr\/trgovina\/dom-nautika-karavaning\/ostala-oprema-hr\/e-krpan-cr32l-kompresor-hladnjak-zamrzivac-12v-24v-dc-220v\/#primaryimage\",\"url\":\"https:\/\/ampersol.com\/wp-content\/uploads\/2022\/06\/32.png\",\"contentUrl\":\"https:\/\/ampersol.com\/wp-content\/uploads\/2022\/06\/32.png\",\"width\":913,\"height\":661},{\"@type\":\"BreadcrumbList\",\"@id\":\"https:\/\/ampersol.com\/hr\/trgovina\/dom-nautika-karavaning\/ostala-oprema-hr\/e-krpan-cr32l-kompresor-hladnjak-zamrzivac-12v-24v-dc-220v\/#breadcrumb\",\"itemListElement\":[{\"@type\":\"ListItem\",\"position\":1,\"name\":\"Home\",\"item\":\"https:\/\/ampersol.com\/hr\/\"},{\"@type\":\"ListItem\",\"position\":2,\"name\":\"Trgovina\",\"item\":\"https:\/\/ampersol.com\/hr\/trgovina\/\"},{\"@type\":\"ListItem\",\"position\":3,\"name\":\"E-KRPAN CR32L KOMPRESOR HLADNJAK-ZAMRZIVA\u010c 12V\/24V DC \/ 220V\"}]},{\"@type\":\"WebSite\",\"@id\":\"https:\/\/ampersol.com\/hr\/#website\",\"url\":\"https:\/\/ampersol.com\/hr\/\",\"name\":\"Amper Sol d.o.o.\",\"description\":\"Prodaja, servis in storitve\",\"publisher\":{\"@id\":\"https:\/\/ampersol.com\/hr\/#organization\"},\"potentialAction\":[{\"@type\":\"SearchAction\",\"target\":{\"@type\":\"EntryPoint\",\"urlTemplate\":\"https:\/\/ampersol.com\/hr\/?s={search_term_string}\"},\"query-input\":{\"@type\":\"PropertyValueSpecification\",\"valueRequired\":true,\"valueName\":\"search_term_string\"}}],\"inLanguage\":\"hr\"},{\"@type\":\"Organization\",\"@id\":\"https:\/\/ampersol.com\/hr\/#organization\",\"name\":\"Amper Sol d.o.o.\",\"url\":\"https:\/\/ampersol.com\/hr\/\",\"logo\":{\"@type\":\"ImageObject\",\"inLanguage\":\"hr\",\"@id\":\"https:\/\/ampersol.com\/hr\/#\/schema\/logo\/image\/\",\"url\":\"https:\/\/ampersol.com\/wp-content\/uploads\/2022\/06\/cropped-deni-logo-1-303x71-1.png\",\"contentUrl\":\"https:\/\/ampersol.com\/wp-content\/uploads\/2022\/06\/cropped-deni-logo-1-303x71-1.png\",\"width\":303,\"height\":71,\"caption\":\"Amper Sol d.o.o.\"},\"image\":{\"@id\":\"https:\/\/ampersol.com\/hr\/#\/schema\/logo\/image\/\"}}]}<\/script>\n<!-- \/ Yoast SEO plugin. -->","yoast_head_json":{"title":"E-KRPAN CR32L KOMPRESOR HLADNJAK-ZAMRZIVA\u010c 12V\/24V DC \/ 220V - Amper Sol d.o.o.","description":"Kompresorski hladnjak ili zamrziva\u010d s ugra\u0111enim LED zaslonom, minimalnom potro\u0161njom elektri\u010dne energije i minimalnom bukom savr\u0161en je izbor za u\u017eivanje u svje\u017eoj hrani i hladnim napitcima kod ku\u0107e ili na putovanju. Pogodan je za nautiku, karavaning i solarne sustave. Ovaj vrhunski prijenosni auto hladnjak prikladan je za unutarnju i vanjsku upotrebu zahvaljuju\u0107i dobroj izolaciji. Minimalna potro\u0161nja elektri\u010dne energije, dobra izolacija i robusna konstrukcija! Brzo zamrzavanje, ECO na\u010din rada za u\u0161tedu energije i nagib do 45\u00b0 (za nautiku ili off-road).","robots":{"index":"index","follow":"follow","max-snippet":"max-snippet:-1","max-image-preview":"max-image-preview:large","max-video-preview":"max-video-preview:-1"},"canonical":"https:\/\/ampersol.com\/hr\/trgovina\/dom-nautika-karavaning\/ostala-oprema-hr\/e-krpan-cr32l-kompresor-hladnjak-zamrzivac-12v-24v-dc-220v\/","og_locale":"hr_HR","og_type":"article","og_title":"E-KRPAN CR32L KOMPRESOR HLADNJAK-ZAMRZIVA\u010c 12V\/24V DC \/ 220V - Amper Sol d.o.o.","og_description":"Kompresorski hladnjak ili zamrziva\u010d s ugra\u0111enim LED zaslonom, minimalnom potro\u0161njom elektri\u010dne energije i minimalnom bukom savr\u0161en je izbor za u\u017eivanje u svje\u017eoj hrani i hladnim napitcima kod ku\u0107e ili na putovanju. Pogodan je za nautiku, karavaning i solarne sustave. Ovaj vrhunski prijenosni auto hladnjak prikladan je za unutarnju i vanjsku upotrebu zahvaljuju\u0107i dobroj izolaciji. Minimalna potro\u0161nja elektri\u010dne energije, dobra izolacija i robusna konstrukcija! Brzo zamrzavanje, ECO na\u010din rada za u\u0161tedu energije i nagib do 45\u00b0 (za nautiku ili off-road).","og_url":"https:\/\/ampersol.com\/hr\/trgovina\/dom-nautika-karavaning\/ostala-oprema-hr\/e-krpan-cr32l-kompresor-hladnjak-zamrzivac-12v-24v-dc-220v\/","og_site_name":"Amper Sol d.o.o.","og_image":[{"width":913,"height":661,"url":"https:\/\/ampersol.com\/wp-content\/uploads\/2022\/06\/32.png","type":"image\/png"}],"twitter_card":"summary_large_image","twitter_misc":{"Procijenjeno vrijeme \u010ditanja":"2 minute"},"schema":{"@context":"https:\/\/schema.org","@graph":[{"@type":"WebPage","@id":"https:\/\/ampersol.com\/hr\/trgovina\/dom-nautika-karavaning\/ostala-oprema-hr\/e-krpan-cr32l-kompresor-hladnjak-zamrzivac-12v-24v-dc-220v\/","url":"https:\/\/ampersol.com\/hr\/trgovina\/dom-nautika-karavaning\/ostala-oprema-hr\/e-krpan-cr32l-kompresor-hladnjak-zamrzivac-12v-24v-dc-220v\/","name":"E-KRPAN CR32L KOMPRESOR HLADNJAK-ZAMRZIVA\u010c 12V\/24V DC \/ 220V - Amper Sol d.o.o.","isPartOf":{"@id":"https:\/\/ampersol.com\/hr\/#website"},"primaryImageOfPage":{"@id":"https:\/\/ampersol.com\/hr\/trgovina\/dom-nautika-karavaning\/ostala-oprema-hr\/e-krpan-cr32l-kompresor-hladnjak-zamrzivac-12v-24v-dc-220v\/#primaryimage"},"image":{"@id":"https:\/\/ampersol.com\/hr\/trgovina\/dom-nautika-karavaning\/ostala-oprema-hr\/e-krpan-cr32l-kompresor-hladnjak-zamrzivac-12v-24v-dc-220v\/#primaryimage"},"thumbnailUrl":"https:\/\/ampersol.com\/wp-content\/uploads\/2022\/06\/32.png","datePublished":"2022-06-28T13:09:39+00:00","dateModified":"2022-06-28T13:09:39+00:00","description":"Kompresorski hladnjak ili zamrziva\u010d s ugra\u0111enim LED zaslonom, minimalnom potro\u0161njom elektri\u010dne energije i minimalnom bukom savr\u0161en je izbor za u\u017eivanje u svje\u017eoj hrani i hladnim napitcima kod ku\u0107e ili na putovanju. Pogodan je za nautiku, karavaning i solarne sustave. Ovaj vrhunski prijenosni auto hladnjak prikladan je za unutarnju i vanjsku upotrebu zahvaljuju\u0107i dobroj izolaciji. Minimalna potro\u0161nja elektri\u010dne energije, dobra izolacija i robusna konstrukcija! Brzo zamrzavanje, ECO na\u010din rada za u\u0161tedu energije i nagib do 45\u00b0 (za nautiku ili off-road).","breadcrumb":{"@id":"https:\/\/ampersol.com\/hr\/trgovina\/dom-nautika-karavaning\/ostala-oprema-hr\/e-krpan-cr32l-kompresor-hladnjak-zamrzivac-12v-24v-dc-220v\/#breadcrumb"},"inLanguage":"hr","potentialAction":[{"@type":"ReadAction","target":["https:\/\/ampersol.com\/hr\/trgovina\/dom-nautika-karavaning\/ostala-oprema-hr\/e-krpan-cr32l-kompresor-hladnjak-zamrzivac-12v-24v-dc-220v\/"]}]},{"@type":"ImageObject","inLanguage":"hr","@id":"https:\/\/ampersol.com\/hr\/trgovina\/dom-nautika-karavaning\/ostala-oprema-hr\/e-krpan-cr32l-kompresor-hladnjak-zamrzivac-12v-24v-dc-220v\/#primaryimage","url":"https:\/\/ampersol.com\/wp-content\/uploads\/2022\/06\/32.png","contentUrl":"https:\/\/ampersol.com\/wp-content\/uploads\/2022\/06\/32.png","width":913,"height":661},{"@type":"BreadcrumbList","@id":"https:\/\/ampersol.com\/hr\/trgovina\/dom-nautika-karavaning\/ostala-oprema-hr\/e-krpan-cr32l-kompresor-hladnjak-zamrzivac-12v-24v-dc-220v\/#breadcrumb","itemListElement":[{"@type":"ListItem","position":1,"name":"Home","item":"https:\/\/ampersol.com\/hr\/"},{"@type":"ListItem","position":2,"name":"Trgovina","item":"https:\/\/ampersol.com\/hr\/trgovina\/"},{"@type":"ListItem","position":3,"name":"E-KRPAN CR32L KOMPRESOR HLADNJAK-ZAMRZIVA\u010c 12V\/24V DC \/ 220V"}]},{"@type":"WebSite","@id":"https:\/\/ampersol.com\/hr\/#website","url":"https:\/\/ampersol.com\/hr\/","name":"Amper Sol d.o.o.","description":"Prodaja, servis in storitve","publisher":{"@id":"https:\/\/ampersol.com\/hr\/#organization"},"potentialAction":[{"@type":"SearchAction","target":{"@type":"EntryPoint","urlTemplate":"https:\/\/ampersol.com\/hr\/?s={search_term_string}"},"query-input":{"@type":"PropertyValueSpecification","valueRequired":true,"valueName":"search_term_string"}}],"inLanguage":"hr"},{"@type":"Organization","@id":"https:\/\/ampersol.com\/hr\/#organization","name":"Amper Sol d.o.o.","url":"https:\/\/ampersol.com\/hr\/","logo":{"@type":"ImageObject","inLanguage":"hr","@id":"https:\/\/ampersol.com\/hr\/#\/schema\/logo\/image\/","url":"https:\/\/ampersol.com\/wp-content\/uploads\/2022\/06\/cropped-deni-logo-1-303x71-1.png","contentUrl":"https:\/\/ampersol.com\/wp-content\/uploads\/2022\/06\/cropped-deni-logo-1-303x71-1.png","width":303,"height":71,"caption":"Amper Sol d.o.o."},"image":{"@id":"https:\/\/ampersol.com\/hr\/#\/schema\/logo\/image\/"}}]}},"_links":{"self":[{"href":"https:\/\/ampersol.com\/hr\/wp-json\/wp\/v2\/product\/3945","targetHints":{"allow":["GET"]}}],"collection":[{"href":"https:\/\/ampersol.com\/hr\/wp-json\/wp\/v2\/product"}],"about":[{"href":"https:\/\/ampersol.com\/hr\/wp-json\/wp\/v2\/types\/product"}],"replies":[{"embeddable":true,"href":"https:\/\/ampersol.com\/hr\/wp-json\/wp\/v2\/comments?post=3945"}],"wp:featuredmedia":[{"embeddable":true,"href":"https:\/\/ampersol.com\/hr\/wp-json\/wp\/v2\/media\/3946"}],"wp:attachment":[{"href":"https:\/\/ampersol.com\/hr\/wp-json\/wp\/v2\/media?parent=3945"}],"wp:term":[{"taxonomy":"product_cat","embeddable":true,"href":"https:\/\/ampersol.com\/hr\/wp-json\/wp\/v2\/product_cat?post=3945"},{"taxonomy":"product_tag","embeddable":true,"href":"https:\/\/ampersol.com\/hr\/wp-json\/wp\/v2\/product_tag?post=3945"}],"curies":[{"name":"wp","href":"https:\/\/api.w.org\/{rel}","templated":true}]}}