{"id":3922,"date":"2022-06-28T13:09:39","date_gmt":"2022-06-28T13:09:39","guid":{"rendered":"https:\/\/ampersol.com\/trgovina\/Bez kategorije\/vanjski-ormaric-za-tus-set\/"},"modified":"2022-06-28T13:09:39","modified_gmt":"2022-06-28T13:09:39","slug":"vanjski-ormaric-za-tus-set","status":"publish","type":"product","link":"https:\/\/ampersol.com\/hr\/trgovina\/dom-nautika-karavaning\/ostala-oprema-hr\/vanjski-ormaric-za-tus-set\/","title":{"rendered":"Vanjski ormari\u0107 za tu\u0161 set"},"content":{"rendered":"","protected":false},"excerpt":{"rendered":"<p>Set za ugradnju vanjskog tu\u0161a.<\/p>\n<p>Jednostavna monta\u017ea.<\/p>\n<p>&nbsp;<\/p>\n","protected":false},"featured_media":3923,"comment_status":"open","ping_status":"closed","template":"","meta":[],"product_cat":[360],"product_tag":[],"class_list":{"0":"post-3922","1":"product","2":"type-product","3":"status-publish","4":"has-post-thumbnail","6":"product_cat-ostala-oprema-hr","8":"first","9":"instock","10":"taxable","11":"shipping-taxable","12":"purchasable","13":"product-type-simple"},"yoast_head":"<!-- This site is optimized with the Yoast SEO plugin v24.1 - https:\/\/yoast.com\/wordpress\/plugins\/seo\/ -->\n<title>Vanjski ormari\u0107 za tu\u0161 set - Amper Sol d.o.o.<\/title>\n<meta name=\"robots\" content=\"index, follow, max-snippet:-1, max-image-preview:large, max-video-preview:-1\" \/>\n<link rel=\"canonical\" href=\"https:\/\/ampersol.com\/hr\/trgovina\/dom-nautika-karavaning\/ostala-oprema-hr\/vanjski-ormaric-za-tus-set\/\" \/>\n<meta property=\"og:locale\" content=\"hr_HR\" \/>\n<meta property=\"og:type\" content=\"article\" \/>\n<meta property=\"og:title\" content=\"Vanjski ormari\u0107 za tu\u0161 set - Amper Sol d.o.o.\" \/>\n<meta property=\"og:description\" content=\"Set za ugradnju vanjskog tu\u0161a. Jednostavna monta\u017ea. &nbsp;\" \/>\n<meta property=\"og:url\" content=\"https:\/\/ampersol.com\/hr\/trgovina\/dom-nautika-karavaning\/ostala-oprema-hr\/vanjski-ormaric-za-tus-set\/\" \/>\n<meta property=\"og:site_name\" content=\"Amper Sol d.o.o.\" \/>\n<meta property=\"og:image\" content=\"https:\/\/ampersol.com\/wp-content\/uploads\/2022\/06\/11111-1.png\" \/>\n\t<meta property=\"og:image:width\" content=\"533\" \/>\n\t<meta property=\"og:image:height\" content=\"531\" \/>\n\t<meta property=\"og:image:type\" content=\"image\/png\" \/>\n<meta name=\"twitter:card\" content=\"summary_large_image\" \/>\n<script type=\"application\/ld+json\" class=\"yoast-schema-graph\">{\"@context\":\"https:\/\/schema.org\",\"@graph\":[{\"@type\":\"WebPage\",\"@id\":\"https:\/\/ampersol.com\/hr\/trgovina\/dom-nautika-karavaning\/ostala-oprema-hr\/vanjski-ormaric-za-tus-set\/\",\"url\":\"https:\/\/ampersol.com\/hr\/trgovina\/dom-nautika-karavaning\/ostala-oprema-hr\/vanjski-ormaric-za-tus-set\/\",\"name\":\"Vanjski ormari\u0107 za tu\u0161 set - Amper Sol d.o.o.\",\"isPartOf\":{\"@id\":\"https:\/\/ampersol.com\/hr\/#website\"},\"primaryImageOfPage\":{\"@id\":\"https:\/\/ampersol.com\/hr\/trgovina\/dom-nautika-karavaning\/ostala-oprema-hr\/vanjski-ormaric-za-tus-set\/#primaryimage\"},\"image\":{\"@id\":\"https:\/\/ampersol.com\/hr\/trgovina\/dom-nautika-karavaning\/ostala-oprema-hr\/vanjski-ormaric-za-tus-set\/#primaryimage\"},\"thumbnailUrl\":\"https:\/\/ampersol.com\/wp-content\/uploads\/2022\/06\/11111-1.png\",\"datePublished\":\"2022-06-28T13:09:39+00:00\",\"dateModified\":\"2022-06-28T13:09:39+00:00\",\"breadcrumb\":{\"@id\":\"https:\/\/ampersol.com\/hr\/trgovina\/dom-nautika-karavaning\/ostala-oprema-hr\/vanjski-ormaric-za-tus-set\/#breadcrumb\"},\"inLanguage\":\"hr\",\"potentialAction\":[{\"@type\":\"ReadAction\",\"target\":[\"https:\/\/ampersol.com\/hr\/trgovina\/dom-nautika-karavaning\/ostala-oprema-hr\/vanjski-ormaric-za-tus-set\/\"]}]},{\"@type\":\"ImageObject\",\"inLanguage\":\"hr\",\"@id\":\"https:\/\/ampersol.com\/hr\/trgovina\/dom-nautika-karavaning\/ostala-oprema-hr\/vanjski-ormaric-za-tus-set\/#primaryimage\",\"url\":\"https:\/\/ampersol.com\/wp-content\/uploads\/2022\/06\/11111-1.png\",\"contentUrl\":\"https:\/\/ampersol.com\/wp-content\/uploads\/2022\/06\/11111-1.png\",\"width\":533,\"height\":531},{\"@type\":\"BreadcrumbList\",\"@id\":\"https:\/\/ampersol.com\/hr\/trgovina\/dom-nautika-karavaning\/ostala-oprema-hr\/vanjski-ormaric-za-tus-set\/#breadcrumb\",\"itemListElement\":[{\"@type\":\"ListItem\",\"position\":1,\"name\":\"Home\",\"item\":\"https:\/\/ampersol.com\/hr\/\"},{\"@type\":\"ListItem\",\"position\":2,\"name\":\"Trgovina\",\"item\":\"https:\/\/ampersol.com\/hr\/trgovina\/\"},{\"@type\":\"ListItem\",\"position\":3,\"name\":\"Vanjski ormari\u0107 za tu\u0161 set\"}]},{\"@type\":\"WebSite\",\"@id\":\"https:\/\/ampersol.com\/hr\/#website\",\"url\":\"https:\/\/ampersol.com\/hr\/\",\"name\":\"Amper Sol d.o.o.\",\"description\":\"Prodaja, servis in storitve\",\"publisher\":{\"@id\":\"https:\/\/ampersol.com\/hr\/#organization\"},\"potentialAction\":[{\"@type\":\"SearchAction\",\"target\":{\"@type\":\"EntryPoint\",\"urlTemplate\":\"https:\/\/ampersol.com\/hr\/?s={search_term_string}\"},\"query-input\":{\"@type\":\"PropertyValueSpecification\",\"valueRequired\":true,\"valueName\":\"search_term_string\"}}],\"inLanguage\":\"hr\"},{\"@type\":\"Organization\",\"@id\":\"https:\/\/ampersol.com\/hr\/#organization\",\"name\":\"Amper Sol d.o.o.\",\"url\":\"https:\/\/ampersol.com\/hr\/\",\"logo\":{\"@type\":\"ImageObject\",\"inLanguage\":\"hr\",\"@id\":\"https:\/\/ampersol.com\/hr\/#\/schema\/logo\/image\/\",\"url\":\"https:\/\/ampersol.com\/wp-content\/uploads\/2022\/06\/cropped-deni-logo-1-303x71-1.png\",\"contentUrl\":\"https:\/\/ampersol.com\/wp-content\/uploads\/2022\/06\/cropped-deni-logo-1-303x71-1.png\",\"width\":303,\"height\":71,\"caption\":\"Amper Sol d.o.o.\"},\"image\":{\"@id\":\"https:\/\/ampersol.com\/hr\/#\/schema\/logo\/image\/\"}}]}<\/script>\n<!-- \/ Yoast SEO plugin. -->","yoast_head_json":{"title":"Vanjski ormari\u0107 za tu\u0161 set - Amper Sol d.o.o.","robots":{"index":"index","follow":"follow","max-snippet":"max-snippet:-1","max-image-preview":"max-image-preview:large","max-video-preview":"max-video-preview:-1"},"canonical":"https:\/\/ampersol.com\/hr\/trgovina\/dom-nautika-karavaning\/ostala-oprema-hr\/vanjski-ormaric-za-tus-set\/","og_locale":"hr_HR","og_type":"article","og_title":"Vanjski ormari\u0107 za tu\u0161 set - Amper Sol d.o.o.","og_description":"Set za ugradnju vanjskog tu\u0161a. Jednostavna monta\u017ea. &nbsp;","og_url":"https:\/\/ampersol.com\/hr\/trgovina\/dom-nautika-karavaning\/ostala-oprema-hr\/vanjski-ormaric-za-tus-set\/","og_site_name":"Amper Sol d.o.o.","og_image":[{"width":533,"height":531,"url":"https:\/\/ampersol.com\/wp-content\/uploads\/2022\/06\/11111-1.png","type":"image\/png"}],"twitter_card":"summary_large_image","schema":{"@context":"https:\/\/schema.org","@graph":[{"@type":"WebPage","@id":"https:\/\/ampersol.com\/hr\/trgovina\/dom-nautika-karavaning\/ostala-oprema-hr\/vanjski-ormaric-za-tus-set\/","url":"https:\/\/ampersol.com\/hr\/trgovina\/dom-nautika-karavaning\/ostala-oprema-hr\/vanjski-ormaric-za-tus-set\/","name":"Vanjski ormari\u0107 za tu\u0161 set - Amper Sol d.o.o.","isPartOf":{"@id":"https:\/\/ampersol.com\/hr\/#website"},"primaryImageOfPage":{"@id":"https:\/\/ampersol.com\/hr\/trgovina\/dom-nautika-karavaning\/ostala-oprema-hr\/vanjski-ormaric-za-tus-set\/#primaryimage"},"image":{"@id":"https:\/\/ampersol.com\/hr\/trgovina\/dom-nautika-karavaning\/ostala-oprema-hr\/vanjski-ormaric-za-tus-set\/#primaryimage"},"thumbnailUrl":"https:\/\/ampersol.com\/wp-content\/uploads\/2022\/06\/11111-1.png","datePublished":"2022-06-28T13:09:39+00:00","dateModified":"2022-06-28T13:09:39+00:00","breadcrumb":{"@id":"https:\/\/ampersol.com\/hr\/trgovina\/dom-nautika-karavaning\/ostala-oprema-hr\/vanjski-ormaric-za-tus-set\/#breadcrumb"},"inLanguage":"hr","potentialAction":[{"@type":"ReadAction","target":["https:\/\/ampersol.com\/hr\/trgovina\/dom-nautika-karavaning\/ostala-oprema-hr\/vanjski-ormaric-za-tus-set\/"]}]},{"@type":"ImageObject","inLanguage":"hr","@id":"https:\/\/ampersol.com\/hr\/trgovina\/dom-nautika-karavaning\/ostala-oprema-hr\/vanjski-ormaric-za-tus-set\/#primaryimage","url":"https:\/\/ampersol.com\/wp-content\/uploads\/2022\/06\/11111-1.png","contentUrl":"https:\/\/ampersol.com\/wp-content\/uploads\/2022\/06\/11111-1.png","width":533,"height":531},{"@type":"BreadcrumbList","@id":"https:\/\/ampersol.com\/hr\/trgovina\/dom-nautika-karavaning\/ostala-oprema-hr\/vanjski-ormaric-za-tus-set\/#breadcrumb","itemListElement":[{"@type":"ListItem","position":1,"name":"Home","item":"https:\/\/ampersol.com\/hr\/"},{"@type":"ListItem","position":2,"name":"Trgovina","item":"https:\/\/ampersol.com\/hr\/trgovina\/"},{"@type":"ListItem","position":3,"name":"Vanjski ormari\u0107 za tu\u0161 set"}]},{"@type":"WebSite","@id":"https:\/\/ampersol.com\/hr\/#website","url":"https:\/\/ampersol.com\/hr\/","name":"Amper Sol d.o.o.","description":"Prodaja, servis in storitve","publisher":{"@id":"https:\/\/ampersol.com\/hr\/#organization"},"potentialAction":[{"@type":"SearchAction","target":{"@type":"EntryPoint","urlTemplate":"https:\/\/ampersol.com\/hr\/?s={search_term_string}"},"query-input":{"@type":"PropertyValueSpecification","valueRequired":true,"valueName":"search_term_string"}}],"inLanguage":"hr"},{"@type":"Organization","@id":"https:\/\/ampersol.com\/hr\/#organization","name":"Amper Sol d.o.o.","url":"https:\/\/ampersol.com\/hr\/","logo":{"@type":"ImageObject","inLanguage":"hr","@id":"https:\/\/ampersol.com\/hr\/#\/schema\/logo\/image\/","url":"https:\/\/ampersol.com\/wp-content\/uploads\/2022\/06\/cropped-deni-logo-1-303x71-1.png","contentUrl":"https:\/\/ampersol.com\/wp-content\/uploads\/2022\/06\/cropped-deni-logo-1-303x71-1.png","width":303,"height":71,"caption":"Amper Sol d.o.o."},"image":{"@id":"https:\/\/ampersol.com\/hr\/#\/schema\/logo\/image\/"}}]}},"_links":{"self":[{"href":"https:\/\/ampersol.com\/hr\/wp-json\/wp\/v2\/product\/3922","targetHints":{"allow":["GET"]}}],"collection":[{"href":"https:\/\/ampersol.com\/hr\/wp-json\/wp\/v2\/product"}],"about":[{"href":"https:\/\/ampersol.com\/hr\/wp-json\/wp\/v2\/types\/product"}],"replies":[{"embeddable":true,"href":"https:\/\/ampersol.com\/hr\/wp-json\/wp\/v2\/comments?post=3922"}],"wp:featuredmedia":[{"embeddable":true,"href":"https:\/\/ampersol.com\/hr\/wp-json\/wp\/v2\/media\/3923"}],"wp:attachment":[{"href":"https:\/\/ampersol.com\/hr\/wp-json\/wp\/v2\/media?parent=3922"}],"wp:term":[{"taxonomy":"product_cat","embeddable":true,"href":"https:\/\/ampersol.com\/hr\/wp-json\/wp\/v2\/product_cat?post=3922"},{"taxonomy":"product_tag","embeddable":true,"href":"https:\/\/ampersol.com\/hr\/wp-json\/wp\/v2\/product_tag?post=3922"}],"curies":[{"name":"wp","href":"https:\/\/api.w.org\/{rel}","templated":true}]}}