{"id":3905,"date":"2022-06-28T13:09:40","date_gmt":"2022-06-28T13:09:40","guid":{"rendered":"https:\/\/ampersol.com\/trgovina\/Bez%20kategorije\/elektricni-pogon-za-prikolicu-mover-ek-350\/"},"modified":"2024-04-17T08:37:10","modified_gmt":"2024-04-17T08:37:10","slug":"elektricni-pogon-za-prikolicu-mover-ek-350","status":"publish","type":"product","link":"https:\/\/ampersol.com\/hr\/trgovina\/dom-nautika-karavaning\/ostala-oprema-hr\/elektricni-pogon-za-prikolicu-mover-ek-350\/","title":{"rendered":"Elektri\u010dni pogon za prikolicu MOVER EK-350"},"content":{"rendered":"<div class=\"row description\">\n<div class=\"col-12\">\n<div class=\"value content\">\n<p>Sustav za pomicanje prikolica radi na baterijskom naponu od 12V i nudi snagu od 350W. To je dovoljno za jednostavno premje\u0161tanje kamp ku\u0107ice, prikolice za \u010damac ili prikolice za konje. Reduktor brzine omogu\u0107uje kretanje prikolica do 2270 kg. Mover jednostavno povezujemo s baterijom (nije uklju\u010dena) i brzo premje\u0161tamo te\u0161ke prikolice \u010dak iu zatvorenom prostoru.<\/p>\n<p>Zahvaljuju\u0107i robusnoj konstrukciji, sna\u017enom motoru od 350 W i hrapavom profilu gume, mo\u0107i \u0107ete koristiti MOVER EK-350 dugi niz godina \u010dak iu zahtjevnijim uvjetima.<\/p>\n<p>Sustav za pomicanje prikolice tako\u0111er ima automatsku ko\u010dnicu, a upravlja\u010d omogu\u0107uje odabir vo\u017enje naprijed i natrag. Stezaljka omogu\u0107uje pode\u0161avanje visine za jednostavno pri\u010dvr\u0161\u0107ivanje na va\u0161u prikolicu. Gumeni kota\u010d koji ne klizi osigurava izvrsno prianjanje \u010dak i na te\u0161kim povr\u0161inama.<\/p>\n<p>Proizvod mo\u017eete isprobati u na\u0161em du\u0107anu u Ljubljani.<\/p>\n<p>Mogu\u0107 je i najam.<\/p>\n<p>&nbsp;<\/p>\n<\/div>\n<\/div>\n<\/div>\n<div class=\"row details\">\n<div class=\"col-12\">\n<h2 class=\"title h4\">Tehni\u010dki podaci<\/h2>\n<div class=\"value content\">\n<ul>\n<li><strong>Tehni\u010dki podaci:<\/strong><\/li>\n<li>Ukupna veli\u010dina: 83 x 84 x 25 cm (D x \u0160 x V)<\/li>\n<li>Motor: 12 V \/ 350 W<\/li>\n<li>Brzina: 6 &#8211; 7 m\/min<\/li>\n<li>Prijenosni omjer: 326:1<\/li>\n<li>Maksimalna nosivost vozila: 2270 kg<\/li>\n<li>Maksimalno optere\u0107enje na potpornom kota\u010du: 272 kg<\/li>\n<li>Prikladno za kori\u0161tenje na padinama do 5 stupnjeva (za ve\u0107e te\u017eine)<\/li>\n<li>Preporu\u010deno napajanje: DC 12 V, 24 Ah olovna baterija ili starter (baterija nije uklju\u010dena)<\/li>\n<li><strong>Zna\u010dajke:<\/strong><\/li>\n<li>Jednostavan za kori\u0161tenje<\/li>\n<li>\u010cvrst, neklizaju\u0107i, gumeni kota\u010d<\/li>\n<li>Elektri\u010dni sustav za pomicanje prikolice sa stegom<\/li>\n<li>Funkcija automatskog ko\u010denja<\/li>\n<li>Funkcija naprijed i nazad<\/li>\n<li>Idealno za prikolice, \u010damce, kamp prikolice i kamp prikolice, auto prikolice&#8230;<\/li>\n<li><strong>Paket sadr\u017ei:<\/strong><\/li>\n<li>1 x sustav potpornih kota\u010da za pomicanje prikolica<\/li>\n<li>1 x kabel za napajanje<\/li>\n<li>1 x nosa\u010d za monta\u017eu<\/li>\n<li>1 x set dodataka<\/li>\n<\/ul>\n<\/div>\n<\/div>\n<\/div>\n","protected":false},"excerpt":{"rendered":"<div class=\"flex flex-grow flex-col max-w-full\">\n<div class=\"min-h-[20px] text-message flex flex-col items-start gap-3 whitespace-pre-wrap break-words [.text-message+&amp;]:mt-5 overflow-x-auto\" dir=\"auto\" data-message-author-role=\"assistant\" data-message-id=\"1f6ec784-0463-42df-8f57-3d40fd907dd6\">\n<div class=\"markdown prose w-full break-words dark:prose-invert dark\">\n<p>Ovaj vrlo u\u010dinkovit sustav za pomicanje prikolica posebno je dizajniran za lak\u0161e upravljanje kamperima, prikolicama za \u010damce ili prikolicama za konje. Njegov kompaktan i prenosiv dizajn \u010dini ga izuzetno prakti\u010dnim, idealnim za unutarnju upotrebu kao \u0161to su gara\u017ee, skladi\u0161ta, parkirne gara\u017ee, kao i za vanjsku upotrebu u dvori\u0161tima, parkirali\u0161tima i podru\u010djima pogodnim za kampere.<\/p>\n<p>Zahvaljuju\u0107i \u010dvrstoj konstrukciji i sna\u017enom motoru od 350 W, ovaj sustav za pomicanje prikolica mo\u017ee lako pomicati prikolice do 2270 kg. Pametno osmi\u0161ljen sustav uklju\u010duje automatsku ko\u010dnicu, dok vam upravlja\u010d omogu\u0107uje jednostavan odabir smjera vo\u017enje \u2013 naprijed ili natrag. Fleksibilna kop\u010da olak\u0161ava pri\u010dvr\u0161\u0107ivanje na va\u0161u prikolicu, dok neklizaju\u0107i gumeni kota\u010d pru\u017ea izvrsnu trakciju na raznim povr\u0161inama.<\/p>\n<p>Va\u017eno je znati da se za optimalan rad preporu\u010duje kori\u0161tenje baterije s parametrima DC 12 V i kapaciteta \u2265 24 Ah ili sustavom za pokretanje (baterija nije uklju\u010dena). Imajte na umu da ovaj sustav najbolje radi na \u010dvrstim i ravnim povr\u0161inama i nije prikladan za kori\u0161tenje na mekom ili skliskom terenu. Tako\u0111er nije vodootporan, pa ga treba koristiti samo u suhim uvjetima.<\/p>\n<\/div>\n<\/div>\n<\/div>\n","protected":false},"featured_media":3906,"comment_status":"open","ping_status":"closed","template":"","meta":[],"product_cat":[360],"product_tag":[],"class_list":{"0":"post-3905","1":"product","2":"type-product","3":"status-publish","4":"has-post-thumbnail","6":"product_cat-ostala-oprema-hr","8":"first","9":"instock","10":"sale","11":"taxable","12":"shipping-taxable","13":"purchasable","14":"product-type-simple"},"yoast_head":"<!-- This site is optimized with the Yoast SEO plugin v24.1 - https:\/\/yoast.com\/wordpress\/plugins\/seo\/ -->\n<title>Elektri\u010dni pogon za prikolicu MOVER EK-350 - Amper Sol d.o.o.<\/title>\n<meta name=\"description\" content=\"Elektri\u010dni potporni kota\u010d prikolice (motoriziran) 12 V Ovaj visoko u\u010dinkoviti sustav za pomicanje prikolice posebno je dizajniran za olak\u0161avanje manevriranja kamperima, prikolicama za \u010damce ili prikolicama za konje. Njegov kompaktan i prijenosan dizajn \u010dini ga iznimno prakti\u010dnim, idealnim za unutarnju upotrebu kao \u0161to su gara\u017ee, skladi\u0161ta, parkirne gara\u017ee, kao i za vanjsku upotrebu u dvori\u0161tima, parkirali\u0161tima i podru\u010djima pogodnim za kampere. Zbog svoje \u010dvrste konstrukcije i sna\u017enog 350- watt motor ovaj sustav za pomicanje prikolica mo\u017ee lako pomicati prikolice do 2270 kg. Pametno osmi\u0161ljen sustav uklju\u010duje automatsku ko\u010dnicu, dok vam upravlja\u010d omogu\u0107uje jednostavan odabir smjera vo\u017enje \u2013 naprijed ili natrag. Fleksibilna stezaljka olak\u0161ava pri\u010dvr\u0161\u0107ivanje na va\u0161u prikolicu, dok neklizaju\u0107i gumeni kota\u010d osigurava izvrsno prianjanje na razli\u010ditim povr\u0161inama. Va\u017eno je znati da se za optimalne performanse preporu\u010duje kori\u0161tenje baterije s parametrima DC 12 V i kapacitetom. \u2265 24 Ah ili startni sustav (baterija nije priklju\u010dena). Imajte na umu da ovaj sustav najbolje radi na \u010dvrstim i ravnim povr\u0161inama i nije prikladan za kori\u0161tenje na mekom ili skliskom terenu. Tako\u0111er nije vodootporan, pa ga treba koristiti samo u suhim uvjetima.\" \/>\n<meta name=\"robots\" content=\"index, follow, max-snippet:-1, max-image-preview:large, max-video-preview:-1\" \/>\n<link rel=\"canonical\" href=\"https:\/\/ampersol.com\/hr\/trgovina\/dom-nautika-karavaning\/ostala-oprema-hr\/elektricni-pogon-za-prikolicu-mover-ek-350\/\" \/>\n<meta property=\"og:locale\" content=\"hr_HR\" \/>\n<meta property=\"og:type\" content=\"article\" \/>\n<meta property=\"og:title\" content=\"Elektri\u010dni pogon za prikolicu MOVER EK-350 - Amper Sol d.o.o.\" \/>\n<meta property=\"og:description\" content=\"Elektri\u010dni potporni kota\u010d prikolice (motoriziran) 12 V Ovaj visoko u\u010dinkoviti sustav za pomicanje prikolice posebno je dizajniran za olak\u0161avanje manevriranja kamperima, prikolicama za \u010damce ili prikolicama za konje. Njegov kompaktan i prijenosan dizajn \u010dini ga iznimno prakti\u010dnim, idealnim za unutarnju upotrebu kao \u0161to su gara\u017ee, skladi\u0161ta, parkirne gara\u017ee, kao i za vanjsku upotrebu u dvori\u0161tima, parkirali\u0161tima i podru\u010djima pogodnim za kampere. Zbog svoje \u010dvrste konstrukcije i sna\u017enog 350- watt motor ovaj sustav za pomicanje prikolica mo\u017ee lako pomicati prikolice do 2270 kg. Pametno osmi\u0161ljen sustav uklju\u010duje automatsku ko\u010dnicu, dok vam upravlja\u010d omogu\u0107uje jednostavan odabir smjera vo\u017enje \u2013 naprijed ili natrag. Fleksibilna stezaljka olak\u0161ava pri\u010dvr\u0161\u0107ivanje na va\u0161u prikolicu, dok neklizaju\u0107i gumeni kota\u010d osigurava izvrsno prianjanje na razli\u010ditim povr\u0161inama. Va\u017eno je znati da se za optimalne performanse preporu\u010duje kori\u0161tenje baterije s parametrima DC 12 V i kapacitetom. \u2265 24 Ah ili startni sustav (baterija nije priklju\u010dena). Imajte na umu da ovaj sustav najbolje radi na \u010dvrstim i ravnim povr\u0161inama i nije prikladan za kori\u0161tenje na mekom ili skliskom terenu. Tako\u0111er nije vodootporan, pa ga treba koristiti samo u suhim uvjetima.\" \/>\n<meta property=\"og:url\" content=\"https:\/\/ampersol.com\/hr\/trgovina\/dom-nautika-karavaning\/ostala-oprema-hr\/elektricni-pogon-za-prikolicu-mover-ek-350\/\" \/>\n<meta property=\"og:site_name\" content=\"Amper Sol d.o.o.\" \/>\n<meta property=\"article:modified_time\" content=\"2024-04-17T08:37:10+00:00\" \/>\n<meta property=\"og:image\" content=\"https:\/\/ampersol.com\/wp-content\/uploads\/2022\/06\/3-2.jpg\" \/>\n\t<meta property=\"og:image:width\" content=\"450\" \/>\n\t<meta property=\"og:image:height\" content=\"399\" \/>\n\t<meta property=\"og:image:type\" content=\"image\/jpeg\" \/>\n<meta name=\"twitter:card\" content=\"summary_large_image\" \/>\n<meta name=\"twitter:label1\" content=\"Procijenjeno vrijeme \u010ditanja\" \/>\n\t<meta name=\"twitter:data1\" content=\"1 minuta\" \/>\n<script type=\"application\/ld+json\" class=\"yoast-schema-graph\">{\"@context\":\"https:\/\/schema.org\",\"@graph\":[{\"@type\":\"WebPage\",\"@id\":\"https:\/\/ampersol.com\/hr\/trgovina\/dom-nautika-karavaning\/ostala-oprema-hr\/elektricni-pogon-za-prikolicu-mover-ek-350\/\",\"url\":\"https:\/\/ampersol.com\/hr\/trgovina\/dom-nautika-karavaning\/ostala-oprema-hr\/elektricni-pogon-za-prikolicu-mover-ek-350\/\",\"name\":\"Elektri\u010dni pogon za prikolicu MOVER EK-350 - Amper Sol d.o.o.\",\"isPartOf\":{\"@id\":\"https:\/\/ampersol.com\/hr\/#website\"},\"primaryImageOfPage\":{\"@id\":\"https:\/\/ampersol.com\/hr\/trgovina\/dom-nautika-karavaning\/ostala-oprema-hr\/elektricni-pogon-za-prikolicu-mover-ek-350\/#primaryimage\"},\"image\":{\"@id\":\"https:\/\/ampersol.com\/hr\/trgovina\/dom-nautika-karavaning\/ostala-oprema-hr\/elektricni-pogon-za-prikolicu-mover-ek-350\/#primaryimage\"},\"thumbnailUrl\":\"https:\/\/ampersol.com\/wp-content\/uploads\/2022\/06\/3-2.jpg\",\"datePublished\":\"2022-06-28T13:09:40+00:00\",\"dateModified\":\"2024-04-17T08:37:10+00:00\",\"description\":\"Elektri\u010dni potporni kota\u010d prikolice (motoriziran) 12 V Ovaj visoko u\u010dinkoviti sustav za pomicanje prikolice posebno je dizajniran za olak\u0161avanje manevriranja kamperima, prikolicama za \u010damce ili prikolicama za konje. Njegov kompaktan i prijenosan dizajn \u010dini ga iznimno prakti\u010dnim, idealnim za unutarnju upotrebu kao \u0161to su gara\u017ee, skladi\u0161ta, parkirne gara\u017ee, kao i za vanjsku upotrebu u dvori\u0161tima, parkirali\u0161tima i podru\u010djima pogodnim za kampere. Zbog svoje \u010dvrste konstrukcije i sna\u017enog 350- watt motor ovaj sustav za pomicanje prikolica mo\u017ee lako pomicati prikolice do 2270 kg. Pametno osmi\u0161ljen sustav uklju\u010duje automatsku ko\u010dnicu, dok vam upravlja\u010d omogu\u0107uje jednostavan odabir smjera vo\u017enje \u2013 naprijed ili natrag. Fleksibilna stezaljka olak\u0161ava pri\u010dvr\u0161\u0107ivanje na va\u0161u prikolicu, dok neklizaju\u0107i gumeni kota\u010d osigurava izvrsno prianjanje na razli\u010ditim povr\u0161inama. Va\u017eno je znati da se za optimalne performanse preporu\u010duje kori\u0161tenje baterije s parametrima DC 12 V i kapacitetom. \u2265 24 Ah ili startni sustav (baterija nije priklju\u010dena). Imajte na umu da ovaj sustav najbolje radi na \u010dvrstim i ravnim povr\u0161inama i nije prikladan za kori\u0161tenje na mekom ili skliskom terenu. Tako\u0111er nije vodootporan, pa ga treba koristiti samo u suhim uvjetima.\",\"breadcrumb\":{\"@id\":\"https:\/\/ampersol.com\/hr\/trgovina\/dom-nautika-karavaning\/ostala-oprema-hr\/elektricni-pogon-za-prikolicu-mover-ek-350\/#breadcrumb\"},\"inLanguage\":\"hr\",\"potentialAction\":[{\"@type\":\"ReadAction\",\"target\":[\"https:\/\/ampersol.com\/hr\/trgovina\/dom-nautika-karavaning\/ostala-oprema-hr\/elektricni-pogon-za-prikolicu-mover-ek-350\/\"]}]},{\"@type\":\"ImageObject\",\"inLanguage\":\"hr\",\"@id\":\"https:\/\/ampersol.com\/hr\/trgovina\/dom-nautika-karavaning\/ostala-oprema-hr\/elektricni-pogon-za-prikolicu-mover-ek-350\/#primaryimage\",\"url\":\"https:\/\/ampersol.com\/wp-content\/uploads\/2022\/06\/3-2.jpg\",\"contentUrl\":\"https:\/\/ampersol.com\/wp-content\/uploads\/2022\/06\/3-2.jpg\",\"width\":450,\"height\":399},{\"@type\":\"BreadcrumbList\",\"@id\":\"https:\/\/ampersol.com\/hr\/trgovina\/dom-nautika-karavaning\/ostala-oprema-hr\/elektricni-pogon-za-prikolicu-mover-ek-350\/#breadcrumb\",\"itemListElement\":[{\"@type\":\"ListItem\",\"position\":1,\"name\":\"Home\",\"item\":\"https:\/\/ampersol.com\/hr\/\"},{\"@type\":\"ListItem\",\"position\":2,\"name\":\"Trgovina\",\"item\":\"https:\/\/ampersol.com\/hr\/trgovina\/\"},{\"@type\":\"ListItem\",\"position\":3,\"name\":\"Elektri\u010dni pogon za prikolicu MOVER EK-350\"}]},{\"@type\":\"WebSite\",\"@id\":\"https:\/\/ampersol.com\/hr\/#website\",\"url\":\"https:\/\/ampersol.com\/hr\/\",\"name\":\"Amper Sol d.o.o.\",\"description\":\"Prodaja, servis in storitve\",\"publisher\":{\"@id\":\"https:\/\/ampersol.com\/hr\/#organization\"},\"potentialAction\":[{\"@type\":\"SearchAction\",\"target\":{\"@type\":\"EntryPoint\",\"urlTemplate\":\"https:\/\/ampersol.com\/hr\/?s={search_term_string}\"},\"query-input\":{\"@type\":\"PropertyValueSpecification\",\"valueRequired\":true,\"valueName\":\"search_term_string\"}}],\"inLanguage\":\"hr\"},{\"@type\":\"Organization\",\"@id\":\"https:\/\/ampersol.com\/hr\/#organization\",\"name\":\"Amper Sol d.o.o.\",\"url\":\"https:\/\/ampersol.com\/hr\/\",\"logo\":{\"@type\":\"ImageObject\",\"inLanguage\":\"hr\",\"@id\":\"https:\/\/ampersol.com\/hr\/#\/schema\/logo\/image\/\",\"url\":\"https:\/\/ampersol.com\/wp-content\/uploads\/2022\/06\/cropped-deni-logo-1-303x71-1.png\",\"contentUrl\":\"https:\/\/ampersol.com\/wp-content\/uploads\/2022\/06\/cropped-deni-logo-1-303x71-1.png\",\"width\":303,\"height\":71,\"caption\":\"Amper Sol d.o.o.\"},\"image\":{\"@id\":\"https:\/\/ampersol.com\/hr\/#\/schema\/logo\/image\/\"}}]}<\/script>\n<!-- \/ Yoast SEO plugin. -->","yoast_head_json":{"title":"Elektri\u010dni pogon za prikolicu MOVER EK-350 - Amper Sol d.o.o.","description":"Elektri\u010dni potporni kota\u010d prikolice (motoriziran) 12 V Ovaj visoko u\u010dinkoviti sustav za pomicanje prikolice posebno je dizajniran za olak\u0161avanje manevriranja kamperima, prikolicama za \u010damce ili prikolicama za konje. Njegov kompaktan i prijenosan dizajn \u010dini ga iznimno prakti\u010dnim, idealnim za unutarnju upotrebu kao \u0161to su gara\u017ee, skladi\u0161ta, parkirne gara\u017ee, kao i za vanjsku upotrebu u dvori\u0161tima, parkirali\u0161tima i podru\u010djima pogodnim za kampere. Zbog svoje \u010dvrste konstrukcije i sna\u017enog 350- watt motor ovaj sustav za pomicanje prikolica mo\u017ee lako pomicati prikolice do 2270 kg. Pametno osmi\u0161ljen sustav uklju\u010duje automatsku ko\u010dnicu, dok vam upravlja\u010d omogu\u0107uje jednostavan odabir smjera vo\u017enje \u2013 naprijed ili natrag. Fleksibilna stezaljka olak\u0161ava pri\u010dvr\u0161\u0107ivanje na va\u0161u prikolicu, dok neklizaju\u0107i gumeni kota\u010d osigurava izvrsno prianjanje na razli\u010ditim povr\u0161inama. Va\u017eno je znati da se za optimalne performanse preporu\u010duje kori\u0161tenje baterije s parametrima DC 12 V i kapacitetom. \u2265 24 Ah ili startni sustav (baterija nije priklju\u010dena). Imajte na umu da ovaj sustav najbolje radi na \u010dvrstim i ravnim povr\u0161inama i nije prikladan za kori\u0161tenje na mekom ili skliskom terenu. Tako\u0111er nije vodootporan, pa ga treba koristiti samo u suhim uvjetima.","robots":{"index":"index","follow":"follow","max-snippet":"max-snippet:-1","max-image-preview":"max-image-preview:large","max-video-preview":"max-video-preview:-1"},"canonical":"https:\/\/ampersol.com\/hr\/trgovina\/dom-nautika-karavaning\/ostala-oprema-hr\/elektricni-pogon-za-prikolicu-mover-ek-350\/","og_locale":"hr_HR","og_type":"article","og_title":"Elektri\u010dni pogon za prikolicu MOVER EK-350 - Amper Sol d.o.o.","og_description":"Elektri\u010dni potporni kota\u010d prikolice (motoriziran) 12 V Ovaj visoko u\u010dinkoviti sustav za pomicanje prikolice posebno je dizajniran za olak\u0161avanje manevriranja kamperima, prikolicama za \u010damce ili prikolicama za konje. Njegov kompaktan i prijenosan dizajn \u010dini ga iznimno prakti\u010dnim, idealnim za unutarnju upotrebu kao \u0161to su gara\u017ee, skladi\u0161ta, parkirne gara\u017ee, kao i za vanjsku upotrebu u dvori\u0161tima, parkirali\u0161tima i podru\u010djima pogodnim za kampere. Zbog svoje \u010dvrste konstrukcije i sna\u017enog 350- watt motor ovaj sustav za pomicanje prikolica mo\u017ee lako pomicati prikolice do 2270 kg. Pametno osmi\u0161ljen sustav uklju\u010duje automatsku ko\u010dnicu, dok vam upravlja\u010d omogu\u0107uje jednostavan odabir smjera vo\u017enje \u2013 naprijed ili natrag. Fleksibilna stezaljka olak\u0161ava pri\u010dvr\u0161\u0107ivanje na va\u0161u prikolicu, dok neklizaju\u0107i gumeni kota\u010d osigurava izvrsno prianjanje na razli\u010ditim povr\u0161inama. Va\u017eno je znati da se za optimalne performanse preporu\u010duje kori\u0161tenje baterije s parametrima DC 12 V i kapacitetom. \u2265 24 Ah ili startni sustav (baterija nije priklju\u010dena). Imajte na umu da ovaj sustav najbolje radi na \u010dvrstim i ravnim povr\u0161inama i nije prikladan za kori\u0161tenje na mekom ili skliskom terenu. Tako\u0111er nije vodootporan, pa ga treba koristiti samo u suhim uvjetima.","og_url":"https:\/\/ampersol.com\/hr\/trgovina\/dom-nautika-karavaning\/ostala-oprema-hr\/elektricni-pogon-za-prikolicu-mover-ek-350\/","og_site_name":"Amper Sol d.o.o.","article_modified_time":"2024-04-17T08:37:10+00:00","og_image":[{"width":450,"height":399,"url":"https:\/\/ampersol.com\/wp-content\/uploads\/2022\/06\/3-2.jpg","type":"image\/jpeg"}],"twitter_card":"summary_large_image","twitter_misc":{"Procijenjeno vrijeme \u010ditanja":"1 minuta"},"schema":{"@context":"https:\/\/schema.org","@graph":[{"@type":"WebPage","@id":"https:\/\/ampersol.com\/hr\/trgovina\/dom-nautika-karavaning\/ostala-oprema-hr\/elektricni-pogon-za-prikolicu-mover-ek-350\/","url":"https:\/\/ampersol.com\/hr\/trgovina\/dom-nautika-karavaning\/ostala-oprema-hr\/elektricni-pogon-za-prikolicu-mover-ek-350\/","name":"Elektri\u010dni pogon za prikolicu MOVER EK-350 - Amper Sol d.o.o.","isPartOf":{"@id":"https:\/\/ampersol.com\/hr\/#website"},"primaryImageOfPage":{"@id":"https:\/\/ampersol.com\/hr\/trgovina\/dom-nautika-karavaning\/ostala-oprema-hr\/elektricni-pogon-za-prikolicu-mover-ek-350\/#primaryimage"},"image":{"@id":"https:\/\/ampersol.com\/hr\/trgovina\/dom-nautika-karavaning\/ostala-oprema-hr\/elektricni-pogon-za-prikolicu-mover-ek-350\/#primaryimage"},"thumbnailUrl":"https:\/\/ampersol.com\/wp-content\/uploads\/2022\/06\/3-2.jpg","datePublished":"2022-06-28T13:09:40+00:00","dateModified":"2024-04-17T08:37:10+00:00","description":"Elektri\u010dni potporni kota\u010d prikolice (motoriziran) 12 V Ovaj visoko u\u010dinkoviti sustav za pomicanje prikolice posebno je dizajniran za olak\u0161avanje manevriranja kamperima, prikolicama za \u010damce ili prikolicama za konje. Njegov kompaktan i prijenosan dizajn \u010dini ga iznimno prakti\u010dnim, idealnim za unutarnju upotrebu kao \u0161to su gara\u017ee, skladi\u0161ta, parkirne gara\u017ee, kao i za vanjsku upotrebu u dvori\u0161tima, parkirali\u0161tima i podru\u010djima pogodnim za kampere. Zbog svoje \u010dvrste konstrukcije i sna\u017enog 350- watt motor ovaj sustav za pomicanje prikolica mo\u017ee lako pomicati prikolice do 2270 kg. Pametno osmi\u0161ljen sustav uklju\u010duje automatsku ko\u010dnicu, dok vam upravlja\u010d omogu\u0107uje jednostavan odabir smjera vo\u017enje \u2013 naprijed ili natrag. Fleksibilna stezaljka olak\u0161ava pri\u010dvr\u0161\u0107ivanje na va\u0161u prikolicu, dok neklizaju\u0107i gumeni kota\u010d osigurava izvrsno prianjanje na razli\u010ditim povr\u0161inama. Va\u017eno je znati da se za optimalne performanse preporu\u010duje kori\u0161tenje baterije s parametrima DC 12 V i kapacitetom. \u2265 24 Ah ili startni sustav (baterija nije priklju\u010dena). Imajte na umu da ovaj sustav najbolje radi na \u010dvrstim i ravnim povr\u0161inama i nije prikladan za kori\u0161tenje na mekom ili skliskom terenu. Tako\u0111er nije vodootporan, pa ga treba koristiti samo u suhim uvjetima.","breadcrumb":{"@id":"https:\/\/ampersol.com\/hr\/trgovina\/dom-nautika-karavaning\/ostala-oprema-hr\/elektricni-pogon-za-prikolicu-mover-ek-350\/#breadcrumb"},"inLanguage":"hr","potentialAction":[{"@type":"ReadAction","target":["https:\/\/ampersol.com\/hr\/trgovina\/dom-nautika-karavaning\/ostala-oprema-hr\/elektricni-pogon-za-prikolicu-mover-ek-350\/"]}]},{"@type":"ImageObject","inLanguage":"hr","@id":"https:\/\/ampersol.com\/hr\/trgovina\/dom-nautika-karavaning\/ostala-oprema-hr\/elektricni-pogon-za-prikolicu-mover-ek-350\/#primaryimage","url":"https:\/\/ampersol.com\/wp-content\/uploads\/2022\/06\/3-2.jpg","contentUrl":"https:\/\/ampersol.com\/wp-content\/uploads\/2022\/06\/3-2.jpg","width":450,"height":399},{"@type":"BreadcrumbList","@id":"https:\/\/ampersol.com\/hr\/trgovina\/dom-nautika-karavaning\/ostala-oprema-hr\/elektricni-pogon-za-prikolicu-mover-ek-350\/#breadcrumb","itemListElement":[{"@type":"ListItem","position":1,"name":"Home","item":"https:\/\/ampersol.com\/hr\/"},{"@type":"ListItem","position":2,"name":"Trgovina","item":"https:\/\/ampersol.com\/hr\/trgovina\/"},{"@type":"ListItem","position":3,"name":"Elektri\u010dni pogon za prikolicu MOVER EK-350"}]},{"@type":"WebSite","@id":"https:\/\/ampersol.com\/hr\/#website","url":"https:\/\/ampersol.com\/hr\/","name":"Amper Sol d.o.o.","description":"Prodaja, servis in storitve","publisher":{"@id":"https:\/\/ampersol.com\/hr\/#organization"},"potentialAction":[{"@type":"SearchAction","target":{"@type":"EntryPoint","urlTemplate":"https:\/\/ampersol.com\/hr\/?s={search_term_string}"},"query-input":{"@type":"PropertyValueSpecification","valueRequired":true,"valueName":"search_term_string"}}],"inLanguage":"hr"},{"@type":"Organization","@id":"https:\/\/ampersol.com\/hr\/#organization","name":"Amper Sol d.o.o.","url":"https:\/\/ampersol.com\/hr\/","logo":{"@type":"ImageObject","inLanguage":"hr","@id":"https:\/\/ampersol.com\/hr\/#\/schema\/logo\/image\/","url":"https:\/\/ampersol.com\/wp-content\/uploads\/2022\/06\/cropped-deni-logo-1-303x71-1.png","contentUrl":"https:\/\/ampersol.com\/wp-content\/uploads\/2022\/06\/cropped-deni-logo-1-303x71-1.png","width":303,"height":71,"caption":"Amper Sol d.o.o."},"image":{"@id":"https:\/\/ampersol.com\/hr\/#\/schema\/logo\/image\/"}}]}},"_links":{"self":[{"href":"https:\/\/ampersol.com\/hr\/wp-json\/wp\/v2\/product\/3905","targetHints":{"allow":["GET"]}}],"collection":[{"href":"https:\/\/ampersol.com\/hr\/wp-json\/wp\/v2\/product"}],"about":[{"href":"https:\/\/ampersol.com\/hr\/wp-json\/wp\/v2\/types\/product"}],"replies":[{"embeddable":true,"href":"https:\/\/ampersol.com\/hr\/wp-json\/wp\/v2\/comments?post=3905"}],"wp:featuredmedia":[{"embeddable":true,"href":"https:\/\/ampersol.com\/hr\/wp-json\/wp\/v2\/media\/3906"}],"wp:attachment":[{"href":"https:\/\/ampersol.com\/hr\/wp-json\/wp\/v2\/media?parent=3905"}],"wp:term":[{"taxonomy":"product_cat","embeddable":true,"href":"https:\/\/ampersol.com\/hr\/wp-json\/wp\/v2\/product_cat?post=3905"},{"taxonomy":"product_tag","embeddable":true,"href":"https:\/\/ampersol.com\/hr\/wp-json\/wp\/v2\/product_tag?post=3905"}],"curies":[{"name":"wp","href":"https:\/\/api.w.org\/{rel}","templated":true}]}}