{"id":3900,"date":"2022-07-21T12:46:20","date_gmt":"2022-07-21T12:46:20","guid":{"rendered":"https:\/\/ampersol.com\/trgovina\/Bez kategorije\/solarni-otok-komplet-za-vikende-24v-85ah-3000w-ac-1140w-solar\/"},"modified":"2022-07-21T12:46:20","modified_gmt":"2022-07-21T12:46:20","slug":"solarni-otok-komplet-za-vikende-24v-85ah-3000w-ac-1140w-solar","status":"publish","type":"product","link":"https:\/\/ampersol.com\/hr\/trgovina\/samooskrba-hr\/elektricna-energija-hr\/solarni-otok-komplet-za-vikende-24v-85ah-3000w-ac-1140w-solar\/","title":{"rendered":"SOLARNI OTOK KOMPLET ZA VIKENDE 24V, 85Ah, 3000W AC, 1140W Solar"},"content":{"rendered":"<p>Tehni\u010dke informacije:<\/p>\n<p>SOLARNI ULAZ: 60V DC, 50A, 1200W. PWM ili MPPT usmjeravanje<\/p>\n<p>AC ULAZ: Omogu\u0107uje priklju\u010dak generatora ili mre\u017enog napona 230V<\/p>\n<p>PUNJENJE BATERIJA: Preko solarnih modula ili preko AC ulaza (pode\u0161ava se kada su baterije napunjene, npr. kada nema sunca i imamo veliku potro\u0161nju)<\/p>\n<p>Trostupanjsko punjenje svih vrsta baterija. Struja punjenja 20A -30A.<\/p>\n<p>IZLAZ 230V:<\/p>\n<p>Preusmjerava 3000VA ili 2400W snage pri 230V 50Hz od napona baterije.<\/p>\n<p>Hibridni pretvara\u010di izvrstan su izbor za smanjenje potro\u0161nje mre\u017enog napona. Omogu\u0107uju optimalno dimenzioniranje baterijskog sklopa i solarnih panela. Tijekom dugih razdoblja lo\u0161eg vremena ili velike potro\u0161nje, baterije se mogu puniti preko generatora ili mre\u017enog napona (ako postoji). Stoga nema potrebe za predimenzioniranjem, a investicijski tro\u0161kovi su manji.<\/p>\n<p>12 mjeseci jamstva, slovenske upute i podr\u0161ka. Mogu\u0107a monta\u017ea.<\/p>\n<p>Tehni\u010dke informacije:<\/p>\n<table border=\"1\" cellspacing=\"0\" cellpadding=\"0\">\n<tbody>\n<tr>\n<td>\n<div><strong>MODEL<\/strong><\/div>\n<\/td>\n<td>\n<div align=\"center\"><strong>PWM EK 3K<\/strong><\/div>\n<\/td>\n<\/tr>\n<tr>\n<td>\n<div>Nazivna snaga<\/div>\n<\/td>\n<td>\n<div align=\"center\">3000VA\/2400W<\/div>\n<\/td>\n<\/tr>\n<tr>\n<td colspan=\"2\">\n<div><strong>ULAZNI<\/strong><\/div>\n<\/td>\n<\/tr>\n<tr>\n<td>\n<div>napon<\/div>\n<\/td>\n<td>\n<div align=\"center\">120VAC 230VAC<\/div>\n<\/td>\n<\/tr>\n<tr>\n<td>\n<div>Odabir raspona napona<\/div>\n<\/td>\n<td>\n<div>170-280 VAC (za osobna ra\u010dunala) ; 90-280 VAC (za ku\u0107anske aparate)<\/div>\n<\/td>\n<\/tr>\n<tr>\n<td>\n<div>Raspon frekvencija<\/div>\n<\/td>\n<td>\n<div align=\"center\">50 Hz\/60 Hz (automatsko otkrivanje)<\/div>\n<\/td>\n<\/tr>\n<tr>\n<td colspan=\"2\">\n<div><strong>IZLAZ<\/strong><\/div>\n<\/td>\n<\/tr>\n<tr>\n<td>\n<div>Regulacija izmjeni\u010dnog napona (na\u010din baterije)<\/div>\n<\/td>\n<td>\n<div align=\"center\">120VAC 230VAC \u00b1 5%<\/div>\n<\/td>\n<\/tr>\n<tr>\n<td>\n<div>Sutge Power<\/div>\n<\/td>\n<td>\n<div align=\"center\">6000 VA<\/div>\n<\/td>\n<\/tr>\n<tr>\n<td>\n<div>U\u010dinkovitost (vr\u0161na)<\/div>\n<\/td>\n<td>\n<div align=\"center\">93%<\/div>\n<\/td>\n<\/tr>\n<tr>\n<td>\n<div>Vrijeme prijenosa<\/div>\n<\/td>\n<td>\n<div align=\"center\">10 ms (za osobna ra\u010dunala) ; 20 ms (za ku\u0107anske aparate)<\/div>\n<\/td>\n<\/tr>\n<tr>\n<td>\n<div>Valni oblik<\/div>\n<\/td>\n<td>\n<div align=\"center\">\u010cisti sinusni val<\/div>\n<\/td>\n<\/tr>\n<tr>\n<td colspan=\"2\">\n<div><strong>BATERIJA I AC PUNJA\u010c<\/strong><\/div>\n<\/td>\n<\/tr>\n<tr>\n<td>\n<div>Napon baterije<\/div>\n<\/td>\n<td>\n<div align=\"center\">24 VDC<\/div>\n<\/td>\n<\/tr>\n<tr>\n<td>\n<div>Promjenjivi napon punjenja<\/div>\n<\/td>\n<td>\n<div align=\"center\">27 VDC<\/div>\n<\/td>\n<\/tr>\n<tr>\n<td>\n<div>Za\u0161tita od preoptere\u0107enja<\/div>\n<\/td>\n<td>\n<div align=\"center\">30 VDC<\/div>\n<\/td>\n<\/tr>\n<tr>\n<td>\n<div>Maksimalna struja punjenja<\/div>\n<\/td>\n<td>\n<div align=\"center\">20A ili 30A<\/div>\n<\/td>\n<\/tr>\n<tr>\n<td colspan=\"2\">\n<div><strong>SOLARNI PUNJA\u010c (OPCIJA)<\/strong><\/div>\n<\/td>\n<\/tr>\n<tr>\n<td>\n<div>Struja punjenja<\/div>\n<\/td>\n<td>\n<div align=\"center\">50A<\/div>\n<\/td>\n<\/tr>\n<tr>\n<td>\n<div>Maksimalna snaga PV polja<\/div>\n<\/td>\n<td>\n<div align=\"center\">1200 W<\/div>\n<\/td>\n<\/tr>\n<tr>\n<td>\n<div>Maksimalno otvoreno PV polje<\/div>\n<\/td>\n<td>\n<div align=\"center\">60VDC\/80VDC<\/div>\n<\/td>\n<\/tr>\n<tr>\n<td>\n<div>Potro\u0161nja energije u stanju mirovanja<\/div>\n<\/td>\n<td>\n<div align=\"center\">2W<\/div>\n<\/td>\n<\/tr>\n<tr>\n<td colspan=\"2\">\n<div><strong>FIZI\u010cKI<\/strong><\/div>\n<\/td>\n<\/tr>\n<tr>\n<td>\n<div>Dimenzija, D\u00d7\u0160\u00d7V (mm)<\/div>\n<\/td>\n<td>\n<div align=\"center\">100\u00d7272\u00d7355<\/div>\n<\/td>\n<\/tr>\n<tr>\n<td>\n<div>Neto te\u017eina (kg)<\/div>\n<\/td>\n<td>\n<div align=\"center\">6.9<\/div>\n<\/td>\n<\/tr>\n<tr>\n<td colspan=\"2\">\n<div><strong>RADNO OKRU\u017dENJE<\/strong><\/div>\n<\/td>\n<\/tr>\n<tr>\n<td>\n<div>Vla\u017enost<\/div>\n<\/td>\n<td>\n<div align=\"center\">5% do 95% relativne vla\u017enosti (bez kondenzacije)<\/div>\n<\/td>\n<\/tr>\n<tr>\n<td>\n<div>Radna temperatura<\/div>\n<\/td>\n<td>\n<div align=\"center\">0\u2103-55\u2103<\/div>\n<\/td>\n<\/tr>\n<tr>\n<td>\n<div>Temperatura skladi\u0161tenja<\/div>\n<\/td>\n<td>\n<div align=\"center\" data-spm-anchor-id=\"a2g0o.detail.1000023.i0.723e582enOCsm8\">15\u2103-60\u2103<\/div>\n<\/td>\n<\/tr>\n<\/tbody>\n<\/table>\n","protected":false},"excerpt":{"rendered":"<p>Set solarnih otoka izvrsno je rje\u0161enje za sve izvanmre\u017ene objekte \u2013 bez priklju\u010dka na mre\u017eu. Par je tako\u0111er koristan gdje god je mre\u017ea dostupna &#8211; za smanjenje potro\u0161nje elektri\u010dne energije.<\/p>\n<p>Cijena je za osnovni set. Kapacitet baterija, snaga hibridnog pretvara\u010da i broj solarnih panela mogu se pode\u0161avati po potrebi.<\/p>\n<p>Komplet uklju\u010duje SVE \u0161to je potrebno za postavljanje oto\u010dne elektrane. Dostavu, monta\u017eu i pu\u0161tanje u pogon tako\u0111er mo\u017ee izvr\u0161iti na\u0161 servisni tim.<\/p>\n<p>U SOLARNOM OTOK KOMPLETU ZA VIKENDE dobivate:<\/p>\n<p>-2x 12V 85Ah Leoch LPS ciklus solarne baterije<\/p>\n<p>-3x Solarni panel CS3L 380W MS (Monokristalni modul, PERC, 1765 x 1048 x 35 mm, srebrni okvir)<\/p>\n<p>-Svi spojni konektori i kablovi<\/p>\n<p>&#8211; Solarni hibridni inverter EA SUN 24V 3000VA:<\/p>\n<p>Sljede\u0107i ure\u0111aji su objedinjeni u jednom ure\u0111aju: MPPT solarni regulator (koji regulira napon iz solarnih panela i osigurava ispravno punjenje baterija), Sinusni inverter (koji iz DC napona baterije stvara izmjeni\u010dni napon od 220V AC &#8211; za spajanje potro\u0161a\u010da), te AC-DC ispravlja\u010d (koji omogu\u0107uje preuzimanje energije iz mre\u017ee kada nema dovoljno energije iz solarnih panela ili punjenje akumulatora preko agregata).<\/p>\n<p>SOLARNI ULAZ: 60V DC, 50A, 1200W. PWM usmjeravanje<\/p>\n<p>AC ULAZ: Omogu\u0107uje priklju\u010dak generatora ili mre\u017enog napona 230V<\/p>\n<p>PUNJENJE BATERIJA: Preko solarnih modula ili preko AC ulaza (pode\u0161ava se kada su baterije napunjene, npr. kada nema sunca i imamo veliku potro\u0161nju)<\/p>\n<p>Trostupanjsko punjenje svih vrsta akumulatora. Struja punjenja 20A -30A.<\/p>\n<p>IZLAZ 230V:<\/p>\n<p>Preusmjerava 3000VA ili 2400W snage pri 230V 50Hz od napona baterije.<\/p>\n<p>Hibridni pretvara\u010di izvrstan su izbor za smanjenje potro\u0161nje mre\u017enog napona. Omogu\u0107uju optimalno dimenzioniranje baterijskog sklopa i solarnih panela. Tijekom du\u017eih razdoblja lo\u0161eg vremena ili velike potro\u0161nje, baterije se mogu puniti putem generatora ili mre\u017enog napona (ako postoji). Stoga nema potrebe za predimenzioniranjem, a investicijski tro\u0161kovi su manji.<\/p>\n<p>12 mjeseci jamstva, slovenske upute i podr\u0161ka. Mogu\u0107a monta\u017ea.<\/p>\n","protected":false},"featured_media":3901,"comment_status":"open","ping_status":"closed","template":"","meta":[],"product_cat":[361,370],"product_tag":[],"class_list":{"0":"post-3900","1":"product","2":"type-product","3":"status-publish","4":"has-post-thumbnail","6":"product_cat-elektricna-energija-hr","7":"product_cat-samooskrba-hr","9":"first","10":"instock","11":"sale","12":"taxable","13":"shipping-taxable","14":"purchasable","15":"product-type-simple"},"yoast_head":"<!-- This site is optimized with the Yoast SEO plugin v24.1 - https:\/\/yoast.com\/wordpress\/plugins\/seo\/ -->\n<title>SOLARNI OTOK KOMPLET ZA VIKENDE 24V, 85Ah, 3000W AC, 1140W Solar - Amper Sol d.o.o.<\/title>\n<meta name=\"description\" content=\"Set solarnih otoka izvrsno je rje\u0161enje za sve izvanmre\u017ene objekte \u2013 bez priklju\u010dka na mre\u017eu. Par je tako\u0111er koristan gdje god je dostupna mre\u017ea - za smanjenje potro\u0161nje elektri\u010dne energije. Kapacitet baterija, snaga hibridnog pretvara\u010da i broj solarnih panela po potrebi uklju\u010duje sve \u0161to je potrebno za postavljanje oto\u010dne elektrane. Dostavu, monta\u017eu i pu\u0161tanje u rad mo\u017ee izvr\u0161iti i na\u0161 servisni tim. U KOMPLETU SOLARNI OTOK ZA VIKENDE dobivate: -2x 12V 85Ah Leoch LPS cikli\u010dku solarnu bateriju-3x Solarni panel CS3L 380W MS (Monokristalni modul, PERC, 1765 x 1048 x 35 mm, srebrni okvir)-Svi priklju\u010dni priklju\u010dci i kablovi-Solarni hibridni pretvara\u010d EA SUN 24V 3000VA:\" \/>\n<meta name=\"robots\" content=\"index, follow, max-snippet:-1, max-image-preview:large, max-video-preview:-1\" \/>\n<link rel=\"canonical\" href=\"https:\/\/ampersol.com\/hr\/trgovina\/samooskrba-hr\/elektricna-energija-hr\/solarni-otok-komplet-za-vikende-24v-85ah-3000w-ac-1140w-solar\/\" \/>\n<meta property=\"og:locale\" content=\"hr_HR\" \/>\n<meta property=\"og:type\" content=\"article\" \/>\n<meta property=\"og:title\" content=\"SOLARNI OTOK KOMPLET ZA VIKENDE 24V, 85Ah, 3000W AC, 1140W Solar - Amper Sol d.o.o.\" \/>\n<meta property=\"og:description\" content=\"Set solarnih otoka izvrsno je rje\u0161enje za sve izvanmre\u017ene objekte \u2013 bez priklju\u010dka na mre\u017eu. Par je tako\u0111er koristan gdje god je dostupna mre\u017ea - za smanjenje potro\u0161nje elektri\u010dne energije. Kapacitet baterija, snaga hibridnog pretvara\u010da i broj solarnih panela po potrebi uklju\u010duje sve \u0161to je potrebno za postavljanje oto\u010dne elektrane. Dostavu, monta\u017eu i pu\u0161tanje u rad mo\u017ee izvr\u0161iti i na\u0161 servisni tim. U KOMPLETU SOLARNI OTOK ZA VIKENDE dobivate: -2x 12V 85Ah Leoch LPS cikli\u010dku solarnu bateriju-3x Solarni panel CS3L 380W MS (Monokristalni modul, PERC, 1765 x 1048 x 35 mm, srebrni okvir)-Svi priklju\u010dni priklju\u010dci i kablovi-Solarni hibridni pretvara\u010d EA SUN 24V 3000VA:\" \/>\n<meta property=\"og:url\" content=\"https:\/\/ampersol.com\/hr\/trgovina\/samooskrba-hr\/elektricna-energija-hr\/solarni-otok-komplet-za-vikende-24v-85ah-3000w-ac-1140w-solar\/\" \/>\n<meta property=\"og:site_name\" content=\"Amper Sol d.o.o.\" \/>\n<meta property=\"og:image\" content=\"https:\/\/ampersol.com\/wp-content\/uploads\/2022\/06\/22-3.png\" \/>\n\t<meta property=\"og:image:width\" content=\"835\" \/>\n\t<meta property=\"og:image:height\" content=\"802\" \/>\n\t<meta property=\"og:image:type\" content=\"image\/png\" \/>\n<meta name=\"twitter:card\" content=\"summary_large_image\" \/>\n<meta name=\"twitter:label1\" content=\"Procijenjeno vrijeme \u010ditanja\" \/>\n\t<meta name=\"twitter:data1\" content=\"1 minuta\" \/>\n<script type=\"application\/ld+json\" class=\"yoast-schema-graph\">{\"@context\":\"https:\/\/schema.org\",\"@graph\":[{\"@type\":\"WebPage\",\"@id\":\"https:\/\/ampersol.com\/hr\/trgovina\/samooskrba-hr\/elektricna-energija-hr\/solarni-otok-komplet-za-vikende-24v-85ah-3000w-ac-1140w-solar\/\",\"url\":\"https:\/\/ampersol.com\/hr\/trgovina\/samooskrba-hr\/elektricna-energija-hr\/solarni-otok-komplet-za-vikende-24v-85ah-3000w-ac-1140w-solar\/\",\"name\":\"SOLARNI OTOK KOMPLET ZA VIKENDE 24V, 85Ah, 3000W AC, 1140W Solar - Amper Sol d.o.o.\",\"isPartOf\":{\"@id\":\"https:\/\/ampersol.com\/hr\/#website\"},\"primaryImageOfPage\":{\"@id\":\"https:\/\/ampersol.com\/hr\/trgovina\/samooskrba-hr\/elektricna-energija-hr\/solarni-otok-komplet-za-vikende-24v-85ah-3000w-ac-1140w-solar\/#primaryimage\"},\"image\":{\"@id\":\"https:\/\/ampersol.com\/hr\/trgovina\/samooskrba-hr\/elektricna-energija-hr\/solarni-otok-komplet-za-vikende-24v-85ah-3000w-ac-1140w-solar\/#primaryimage\"},\"thumbnailUrl\":\"https:\/\/ampersol.com\/wp-content\/uploads\/2022\/06\/22-3.png\",\"datePublished\":\"2022-07-21T12:46:20+00:00\",\"dateModified\":\"2022-07-21T12:46:20+00:00\",\"description\":\"Set solarnih otoka izvrsno je rje\u0161enje za sve izvanmre\u017ene objekte \u2013 bez priklju\u010dka na mre\u017eu. Par je tako\u0111er koristan gdje god je dostupna mre\u017ea - za smanjenje potro\u0161nje elektri\u010dne energije. Kapacitet baterija, snaga hibridnog pretvara\u010da i broj solarnih panela po potrebi uklju\u010duje sve \u0161to je potrebno za postavljanje oto\u010dne elektrane. Dostavu, monta\u017eu i pu\u0161tanje u rad mo\u017ee izvr\u0161iti i na\u0161 servisni tim. U KOMPLETU SOLARNI OTOK ZA VIKENDE dobivate: -2x 12V 85Ah Leoch LPS cikli\u010dku solarnu bateriju-3x Solarni panel CS3L 380W MS (Monokristalni modul, PERC, 1765 x 1048 x 35 mm, srebrni okvir)-Svi priklju\u010dni priklju\u010dci i kablovi-Solarni hibridni pretvara\u010d EA SUN 24V 3000VA:\",\"breadcrumb\":{\"@id\":\"https:\/\/ampersol.com\/hr\/trgovina\/samooskrba-hr\/elektricna-energija-hr\/solarni-otok-komplet-za-vikende-24v-85ah-3000w-ac-1140w-solar\/#breadcrumb\"},\"inLanguage\":\"hr\",\"potentialAction\":[{\"@type\":\"ReadAction\",\"target\":[\"https:\/\/ampersol.com\/hr\/trgovina\/samooskrba-hr\/elektricna-energija-hr\/solarni-otok-komplet-za-vikende-24v-85ah-3000w-ac-1140w-solar\/\"]}]},{\"@type\":\"ImageObject\",\"inLanguage\":\"hr\",\"@id\":\"https:\/\/ampersol.com\/hr\/trgovina\/samooskrba-hr\/elektricna-energija-hr\/solarni-otok-komplet-za-vikende-24v-85ah-3000w-ac-1140w-solar\/#primaryimage\",\"url\":\"https:\/\/ampersol.com\/wp-content\/uploads\/2022\/06\/22-3.png\",\"contentUrl\":\"https:\/\/ampersol.com\/wp-content\/uploads\/2022\/06\/22-3.png\",\"width\":835,\"height\":802},{\"@type\":\"BreadcrumbList\",\"@id\":\"https:\/\/ampersol.com\/hr\/trgovina\/samooskrba-hr\/elektricna-energija-hr\/solarni-otok-komplet-za-vikende-24v-85ah-3000w-ac-1140w-solar\/#breadcrumb\",\"itemListElement\":[{\"@type\":\"ListItem\",\"position\":1,\"name\":\"Home\",\"item\":\"https:\/\/ampersol.com\/hr\/\"},{\"@type\":\"ListItem\",\"position\":2,\"name\":\"Trgovina\",\"item\":\"https:\/\/ampersol.com\/hr\/trgovina\/\"},{\"@type\":\"ListItem\",\"position\":3,\"name\":\"SOLARNI OTOK KOMPLET ZA VIKENDE 24V, 85Ah, 3000W AC, 1140W Solar\"}]},{\"@type\":\"WebSite\",\"@id\":\"https:\/\/ampersol.com\/hr\/#website\",\"url\":\"https:\/\/ampersol.com\/hr\/\",\"name\":\"Amper Sol d.o.o.\",\"description\":\"Prodaja, servis in storitve\",\"publisher\":{\"@id\":\"https:\/\/ampersol.com\/hr\/#organization\"},\"potentialAction\":[{\"@type\":\"SearchAction\",\"target\":{\"@type\":\"EntryPoint\",\"urlTemplate\":\"https:\/\/ampersol.com\/hr\/?s={search_term_string}\"},\"query-input\":{\"@type\":\"PropertyValueSpecification\",\"valueRequired\":true,\"valueName\":\"search_term_string\"}}],\"inLanguage\":\"hr\"},{\"@type\":\"Organization\",\"@id\":\"https:\/\/ampersol.com\/hr\/#organization\",\"name\":\"Amper Sol d.o.o.\",\"url\":\"https:\/\/ampersol.com\/hr\/\",\"logo\":{\"@type\":\"ImageObject\",\"inLanguage\":\"hr\",\"@id\":\"https:\/\/ampersol.com\/hr\/#\/schema\/logo\/image\/\",\"url\":\"https:\/\/ampersol.com\/wp-content\/uploads\/2022\/06\/cropped-deni-logo-1-303x71-1.png\",\"contentUrl\":\"https:\/\/ampersol.com\/wp-content\/uploads\/2022\/06\/cropped-deni-logo-1-303x71-1.png\",\"width\":303,\"height\":71,\"caption\":\"Amper Sol d.o.o.\"},\"image\":{\"@id\":\"https:\/\/ampersol.com\/hr\/#\/schema\/logo\/image\/\"}}]}<\/script>\n<!-- \/ Yoast SEO plugin. -->","yoast_head_json":{"title":"SOLARNI OTOK KOMPLET ZA VIKENDE 24V, 85Ah, 3000W AC, 1140W Solar - Amper Sol d.o.o.","description":"Set solarnih otoka izvrsno je rje\u0161enje za sve izvanmre\u017ene objekte \u2013 bez priklju\u010dka na mre\u017eu. Par je tako\u0111er koristan gdje god je dostupna mre\u017ea - za smanjenje potro\u0161nje elektri\u010dne energije. Kapacitet baterija, snaga hibridnog pretvara\u010da i broj solarnih panela po potrebi uklju\u010duje sve \u0161to je potrebno za postavljanje oto\u010dne elektrane. Dostavu, monta\u017eu i pu\u0161tanje u rad mo\u017ee izvr\u0161iti i na\u0161 servisni tim. U KOMPLETU SOLARNI OTOK ZA VIKENDE dobivate: -2x 12V 85Ah Leoch LPS cikli\u010dku solarnu bateriju-3x Solarni panel CS3L 380W MS (Monokristalni modul, PERC, 1765 x 1048 x 35 mm, srebrni okvir)-Svi priklju\u010dni priklju\u010dci i kablovi-Solarni hibridni pretvara\u010d EA SUN 24V 3000VA:","robots":{"index":"index","follow":"follow","max-snippet":"max-snippet:-1","max-image-preview":"max-image-preview:large","max-video-preview":"max-video-preview:-1"},"canonical":"https:\/\/ampersol.com\/hr\/trgovina\/samooskrba-hr\/elektricna-energija-hr\/solarni-otok-komplet-za-vikende-24v-85ah-3000w-ac-1140w-solar\/","og_locale":"hr_HR","og_type":"article","og_title":"SOLARNI OTOK KOMPLET ZA VIKENDE 24V, 85Ah, 3000W AC, 1140W Solar - Amper Sol d.o.o.","og_description":"Set solarnih otoka izvrsno je rje\u0161enje za sve izvanmre\u017ene objekte \u2013 bez priklju\u010dka na mre\u017eu. Par je tako\u0111er koristan gdje god je dostupna mre\u017ea - za smanjenje potro\u0161nje elektri\u010dne energije. Kapacitet baterija, snaga hibridnog pretvara\u010da i broj solarnih panela po potrebi uklju\u010duje sve \u0161to je potrebno za postavljanje oto\u010dne elektrane. Dostavu, monta\u017eu i pu\u0161tanje u rad mo\u017ee izvr\u0161iti i na\u0161 servisni tim. U KOMPLETU SOLARNI OTOK ZA VIKENDE dobivate: -2x 12V 85Ah Leoch LPS cikli\u010dku solarnu bateriju-3x Solarni panel CS3L 380W MS (Monokristalni modul, PERC, 1765 x 1048 x 35 mm, srebrni okvir)-Svi priklju\u010dni priklju\u010dci i kablovi-Solarni hibridni pretvara\u010d EA SUN 24V 3000VA:","og_url":"https:\/\/ampersol.com\/hr\/trgovina\/samooskrba-hr\/elektricna-energija-hr\/solarni-otok-komplet-za-vikende-24v-85ah-3000w-ac-1140w-solar\/","og_site_name":"Amper Sol d.o.o.","og_image":[{"width":835,"height":802,"url":"https:\/\/ampersol.com\/wp-content\/uploads\/2022\/06\/22-3.png","type":"image\/png"}],"twitter_card":"summary_large_image","twitter_misc":{"Procijenjeno vrijeme \u010ditanja":"1 minuta"},"schema":{"@context":"https:\/\/schema.org","@graph":[{"@type":"WebPage","@id":"https:\/\/ampersol.com\/hr\/trgovina\/samooskrba-hr\/elektricna-energija-hr\/solarni-otok-komplet-za-vikende-24v-85ah-3000w-ac-1140w-solar\/","url":"https:\/\/ampersol.com\/hr\/trgovina\/samooskrba-hr\/elektricna-energija-hr\/solarni-otok-komplet-za-vikende-24v-85ah-3000w-ac-1140w-solar\/","name":"SOLARNI OTOK KOMPLET ZA VIKENDE 24V, 85Ah, 3000W AC, 1140W Solar - Amper Sol d.o.o.","isPartOf":{"@id":"https:\/\/ampersol.com\/hr\/#website"},"primaryImageOfPage":{"@id":"https:\/\/ampersol.com\/hr\/trgovina\/samooskrba-hr\/elektricna-energija-hr\/solarni-otok-komplet-za-vikende-24v-85ah-3000w-ac-1140w-solar\/#primaryimage"},"image":{"@id":"https:\/\/ampersol.com\/hr\/trgovina\/samooskrba-hr\/elektricna-energija-hr\/solarni-otok-komplet-za-vikende-24v-85ah-3000w-ac-1140w-solar\/#primaryimage"},"thumbnailUrl":"https:\/\/ampersol.com\/wp-content\/uploads\/2022\/06\/22-3.png","datePublished":"2022-07-21T12:46:20+00:00","dateModified":"2022-07-21T12:46:20+00:00","description":"Set solarnih otoka izvrsno je rje\u0161enje za sve izvanmre\u017ene objekte \u2013 bez priklju\u010dka na mre\u017eu. Par je tako\u0111er koristan gdje god je dostupna mre\u017ea - za smanjenje potro\u0161nje elektri\u010dne energije. Kapacitet baterija, snaga hibridnog pretvara\u010da i broj solarnih panela po potrebi uklju\u010duje sve \u0161to je potrebno za postavljanje oto\u010dne elektrane. Dostavu, monta\u017eu i pu\u0161tanje u rad mo\u017ee izvr\u0161iti i na\u0161 servisni tim. U KOMPLETU SOLARNI OTOK ZA VIKENDE dobivate: -2x 12V 85Ah Leoch LPS cikli\u010dku solarnu bateriju-3x Solarni panel CS3L 380W MS (Monokristalni modul, PERC, 1765 x 1048 x 35 mm, srebrni okvir)-Svi priklju\u010dni priklju\u010dci i kablovi-Solarni hibridni pretvara\u010d EA SUN 24V 3000VA:","breadcrumb":{"@id":"https:\/\/ampersol.com\/hr\/trgovina\/samooskrba-hr\/elektricna-energija-hr\/solarni-otok-komplet-za-vikende-24v-85ah-3000w-ac-1140w-solar\/#breadcrumb"},"inLanguage":"hr","potentialAction":[{"@type":"ReadAction","target":["https:\/\/ampersol.com\/hr\/trgovina\/samooskrba-hr\/elektricna-energija-hr\/solarni-otok-komplet-za-vikende-24v-85ah-3000w-ac-1140w-solar\/"]}]},{"@type":"ImageObject","inLanguage":"hr","@id":"https:\/\/ampersol.com\/hr\/trgovina\/samooskrba-hr\/elektricna-energija-hr\/solarni-otok-komplet-za-vikende-24v-85ah-3000w-ac-1140w-solar\/#primaryimage","url":"https:\/\/ampersol.com\/wp-content\/uploads\/2022\/06\/22-3.png","contentUrl":"https:\/\/ampersol.com\/wp-content\/uploads\/2022\/06\/22-3.png","width":835,"height":802},{"@type":"BreadcrumbList","@id":"https:\/\/ampersol.com\/hr\/trgovina\/samooskrba-hr\/elektricna-energija-hr\/solarni-otok-komplet-za-vikende-24v-85ah-3000w-ac-1140w-solar\/#breadcrumb","itemListElement":[{"@type":"ListItem","position":1,"name":"Home","item":"https:\/\/ampersol.com\/hr\/"},{"@type":"ListItem","position":2,"name":"Trgovina","item":"https:\/\/ampersol.com\/hr\/trgovina\/"},{"@type":"ListItem","position":3,"name":"SOLARNI OTOK KOMPLET ZA VIKENDE 24V, 85Ah, 3000W AC, 1140W Solar"}]},{"@type":"WebSite","@id":"https:\/\/ampersol.com\/hr\/#website","url":"https:\/\/ampersol.com\/hr\/","name":"Amper Sol d.o.o.","description":"Prodaja, servis in storitve","publisher":{"@id":"https:\/\/ampersol.com\/hr\/#organization"},"potentialAction":[{"@type":"SearchAction","target":{"@type":"EntryPoint","urlTemplate":"https:\/\/ampersol.com\/hr\/?s={search_term_string}"},"query-input":{"@type":"PropertyValueSpecification","valueRequired":true,"valueName":"search_term_string"}}],"inLanguage":"hr"},{"@type":"Organization","@id":"https:\/\/ampersol.com\/hr\/#organization","name":"Amper Sol d.o.o.","url":"https:\/\/ampersol.com\/hr\/","logo":{"@type":"ImageObject","inLanguage":"hr","@id":"https:\/\/ampersol.com\/hr\/#\/schema\/logo\/image\/","url":"https:\/\/ampersol.com\/wp-content\/uploads\/2022\/06\/cropped-deni-logo-1-303x71-1.png","contentUrl":"https:\/\/ampersol.com\/wp-content\/uploads\/2022\/06\/cropped-deni-logo-1-303x71-1.png","width":303,"height":71,"caption":"Amper Sol d.o.o."},"image":{"@id":"https:\/\/ampersol.com\/hr\/#\/schema\/logo\/image\/"}}]}},"_links":{"self":[{"href":"https:\/\/ampersol.com\/hr\/wp-json\/wp\/v2\/product\/3900","targetHints":{"allow":["GET"]}}],"collection":[{"href":"https:\/\/ampersol.com\/hr\/wp-json\/wp\/v2\/product"}],"about":[{"href":"https:\/\/ampersol.com\/hr\/wp-json\/wp\/v2\/types\/product"}],"replies":[{"embeddable":true,"href":"https:\/\/ampersol.com\/hr\/wp-json\/wp\/v2\/comments?post=3900"}],"wp:featuredmedia":[{"embeddable":true,"href":"https:\/\/ampersol.com\/hr\/wp-json\/wp\/v2\/media\/3901"}],"wp:attachment":[{"href":"https:\/\/ampersol.com\/hr\/wp-json\/wp\/v2\/media?parent=3900"}],"wp:term":[{"taxonomy":"product_cat","embeddable":true,"href":"https:\/\/ampersol.com\/hr\/wp-json\/wp\/v2\/product_cat?post=3900"},{"taxonomy":"product_tag","embeddable":true,"href":"https:\/\/ampersol.com\/hr\/wp-json\/wp\/v2\/product_tag?post=3900"}],"curies":[{"name":"wp","href":"https:\/\/api.w.org\/{rel}","templated":true}]}}