{"id":3886,"date":"2022-06-28T13:10:04","date_gmt":"2022-06-28T13:10:04","guid":{"rendered":"https:\/\/ampersol.com\/trgovina\/Bez kategorije\/12v-dc-230v-ac-inverter-inverter-4000w-max\/"},"modified":"2022-06-28T13:10:04","modified_gmt":"2022-06-28T13:10:04","slug":"12v-dc-230v-ac-inverter-inverter-4000w-max","status":"publish","type":"product","link":"https:\/\/ampersol.com\/hr\/trgovina\/samooskrba-hr\/elektricna-energija-hr\/12v-dc-230v-ac-inverter-inverter-4000w-max\/","title":{"rendered":"12V DC &#8211; 230V AC inverter INVERTER 4000W max"},"content":{"rendered":"<p>Robustan i sna\u017ean pretvara\u010d marke EA-Sun snage do 4000W. Od 12V istosmjernog napona baterije, stvara \u010disti, sinusoidalni izmjeni\u010dni napon od 220V. Pogodan je i za spajanje ve\u0107ih optere\u0107enja i ure\u0111aja s elektromotorom ili kompresorom.<\/p>\n<p>Pogodan za napajanje kompresorskih hladnjaka 220V, ventilatora, malih klima ure\u0111aja, indukcijskih plo\u010da kao i svih manjih potro\u0161a\u010da (TV, mikrovalna pe\u0107nica, ra\u010dunala itd.)<\/p>\n","protected":false},"excerpt":{"rendered":"<p>Tehni\u010dki podaci:<br \/>\nIzlazni napon: modificirani sinusni val<br \/>\nRaspon ulaznog napona: 12V<br \/>\nIzlazni napon: 220V (izmjeni\u010dni napon)<br \/>\nMaksimalna izlazna snaga: 4000 (W), 2000 W kontinuirana induktivna snaga<\/p>\n<p>U\u010dinkovitost pretvara\u010da: 95 (%)<br \/>\nIzlazna frekvencija: 50 (HZ)<br \/>\nMaksimalna kratkotrajna izlazna snaga: 4000 (W)<br \/>\nZaslon: LCD ekran<br \/>\nZaslon: LCD ekran<br \/>\nMaterijal: Tijelo od aluminija i legure magnezija<br \/>\nStruja praznog hoda: manje od 0,5 A<br \/>\nTe\u017eina: 2890 g (12 V)<br \/>\nZna\u010dajke:<br \/>\n&#8211; integracija LCD zaslona u boji<br \/>\n&#8211; Pretvorba visoke u\u010dinkovitosti, u\u0161teda baterije, pove\u0107anje vremena<br \/>\n&#8211; Za\u0161tita od obrnutog polariteta<br \/>\n&#8211; Kori\u0161tenje STMS \u010dipova, visoka pouzdanost, otpornost na potres, niska stopa pogre\u0161ke pri lemljenju<br \/>\n&#8211; Mala te\u017eina, dobra toplinska vodljivost, mo\u017ee brzo smanjiti temperaturu komponenti, dugotrajan rad<br \/>\n&#8211; Kompatibilan s ve\u0107inom ure\u0111aja<br \/>\n&#8211; Mogu\u0107i prikaz preostalog kapaciteta baterije, vrijednosti ulaznog napona, izlaznog napona i snage optere\u0107enja<\/p>\n","protected":false},"featured_media":3887,"comment_status":"open","ping_status":"closed","template":"","meta":[],"product_cat":[360,361,370],"product_tag":[],"class_list":{"0":"post-3886","1":"product","2":"type-product","3":"status-publish","4":"has-post-thumbnail","6":"product_cat-ostala-oprema-hr","7":"product_cat-elektricna-energija-hr","8":"product_cat-samooskrba-hr","10":"first","11":"instock","12":"taxable","13":"shipping-taxable","14":"purchasable","15":"product-type-simple"},"yoast_head":"<!-- This site is optimized with the Yoast SEO plugin v24.1 - https:\/\/yoast.com\/wordpress\/plugins\/seo\/ -->\n<title>12V DC - 230V AC inverter INVERTER 4000W max - Amper Sol d.o.o.<\/title>\n<meta name=\"robots\" content=\"index, follow, max-snippet:-1, max-image-preview:large, max-video-preview:-1\" \/>\n<link rel=\"canonical\" href=\"https:\/\/ampersol.com\/hr\/trgovina\/samooskrba-hr\/elektricna-energija-hr\/12v-dc-230v-ac-inverter-inverter-4000w-max\/\" \/>\n<meta property=\"og:locale\" content=\"hr_HR\" \/>\n<meta property=\"og:type\" content=\"article\" \/>\n<meta property=\"og:title\" content=\"12V DC - 230V AC inverter INVERTER 4000W max - Amper Sol d.o.o.\" \/>\n<meta property=\"og:description\" content=\"Tehni\u010dki podaci: Izlazni napon: modificirani sinusni val Raspon ulaznog napona: 12V Izlazni napon: 220V (izmjeni\u010dni napon) Maksimalna izlazna snaga: 4000 (W), 2000 W kontinuirana induktivna snaga U\u010dinkovitost pretvara\u010da: 95 (%) Izlazna frekvencija: 50 (HZ) Maksimalna kratkotrajna izlazna snaga: 4000 (W) Zaslon: LCD ekran Zaslon: LCD ekran Materijal: Tijelo od aluminija i legure magnezija Struja praznog hoda: manje od 0,5 A Te\u017eina: 2890 g (12 V) Zna\u010dajke: - integracija LCD zaslona u boji - Pretvorba visoke u\u010dinkovitosti, u\u0161teda baterije, pove\u0107anje vremena - Za\u0161tita od obrnutog polariteta - Kori\u0161tenje STMS \u010dipova, visoka pouzdanost, otpornost na potres, niska stopa pogre\u0161ke pri lemljenju - Mala te\u017eina, dobra toplinska vodljivost, mo\u017ee brzo smanjiti temperaturu komponenti, dugotrajan rad - Kompatibilan s ve\u0107inom ure\u0111aja - Mogu\u0107i prikaz preostalog kapaciteta baterije, vrijednosti ulaznog napona, izlaznog napona i snage optere\u0107enja\" \/>\n<meta property=\"og:url\" content=\"https:\/\/ampersol.com\/hr\/trgovina\/samooskrba-hr\/elektricna-energija-hr\/12v-dc-230v-ac-inverter-inverter-4000w-max\/\" \/>\n<meta property=\"og:site_name\" content=\"Amper Sol d.o.o.\" \/>\n<meta property=\"og:image\" content=\"https:\/\/ampersol.com\/wp-content\/uploads\/2022\/06\/Posnetek-zaslona-2022-03-11-161339.png\" \/>\n\t<meta property=\"og:image:width\" content=\"313\" \/>\n\t<meta property=\"og:image:height\" content=\"350\" \/>\n\t<meta property=\"og:image:type\" content=\"image\/png\" \/>\n<meta name=\"twitter:card\" content=\"summary_large_image\" \/>\n<script type=\"application\/ld+json\" class=\"yoast-schema-graph\">{\"@context\":\"https:\/\/schema.org\",\"@graph\":[{\"@type\":\"WebPage\",\"@id\":\"https:\/\/ampersol.com\/hr\/trgovina\/samooskrba-hr\/elektricna-energija-hr\/12v-dc-230v-ac-inverter-inverter-4000w-max\/\",\"url\":\"https:\/\/ampersol.com\/hr\/trgovina\/samooskrba-hr\/elektricna-energija-hr\/12v-dc-230v-ac-inverter-inverter-4000w-max\/\",\"name\":\"12V DC - 230V AC inverter INVERTER 4000W max - Amper Sol d.o.o.\",\"isPartOf\":{\"@id\":\"https:\/\/ampersol.com\/hr\/#website\"},\"primaryImageOfPage\":{\"@id\":\"https:\/\/ampersol.com\/hr\/trgovina\/samooskrba-hr\/elektricna-energija-hr\/12v-dc-230v-ac-inverter-inverter-4000w-max\/#primaryimage\"},\"image\":{\"@id\":\"https:\/\/ampersol.com\/hr\/trgovina\/samooskrba-hr\/elektricna-energija-hr\/12v-dc-230v-ac-inverter-inverter-4000w-max\/#primaryimage\"},\"thumbnailUrl\":\"https:\/\/ampersol.com\/wp-content\/uploads\/2022\/06\/Posnetek-zaslona-2022-03-11-161339.png\",\"datePublished\":\"2022-06-28T13:10:04+00:00\",\"dateModified\":\"2022-06-28T13:10:04+00:00\",\"breadcrumb\":{\"@id\":\"https:\/\/ampersol.com\/hr\/trgovina\/samooskrba-hr\/elektricna-energija-hr\/12v-dc-230v-ac-inverter-inverter-4000w-max\/#breadcrumb\"},\"inLanguage\":\"hr\",\"potentialAction\":[{\"@type\":\"ReadAction\",\"target\":[\"https:\/\/ampersol.com\/hr\/trgovina\/samooskrba-hr\/elektricna-energija-hr\/12v-dc-230v-ac-inverter-inverter-4000w-max\/\"]}]},{\"@type\":\"ImageObject\",\"inLanguage\":\"hr\",\"@id\":\"https:\/\/ampersol.com\/hr\/trgovina\/samooskrba-hr\/elektricna-energija-hr\/12v-dc-230v-ac-inverter-inverter-4000w-max\/#primaryimage\",\"url\":\"https:\/\/ampersol.com\/wp-content\/uploads\/2022\/06\/Posnetek-zaslona-2022-03-11-161339.png\",\"contentUrl\":\"https:\/\/ampersol.com\/wp-content\/uploads\/2022\/06\/Posnetek-zaslona-2022-03-11-161339.png\",\"width\":313,\"height\":350},{\"@type\":\"BreadcrumbList\",\"@id\":\"https:\/\/ampersol.com\/hr\/trgovina\/samooskrba-hr\/elektricna-energija-hr\/12v-dc-230v-ac-inverter-inverter-4000w-max\/#breadcrumb\",\"itemListElement\":[{\"@type\":\"ListItem\",\"position\":1,\"name\":\"Home\",\"item\":\"https:\/\/ampersol.com\/hr\/\"},{\"@type\":\"ListItem\",\"position\":2,\"name\":\"Trgovina\",\"item\":\"https:\/\/ampersol.com\/hr\/trgovina\/\"},{\"@type\":\"ListItem\",\"position\":3,\"name\":\"12V DC &#8211; 230V AC inverter INVERTER 4000W max\"}]},{\"@type\":\"WebSite\",\"@id\":\"https:\/\/ampersol.com\/hr\/#website\",\"url\":\"https:\/\/ampersol.com\/hr\/\",\"name\":\"Amper Sol d.o.o.\",\"description\":\"Prodaja, servis in storitve\",\"publisher\":{\"@id\":\"https:\/\/ampersol.com\/hr\/#organization\"},\"potentialAction\":[{\"@type\":\"SearchAction\",\"target\":{\"@type\":\"EntryPoint\",\"urlTemplate\":\"https:\/\/ampersol.com\/hr\/?s={search_term_string}\"},\"query-input\":{\"@type\":\"PropertyValueSpecification\",\"valueRequired\":true,\"valueName\":\"search_term_string\"}}],\"inLanguage\":\"hr\"},{\"@type\":\"Organization\",\"@id\":\"https:\/\/ampersol.com\/hr\/#organization\",\"name\":\"Amper Sol d.o.o.\",\"url\":\"https:\/\/ampersol.com\/hr\/\",\"logo\":{\"@type\":\"ImageObject\",\"inLanguage\":\"hr\",\"@id\":\"https:\/\/ampersol.com\/hr\/#\/schema\/logo\/image\/\",\"url\":\"https:\/\/ampersol.com\/wp-content\/uploads\/2022\/06\/cropped-deni-logo-1-303x71-1.png\",\"contentUrl\":\"https:\/\/ampersol.com\/wp-content\/uploads\/2022\/06\/cropped-deni-logo-1-303x71-1.png\",\"width\":303,\"height\":71,\"caption\":\"Amper Sol d.o.o.\"},\"image\":{\"@id\":\"https:\/\/ampersol.com\/hr\/#\/schema\/logo\/image\/\"}}]}<\/script>\n<!-- \/ Yoast SEO plugin. -->","yoast_head_json":{"title":"12V DC - 230V AC inverter INVERTER 4000W max - Amper Sol d.o.o.","robots":{"index":"index","follow":"follow","max-snippet":"max-snippet:-1","max-image-preview":"max-image-preview:large","max-video-preview":"max-video-preview:-1"},"canonical":"https:\/\/ampersol.com\/hr\/trgovina\/samooskrba-hr\/elektricna-energija-hr\/12v-dc-230v-ac-inverter-inverter-4000w-max\/","og_locale":"hr_HR","og_type":"article","og_title":"12V DC - 230V AC inverter INVERTER 4000W max - Amper Sol d.o.o.","og_description":"Tehni\u010dki podaci: Izlazni napon: modificirani sinusni val Raspon ulaznog napona: 12V Izlazni napon: 220V (izmjeni\u010dni napon) Maksimalna izlazna snaga: 4000 (W), 2000 W kontinuirana induktivna snaga U\u010dinkovitost pretvara\u010da: 95 (%) Izlazna frekvencija: 50 (HZ) Maksimalna kratkotrajna izlazna snaga: 4000 (W) Zaslon: LCD ekran Zaslon: LCD ekran Materijal: Tijelo od aluminija i legure magnezija Struja praznog hoda: manje od 0,5 A Te\u017eina: 2890 g (12 V) Zna\u010dajke: - integracija LCD zaslona u boji - Pretvorba visoke u\u010dinkovitosti, u\u0161teda baterije, pove\u0107anje vremena - Za\u0161tita od obrnutog polariteta - Kori\u0161tenje STMS \u010dipova, visoka pouzdanost, otpornost na potres, niska stopa pogre\u0161ke pri lemljenju - Mala te\u017eina, dobra toplinska vodljivost, mo\u017ee brzo smanjiti temperaturu komponenti, dugotrajan rad - Kompatibilan s ve\u0107inom ure\u0111aja - Mogu\u0107i prikaz preostalog kapaciteta baterije, vrijednosti ulaznog napona, izlaznog napona i snage optere\u0107enja","og_url":"https:\/\/ampersol.com\/hr\/trgovina\/samooskrba-hr\/elektricna-energija-hr\/12v-dc-230v-ac-inverter-inverter-4000w-max\/","og_site_name":"Amper Sol d.o.o.","og_image":[{"width":313,"height":350,"url":"https:\/\/ampersol.com\/wp-content\/uploads\/2022\/06\/Posnetek-zaslona-2022-03-11-161339.png","type":"image\/png"}],"twitter_card":"summary_large_image","schema":{"@context":"https:\/\/schema.org","@graph":[{"@type":"WebPage","@id":"https:\/\/ampersol.com\/hr\/trgovina\/samooskrba-hr\/elektricna-energija-hr\/12v-dc-230v-ac-inverter-inverter-4000w-max\/","url":"https:\/\/ampersol.com\/hr\/trgovina\/samooskrba-hr\/elektricna-energija-hr\/12v-dc-230v-ac-inverter-inverter-4000w-max\/","name":"12V DC - 230V AC inverter INVERTER 4000W max - Amper Sol d.o.o.","isPartOf":{"@id":"https:\/\/ampersol.com\/hr\/#website"},"primaryImageOfPage":{"@id":"https:\/\/ampersol.com\/hr\/trgovina\/samooskrba-hr\/elektricna-energija-hr\/12v-dc-230v-ac-inverter-inverter-4000w-max\/#primaryimage"},"image":{"@id":"https:\/\/ampersol.com\/hr\/trgovina\/samooskrba-hr\/elektricna-energija-hr\/12v-dc-230v-ac-inverter-inverter-4000w-max\/#primaryimage"},"thumbnailUrl":"https:\/\/ampersol.com\/wp-content\/uploads\/2022\/06\/Posnetek-zaslona-2022-03-11-161339.png","datePublished":"2022-06-28T13:10:04+00:00","dateModified":"2022-06-28T13:10:04+00:00","breadcrumb":{"@id":"https:\/\/ampersol.com\/hr\/trgovina\/samooskrba-hr\/elektricna-energija-hr\/12v-dc-230v-ac-inverter-inverter-4000w-max\/#breadcrumb"},"inLanguage":"hr","potentialAction":[{"@type":"ReadAction","target":["https:\/\/ampersol.com\/hr\/trgovina\/samooskrba-hr\/elektricna-energija-hr\/12v-dc-230v-ac-inverter-inverter-4000w-max\/"]}]},{"@type":"ImageObject","inLanguage":"hr","@id":"https:\/\/ampersol.com\/hr\/trgovina\/samooskrba-hr\/elektricna-energija-hr\/12v-dc-230v-ac-inverter-inverter-4000w-max\/#primaryimage","url":"https:\/\/ampersol.com\/wp-content\/uploads\/2022\/06\/Posnetek-zaslona-2022-03-11-161339.png","contentUrl":"https:\/\/ampersol.com\/wp-content\/uploads\/2022\/06\/Posnetek-zaslona-2022-03-11-161339.png","width":313,"height":350},{"@type":"BreadcrumbList","@id":"https:\/\/ampersol.com\/hr\/trgovina\/samooskrba-hr\/elektricna-energija-hr\/12v-dc-230v-ac-inverter-inverter-4000w-max\/#breadcrumb","itemListElement":[{"@type":"ListItem","position":1,"name":"Home","item":"https:\/\/ampersol.com\/hr\/"},{"@type":"ListItem","position":2,"name":"Trgovina","item":"https:\/\/ampersol.com\/hr\/trgovina\/"},{"@type":"ListItem","position":3,"name":"12V DC &#8211; 230V AC inverter INVERTER 4000W max"}]},{"@type":"WebSite","@id":"https:\/\/ampersol.com\/hr\/#website","url":"https:\/\/ampersol.com\/hr\/","name":"Amper Sol d.o.o.","description":"Prodaja, servis in storitve","publisher":{"@id":"https:\/\/ampersol.com\/hr\/#organization"},"potentialAction":[{"@type":"SearchAction","target":{"@type":"EntryPoint","urlTemplate":"https:\/\/ampersol.com\/hr\/?s={search_term_string}"},"query-input":{"@type":"PropertyValueSpecification","valueRequired":true,"valueName":"search_term_string"}}],"inLanguage":"hr"},{"@type":"Organization","@id":"https:\/\/ampersol.com\/hr\/#organization","name":"Amper Sol d.o.o.","url":"https:\/\/ampersol.com\/hr\/","logo":{"@type":"ImageObject","inLanguage":"hr","@id":"https:\/\/ampersol.com\/hr\/#\/schema\/logo\/image\/","url":"https:\/\/ampersol.com\/wp-content\/uploads\/2022\/06\/cropped-deni-logo-1-303x71-1.png","contentUrl":"https:\/\/ampersol.com\/wp-content\/uploads\/2022\/06\/cropped-deni-logo-1-303x71-1.png","width":303,"height":71,"caption":"Amper Sol d.o.o."},"image":{"@id":"https:\/\/ampersol.com\/hr\/#\/schema\/logo\/image\/"}}]}},"_links":{"self":[{"href":"https:\/\/ampersol.com\/hr\/wp-json\/wp\/v2\/product\/3886","targetHints":{"allow":["GET"]}}],"collection":[{"href":"https:\/\/ampersol.com\/hr\/wp-json\/wp\/v2\/product"}],"about":[{"href":"https:\/\/ampersol.com\/hr\/wp-json\/wp\/v2\/types\/product"}],"replies":[{"embeddable":true,"href":"https:\/\/ampersol.com\/hr\/wp-json\/wp\/v2\/comments?post=3886"}],"wp:featuredmedia":[{"embeddable":true,"href":"https:\/\/ampersol.com\/hr\/wp-json\/wp\/v2\/media\/3887"}],"wp:attachment":[{"href":"https:\/\/ampersol.com\/hr\/wp-json\/wp\/v2\/media?parent=3886"}],"wp:term":[{"taxonomy":"product_cat","embeddable":true,"href":"https:\/\/ampersol.com\/hr\/wp-json\/wp\/v2\/product_cat?post=3886"},{"taxonomy":"product_tag","embeddable":true,"href":"https:\/\/ampersol.com\/hr\/wp-json\/wp\/v2\/product_tag?post=3886"}],"curies":[{"name":"wp","href":"https:\/\/api.w.org\/{rel}","templated":true}]}}