{"id":3845,"date":"2023-03-06T14:04:07","date_gmt":"2023-03-06T14:04:07","guid":{"rendered":"https:\/\/ampersol.com\/trgovina\/Bez%20kategorije\/elektro-pogon-za-invalidska-kolica-20km-h-domet-25km\/"},"modified":"2024-04-08T19:44:46","modified_gmt":"2024-04-08T19:44:46","slug":"elektro-pogon-za-invalidska-kolica-20km-h-domet-25km","status":"publish","type":"product","link":"https:\/\/ampersol.com\/hr\/trgovina\/stroji-in-orodja-hr\/medicinska-oprema-hr\/elektro-pogon-za-invalidska-kolica-20km-h-domet-25km\/","title":{"rendered":"Elektro pogon za invalidska kolica 20km\/h domet 25km"},"content":{"rendered":"<p>Jednostavna monta\u017ea na gotovo sve modele invalidskih kolica.<br \/>\nUgra\u0111ena sna\u017ena baterija koja omogu\u0107uje do 25 km bez punjenja.<br \/>\nSna\u017ean elektri\u010dni pogon s brzinom do 20 km\/h<br \/>\nDvostruke disk ko\u010dnice s mogu\u0107no\u0161\u0107u blokade &#8211; za parkiranje na nagibu.<br \/>\nJednostavan rad, osvijetljeni prikaz brzine, stanja baterije sata i prije\u0111enih kilometara.<\/p>\n","protected":false},"excerpt":{"rendered":"<p>Podaci:<br \/>\nMotor: 36V 350W u kota\u010du<br \/>\nMaksimalna brzina: 20 km\/h<br \/>\nBaterija: 36V, 8Ah Li-ion<br \/>\nDomet s jednim punjenjem: do 25 km.<\/p>\n","protected":false},"featured_media":3846,"comment_status":"open","ping_status":"closed","template":"","meta":[],"product_cat":[373],"product_tag":[],"class_list":{"0":"post-3845","1":"product","2":"type-product","3":"status-publish","4":"has-post-thumbnail","6":"product_cat-medicinska-oprema-hr","8":"first","9":"instock","10":"sale","11":"taxable","12":"shipping-taxable","13":"purchasable","14":"product-type-simple"},"yoast_head":"<!-- This site is optimized with the Yoast SEO plugin v24.1 - https:\/\/yoast.com\/wordpress\/plugins\/seo\/ -->\n<title>Elektro pogon za invalidska kolica 20km\/h domet 25km - Amper Sol d.o.o.<\/title>\n<meta name=\"robots\" content=\"index, follow, max-snippet:-1, max-image-preview:large, max-video-preview:-1\" \/>\n<link rel=\"canonical\" href=\"https:\/\/ampersol.com\/hr\/trgovina\/stroji-in-orodja-hr\/medicinska-oprema-hr\/elektro-pogon-za-invalidska-kolica-20km-h-domet-25km\/\" \/>\n<meta property=\"og:locale\" content=\"hr_HR\" \/>\n<meta property=\"og:type\" content=\"article\" \/>\n<meta property=\"og:title\" content=\"Elektro pogon za invalidska kolica 20km\/h domet 25km - Amper Sol d.o.o.\" \/>\n<meta property=\"og:description\" content=\"Podaci: Motor: 36V 350W u kota\u010du Maksimalna brzina: 20 km\/h Baterija: 36V, 8Ah Li-ion Domet s jednim punjenjem: do 25 km.\" \/>\n<meta property=\"og:url\" content=\"https:\/\/ampersol.com\/hr\/trgovina\/stroji-in-orodja-hr\/medicinska-oprema-hr\/elektro-pogon-za-invalidska-kolica-20km-h-domet-25km\/\" \/>\n<meta property=\"og:site_name\" content=\"Amper Sol d.o.o.\" \/>\n<meta property=\"article:modified_time\" content=\"2024-04-08T19:44:46+00:00\" \/>\n<meta property=\"og:image\" content=\"https:\/\/ampersol.com\/wp-content\/uploads\/2023\/03\/asd.png\" \/>\n\t<meta property=\"og:image:width\" content=\"880\" \/>\n\t<meta property=\"og:image:height\" content=\"670\" \/>\n\t<meta property=\"og:image:type\" content=\"image\/png\" \/>\n<meta name=\"twitter:card\" content=\"summary_large_image\" \/>\n<script type=\"application\/ld+json\" class=\"yoast-schema-graph\">{\"@context\":\"https:\/\/schema.org\",\"@graph\":[{\"@type\":\"WebPage\",\"@id\":\"https:\/\/ampersol.com\/hr\/trgovina\/stroji-in-orodja-hr\/medicinska-oprema-hr\/elektro-pogon-za-invalidska-kolica-20km-h-domet-25km\/\",\"url\":\"https:\/\/ampersol.com\/hr\/trgovina\/stroji-in-orodja-hr\/medicinska-oprema-hr\/elektro-pogon-za-invalidska-kolica-20km-h-domet-25km\/\",\"name\":\"Elektro pogon za invalidska kolica 20km\/h domet 25km - Amper Sol d.o.o.\",\"isPartOf\":{\"@id\":\"https:\/\/ampersol.com\/hr\/#website\"},\"primaryImageOfPage\":{\"@id\":\"https:\/\/ampersol.com\/hr\/trgovina\/stroji-in-orodja-hr\/medicinska-oprema-hr\/elektro-pogon-za-invalidska-kolica-20km-h-domet-25km\/#primaryimage\"},\"image\":{\"@id\":\"https:\/\/ampersol.com\/hr\/trgovina\/stroji-in-orodja-hr\/medicinska-oprema-hr\/elektro-pogon-za-invalidska-kolica-20km-h-domet-25km\/#primaryimage\"},\"thumbnailUrl\":\"https:\/\/ampersol.com\/wp-content\/uploads\/2023\/03\/asd.png\",\"datePublished\":\"2023-03-06T14:04:07+00:00\",\"dateModified\":\"2024-04-08T19:44:46+00:00\",\"breadcrumb\":{\"@id\":\"https:\/\/ampersol.com\/hr\/trgovina\/stroji-in-orodja-hr\/medicinska-oprema-hr\/elektro-pogon-za-invalidska-kolica-20km-h-domet-25km\/#breadcrumb\"},\"inLanguage\":\"hr\",\"potentialAction\":[{\"@type\":\"ReadAction\",\"target\":[\"https:\/\/ampersol.com\/hr\/trgovina\/stroji-in-orodja-hr\/medicinska-oprema-hr\/elektro-pogon-za-invalidska-kolica-20km-h-domet-25km\/\"]}]},{\"@type\":\"ImageObject\",\"inLanguage\":\"hr\",\"@id\":\"https:\/\/ampersol.com\/hr\/trgovina\/stroji-in-orodja-hr\/medicinska-oprema-hr\/elektro-pogon-za-invalidska-kolica-20km-h-domet-25km\/#primaryimage\",\"url\":\"https:\/\/ampersol.com\/wp-content\/uploads\/2023\/03\/asd.png\",\"contentUrl\":\"https:\/\/ampersol.com\/wp-content\/uploads\/2023\/03\/asd.png\",\"width\":880,\"height\":670},{\"@type\":\"BreadcrumbList\",\"@id\":\"https:\/\/ampersol.com\/hr\/trgovina\/stroji-in-orodja-hr\/medicinska-oprema-hr\/elektro-pogon-za-invalidska-kolica-20km-h-domet-25km\/#breadcrumb\",\"itemListElement\":[{\"@type\":\"ListItem\",\"position\":1,\"name\":\"Home\",\"item\":\"https:\/\/ampersol.com\/hr\/\"},{\"@type\":\"ListItem\",\"position\":2,\"name\":\"Trgovina\",\"item\":\"https:\/\/ampersol.com\/hr\/trgovina\/\"},{\"@type\":\"ListItem\",\"position\":3,\"name\":\"Elektro pogon za invalidska kolica 20km\/h domet 25km\"}]},{\"@type\":\"WebSite\",\"@id\":\"https:\/\/ampersol.com\/hr\/#website\",\"url\":\"https:\/\/ampersol.com\/hr\/\",\"name\":\"Amper Sol d.o.o.\",\"description\":\"Prodaja, servis in storitve\",\"publisher\":{\"@id\":\"https:\/\/ampersol.com\/hr\/#organization\"},\"potentialAction\":[{\"@type\":\"SearchAction\",\"target\":{\"@type\":\"EntryPoint\",\"urlTemplate\":\"https:\/\/ampersol.com\/hr\/?s={search_term_string}\"},\"query-input\":{\"@type\":\"PropertyValueSpecification\",\"valueRequired\":true,\"valueName\":\"search_term_string\"}}],\"inLanguage\":\"hr\"},{\"@type\":\"Organization\",\"@id\":\"https:\/\/ampersol.com\/hr\/#organization\",\"name\":\"Amper Sol d.o.o.\",\"url\":\"https:\/\/ampersol.com\/hr\/\",\"logo\":{\"@type\":\"ImageObject\",\"inLanguage\":\"hr\",\"@id\":\"https:\/\/ampersol.com\/hr\/#\/schema\/logo\/image\/\",\"url\":\"https:\/\/ampersol.com\/wp-content\/uploads\/2022\/06\/cropped-deni-logo-1-303x71-1.png\",\"contentUrl\":\"https:\/\/ampersol.com\/wp-content\/uploads\/2022\/06\/cropped-deni-logo-1-303x71-1.png\",\"width\":303,\"height\":71,\"caption\":\"Amper Sol d.o.o.\"},\"image\":{\"@id\":\"https:\/\/ampersol.com\/hr\/#\/schema\/logo\/image\/\"}}]}<\/script>\n<!-- \/ Yoast SEO plugin. -->","yoast_head_json":{"title":"Elektro pogon za invalidska kolica 20km\/h domet 25km - Amper Sol d.o.o.","robots":{"index":"index","follow":"follow","max-snippet":"max-snippet:-1","max-image-preview":"max-image-preview:large","max-video-preview":"max-video-preview:-1"},"canonical":"https:\/\/ampersol.com\/hr\/trgovina\/stroji-in-orodja-hr\/medicinska-oprema-hr\/elektro-pogon-za-invalidska-kolica-20km-h-domet-25km\/","og_locale":"hr_HR","og_type":"article","og_title":"Elektro pogon za invalidska kolica 20km\/h domet 25km - Amper Sol d.o.o.","og_description":"Podaci: Motor: 36V 350W u kota\u010du Maksimalna brzina: 20 km\/h Baterija: 36V, 8Ah Li-ion Domet s jednim punjenjem: do 25 km.","og_url":"https:\/\/ampersol.com\/hr\/trgovina\/stroji-in-orodja-hr\/medicinska-oprema-hr\/elektro-pogon-za-invalidska-kolica-20km-h-domet-25km\/","og_site_name":"Amper Sol d.o.o.","article_modified_time":"2024-04-08T19:44:46+00:00","og_image":[{"width":880,"height":670,"url":"https:\/\/ampersol.com\/wp-content\/uploads\/2023\/03\/asd.png","type":"image\/png"}],"twitter_card":"summary_large_image","schema":{"@context":"https:\/\/schema.org","@graph":[{"@type":"WebPage","@id":"https:\/\/ampersol.com\/hr\/trgovina\/stroji-in-orodja-hr\/medicinska-oprema-hr\/elektro-pogon-za-invalidska-kolica-20km-h-domet-25km\/","url":"https:\/\/ampersol.com\/hr\/trgovina\/stroji-in-orodja-hr\/medicinska-oprema-hr\/elektro-pogon-za-invalidska-kolica-20km-h-domet-25km\/","name":"Elektro pogon za invalidska kolica 20km\/h domet 25km - Amper Sol d.o.o.","isPartOf":{"@id":"https:\/\/ampersol.com\/hr\/#website"},"primaryImageOfPage":{"@id":"https:\/\/ampersol.com\/hr\/trgovina\/stroji-in-orodja-hr\/medicinska-oprema-hr\/elektro-pogon-za-invalidska-kolica-20km-h-domet-25km\/#primaryimage"},"image":{"@id":"https:\/\/ampersol.com\/hr\/trgovina\/stroji-in-orodja-hr\/medicinska-oprema-hr\/elektro-pogon-za-invalidska-kolica-20km-h-domet-25km\/#primaryimage"},"thumbnailUrl":"https:\/\/ampersol.com\/wp-content\/uploads\/2023\/03\/asd.png","datePublished":"2023-03-06T14:04:07+00:00","dateModified":"2024-04-08T19:44:46+00:00","breadcrumb":{"@id":"https:\/\/ampersol.com\/hr\/trgovina\/stroji-in-orodja-hr\/medicinska-oprema-hr\/elektro-pogon-za-invalidska-kolica-20km-h-domet-25km\/#breadcrumb"},"inLanguage":"hr","potentialAction":[{"@type":"ReadAction","target":["https:\/\/ampersol.com\/hr\/trgovina\/stroji-in-orodja-hr\/medicinska-oprema-hr\/elektro-pogon-za-invalidska-kolica-20km-h-domet-25km\/"]}]},{"@type":"ImageObject","inLanguage":"hr","@id":"https:\/\/ampersol.com\/hr\/trgovina\/stroji-in-orodja-hr\/medicinska-oprema-hr\/elektro-pogon-za-invalidska-kolica-20km-h-domet-25km\/#primaryimage","url":"https:\/\/ampersol.com\/wp-content\/uploads\/2023\/03\/asd.png","contentUrl":"https:\/\/ampersol.com\/wp-content\/uploads\/2023\/03\/asd.png","width":880,"height":670},{"@type":"BreadcrumbList","@id":"https:\/\/ampersol.com\/hr\/trgovina\/stroji-in-orodja-hr\/medicinska-oprema-hr\/elektro-pogon-za-invalidska-kolica-20km-h-domet-25km\/#breadcrumb","itemListElement":[{"@type":"ListItem","position":1,"name":"Home","item":"https:\/\/ampersol.com\/hr\/"},{"@type":"ListItem","position":2,"name":"Trgovina","item":"https:\/\/ampersol.com\/hr\/trgovina\/"},{"@type":"ListItem","position":3,"name":"Elektro pogon za invalidska kolica 20km\/h domet 25km"}]},{"@type":"WebSite","@id":"https:\/\/ampersol.com\/hr\/#website","url":"https:\/\/ampersol.com\/hr\/","name":"Amper Sol d.o.o.","description":"Prodaja, servis in storitve","publisher":{"@id":"https:\/\/ampersol.com\/hr\/#organization"},"potentialAction":[{"@type":"SearchAction","target":{"@type":"EntryPoint","urlTemplate":"https:\/\/ampersol.com\/hr\/?s={search_term_string}"},"query-input":{"@type":"PropertyValueSpecification","valueRequired":true,"valueName":"search_term_string"}}],"inLanguage":"hr"},{"@type":"Organization","@id":"https:\/\/ampersol.com\/hr\/#organization","name":"Amper Sol d.o.o.","url":"https:\/\/ampersol.com\/hr\/","logo":{"@type":"ImageObject","inLanguage":"hr","@id":"https:\/\/ampersol.com\/hr\/#\/schema\/logo\/image\/","url":"https:\/\/ampersol.com\/wp-content\/uploads\/2022\/06\/cropped-deni-logo-1-303x71-1.png","contentUrl":"https:\/\/ampersol.com\/wp-content\/uploads\/2022\/06\/cropped-deni-logo-1-303x71-1.png","width":303,"height":71,"caption":"Amper Sol d.o.o."},"image":{"@id":"https:\/\/ampersol.com\/hr\/#\/schema\/logo\/image\/"}}]}},"_links":{"self":[{"href":"https:\/\/ampersol.com\/hr\/wp-json\/wp\/v2\/product\/3845","targetHints":{"allow":["GET"]}}],"collection":[{"href":"https:\/\/ampersol.com\/hr\/wp-json\/wp\/v2\/product"}],"about":[{"href":"https:\/\/ampersol.com\/hr\/wp-json\/wp\/v2\/types\/product"}],"replies":[{"embeddable":true,"href":"https:\/\/ampersol.com\/hr\/wp-json\/wp\/v2\/comments?post=3845"}],"wp:featuredmedia":[{"embeddable":true,"href":"https:\/\/ampersol.com\/hr\/wp-json\/wp\/v2\/media\/3846"}],"wp:attachment":[{"href":"https:\/\/ampersol.com\/hr\/wp-json\/wp\/v2\/media?parent=3845"}],"wp:term":[{"taxonomy":"product_cat","embeddable":true,"href":"https:\/\/ampersol.com\/hr\/wp-json\/wp\/v2\/product_cat?post=3845"},{"taxonomy":"product_tag","embeddable":true,"href":"https:\/\/ampersol.com\/hr\/wp-json\/wp\/v2\/product_tag?post=3845"}],"curies":[{"name":"wp","href":"https:\/\/api.w.org\/{rel}","templated":true}]}}