{"id":3809,"date":"2023-07-24T08:35:26","date_gmt":"2023-07-24T08:35:26","guid":{"rendered":"https:\/\/ampersol.com\/trgovina\/Bez kategorije\/hibridni-inverter-48v-5600w-wifi-generatorski-rad\/"},"modified":"2023-07-24T08:35:26","modified_gmt":"2023-07-24T08:35:26","slug":"hibridni-inverter-48v-5600w-wifi-generatorski-rad","status":"publish","type":"product","link":"https:\/\/ampersol.com\/hr\/trgovina\/samooskrba-hr\/elektricna-energija-hr\/hibridni-inverter-48v-5600w-wifi-generatorski-rad\/","title":{"rendered":"Hibridni inverter 48V 5600W WiFi, generatorski rad"},"content":{"rendered":"<div class=\"flex flex-grow flex-col gap-3\">\n<div class=\"min-h-[20px] flex items-start overflow-x-auto whitespace-pre-wrap break-words flex-col gap-4\">\n<div class=\"markdown prose w-full break-words dark:prose-invert light\">\n<p><strong>Prigrlite budu\u0107nost s hibridnim solarnim inverterom za punjenje &#8211; Snaga, definirana!<\/strong><\/p>\n<p>Pozdravite novo doba energetske neovisnosti s na\u0161im najsuvremenijim hibridnim solarnim inverterom za punjenje &#8211; SolarCharge! Izra\u0111eno po narud\u017ebi za ekolo\u0161ki osvije\u0161tene pojedince, ovo inovativno remek-djelo besprijekorno kombinira obnovljivu solarnu energiju s konvencionalnom elektri\u010dnom energijom, omogu\u0107uju\u0107i iznimnu u\u010dinkovitost i u\u0161tedu. Pripremite se za iskustvo budu\u0107nosti odr\u017eivog \u017eivota!<\/p>\n<p><strong>U\u010dinkovitost na vrhuncu:<\/strong> s impresivnom izlaznom snagom od 5600 W i u\u010dinkovito\u0161\u0107u od preko 92%, jam\u010dimo optimalnu izvedbu hibridnog solarnog pretvara\u010da punjenja &#8211; SolarCharge. Njegov \u010disti sinusni izlazni napon osigurava glatko i stabilno napajanje, \u0161tite\u0107i va\u0161e vrijedne ure\u0111aje i elektroniku.<\/p>\n<p><strong>Oslobodite se neovisnosti:<\/strong> preuzmite kontrolu nad svojom energetskom sudbinom! Hibridni solarni pretvara\u010d punjenja &#8211; SolarCharge vas osloba\u0111a ovisnosti o mre\u017ei inteligentnim otkrivanjem i iskori\u0161tavanjem sun\u010deve energije. Automatski se prebacuje izme\u0111u frekvencija od 50Hz i 60Hz, \u0161to ga \u010dini savr\u0161enim globalnim suputnikom za va\u0161e odr\u017eive avanture.<\/p>\n<p><strong>Kompaktan, pametan i tih radi:<\/strong> Dizajniran imaju\u0107i na umu modernu estetiku, elegantno se uklapa u svaki prostor. Njegova kompaktna veli\u010dina i lagani dizajn (samo 12 KG!) olak\u0161avaju instalaciju. Uz niske razine buke (\u226460dB), pru\u017ea vam mirno okru\u017eenje bez uznemiruju\u0107e buke.<\/p>\n<p><strong>Sigurnost u susretu s inovacijama:<\/strong> s hibridnim solarnim inverterom za punjenje &#8211; SolarCharge mo\u017eete biti potpuno bezbri\u017eni jer ima vrhunske sigurnosne certifikate, uklju\u010duju\u0107i CE (IEC 62109-1) i EMC certifikat (EN61000, C2). Konformni premaz \u0161titi od vlage, \u0161to osigurava dug radni vijek \u010dak iu zahtjevnim okru\u017eenjima.<\/p>\n<p><strong>Ostvarite svoje snove uz svestranost:<\/strong> sposoban za rukovanje \u0161irokim rasponom ure\u0111aja, od sna\u017enih motora (4HP) do vr\u0161ne snage od 10000VA, ovaj pretvara\u010d je doista svestran. Napon baterije od 48V osigurava u\u010dinkovito iskori\u0161tavanje energije, dok MPPT raspon napona od 120-450Vdc pove\u0107ava u\u010dinkovitost solarne energije.<\/p>\n<p><strong>Pridru\u017eite se Zelenoj revoluciji danas!<\/strong>  Odaberite hibridni solarni inverter za punjenje &#8211; SolarCharge pouzdane marke EASUN POWER, koja nudi visokokvalitetne, pouzdane proizvode iz kontinentalne Kine. Prihvatite odr\u017eivost, u\u0161tedu i svjetliju budu\u0107nost. Ulo\u017eite u hibridni solarni inverter za punjenje &#8211; SolarCharge sada i zakora\u010dite u svijet briljantnosti obnovljive energije!<\/p>\n<p><em>Iskoristite snagu sunca, oslobodite budu\u0107nost!<\/em><\/p>\n<\/div>\n<\/div>\n<\/div>\n","protected":false},"excerpt":{"rendered":"<p><strong>Tehni\u010dki podaci:<\/strong><\/p>\n<p>&nbsp;<\/p>\n<ul>\n<li><strong>Izlazna struja:<\/strong> 24.3A<\/li>\n<li><strong>Izlazna frekvencija:<\/strong> Automatsko otkrivanje 50Hz\/60Hz<\/li>\n<li><strong>Te\u017eina:<\/strong> 12KG<\/li>\n<li><strong>Veli\u010dina:<\/strong> 426 mm <em>322 mm<\/em> 126 mm<\/li>\n<li><strong>Vrsta izlaza:<\/strong> Jednostruki (Jedan)<\/li>\n<li><strong>Izlazna snaga:<\/strong> 1 &#8211; 200KW<\/li>\n<li><strong>Broj modela:<\/strong> ISOALR-SMX-5.6KW<\/li>\n<li><strong>Tip:<\/strong> DC\/AC pretvara\u010di<\/li>\n<li><strong>Marka:<\/strong> EASUN POWER<\/li>\n<li><strong>Nazivna snaga:<\/strong> 5600W<\/li>\n<li><strong>Nazivni ulazni napon:<\/strong> 220\/230Vac<\/li>\n<li><strong>Valni oblik izlaznog napona:<\/strong> \u010disti sinusni val<\/li>\n<li><strong>Faktor snage:<\/strong> PF1.0<\/li>\n<li><strong>U\u010dinkovitost:<\/strong> ve\u0107a od 92% (&gt; 92%)<\/li>\n<li><strong>Snaga:<\/strong> 10000VA<\/li>\n<li><strong>Startni kapacitet motora:<\/strong> 4 KS<\/li>\n<li><strong>Napon baterije:<\/strong> 48V (minimalni po\u010detni napon 44V)<\/li>\n<li><strong>Maksimalna struja punjenja:<\/strong> 80A<\/li>\n<li><strong>Napon otvaranja solarnih \u0107elija (PV):<\/strong> 500Vdc<\/li>\n<li><strong>MPPT Raspon napona:<\/strong> 120-450Vdc<\/li>\n<li><strong>Certifikacija:<\/strong> CE (IEC 62109-1)<\/li>\n<li><strong>Razina EMC certifikata:<\/strong> EN61000, C2<\/li>\n<li><strong>Raspon vla\u017enosti:<\/strong> 5% do 95% (za\u0161tita s konformnim premazom)<\/li>\n<li><strong>Buka:<\/strong> \u226460dB<\/li>\n<\/ul>\n","protected":false},"featured_media":3810,"comment_status":"open","ping_status":"closed","template":"","meta":[],"product_cat":[361],"product_tag":[],"class_list":{"0":"post-3809","1":"product","2":"type-product","3":"status-publish","4":"has-post-thumbnail","6":"product_cat-elektricna-energija-hr","8":"first","9":"instock","10":"taxable","11":"shipping-taxable","12":"purchasable","13":"product-type-simple"},"yoast_head":"<!-- This site is optimized with the Yoast SEO plugin v24.1 - https:\/\/yoast.com\/wordpress\/plugins\/seo\/ -->\n<title>Hibridni inverter 48V 5600W WiFi, generatorski rad - Amper Sol d.o.o.<\/title>\n<meta name=\"robots\" content=\"index, follow, max-snippet:-1, max-image-preview:large, max-video-preview:-1\" \/>\n<link rel=\"canonical\" href=\"https:\/\/ampersol.com\/hr\/trgovina\/samooskrba-hr\/elektricna-energija-hr\/hibridni-inverter-48v-5600w-wifi-generatorski-rad\/\" \/>\n<meta property=\"og:locale\" content=\"hr_HR\" \/>\n<meta property=\"og:type\" content=\"article\" \/>\n<meta property=\"og:title\" content=\"Hibridni inverter 48V 5600W WiFi, generatorski rad - Amper Sol d.o.o.\" \/>\n<meta property=\"og:description\" content=\"Tehni\u010dki podaci: &nbsp;  Izlazna struja: 24.3A  Izlazna frekvencija: Automatsko otkrivanje 50Hz\/60Hz  Te\u017eina: 12KG  Veli\u010dina: 426 mm 322 mm 126 mm  Vrsta izlaza: Jednostruki (Jedan)  Izlazna snaga: 1 - 200KW  Broj modela: ISOALR-SMX-5.6KW  Tip: DC\/AC pretvara\u010di  Marka: EASUN POWER  Nazivna snaga: 5600W  Nazivni ulazni napon: 220\/230Vac  Valni oblik izlaznog napona: \u010disti sinusni val  Faktor snage: PF1.0  U\u010dinkovitost: ve\u0107a od 92% (&gt; 92%)  Snaga: 10000VA  Startni kapacitet motora: 4 KS  Napon baterije: 48V (minimalni po\u010detni napon 44V)  Maksimalna struja punjenja: 80A  Napon otvaranja solarnih \u0107elija (PV): 500Vdc  MPPT Raspon napona: 120-450Vdc  Certifikacija: CE (IEC 62109-1)  Razina EMC certifikata: EN61000, C2  Raspon vla\u017enosti: 5% do 95% (za\u0161tita s konformnim premazom)  Buka: \u226460dB\" \/>\n<meta property=\"og:url\" content=\"https:\/\/ampersol.com\/hr\/trgovina\/samooskrba-hr\/elektricna-energija-hr\/hibridni-inverter-48v-5600w-wifi-generatorski-rad\/\" \/>\n<meta property=\"og:site_name\" content=\"Amper Sol d.o.o.\" \/>\n<meta property=\"og:image\" content=\"https:\/\/ampersol.com\/wp-content\/uploads\/2023\/07\/Posnetek-zaslona-2023-07-24-102714.png\" \/>\n\t<meta property=\"og:image:width\" content=\"359\" \/>\n\t<meta property=\"og:image:height\" content=\"341\" \/>\n\t<meta property=\"og:image:type\" content=\"image\/png\" \/>\n<meta name=\"twitter:card\" content=\"summary_large_image\" \/>\n<meta name=\"twitter:label1\" content=\"Procijenjeno vrijeme \u010ditanja\" \/>\n\t<meta name=\"twitter:data1\" content=\"2 minute\" \/>\n<script type=\"application\/ld+json\" class=\"yoast-schema-graph\">{\"@context\":\"https:\/\/schema.org\",\"@graph\":[{\"@type\":\"WebPage\",\"@id\":\"https:\/\/ampersol.com\/hr\/trgovina\/samooskrba-hr\/elektricna-energija-hr\/hibridni-inverter-48v-5600w-wifi-generatorski-rad\/\",\"url\":\"https:\/\/ampersol.com\/hr\/trgovina\/samooskrba-hr\/elektricna-energija-hr\/hibridni-inverter-48v-5600w-wifi-generatorski-rad\/\",\"name\":\"Hibridni inverter 48V 5600W WiFi, generatorski rad - Amper Sol d.o.o.\",\"isPartOf\":{\"@id\":\"https:\/\/ampersol.com\/hr\/#website\"},\"primaryImageOfPage\":{\"@id\":\"https:\/\/ampersol.com\/hr\/trgovina\/samooskrba-hr\/elektricna-energija-hr\/hibridni-inverter-48v-5600w-wifi-generatorski-rad\/#primaryimage\"},\"image\":{\"@id\":\"https:\/\/ampersol.com\/hr\/trgovina\/samooskrba-hr\/elektricna-energija-hr\/hibridni-inverter-48v-5600w-wifi-generatorski-rad\/#primaryimage\"},\"thumbnailUrl\":\"https:\/\/ampersol.com\/wp-content\/uploads\/2023\/07\/Posnetek-zaslona-2023-07-24-102714.png\",\"datePublished\":\"2023-07-24T08:35:26+00:00\",\"dateModified\":\"2023-07-24T08:35:26+00:00\",\"breadcrumb\":{\"@id\":\"https:\/\/ampersol.com\/hr\/trgovina\/samooskrba-hr\/elektricna-energija-hr\/hibridni-inverter-48v-5600w-wifi-generatorski-rad\/#breadcrumb\"},\"inLanguage\":\"hr\",\"potentialAction\":[{\"@type\":\"ReadAction\",\"target\":[\"https:\/\/ampersol.com\/hr\/trgovina\/samooskrba-hr\/elektricna-energija-hr\/hibridni-inverter-48v-5600w-wifi-generatorski-rad\/\"]}]},{\"@type\":\"ImageObject\",\"inLanguage\":\"hr\",\"@id\":\"https:\/\/ampersol.com\/hr\/trgovina\/samooskrba-hr\/elektricna-energija-hr\/hibridni-inverter-48v-5600w-wifi-generatorski-rad\/#primaryimage\",\"url\":\"https:\/\/ampersol.com\/wp-content\/uploads\/2023\/07\/Posnetek-zaslona-2023-07-24-102714.png\",\"contentUrl\":\"https:\/\/ampersol.com\/wp-content\/uploads\/2023\/07\/Posnetek-zaslona-2023-07-24-102714.png\",\"width\":359,\"height\":341},{\"@type\":\"BreadcrumbList\",\"@id\":\"https:\/\/ampersol.com\/hr\/trgovina\/samooskrba-hr\/elektricna-energija-hr\/hibridni-inverter-48v-5600w-wifi-generatorski-rad\/#breadcrumb\",\"itemListElement\":[{\"@type\":\"ListItem\",\"position\":1,\"name\":\"Home\",\"item\":\"https:\/\/ampersol.com\/hr\/\"},{\"@type\":\"ListItem\",\"position\":2,\"name\":\"Trgovina\",\"item\":\"https:\/\/ampersol.com\/hr\/trgovina\/\"},{\"@type\":\"ListItem\",\"position\":3,\"name\":\"Hibridni inverter 48V 5600W WiFi, generatorski rad\"}]},{\"@type\":\"WebSite\",\"@id\":\"https:\/\/ampersol.com\/hr\/#website\",\"url\":\"https:\/\/ampersol.com\/hr\/\",\"name\":\"Amper Sol d.o.o.\",\"description\":\"Prodaja, servis in storitve\",\"publisher\":{\"@id\":\"https:\/\/ampersol.com\/hr\/#organization\"},\"potentialAction\":[{\"@type\":\"SearchAction\",\"target\":{\"@type\":\"EntryPoint\",\"urlTemplate\":\"https:\/\/ampersol.com\/hr\/?s={search_term_string}\"},\"query-input\":{\"@type\":\"PropertyValueSpecification\",\"valueRequired\":true,\"valueName\":\"search_term_string\"}}],\"inLanguage\":\"hr\"},{\"@type\":\"Organization\",\"@id\":\"https:\/\/ampersol.com\/hr\/#organization\",\"name\":\"Amper Sol d.o.o.\",\"url\":\"https:\/\/ampersol.com\/hr\/\",\"logo\":{\"@type\":\"ImageObject\",\"inLanguage\":\"hr\",\"@id\":\"https:\/\/ampersol.com\/hr\/#\/schema\/logo\/image\/\",\"url\":\"https:\/\/ampersol.com\/wp-content\/uploads\/2022\/06\/cropped-deni-logo-1-303x71-1.png\",\"contentUrl\":\"https:\/\/ampersol.com\/wp-content\/uploads\/2022\/06\/cropped-deni-logo-1-303x71-1.png\",\"width\":303,\"height\":71,\"caption\":\"Amper Sol d.o.o.\"},\"image\":{\"@id\":\"https:\/\/ampersol.com\/hr\/#\/schema\/logo\/image\/\"}}]}<\/script>\n<!-- \/ Yoast SEO plugin. -->","yoast_head_json":{"title":"Hibridni inverter 48V 5600W WiFi, generatorski rad - Amper Sol d.o.o.","robots":{"index":"index","follow":"follow","max-snippet":"max-snippet:-1","max-image-preview":"max-image-preview:large","max-video-preview":"max-video-preview:-1"},"canonical":"https:\/\/ampersol.com\/hr\/trgovina\/samooskrba-hr\/elektricna-energija-hr\/hibridni-inverter-48v-5600w-wifi-generatorski-rad\/","og_locale":"hr_HR","og_type":"article","og_title":"Hibridni inverter 48V 5600W WiFi, generatorski rad - Amper Sol d.o.o.","og_description":"Tehni\u010dki podaci: &nbsp;  Izlazna struja: 24.3A  Izlazna frekvencija: Automatsko otkrivanje 50Hz\/60Hz  Te\u017eina: 12KG  Veli\u010dina: 426 mm 322 mm 126 mm  Vrsta izlaza: Jednostruki (Jedan)  Izlazna snaga: 1 - 200KW  Broj modela: ISOALR-SMX-5.6KW  Tip: DC\/AC pretvara\u010di  Marka: EASUN POWER  Nazivna snaga: 5600W  Nazivni ulazni napon: 220\/230Vac  Valni oblik izlaznog napona: \u010disti sinusni val  Faktor snage: PF1.0  U\u010dinkovitost: ve\u0107a od 92% (&gt; 92%)  Snaga: 10000VA  Startni kapacitet motora: 4 KS  Napon baterije: 48V (minimalni po\u010detni napon 44V)  Maksimalna struja punjenja: 80A  Napon otvaranja solarnih \u0107elija (PV): 500Vdc  MPPT Raspon napona: 120-450Vdc  Certifikacija: CE (IEC 62109-1)  Razina EMC certifikata: EN61000, C2  Raspon vla\u017enosti: 5% do 95% (za\u0161tita s konformnim premazom)  Buka: \u226460dB","og_url":"https:\/\/ampersol.com\/hr\/trgovina\/samooskrba-hr\/elektricna-energija-hr\/hibridni-inverter-48v-5600w-wifi-generatorski-rad\/","og_site_name":"Amper Sol d.o.o.","og_image":[{"width":359,"height":341,"url":"https:\/\/ampersol.com\/wp-content\/uploads\/2023\/07\/Posnetek-zaslona-2023-07-24-102714.png","type":"image\/png"}],"twitter_card":"summary_large_image","twitter_misc":{"Procijenjeno vrijeme \u010ditanja":"2 minute"},"schema":{"@context":"https:\/\/schema.org","@graph":[{"@type":"WebPage","@id":"https:\/\/ampersol.com\/hr\/trgovina\/samooskrba-hr\/elektricna-energija-hr\/hibridni-inverter-48v-5600w-wifi-generatorski-rad\/","url":"https:\/\/ampersol.com\/hr\/trgovina\/samooskrba-hr\/elektricna-energija-hr\/hibridni-inverter-48v-5600w-wifi-generatorski-rad\/","name":"Hibridni inverter 48V 5600W WiFi, generatorski rad - Amper Sol d.o.o.","isPartOf":{"@id":"https:\/\/ampersol.com\/hr\/#website"},"primaryImageOfPage":{"@id":"https:\/\/ampersol.com\/hr\/trgovina\/samooskrba-hr\/elektricna-energija-hr\/hibridni-inverter-48v-5600w-wifi-generatorski-rad\/#primaryimage"},"image":{"@id":"https:\/\/ampersol.com\/hr\/trgovina\/samooskrba-hr\/elektricna-energija-hr\/hibridni-inverter-48v-5600w-wifi-generatorski-rad\/#primaryimage"},"thumbnailUrl":"https:\/\/ampersol.com\/wp-content\/uploads\/2023\/07\/Posnetek-zaslona-2023-07-24-102714.png","datePublished":"2023-07-24T08:35:26+00:00","dateModified":"2023-07-24T08:35:26+00:00","breadcrumb":{"@id":"https:\/\/ampersol.com\/hr\/trgovina\/samooskrba-hr\/elektricna-energija-hr\/hibridni-inverter-48v-5600w-wifi-generatorski-rad\/#breadcrumb"},"inLanguage":"hr","potentialAction":[{"@type":"ReadAction","target":["https:\/\/ampersol.com\/hr\/trgovina\/samooskrba-hr\/elektricna-energija-hr\/hibridni-inverter-48v-5600w-wifi-generatorski-rad\/"]}]},{"@type":"ImageObject","inLanguage":"hr","@id":"https:\/\/ampersol.com\/hr\/trgovina\/samooskrba-hr\/elektricna-energija-hr\/hibridni-inverter-48v-5600w-wifi-generatorski-rad\/#primaryimage","url":"https:\/\/ampersol.com\/wp-content\/uploads\/2023\/07\/Posnetek-zaslona-2023-07-24-102714.png","contentUrl":"https:\/\/ampersol.com\/wp-content\/uploads\/2023\/07\/Posnetek-zaslona-2023-07-24-102714.png","width":359,"height":341},{"@type":"BreadcrumbList","@id":"https:\/\/ampersol.com\/hr\/trgovina\/samooskrba-hr\/elektricna-energija-hr\/hibridni-inverter-48v-5600w-wifi-generatorski-rad\/#breadcrumb","itemListElement":[{"@type":"ListItem","position":1,"name":"Home","item":"https:\/\/ampersol.com\/hr\/"},{"@type":"ListItem","position":2,"name":"Trgovina","item":"https:\/\/ampersol.com\/hr\/trgovina\/"},{"@type":"ListItem","position":3,"name":"Hibridni inverter 48V 5600W WiFi, generatorski rad"}]},{"@type":"WebSite","@id":"https:\/\/ampersol.com\/hr\/#website","url":"https:\/\/ampersol.com\/hr\/","name":"Amper Sol d.o.o.","description":"Prodaja, servis in storitve","publisher":{"@id":"https:\/\/ampersol.com\/hr\/#organization"},"potentialAction":[{"@type":"SearchAction","target":{"@type":"EntryPoint","urlTemplate":"https:\/\/ampersol.com\/hr\/?s={search_term_string}"},"query-input":{"@type":"PropertyValueSpecification","valueRequired":true,"valueName":"search_term_string"}}],"inLanguage":"hr"},{"@type":"Organization","@id":"https:\/\/ampersol.com\/hr\/#organization","name":"Amper Sol d.o.o.","url":"https:\/\/ampersol.com\/hr\/","logo":{"@type":"ImageObject","inLanguage":"hr","@id":"https:\/\/ampersol.com\/hr\/#\/schema\/logo\/image\/","url":"https:\/\/ampersol.com\/wp-content\/uploads\/2022\/06\/cropped-deni-logo-1-303x71-1.png","contentUrl":"https:\/\/ampersol.com\/wp-content\/uploads\/2022\/06\/cropped-deni-logo-1-303x71-1.png","width":303,"height":71,"caption":"Amper Sol d.o.o."},"image":{"@id":"https:\/\/ampersol.com\/hr\/#\/schema\/logo\/image\/"}}]}},"_links":{"self":[{"href":"https:\/\/ampersol.com\/hr\/wp-json\/wp\/v2\/product\/3809","targetHints":{"allow":["GET"]}}],"collection":[{"href":"https:\/\/ampersol.com\/hr\/wp-json\/wp\/v2\/product"}],"about":[{"href":"https:\/\/ampersol.com\/hr\/wp-json\/wp\/v2\/types\/product"}],"replies":[{"embeddable":true,"href":"https:\/\/ampersol.com\/hr\/wp-json\/wp\/v2\/comments?post=3809"}],"wp:featuredmedia":[{"embeddable":true,"href":"https:\/\/ampersol.com\/hr\/wp-json\/wp\/v2\/media\/3810"}],"wp:attachment":[{"href":"https:\/\/ampersol.com\/hr\/wp-json\/wp\/v2\/media?parent=3809"}],"wp:term":[{"taxonomy":"product_cat","embeddable":true,"href":"https:\/\/ampersol.com\/hr\/wp-json\/wp\/v2\/product_cat?post=3809"},{"taxonomy":"product_tag","embeddable":true,"href":"https:\/\/ampersol.com\/hr\/wp-json\/wp\/v2\/product_tag?post=3809"}],"curies":[{"name":"wp","href":"https:\/\/api.w.org\/{rel}","templated":true}]}}