{"id":3789,"date":"2022-06-28T13:09:15","date_gmt":"2022-06-28T13:09:15","guid":{"rendered":"https:\/\/ampersol.com\/trgovina\/Bez kategorije\/dc-ispravljac-podesivo-laboratorijsko-napajanje-0-30v-0-5a\/"},"modified":"2022-06-28T13:09:15","modified_gmt":"2022-06-28T13:09:15","slug":"dc-ispravljac-podesivo-laboratorijsko-napajanje-0-30v-0-5a","status":"publish","type":"product","link":"https:\/\/ampersol.com\/hr\/trgovina\/stroji-in-orodja-hr\/industrijska-tehnika-hr\/dc-ispravljac-podesivo-laboratorijsko-napajanje-0-30v-0-5a\/","title":{"rendered":"DC ispravlja\u010d &#8211; PODESIVO LABORATORIJSKO NAPAJANJE 0-30V 0-5A"},"content":{"rendered":"","protected":false},"excerpt":{"rendered":"<p>Zna\u010dajke:<\/p>\n<p>5A 30V DC digitalno napajanje.<br \/>\nRegulacija napona 0-30V; Trenutni propis 0-5A.<br \/>\nAutomatski ventilator, za\u0161tita od preoptere\u0107enja i kratkog spoja.<br \/>\nMetalna konstrukcija, kompaktan dizajn i ru\u010dka za no\u0161enje.<br \/>\nJednostavna kontrola strujnih i naponskih izlaza.<br \/>\nPrikladno za kori\u0161tenje u ispitnim i popravnim centrima, laboratorijima i \u0161kolama.<\/p>\n<p>Tehni\u010dke specifikacije:<\/p>\n<p>Boja bijela<br \/>\nMaterijal: metal<br \/>\nDvostruki podesivi izlazi: 0-30V i 0-5A<br \/>\nUlazni napon: 220V \/ 50HZ<br \/>\nRezolucija ekrana: napon 0.1V, struja 0.1A<br \/>\nTo\u010dnost o\u010ditanja: \u00b1 1% \u00b1 1 znamenka<br \/>\nStabilnost napona: \u2264 0,05% + 1mV<br \/>\nStabilnost struje: \u22640,1% + 10mA<br \/>\nStabilnost optere\u0107enja: CV \u22640,1% + 1mV CC \u22640,1% + 10mA<br \/>\nValovitost i \u0161um: CV \u226410mV (RMS) CC \u2264 20mA (RMS)<br \/>\nRadna temperatura: -10-40\u2103<\/p>\n<p>Rok isporuke: 7 radnih dana.<\/p>\n","protected":false},"featured_media":3790,"comment_status":"open","ping_status":"closed","template":"","meta":[],"product_cat":[372,359],"product_tag":[],"class_list":{"0":"post-3789","1":"product","2":"type-product","3":"status-publish","4":"has-post-thumbnail","6":"product_cat-industrijska-tehnika-hr","7":"product_cat-stroji-in-orodja-hr","9":"first","10":"outofstock","11":"taxable","12":"shipping-taxable","13":"purchasable","14":"product-type-simple"},"yoast_head":"<!-- This site is optimized with the Yoast SEO plugin v24.1 - https:\/\/yoast.com\/wordpress\/plugins\/seo\/ -->\n<title>DC ispravlja\u010d - PODESIVO LABORATORIJSKO NAPAJANJE 0-30V 0-5A - Amper Sol d.o.o.<\/title>\n<meta name=\"robots\" content=\"index, follow, max-snippet:-1, max-image-preview:large, max-video-preview:-1\" \/>\n<link rel=\"canonical\" href=\"https:\/\/ampersol.com\/hr\/trgovina\/stroji-in-orodja-hr\/industrijska-tehnika-hr\/dc-ispravljac-podesivo-laboratorijsko-napajanje-0-30v-0-5a\/\" \/>\n<meta property=\"og:locale\" content=\"hr_HR\" \/>\n<meta property=\"og:type\" content=\"article\" \/>\n<meta property=\"og:title\" content=\"DC ispravlja\u010d - PODESIVO LABORATORIJSKO NAPAJANJE 0-30V 0-5A - Amper Sol d.o.o.\" \/>\n<meta property=\"og:description\" content=\"Zna\u010dajke: 5A 30V DC digitalno napajanje. Regulacija napona 0-30V; Trenutni propis 0-5A. Automatski ventilator, za\u0161tita od preoptere\u0107enja i kratkog spoja. Metalna konstrukcija, kompaktan dizajn i ru\u010dka za no\u0161enje. Jednostavna kontrola strujnih i naponskih izlaza. Prikladno za kori\u0161tenje u ispitnim i popravnim centrima, laboratorijima i \u0161kolama. Tehni\u010dke specifikacije: Boja bijela Materijal: metal Dvostruki podesivi izlazi: 0-30V i 0-5A Ulazni napon: 220V \/ 50HZ Rezolucija ekrana: napon 0.1V, struja 0.1A To\u010dnost o\u010ditanja: \u00b1 1% \u00b1 1 znamenka Stabilnost napona: \u2264 0,05% + 1mV Stabilnost struje: \u22640,1% + 10mA Stabilnost optere\u0107enja: CV \u22640,1% + 1mV CC \u22640,1% + 10mA Valovitost i \u0161um: CV \u226410mV (RMS) CC \u2264 20mA (RMS) Radna temperatura: -10-40\u2103 Rok isporuke: 7 radnih dana.\" \/>\n<meta property=\"og:url\" content=\"https:\/\/ampersol.com\/hr\/trgovina\/stroji-in-orodja-hr\/industrijska-tehnika-hr\/dc-ispravljac-podesivo-laboratorijsko-napajanje-0-30v-0-5a\/\" \/>\n<meta property=\"og:site_name\" content=\"Amper Sol d.o.o.\" \/>\n<meta property=\"og:image\" content=\"https:\/\/ampersol.com\/wp-content\/uploads\/2022\/06\/laser-500a.png\" \/>\n\t<meta property=\"og:image:width\" content=\"409\" \/>\n\t<meta property=\"og:image:height\" content=\"349\" \/>\n\t<meta property=\"og:image:type\" content=\"image\/png\" \/>\n<meta name=\"twitter:card\" content=\"summary_large_image\" \/>\n<script type=\"application\/ld+json\" class=\"yoast-schema-graph\">{\"@context\":\"https:\/\/schema.org\",\"@graph\":[{\"@type\":\"WebPage\",\"@id\":\"https:\/\/ampersol.com\/hr\/trgovina\/stroji-in-orodja-hr\/industrijska-tehnika-hr\/dc-ispravljac-podesivo-laboratorijsko-napajanje-0-30v-0-5a\/\",\"url\":\"https:\/\/ampersol.com\/hr\/trgovina\/stroji-in-orodja-hr\/industrijska-tehnika-hr\/dc-ispravljac-podesivo-laboratorijsko-napajanje-0-30v-0-5a\/\",\"name\":\"DC ispravlja\u010d - PODESIVO LABORATORIJSKO NAPAJANJE 0-30V 0-5A - Amper Sol d.o.o.\",\"isPartOf\":{\"@id\":\"https:\/\/ampersol.com\/hr\/#website\"},\"primaryImageOfPage\":{\"@id\":\"https:\/\/ampersol.com\/hr\/trgovina\/stroji-in-orodja-hr\/industrijska-tehnika-hr\/dc-ispravljac-podesivo-laboratorijsko-napajanje-0-30v-0-5a\/#primaryimage\"},\"image\":{\"@id\":\"https:\/\/ampersol.com\/hr\/trgovina\/stroji-in-orodja-hr\/industrijska-tehnika-hr\/dc-ispravljac-podesivo-laboratorijsko-napajanje-0-30v-0-5a\/#primaryimage\"},\"thumbnailUrl\":\"https:\/\/ampersol.com\/wp-content\/uploads\/2022\/06\/laser-500a.png\",\"datePublished\":\"2022-06-28T13:09:15+00:00\",\"dateModified\":\"2022-06-28T13:09:15+00:00\",\"breadcrumb\":{\"@id\":\"https:\/\/ampersol.com\/hr\/trgovina\/stroji-in-orodja-hr\/industrijska-tehnika-hr\/dc-ispravljac-podesivo-laboratorijsko-napajanje-0-30v-0-5a\/#breadcrumb\"},\"inLanguage\":\"hr\",\"potentialAction\":[{\"@type\":\"ReadAction\",\"target\":[\"https:\/\/ampersol.com\/hr\/trgovina\/stroji-in-orodja-hr\/industrijska-tehnika-hr\/dc-ispravljac-podesivo-laboratorijsko-napajanje-0-30v-0-5a\/\"]}]},{\"@type\":\"ImageObject\",\"inLanguage\":\"hr\",\"@id\":\"https:\/\/ampersol.com\/hr\/trgovina\/stroji-in-orodja-hr\/industrijska-tehnika-hr\/dc-ispravljac-podesivo-laboratorijsko-napajanje-0-30v-0-5a\/#primaryimage\",\"url\":\"https:\/\/ampersol.com\/wp-content\/uploads\/2022\/06\/laser-500a.png\",\"contentUrl\":\"https:\/\/ampersol.com\/wp-content\/uploads\/2022\/06\/laser-500a.png\",\"width\":409,\"height\":349},{\"@type\":\"BreadcrumbList\",\"@id\":\"https:\/\/ampersol.com\/hr\/trgovina\/stroji-in-orodja-hr\/industrijska-tehnika-hr\/dc-ispravljac-podesivo-laboratorijsko-napajanje-0-30v-0-5a\/#breadcrumb\",\"itemListElement\":[{\"@type\":\"ListItem\",\"position\":1,\"name\":\"Home\",\"item\":\"https:\/\/ampersol.com\/hr\/\"},{\"@type\":\"ListItem\",\"position\":2,\"name\":\"Trgovina\",\"item\":\"https:\/\/ampersol.com\/hr\/trgovina\/\"},{\"@type\":\"ListItem\",\"position\":3,\"name\":\"DC ispravlja\u010d &#8211; PODESIVO LABORATORIJSKO NAPAJANJE 0-30V 0-5A\"}]},{\"@type\":\"WebSite\",\"@id\":\"https:\/\/ampersol.com\/hr\/#website\",\"url\":\"https:\/\/ampersol.com\/hr\/\",\"name\":\"Amper Sol d.o.o.\",\"description\":\"Prodaja, servis in storitve\",\"publisher\":{\"@id\":\"https:\/\/ampersol.com\/hr\/#organization\"},\"potentialAction\":[{\"@type\":\"SearchAction\",\"target\":{\"@type\":\"EntryPoint\",\"urlTemplate\":\"https:\/\/ampersol.com\/hr\/?s={search_term_string}\"},\"query-input\":{\"@type\":\"PropertyValueSpecification\",\"valueRequired\":true,\"valueName\":\"search_term_string\"}}],\"inLanguage\":\"hr\"},{\"@type\":\"Organization\",\"@id\":\"https:\/\/ampersol.com\/hr\/#organization\",\"name\":\"Amper Sol d.o.o.\",\"url\":\"https:\/\/ampersol.com\/hr\/\",\"logo\":{\"@type\":\"ImageObject\",\"inLanguage\":\"hr\",\"@id\":\"https:\/\/ampersol.com\/hr\/#\/schema\/logo\/image\/\",\"url\":\"https:\/\/ampersol.com\/wp-content\/uploads\/2022\/06\/cropped-deni-logo-1-303x71-1.png\",\"contentUrl\":\"https:\/\/ampersol.com\/wp-content\/uploads\/2022\/06\/cropped-deni-logo-1-303x71-1.png\",\"width\":303,\"height\":71,\"caption\":\"Amper Sol d.o.o.\"},\"image\":{\"@id\":\"https:\/\/ampersol.com\/hr\/#\/schema\/logo\/image\/\"}}]}<\/script>\n<!-- \/ Yoast SEO plugin. -->","yoast_head_json":{"title":"DC ispravlja\u010d - PODESIVO LABORATORIJSKO NAPAJANJE 0-30V 0-5A - Amper Sol d.o.o.","robots":{"index":"index","follow":"follow","max-snippet":"max-snippet:-1","max-image-preview":"max-image-preview:large","max-video-preview":"max-video-preview:-1"},"canonical":"https:\/\/ampersol.com\/hr\/trgovina\/stroji-in-orodja-hr\/industrijska-tehnika-hr\/dc-ispravljac-podesivo-laboratorijsko-napajanje-0-30v-0-5a\/","og_locale":"hr_HR","og_type":"article","og_title":"DC ispravlja\u010d - PODESIVO LABORATORIJSKO NAPAJANJE 0-30V 0-5A - Amper Sol d.o.o.","og_description":"Zna\u010dajke: 5A 30V DC digitalno napajanje. Regulacija napona 0-30V; Trenutni propis 0-5A. Automatski ventilator, za\u0161tita od preoptere\u0107enja i kratkog spoja. Metalna konstrukcija, kompaktan dizajn i ru\u010dka za no\u0161enje. Jednostavna kontrola strujnih i naponskih izlaza. Prikladno za kori\u0161tenje u ispitnim i popravnim centrima, laboratorijima i \u0161kolama. Tehni\u010dke specifikacije: Boja bijela Materijal: metal Dvostruki podesivi izlazi: 0-30V i 0-5A Ulazni napon: 220V \/ 50HZ Rezolucija ekrana: napon 0.1V, struja 0.1A To\u010dnost o\u010ditanja: \u00b1 1% \u00b1 1 znamenka Stabilnost napona: \u2264 0,05% + 1mV Stabilnost struje: \u22640,1% + 10mA Stabilnost optere\u0107enja: CV \u22640,1% + 1mV CC \u22640,1% + 10mA Valovitost i \u0161um: CV \u226410mV (RMS) CC \u2264 20mA (RMS) Radna temperatura: -10-40\u2103 Rok isporuke: 7 radnih dana.","og_url":"https:\/\/ampersol.com\/hr\/trgovina\/stroji-in-orodja-hr\/industrijska-tehnika-hr\/dc-ispravljac-podesivo-laboratorijsko-napajanje-0-30v-0-5a\/","og_site_name":"Amper Sol d.o.o.","og_image":[{"width":409,"height":349,"url":"https:\/\/ampersol.com\/wp-content\/uploads\/2022\/06\/laser-500a.png","type":"image\/png"}],"twitter_card":"summary_large_image","schema":{"@context":"https:\/\/schema.org","@graph":[{"@type":"WebPage","@id":"https:\/\/ampersol.com\/hr\/trgovina\/stroji-in-orodja-hr\/industrijska-tehnika-hr\/dc-ispravljac-podesivo-laboratorijsko-napajanje-0-30v-0-5a\/","url":"https:\/\/ampersol.com\/hr\/trgovina\/stroji-in-orodja-hr\/industrijska-tehnika-hr\/dc-ispravljac-podesivo-laboratorijsko-napajanje-0-30v-0-5a\/","name":"DC ispravlja\u010d - PODESIVO LABORATORIJSKO NAPAJANJE 0-30V 0-5A - Amper Sol d.o.o.","isPartOf":{"@id":"https:\/\/ampersol.com\/hr\/#website"},"primaryImageOfPage":{"@id":"https:\/\/ampersol.com\/hr\/trgovina\/stroji-in-orodja-hr\/industrijska-tehnika-hr\/dc-ispravljac-podesivo-laboratorijsko-napajanje-0-30v-0-5a\/#primaryimage"},"image":{"@id":"https:\/\/ampersol.com\/hr\/trgovina\/stroji-in-orodja-hr\/industrijska-tehnika-hr\/dc-ispravljac-podesivo-laboratorijsko-napajanje-0-30v-0-5a\/#primaryimage"},"thumbnailUrl":"https:\/\/ampersol.com\/wp-content\/uploads\/2022\/06\/laser-500a.png","datePublished":"2022-06-28T13:09:15+00:00","dateModified":"2022-06-28T13:09:15+00:00","breadcrumb":{"@id":"https:\/\/ampersol.com\/hr\/trgovina\/stroji-in-orodja-hr\/industrijska-tehnika-hr\/dc-ispravljac-podesivo-laboratorijsko-napajanje-0-30v-0-5a\/#breadcrumb"},"inLanguage":"hr","potentialAction":[{"@type":"ReadAction","target":["https:\/\/ampersol.com\/hr\/trgovina\/stroji-in-orodja-hr\/industrijska-tehnika-hr\/dc-ispravljac-podesivo-laboratorijsko-napajanje-0-30v-0-5a\/"]}]},{"@type":"ImageObject","inLanguage":"hr","@id":"https:\/\/ampersol.com\/hr\/trgovina\/stroji-in-orodja-hr\/industrijska-tehnika-hr\/dc-ispravljac-podesivo-laboratorijsko-napajanje-0-30v-0-5a\/#primaryimage","url":"https:\/\/ampersol.com\/wp-content\/uploads\/2022\/06\/laser-500a.png","contentUrl":"https:\/\/ampersol.com\/wp-content\/uploads\/2022\/06\/laser-500a.png","width":409,"height":349},{"@type":"BreadcrumbList","@id":"https:\/\/ampersol.com\/hr\/trgovina\/stroji-in-orodja-hr\/industrijska-tehnika-hr\/dc-ispravljac-podesivo-laboratorijsko-napajanje-0-30v-0-5a\/#breadcrumb","itemListElement":[{"@type":"ListItem","position":1,"name":"Home","item":"https:\/\/ampersol.com\/hr\/"},{"@type":"ListItem","position":2,"name":"Trgovina","item":"https:\/\/ampersol.com\/hr\/trgovina\/"},{"@type":"ListItem","position":3,"name":"DC ispravlja\u010d &#8211; PODESIVO LABORATORIJSKO NAPAJANJE 0-30V 0-5A"}]},{"@type":"WebSite","@id":"https:\/\/ampersol.com\/hr\/#website","url":"https:\/\/ampersol.com\/hr\/","name":"Amper Sol d.o.o.","description":"Prodaja, servis in storitve","publisher":{"@id":"https:\/\/ampersol.com\/hr\/#organization"},"potentialAction":[{"@type":"SearchAction","target":{"@type":"EntryPoint","urlTemplate":"https:\/\/ampersol.com\/hr\/?s={search_term_string}"},"query-input":{"@type":"PropertyValueSpecification","valueRequired":true,"valueName":"search_term_string"}}],"inLanguage":"hr"},{"@type":"Organization","@id":"https:\/\/ampersol.com\/hr\/#organization","name":"Amper Sol d.o.o.","url":"https:\/\/ampersol.com\/hr\/","logo":{"@type":"ImageObject","inLanguage":"hr","@id":"https:\/\/ampersol.com\/hr\/#\/schema\/logo\/image\/","url":"https:\/\/ampersol.com\/wp-content\/uploads\/2022\/06\/cropped-deni-logo-1-303x71-1.png","contentUrl":"https:\/\/ampersol.com\/wp-content\/uploads\/2022\/06\/cropped-deni-logo-1-303x71-1.png","width":303,"height":71,"caption":"Amper Sol d.o.o."},"image":{"@id":"https:\/\/ampersol.com\/hr\/#\/schema\/logo\/image\/"}}]}},"_links":{"self":[{"href":"https:\/\/ampersol.com\/hr\/wp-json\/wp\/v2\/product\/3789","targetHints":{"allow":["GET"]}}],"collection":[{"href":"https:\/\/ampersol.com\/hr\/wp-json\/wp\/v2\/product"}],"about":[{"href":"https:\/\/ampersol.com\/hr\/wp-json\/wp\/v2\/types\/product"}],"replies":[{"embeddable":true,"href":"https:\/\/ampersol.com\/hr\/wp-json\/wp\/v2\/comments?post=3789"}],"wp:featuredmedia":[{"embeddable":true,"href":"https:\/\/ampersol.com\/hr\/wp-json\/wp\/v2\/media\/3790"}],"wp:attachment":[{"href":"https:\/\/ampersol.com\/hr\/wp-json\/wp\/v2\/media?parent=3789"}],"wp:term":[{"taxonomy":"product_cat","embeddable":true,"href":"https:\/\/ampersol.com\/hr\/wp-json\/wp\/v2\/product_cat?post=3789"},{"taxonomy":"product_tag","embeddable":true,"href":"https:\/\/ampersol.com\/hr\/wp-json\/wp\/v2\/product_tag?post=3789"}],"curies":[{"name":"wp","href":"https:\/\/api.w.org\/{rel}","templated":true}]}}