{"id":3776,"date":"2022-06-28T13:10:04","date_gmt":"2022-06-28T13:10:04","guid":{"rendered":"https:\/\/ampersol.com\/trgovina\/Bez kategorije\/frekventni-pretvarac-sako-3-faze-3-8a-1-5kw\/"},"modified":"2022-06-28T13:10:04","modified_gmt":"2022-06-28T13:10:04","slug":"frekventni-pretvarac-sako-3-faze-3-8a-1-5kw","status":"publish","type":"product","link":"https:\/\/ampersol.com\/hr\/trgovina\/stroji-in-orodja-hr\/industrijska-tehnika-hr\/frekventni-pretvarac-sako-3-faze-3-8a-1-5kw\/","title":{"rendered":"Frekventni pretvara\u010d SAKO 3 faze, 3.8A, 1.5kW"},"content":{"rendered":"","protected":false},"excerpt":{"rendered":"<p>Priznati i provjereni proizvo\u0111a\u010d industrijskih frekvencijskih pretvara\u010da SAKO.<\/p>\n<p>Tehni\u010dki detalji:<br \/>\n1. Inteligentno pode\u0161avanje parametara.<br \/>\n2. Niska frekvencija visokog momenta.<br \/>\n3. Vi\u0161esegmentna vo\u017enja.<br \/>\n4. Automatska regulacija napona.<br \/>\n5.RS485 komunikacija.<br \/>\n6. Niska razina buke.<br \/>\nZa\u0161tita:<br \/>\n1. Za\u0161tita od preoptere\u0107enja.<br \/>\n2. Za\u0161tita od pregrijavanja.<br \/>\n3. Za\u0161tita od prenapona.<br \/>\n4. Za\u0161tita od niskog napona.<br \/>\n5. Prekostrujna za\u0161tita.<br \/>\n6. Za\u0161tita od izgubljene faze.<br \/>\n7. Za\u0161tita od uzemljenja.<br \/>\n8. Za\u0161tita od kratkog spoja.<br \/>\n9. Za\u0161tita od zastoja &#8211; zastoja.<\/p>\n<p>&nbsp;<\/p>\n<p>&nbsp;<\/p>\n<p>&nbsp;<\/p>\n","protected":false},"featured_media":3777,"comment_status":"open","ping_status":"closed","template":"","meta":[],"product_cat":[372,359],"product_tag":[],"class_list":{"0":"post-3776","1":"product","2":"type-product","3":"status-publish","4":"has-post-thumbnail","6":"product_cat-industrijska-tehnika-hr","7":"product_cat-stroji-in-orodja-hr","9":"first","10":"instock","11":"taxable","12":"shipping-taxable","13":"purchasable","14":"product-type-simple"},"yoast_head":"<!-- This site is optimized with the Yoast SEO plugin v24.1 - https:\/\/yoast.com\/wordpress\/plugins\/seo\/ -->\n<title>Frekventni pretvara\u010d SAKO 3 faze, 3.8A, 1.5kW - Amper Sol d.o.o.<\/title>\n<meta name=\"robots\" content=\"index, follow, max-snippet:-1, max-image-preview:large, max-video-preview:-1\" \/>\n<link rel=\"canonical\" href=\"https:\/\/ampersol.com\/hr\/trgovina\/stroji-in-orodja-hr\/industrijska-tehnika-hr\/frekventni-pretvarac-sako-3-faze-3-8a-1-5kw\/\" \/>\n<meta property=\"og:locale\" content=\"hr_HR\" \/>\n<meta property=\"og:type\" content=\"article\" \/>\n<meta property=\"og:title\" content=\"Frekventni pretvara\u010d SAKO 3 faze, 3.8A, 1.5kW - Amper Sol d.o.o.\" \/>\n<meta property=\"og:description\" content=\"Priznati i provjereni proizvo\u0111a\u010d industrijskih frekvencijskih pretvara\u010da SAKO. Tehni\u010dki detalji: 1. Inteligentno pode\u0161avanje parametara. 2. Niska frekvencija visokog momenta. 3. Vi\u0161esegmentna vo\u017enja. 4. Automatska regulacija napona. 5.RS485 komunikacija. 6. Niska razina buke. Za\u0161tita: 1. Za\u0161tita od preoptere\u0107enja. 2. Za\u0161tita od pregrijavanja. 3. Za\u0161tita od prenapona. 4. Za\u0161tita od niskog napona. 5. Prekostrujna za\u0161tita. 6. Za\u0161tita od izgubljene faze. 7. Za\u0161tita od uzemljenja. 8. Za\u0161tita od kratkog spoja. 9. Za\u0161tita od zastoja - zastoja. &nbsp; &nbsp; &nbsp;\" \/>\n<meta property=\"og:url\" content=\"https:\/\/ampersol.com\/hr\/trgovina\/stroji-in-orodja-hr\/industrijska-tehnika-hr\/frekventni-pretvarac-sako-3-faze-3-8a-1-5kw\/\" \/>\n<meta property=\"og:site_name\" content=\"Amper Sol d.o.o.\" \/>\n<meta property=\"og:image\" content=\"https:\/\/ampersol.com\/wp-content\/uploads\/2022\/06\/sako2.png\" \/>\n\t<meta property=\"og:image:width\" content=\"561\" \/>\n\t<meta property=\"og:image:height\" content=\"612\" \/>\n\t<meta property=\"og:image:type\" content=\"image\/png\" \/>\n<meta name=\"twitter:card\" content=\"summary_large_image\" \/>\n<script type=\"application\/ld+json\" class=\"yoast-schema-graph\">{\"@context\":\"https:\/\/schema.org\",\"@graph\":[{\"@type\":\"WebPage\",\"@id\":\"https:\/\/ampersol.com\/hr\/trgovina\/stroji-in-orodja-hr\/industrijska-tehnika-hr\/frekventni-pretvarac-sako-3-faze-3-8a-1-5kw\/\",\"url\":\"https:\/\/ampersol.com\/hr\/trgovina\/stroji-in-orodja-hr\/industrijska-tehnika-hr\/frekventni-pretvarac-sako-3-faze-3-8a-1-5kw\/\",\"name\":\"Frekventni pretvara\u010d SAKO 3 faze, 3.8A, 1.5kW - Amper Sol d.o.o.\",\"isPartOf\":{\"@id\":\"https:\/\/ampersol.com\/hr\/#website\"},\"primaryImageOfPage\":{\"@id\":\"https:\/\/ampersol.com\/hr\/trgovina\/stroji-in-orodja-hr\/industrijska-tehnika-hr\/frekventni-pretvarac-sako-3-faze-3-8a-1-5kw\/#primaryimage\"},\"image\":{\"@id\":\"https:\/\/ampersol.com\/hr\/trgovina\/stroji-in-orodja-hr\/industrijska-tehnika-hr\/frekventni-pretvarac-sako-3-faze-3-8a-1-5kw\/#primaryimage\"},\"thumbnailUrl\":\"https:\/\/ampersol.com\/wp-content\/uploads\/2022\/06\/sako2.png\",\"datePublished\":\"2022-06-28T13:10:04+00:00\",\"dateModified\":\"2022-06-28T13:10:04+00:00\",\"breadcrumb\":{\"@id\":\"https:\/\/ampersol.com\/hr\/trgovina\/stroji-in-orodja-hr\/industrijska-tehnika-hr\/frekventni-pretvarac-sako-3-faze-3-8a-1-5kw\/#breadcrumb\"},\"inLanguage\":\"hr\",\"potentialAction\":[{\"@type\":\"ReadAction\",\"target\":[\"https:\/\/ampersol.com\/hr\/trgovina\/stroji-in-orodja-hr\/industrijska-tehnika-hr\/frekventni-pretvarac-sako-3-faze-3-8a-1-5kw\/\"]}]},{\"@type\":\"ImageObject\",\"inLanguage\":\"hr\",\"@id\":\"https:\/\/ampersol.com\/hr\/trgovina\/stroji-in-orodja-hr\/industrijska-tehnika-hr\/frekventni-pretvarac-sako-3-faze-3-8a-1-5kw\/#primaryimage\",\"url\":\"https:\/\/ampersol.com\/wp-content\/uploads\/2022\/06\/sako2.png\",\"contentUrl\":\"https:\/\/ampersol.com\/wp-content\/uploads\/2022\/06\/sako2.png\",\"width\":561,\"height\":612},{\"@type\":\"BreadcrumbList\",\"@id\":\"https:\/\/ampersol.com\/hr\/trgovina\/stroji-in-orodja-hr\/industrijska-tehnika-hr\/frekventni-pretvarac-sako-3-faze-3-8a-1-5kw\/#breadcrumb\",\"itemListElement\":[{\"@type\":\"ListItem\",\"position\":1,\"name\":\"Home\",\"item\":\"https:\/\/ampersol.com\/hr\/\"},{\"@type\":\"ListItem\",\"position\":2,\"name\":\"Trgovina\",\"item\":\"https:\/\/ampersol.com\/hr\/trgovina\/\"},{\"@type\":\"ListItem\",\"position\":3,\"name\":\"Frekventni pretvara\u010d SAKO 3 faze, 3.8A, 1.5kW\"}]},{\"@type\":\"WebSite\",\"@id\":\"https:\/\/ampersol.com\/hr\/#website\",\"url\":\"https:\/\/ampersol.com\/hr\/\",\"name\":\"Amper Sol d.o.o.\",\"description\":\"Prodaja, servis in storitve\",\"publisher\":{\"@id\":\"https:\/\/ampersol.com\/hr\/#organization\"},\"potentialAction\":[{\"@type\":\"SearchAction\",\"target\":{\"@type\":\"EntryPoint\",\"urlTemplate\":\"https:\/\/ampersol.com\/hr\/?s={search_term_string}\"},\"query-input\":{\"@type\":\"PropertyValueSpecification\",\"valueRequired\":true,\"valueName\":\"search_term_string\"}}],\"inLanguage\":\"hr\"},{\"@type\":\"Organization\",\"@id\":\"https:\/\/ampersol.com\/hr\/#organization\",\"name\":\"Amper Sol d.o.o.\",\"url\":\"https:\/\/ampersol.com\/hr\/\",\"logo\":{\"@type\":\"ImageObject\",\"inLanguage\":\"hr\",\"@id\":\"https:\/\/ampersol.com\/hr\/#\/schema\/logo\/image\/\",\"url\":\"https:\/\/ampersol.com\/wp-content\/uploads\/2022\/06\/cropped-deni-logo-1-303x71-1.png\",\"contentUrl\":\"https:\/\/ampersol.com\/wp-content\/uploads\/2022\/06\/cropped-deni-logo-1-303x71-1.png\",\"width\":303,\"height\":71,\"caption\":\"Amper Sol d.o.o.\"},\"image\":{\"@id\":\"https:\/\/ampersol.com\/hr\/#\/schema\/logo\/image\/\"}}]}<\/script>\n<!-- \/ Yoast SEO plugin. -->","yoast_head_json":{"title":"Frekventni pretvara\u010d SAKO 3 faze, 3.8A, 1.5kW - Amper Sol d.o.o.","robots":{"index":"index","follow":"follow","max-snippet":"max-snippet:-1","max-image-preview":"max-image-preview:large","max-video-preview":"max-video-preview:-1"},"canonical":"https:\/\/ampersol.com\/hr\/trgovina\/stroji-in-orodja-hr\/industrijska-tehnika-hr\/frekventni-pretvarac-sako-3-faze-3-8a-1-5kw\/","og_locale":"hr_HR","og_type":"article","og_title":"Frekventni pretvara\u010d SAKO 3 faze, 3.8A, 1.5kW - Amper Sol d.o.o.","og_description":"Priznati i provjereni proizvo\u0111a\u010d industrijskih frekvencijskih pretvara\u010da SAKO. Tehni\u010dki detalji: 1. Inteligentno pode\u0161avanje parametara. 2. Niska frekvencija visokog momenta. 3. Vi\u0161esegmentna vo\u017enja. 4. Automatska regulacija napona. 5.RS485 komunikacija. 6. Niska razina buke. Za\u0161tita: 1. Za\u0161tita od preoptere\u0107enja. 2. Za\u0161tita od pregrijavanja. 3. Za\u0161tita od prenapona. 4. Za\u0161tita od niskog napona. 5. Prekostrujna za\u0161tita. 6. Za\u0161tita od izgubljene faze. 7. Za\u0161tita od uzemljenja. 8. Za\u0161tita od kratkog spoja. 9. Za\u0161tita od zastoja - zastoja. &nbsp; &nbsp; &nbsp;","og_url":"https:\/\/ampersol.com\/hr\/trgovina\/stroji-in-orodja-hr\/industrijska-tehnika-hr\/frekventni-pretvarac-sako-3-faze-3-8a-1-5kw\/","og_site_name":"Amper Sol d.o.o.","og_image":[{"width":561,"height":612,"url":"https:\/\/ampersol.com\/wp-content\/uploads\/2022\/06\/sako2.png","type":"image\/png"}],"twitter_card":"summary_large_image","schema":{"@context":"https:\/\/schema.org","@graph":[{"@type":"WebPage","@id":"https:\/\/ampersol.com\/hr\/trgovina\/stroji-in-orodja-hr\/industrijska-tehnika-hr\/frekventni-pretvarac-sako-3-faze-3-8a-1-5kw\/","url":"https:\/\/ampersol.com\/hr\/trgovina\/stroji-in-orodja-hr\/industrijska-tehnika-hr\/frekventni-pretvarac-sako-3-faze-3-8a-1-5kw\/","name":"Frekventni pretvara\u010d SAKO 3 faze, 3.8A, 1.5kW - Amper Sol d.o.o.","isPartOf":{"@id":"https:\/\/ampersol.com\/hr\/#website"},"primaryImageOfPage":{"@id":"https:\/\/ampersol.com\/hr\/trgovina\/stroji-in-orodja-hr\/industrijska-tehnika-hr\/frekventni-pretvarac-sako-3-faze-3-8a-1-5kw\/#primaryimage"},"image":{"@id":"https:\/\/ampersol.com\/hr\/trgovina\/stroji-in-orodja-hr\/industrijska-tehnika-hr\/frekventni-pretvarac-sako-3-faze-3-8a-1-5kw\/#primaryimage"},"thumbnailUrl":"https:\/\/ampersol.com\/wp-content\/uploads\/2022\/06\/sako2.png","datePublished":"2022-06-28T13:10:04+00:00","dateModified":"2022-06-28T13:10:04+00:00","breadcrumb":{"@id":"https:\/\/ampersol.com\/hr\/trgovina\/stroji-in-orodja-hr\/industrijska-tehnika-hr\/frekventni-pretvarac-sako-3-faze-3-8a-1-5kw\/#breadcrumb"},"inLanguage":"hr","potentialAction":[{"@type":"ReadAction","target":["https:\/\/ampersol.com\/hr\/trgovina\/stroji-in-orodja-hr\/industrijska-tehnika-hr\/frekventni-pretvarac-sako-3-faze-3-8a-1-5kw\/"]}]},{"@type":"ImageObject","inLanguage":"hr","@id":"https:\/\/ampersol.com\/hr\/trgovina\/stroji-in-orodja-hr\/industrijska-tehnika-hr\/frekventni-pretvarac-sako-3-faze-3-8a-1-5kw\/#primaryimage","url":"https:\/\/ampersol.com\/wp-content\/uploads\/2022\/06\/sako2.png","contentUrl":"https:\/\/ampersol.com\/wp-content\/uploads\/2022\/06\/sako2.png","width":561,"height":612},{"@type":"BreadcrumbList","@id":"https:\/\/ampersol.com\/hr\/trgovina\/stroji-in-orodja-hr\/industrijska-tehnika-hr\/frekventni-pretvarac-sako-3-faze-3-8a-1-5kw\/#breadcrumb","itemListElement":[{"@type":"ListItem","position":1,"name":"Home","item":"https:\/\/ampersol.com\/hr\/"},{"@type":"ListItem","position":2,"name":"Trgovina","item":"https:\/\/ampersol.com\/hr\/trgovina\/"},{"@type":"ListItem","position":3,"name":"Frekventni pretvara\u010d SAKO 3 faze, 3.8A, 1.5kW"}]},{"@type":"WebSite","@id":"https:\/\/ampersol.com\/hr\/#website","url":"https:\/\/ampersol.com\/hr\/","name":"Amper Sol d.o.o.","description":"Prodaja, servis in storitve","publisher":{"@id":"https:\/\/ampersol.com\/hr\/#organization"},"potentialAction":[{"@type":"SearchAction","target":{"@type":"EntryPoint","urlTemplate":"https:\/\/ampersol.com\/hr\/?s={search_term_string}"},"query-input":{"@type":"PropertyValueSpecification","valueRequired":true,"valueName":"search_term_string"}}],"inLanguage":"hr"},{"@type":"Organization","@id":"https:\/\/ampersol.com\/hr\/#organization","name":"Amper Sol d.o.o.","url":"https:\/\/ampersol.com\/hr\/","logo":{"@type":"ImageObject","inLanguage":"hr","@id":"https:\/\/ampersol.com\/hr\/#\/schema\/logo\/image\/","url":"https:\/\/ampersol.com\/wp-content\/uploads\/2022\/06\/cropped-deni-logo-1-303x71-1.png","contentUrl":"https:\/\/ampersol.com\/wp-content\/uploads\/2022\/06\/cropped-deni-logo-1-303x71-1.png","width":303,"height":71,"caption":"Amper Sol d.o.o."},"image":{"@id":"https:\/\/ampersol.com\/hr\/#\/schema\/logo\/image\/"}}]}},"_links":{"self":[{"href":"https:\/\/ampersol.com\/hr\/wp-json\/wp\/v2\/product\/3776","targetHints":{"allow":["GET"]}}],"collection":[{"href":"https:\/\/ampersol.com\/hr\/wp-json\/wp\/v2\/product"}],"about":[{"href":"https:\/\/ampersol.com\/hr\/wp-json\/wp\/v2\/types\/product"}],"replies":[{"embeddable":true,"href":"https:\/\/ampersol.com\/hr\/wp-json\/wp\/v2\/comments?post=3776"}],"wp:featuredmedia":[{"embeddable":true,"href":"https:\/\/ampersol.com\/hr\/wp-json\/wp\/v2\/media\/3777"}],"wp:attachment":[{"href":"https:\/\/ampersol.com\/hr\/wp-json\/wp\/v2\/media?parent=3776"}],"wp:term":[{"taxonomy":"product_cat","embeddable":true,"href":"https:\/\/ampersol.com\/hr\/wp-json\/wp\/v2\/product_cat?post=3776"},{"taxonomy":"product_tag","embeddable":true,"href":"https:\/\/ampersol.com\/hr\/wp-json\/wp\/v2\/product_tag?post=3776"}],"curies":[{"name":"wp","href":"https:\/\/api.w.org\/{rel}","templated":true}]}}