{"id":3772,"date":"2022-06-28T13:09:15","date_gmt":"2022-06-28T13:09:15","guid":{"rendered":"https:\/\/ampersol.com\/trgovina\/Bez kategorije\/cnc-laserski-stroj-usb-40w-co2-laserski-graver-1gy01-0013-eu\/"},"modified":"2024-10-20T11:18:28","modified_gmt":"2024-10-20T11:18:28","slug":"cnc-laserski-stroj-usb-40w-co2-laserski-graver-1gy01-0013-eu","status":"publish","type":"product","link":"https:\/\/ampersol.com\/hr\/trgovina\/stroji-in-orodja-hr\/industrijska-tehnika-hr\/cnc-laserski-stroj-usb-40w-co2-laserski-graver-1gy01-0013-eu\/","title":{"rendered":"CNC LASERSKI STROJ USB 40W CO2 Laserski graver 1GY01-0013-EU"},"content":{"rendered":"<p>Na\u0161iroko se koristi u graviranju pe\u010data\/\u017eigova, elektroni\u010dkim proizvodima, darovima, odje\u0107i, ko\u017ei, igra\u010dkama, ra\u010dunalnim vezovima, pakiranju i tiskanju, izradi obu\u0107e, namje\u0161taju, reklamnoj industriji itd. Prikladno za gumu, plastiku, kristal, pleksiglas, akril, bambus i drvo, mramor, granit, keramiku, staklo, porculan, papir, odje\u0107u, proizvode od \u017eada, staklo, \u0161koljke i druge nemetalne materijale.<\/p>\n","protected":false},"excerpt":{"rendered":"<p>Snaga lasera: 40 W<br \/>\nVrsta lasera: CO2 laser (\u017eivotni vijek lasera 1500 sati)<br \/>\nNapajanje: AC220\u00b110% 50HZ\/AC 110\u00b110% 60HZ<br \/>\nRadna povr\u0161ina: 300mm\u00d7200mm<br \/>\nMaksimalna brzina lasera: 0&#8212;60000 mm\/min<br \/>\nRadni stol: ru\u010dno podesiv 50mm<br \/>\nPreciznost lasera: &lt;0,01 mm<br \/>\nMin. veli\u010dina gravure: 1&#215;1 mm<br \/>\nRadna temperatura: 5\u00b0C-35\u00b0C<br \/>\nRazlu\u010divost: \u22641000dpi<br \/>\nPrijenos podataka &#8211; veza: USB (offline)<br \/>\nOkru\u017eenje sustava: WINDOWS XP\/Vista\/win7\/win8<br \/>\nVodeno hla\u0111enje sa sigurnosnim sustavom (uronjiva pumpa)<br \/>\nPodr\u017eava datoteke: CoreDraw, photoshop, AutoCAD,<br \/>\nMo\u017ee prepoznati formate (BMP, GIF, JPEG, PCX, TGA, TIFF, PLT, CDR, DMG, DXF, PAT, CDT, CLK, DEX, CSL, CMX, AI, WPG, WMF, EMF, CGM, SVG, SVGZ , PCT, FMV, GEM, CMX)<br \/>\nKompatibilan je s programima: CorelDraw<br \/>\nMogu\u0107e rezanje materijala od 0,2 do 5 mm debljine (ovisno o materijalu)<br \/>\nDimenzije stroja: 800 x 500 x 260 mm<br \/>\nTe\u017eina stroja: 40 kg<br \/>\nJamstvo: vrijedi 12 mjeseci za stroj, 6 mjeseci za lasersku cijev, optiku i le\u0107u.<\/p>\n<p>Tehni\u010dki parametri:<\/p>\n<p>Snaga lasera: 40W<br \/>\nVrsta lasera: CO2 plin<br \/>\nStruja: 0~22mA<br \/>\nPokreta\u010d cijevi: 20KV<br \/>\nRadni napon cijevi: 15KV<br \/>\nPodru\u010dje graviranja: 12&#215;8 in (300&#215;200 mm)<br \/>\nCertifikati: CE<br \/>\nTip motora: Kora\u010dni motor<br \/>\nPotro\u0161nja energije: \u2264 250 W<br \/>\nSu\u010delje prema ra\u010dunalu: USB priklju\u010dak<br \/>\nNa\u010din hla\u0111enja: vodeno hla\u0111enje (vodena pumpa)<br \/>\nLaserska cijev (\u017eivotni vijek): 1000-1300 sati<br \/>\nBrzina graviranja: 0-19,68 in\u010da\/s (0-500 mm\/s)<br \/>\nBrzina rezanja: 0-15,74 in\u010da\/s (0-400 mm\/s)<br \/>\nRazlu\u010divost: 0,001 in (0,026 mm) \/ (1000 dpi)<br \/>\nPoni\u0161tavanje pozicioniranja: 0,01 mm \u22640,0004 in<br \/>\nPodr\u017eani grafi\u010dki format: BMP \/ JPG \/ JPEG \/ WMF \/ EMF \/ PLT<br \/>\nDimenzije proizvoda: 31,5 X 19,7 X 8 in. (800x500x200mm)<br \/>\nDimenzije paketa: 390x620x930mm<br \/>\nTe\u017eina proizvoda: 27 kg \/ 60 lb (dostava 30 kg \/ 67 lb)<\/p>\n<p>Pakiranje:<\/p>\n<p>1 x CO2 LASER<br \/>\n1 x engleski korisni\u010dki priru\u010dnik<br \/>\n1 x vodena pumpa<br \/>\n1 x dimna cijev<br \/>\n1 x ventilator dima<br \/>\n1 x kabel za napajanje<br \/>\n1 x USB kabel<br \/>\n1 x USB klju\u010d<br \/>\n1 x torba za pribor<br \/>\n1 x korisni\u010dki priru\u010dnik<\/p>\n<p>&nbsp;<\/p>\n<p>Rok isporuke 5-10 radnih dana.<\/p>\n","protected":false},"featured_media":3773,"comment_status":"open","ping_status":"closed","template":"","meta":[],"product_cat":[372,359],"product_tag":[],"class_list":{"0":"post-3772","1":"product","2":"type-product","3":"status-publish","4":"has-post-thumbnail","6":"product_cat-industrijska-tehnika-hr","7":"product_cat-stroji-in-orodja-hr","9":"first","10":"onbackorder","11":"taxable","12":"shipping-taxable","13":"purchasable","14":"product-type-simple"},"yoast_head":"<!-- This site is optimized with the Yoast SEO plugin v24.1 - https:\/\/yoast.com\/wordpress\/plugins\/seo\/ -->\n<title>CNC LASERSKI STROJ USB 40W CO2 Laserski graver 1GY01-0013-EU - Amper Sol d.o.o.<\/title>\n<meta name=\"robots\" content=\"index, follow, max-snippet:-1, max-image-preview:large, max-video-preview:-1\" \/>\n<link rel=\"canonical\" href=\"https:\/\/ampersol.com\/hr\/trgovina\/stroji-in-orodja-hr\/industrijska-tehnika-hr\/cnc-laserski-stroj-usb-40w-co2-laserski-graver-1gy01-0013-eu\/\" \/>\n<meta property=\"og:locale\" content=\"hr_HR\" \/>\n<meta property=\"og:type\" content=\"article\" \/>\n<meta property=\"og:title\" content=\"CNC LASERSKI STROJ USB 40W CO2 Laserski graver 1GY01-0013-EU - Amper Sol d.o.o.\" \/>\n<meta property=\"og:description\" content=\"Snaga lasera: 40 W Vrsta lasera: CO2 laser (\u017eivotni vijek lasera 1500 sati) Napajanje: AC220\u00b110% 50HZ\/AC 110\u00b110% 60HZ Radna povr\u0161ina: 300mm\u00d7200mm Maksimalna brzina lasera: 0---60000 mm\/min Radni stol: ru\u010dno podesiv 50mm Preciznost lasera: &lt;0,01 mm Min. veli\u010dina gravure: 1x1 mm Radna temperatura: 5\u00b0C-35\u00b0C Razlu\u010divost: \u22641000dpi Prijenos podataka - veza: USB (offline) Okru\u017eenje sustava: WINDOWS XP\/Vista\/win7\/win8 Vodeno hla\u0111enje sa sigurnosnim sustavom (uronjiva pumpa) Podr\u017eava datoteke: CoreDraw, photoshop, AutoCAD, Mo\u017ee prepoznati formate (BMP, GIF, JPEG, PCX, TGA, TIFF, PLT, CDR, DMG, DXF, PAT, CDT, CLK, DEX, CSL, CMX, AI, WPG, WMF, EMF, CGM, SVG, SVGZ , PCT, FMV, GEM, CMX) Kompatibilan je s programima: CorelDraw Mogu\u0107e rezanje materijala od 0,2 do 5 mm debljine (ovisno o materijalu) Dimenzije stroja: 800 x 500 x 260 mm Te\u017eina stroja: 40 kg Jamstvo: vrijedi 12 mjeseci za stroj, 6 mjeseci za lasersku cijev, optiku i le\u0107u. Tehni\u010dki parametri: Snaga lasera: 40W Vrsta lasera: CO2 plin Struja: 0~22mA Pokreta\u010d cijevi: 20KV Radni napon cijevi: 15KV Podru\u010dje graviranja: 12x8 in (300x200 mm) Certifikati: CE Tip motora: Kora\u010dni motor Potro\u0161nja energije: \u2264 250 W Su\u010delje prema ra\u010dunalu: USB priklju\u010dak Na\u010din hla\u0111enja: vodeno hla\u0111enje (vodena pumpa) Laserska cijev (\u017eivotni vijek): 1000-1300 sati Brzina graviranja: 0-19,68 in\u010da\/s (0-500 mm\/s) Brzina rezanja: 0-15,74 in\u010da\/s (0-400 mm\/s) Razlu\u010divost: 0,001 in (0,026 mm) \/ (1000 dpi) Poni\u0161tavanje pozicioniranja: 0,01 mm \u22640,0004 in Podr\u017eani grafi\u010dki format: BMP \/ JPG \/ JPEG \/ WMF \/ EMF \/ PLT Dimenzije proizvoda: 31,5 X 19,7 X 8 in. (800x500x200mm) Dimenzije paketa: 390x620x930mm Te\u017eina proizvoda: 27 kg \/ 60 lb (dostava 30 kg \/ 67 lb) Pakiranje: 1 x CO2 LASER 1 x engleski korisni\u010dki priru\u010dnik 1 x vodena pumpa 1 x dimna cijev 1 x ventilator dima 1 x kabel za napajanje 1 x USB kabel 1 x USB klju\u010d 1 x torba za pribor 1 x korisni\u010dki priru\u010dnik &nbsp; Rok isporuke 5-10 radnih dana.\" \/>\n<meta property=\"og:url\" content=\"https:\/\/ampersol.com\/hr\/trgovina\/stroji-in-orodja-hr\/industrijska-tehnika-hr\/cnc-laserski-stroj-usb-40w-co2-laserski-graver-1gy01-0013-eu\/\" \/>\n<meta property=\"og:site_name\" content=\"Amper Sol d.o.o.\" \/>\n<meta property=\"article:modified_time\" content=\"2024-10-20T11:18:28+00:00\" \/>\n<meta property=\"og:image\" content=\"https:\/\/ampersol.com\/wp-content\/uploads\/2022\/06\/laser-500a-1.png\" \/>\n\t<meta property=\"og:image:width\" content=\"953\" \/>\n\t<meta property=\"og:image:height\" content=\"801\" \/>\n\t<meta property=\"og:image:type\" content=\"image\/png\" \/>\n<meta name=\"twitter:card\" content=\"summary_large_image\" \/>\n<script type=\"application\/ld+json\" class=\"yoast-schema-graph\">{\"@context\":\"https:\/\/schema.org\",\"@graph\":[{\"@type\":\"WebPage\",\"@id\":\"https:\/\/ampersol.com\/hr\/trgovina\/stroji-in-orodja-hr\/industrijska-tehnika-hr\/cnc-laserski-stroj-usb-40w-co2-laserski-graver-1gy01-0013-eu\/\",\"url\":\"https:\/\/ampersol.com\/hr\/trgovina\/stroji-in-orodja-hr\/industrijska-tehnika-hr\/cnc-laserski-stroj-usb-40w-co2-laserski-graver-1gy01-0013-eu\/\",\"name\":\"CNC LASERSKI STROJ USB 40W CO2 Laserski graver 1GY01-0013-EU - Amper Sol d.o.o.\",\"isPartOf\":{\"@id\":\"https:\/\/ampersol.com\/hr\/#website\"},\"primaryImageOfPage\":{\"@id\":\"https:\/\/ampersol.com\/hr\/trgovina\/stroji-in-orodja-hr\/industrijska-tehnika-hr\/cnc-laserski-stroj-usb-40w-co2-laserski-graver-1gy01-0013-eu\/#primaryimage\"},\"image\":{\"@id\":\"https:\/\/ampersol.com\/hr\/trgovina\/stroji-in-orodja-hr\/industrijska-tehnika-hr\/cnc-laserski-stroj-usb-40w-co2-laserski-graver-1gy01-0013-eu\/#primaryimage\"},\"thumbnailUrl\":\"https:\/\/ampersol.com\/wp-content\/uploads\/2022\/06\/laser-500a-1.png\",\"datePublished\":\"2022-06-28T13:09:15+00:00\",\"dateModified\":\"2024-10-20T11:18:28+00:00\",\"breadcrumb\":{\"@id\":\"https:\/\/ampersol.com\/hr\/trgovina\/stroji-in-orodja-hr\/industrijska-tehnika-hr\/cnc-laserski-stroj-usb-40w-co2-laserski-graver-1gy01-0013-eu\/#breadcrumb\"},\"inLanguage\":\"hr\",\"potentialAction\":[{\"@type\":\"ReadAction\",\"target\":[\"https:\/\/ampersol.com\/hr\/trgovina\/stroji-in-orodja-hr\/industrijska-tehnika-hr\/cnc-laserski-stroj-usb-40w-co2-laserski-graver-1gy01-0013-eu\/\"]}]},{\"@type\":\"ImageObject\",\"inLanguage\":\"hr\",\"@id\":\"https:\/\/ampersol.com\/hr\/trgovina\/stroji-in-orodja-hr\/industrijska-tehnika-hr\/cnc-laserski-stroj-usb-40w-co2-laserski-graver-1gy01-0013-eu\/#primaryimage\",\"url\":\"https:\/\/ampersol.com\/wp-content\/uploads\/2022\/06\/laser-500a-1.png\",\"contentUrl\":\"https:\/\/ampersol.com\/wp-content\/uploads\/2022\/06\/laser-500a-1.png\",\"width\":953,\"height\":801},{\"@type\":\"BreadcrumbList\",\"@id\":\"https:\/\/ampersol.com\/hr\/trgovina\/stroji-in-orodja-hr\/industrijska-tehnika-hr\/cnc-laserski-stroj-usb-40w-co2-laserski-graver-1gy01-0013-eu\/#breadcrumb\",\"itemListElement\":[{\"@type\":\"ListItem\",\"position\":1,\"name\":\"Home\",\"item\":\"https:\/\/ampersol.com\/hr\/\"},{\"@type\":\"ListItem\",\"position\":2,\"name\":\"Trgovina\",\"item\":\"https:\/\/ampersol.com\/hr\/trgovina\/\"},{\"@type\":\"ListItem\",\"position\":3,\"name\":\"CNC LASERSKI STROJ USB 40W CO2 Laserski graver 1GY01-0013-EU\"}]},{\"@type\":\"WebSite\",\"@id\":\"https:\/\/ampersol.com\/hr\/#website\",\"url\":\"https:\/\/ampersol.com\/hr\/\",\"name\":\"Amper Sol d.o.o.\",\"description\":\"Prodaja, servis in storitve\",\"publisher\":{\"@id\":\"https:\/\/ampersol.com\/hr\/#organization\"},\"potentialAction\":[{\"@type\":\"SearchAction\",\"target\":{\"@type\":\"EntryPoint\",\"urlTemplate\":\"https:\/\/ampersol.com\/hr\/?s={search_term_string}\"},\"query-input\":{\"@type\":\"PropertyValueSpecification\",\"valueRequired\":true,\"valueName\":\"search_term_string\"}}],\"inLanguage\":\"hr\"},{\"@type\":\"Organization\",\"@id\":\"https:\/\/ampersol.com\/hr\/#organization\",\"name\":\"Amper Sol d.o.o.\",\"url\":\"https:\/\/ampersol.com\/hr\/\",\"logo\":{\"@type\":\"ImageObject\",\"inLanguage\":\"hr\",\"@id\":\"https:\/\/ampersol.com\/hr\/#\/schema\/logo\/image\/\",\"url\":\"https:\/\/ampersol.com\/wp-content\/uploads\/2022\/06\/cropped-deni-logo-1-303x71-1.png\",\"contentUrl\":\"https:\/\/ampersol.com\/wp-content\/uploads\/2022\/06\/cropped-deni-logo-1-303x71-1.png\",\"width\":303,\"height\":71,\"caption\":\"Amper Sol d.o.o.\"},\"image\":{\"@id\":\"https:\/\/ampersol.com\/hr\/#\/schema\/logo\/image\/\"}}]}<\/script>\n<!-- \/ Yoast SEO plugin. -->","yoast_head_json":{"title":"CNC LASERSKI STROJ USB 40W CO2 Laserski graver 1GY01-0013-EU - Amper Sol d.o.o.","robots":{"index":"index","follow":"follow","max-snippet":"max-snippet:-1","max-image-preview":"max-image-preview:large","max-video-preview":"max-video-preview:-1"},"canonical":"https:\/\/ampersol.com\/hr\/trgovina\/stroji-in-orodja-hr\/industrijska-tehnika-hr\/cnc-laserski-stroj-usb-40w-co2-laserski-graver-1gy01-0013-eu\/","og_locale":"hr_HR","og_type":"article","og_title":"CNC LASERSKI STROJ USB 40W CO2 Laserski graver 1GY01-0013-EU - Amper Sol d.o.o.","og_description":"Snaga lasera: 40 W Vrsta lasera: CO2 laser (\u017eivotni vijek lasera 1500 sati) Napajanje: AC220\u00b110% 50HZ\/AC 110\u00b110% 60HZ Radna povr\u0161ina: 300mm\u00d7200mm Maksimalna brzina lasera: 0---60000 mm\/min Radni stol: ru\u010dno podesiv 50mm Preciznost lasera: &lt;0,01 mm Min. veli\u010dina gravure: 1x1 mm Radna temperatura: 5\u00b0C-35\u00b0C Razlu\u010divost: \u22641000dpi Prijenos podataka - veza: USB (offline) Okru\u017eenje sustava: WINDOWS XP\/Vista\/win7\/win8 Vodeno hla\u0111enje sa sigurnosnim sustavom (uronjiva pumpa) Podr\u017eava datoteke: CoreDraw, photoshop, AutoCAD, Mo\u017ee prepoznati formate (BMP, GIF, JPEG, PCX, TGA, TIFF, PLT, CDR, DMG, DXF, PAT, CDT, CLK, DEX, CSL, CMX, AI, WPG, WMF, EMF, CGM, SVG, SVGZ , PCT, FMV, GEM, CMX) Kompatibilan je s programima: CorelDraw Mogu\u0107e rezanje materijala od 0,2 do 5 mm debljine (ovisno o materijalu) Dimenzije stroja: 800 x 500 x 260 mm Te\u017eina stroja: 40 kg Jamstvo: vrijedi 12 mjeseci za stroj, 6 mjeseci za lasersku cijev, optiku i le\u0107u. Tehni\u010dki parametri: Snaga lasera: 40W Vrsta lasera: CO2 plin Struja: 0~22mA Pokreta\u010d cijevi: 20KV Radni napon cijevi: 15KV Podru\u010dje graviranja: 12x8 in (300x200 mm) Certifikati: CE Tip motora: Kora\u010dni motor Potro\u0161nja energije: \u2264 250 W Su\u010delje prema ra\u010dunalu: USB priklju\u010dak Na\u010din hla\u0111enja: vodeno hla\u0111enje (vodena pumpa) Laserska cijev (\u017eivotni vijek): 1000-1300 sati Brzina graviranja: 0-19,68 in\u010da\/s (0-500 mm\/s) Brzina rezanja: 0-15,74 in\u010da\/s (0-400 mm\/s) Razlu\u010divost: 0,001 in (0,026 mm) \/ (1000 dpi) Poni\u0161tavanje pozicioniranja: 0,01 mm \u22640,0004 in Podr\u017eani grafi\u010dki format: BMP \/ JPG \/ JPEG \/ WMF \/ EMF \/ PLT Dimenzije proizvoda: 31,5 X 19,7 X 8 in. (800x500x200mm) Dimenzije paketa: 390x620x930mm Te\u017eina proizvoda: 27 kg \/ 60 lb (dostava 30 kg \/ 67 lb) Pakiranje: 1 x CO2 LASER 1 x engleski korisni\u010dki priru\u010dnik 1 x vodena pumpa 1 x dimna cijev 1 x ventilator dima 1 x kabel za napajanje 1 x USB kabel 1 x USB klju\u010d 1 x torba za pribor 1 x korisni\u010dki priru\u010dnik &nbsp; Rok isporuke 5-10 radnih dana.","og_url":"https:\/\/ampersol.com\/hr\/trgovina\/stroji-in-orodja-hr\/industrijska-tehnika-hr\/cnc-laserski-stroj-usb-40w-co2-laserski-graver-1gy01-0013-eu\/","og_site_name":"Amper Sol d.o.o.","article_modified_time":"2024-10-20T11:18:28+00:00","og_image":[{"width":953,"height":801,"url":"https:\/\/ampersol.com\/wp-content\/uploads\/2022\/06\/laser-500a-1.png","type":"image\/png"}],"twitter_card":"summary_large_image","schema":{"@context":"https:\/\/schema.org","@graph":[{"@type":"WebPage","@id":"https:\/\/ampersol.com\/hr\/trgovina\/stroji-in-orodja-hr\/industrijska-tehnika-hr\/cnc-laserski-stroj-usb-40w-co2-laserski-graver-1gy01-0013-eu\/","url":"https:\/\/ampersol.com\/hr\/trgovina\/stroji-in-orodja-hr\/industrijska-tehnika-hr\/cnc-laserski-stroj-usb-40w-co2-laserski-graver-1gy01-0013-eu\/","name":"CNC LASERSKI STROJ USB 40W CO2 Laserski graver 1GY01-0013-EU - Amper Sol d.o.o.","isPartOf":{"@id":"https:\/\/ampersol.com\/hr\/#website"},"primaryImageOfPage":{"@id":"https:\/\/ampersol.com\/hr\/trgovina\/stroji-in-orodja-hr\/industrijska-tehnika-hr\/cnc-laserski-stroj-usb-40w-co2-laserski-graver-1gy01-0013-eu\/#primaryimage"},"image":{"@id":"https:\/\/ampersol.com\/hr\/trgovina\/stroji-in-orodja-hr\/industrijska-tehnika-hr\/cnc-laserski-stroj-usb-40w-co2-laserski-graver-1gy01-0013-eu\/#primaryimage"},"thumbnailUrl":"https:\/\/ampersol.com\/wp-content\/uploads\/2022\/06\/laser-500a-1.png","datePublished":"2022-06-28T13:09:15+00:00","dateModified":"2024-10-20T11:18:28+00:00","breadcrumb":{"@id":"https:\/\/ampersol.com\/hr\/trgovina\/stroji-in-orodja-hr\/industrijska-tehnika-hr\/cnc-laserski-stroj-usb-40w-co2-laserski-graver-1gy01-0013-eu\/#breadcrumb"},"inLanguage":"hr","potentialAction":[{"@type":"ReadAction","target":["https:\/\/ampersol.com\/hr\/trgovina\/stroji-in-orodja-hr\/industrijska-tehnika-hr\/cnc-laserski-stroj-usb-40w-co2-laserski-graver-1gy01-0013-eu\/"]}]},{"@type":"ImageObject","inLanguage":"hr","@id":"https:\/\/ampersol.com\/hr\/trgovina\/stroji-in-orodja-hr\/industrijska-tehnika-hr\/cnc-laserski-stroj-usb-40w-co2-laserski-graver-1gy01-0013-eu\/#primaryimage","url":"https:\/\/ampersol.com\/wp-content\/uploads\/2022\/06\/laser-500a-1.png","contentUrl":"https:\/\/ampersol.com\/wp-content\/uploads\/2022\/06\/laser-500a-1.png","width":953,"height":801},{"@type":"BreadcrumbList","@id":"https:\/\/ampersol.com\/hr\/trgovina\/stroji-in-orodja-hr\/industrijska-tehnika-hr\/cnc-laserski-stroj-usb-40w-co2-laserski-graver-1gy01-0013-eu\/#breadcrumb","itemListElement":[{"@type":"ListItem","position":1,"name":"Home","item":"https:\/\/ampersol.com\/hr\/"},{"@type":"ListItem","position":2,"name":"Trgovina","item":"https:\/\/ampersol.com\/hr\/trgovina\/"},{"@type":"ListItem","position":3,"name":"CNC LASERSKI STROJ USB 40W CO2 Laserski graver 1GY01-0013-EU"}]},{"@type":"WebSite","@id":"https:\/\/ampersol.com\/hr\/#website","url":"https:\/\/ampersol.com\/hr\/","name":"Amper Sol d.o.o.","description":"Prodaja, servis in storitve","publisher":{"@id":"https:\/\/ampersol.com\/hr\/#organization"},"potentialAction":[{"@type":"SearchAction","target":{"@type":"EntryPoint","urlTemplate":"https:\/\/ampersol.com\/hr\/?s={search_term_string}"},"query-input":{"@type":"PropertyValueSpecification","valueRequired":true,"valueName":"search_term_string"}}],"inLanguage":"hr"},{"@type":"Organization","@id":"https:\/\/ampersol.com\/hr\/#organization","name":"Amper Sol d.o.o.","url":"https:\/\/ampersol.com\/hr\/","logo":{"@type":"ImageObject","inLanguage":"hr","@id":"https:\/\/ampersol.com\/hr\/#\/schema\/logo\/image\/","url":"https:\/\/ampersol.com\/wp-content\/uploads\/2022\/06\/cropped-deni-logo-1-303x71-1.png","contentUrl":"https:\/\/ampersol.com\/wp-content\/uploads\/2022\/06\/cropped-deni-logo-1-303x71-1.png","width":303,"height":71,"caption":"Amper Sol d.o.o."},"image":{"@id":"https:\/\/ampersol.com\/hr\/#\/schema\/logo\/image\/"}}]}},"_links":{"self":[{"href":"https:\/\/ampersol.com\/hr\/wp-json\/wp\/v2\/product\/3772","targetHints":{"allow":["GET"]}}],"collection":[{"href":"https:\/\/ampersol.com\/hr\/wp-json\/wp\/v2\/product"}],"about":[{"href":"https:\/\/ampersol.com\/hr\/wp-json\/wp\/v2\/types\/product"}],"replies":[{"embeddable":true,"href":"https:\/\/ampersol.com\/hr\/wp-json\/wp\/v2\/comments?post=3772"}],"wp:featuredmedia":[{"embeddable":true,"href":"https:\/\/ampersol.com\/hr\/wp-json\/wp\/v2\/media\/3773"}],"wp:attachment":[{"href":"https:\/\/ampersol.com\/hr\/wp-json\/wp\/v2\/media?parent=3772"}],"wp:term":[{"taxonomy":"product_cat","embeddable":true,"href":"https:\/\/ampersol.com\/hr\/wp-json\/wp\/v2\/product_cat?post=3772"},{"taxonomy":"product_tag","embeddable":true,"href":"https:\/\/ampersol.com\/hr\/wp-json\/wp\/v2\/product_tag?post=3772"}],"curies":[{"name":"wp","href":"https:\/\/api.w.org\/{rel}","templated":true}]}}