{"id":3770,"date":"2022-06-28T13:09:39","date_gmt":"2022-06-28T13:09:39","guid":{"rendered":"https:\/\/ampersol.com\/trgovina\/Bez kategorije\/opticka-nibela-bosch-gol-32-d-professional\/"},"modified":"2022-06-28T13:09:39","modified_gmt":"2022-06-28T13:09:39","slug":"opticka-nibela-bosch-gol-32-d-professional","status":"publish","type":"product","link":"https:\/\/ampersol.com\/hr\/trgovina\/stroji-in-orodja-hr\/tehnika-mjerenja\/opticka-nibela-bosch-gol-32-d-professional\/","title":{"rendered":"Opti\u010dka nibela BOSCH GOL 32 D Professional"},"content":{"rendered":"","protected":false},"excerpt":{"rendered":"<div class=\"row\">\n<div class=\"col-xs-12\">\n<div class=\"headline hl1\">\n<div class=\"col-md-6\">\n<div class=\"m-product_hightlights__content-wrapper\">\n<h5 class=\"headline hl4\">Robustan i pouzdan &#8211; optimalan za vanjsku upotrebu<\/h5>\n<p>&nbsp;<\/p>\n<ul class=\"m-product_hightlights__list\">\n<li>Zahvaljuju\u0107i robusnom ku\u0107i\u0161tu sa za\u0161titom od pra\u0161ine i prskanja (IP 54), idealni su za vanjsku upotrebu<\/li>\n<li>Objektiv dobre svjetline za o\u0161tru sliku mete<\/li>\n<li>Pri\u010dvr\u0161\u0107ivanje kompenzatora omogu\u0107uje siguran transport<\/li>\n<\/ul>\n<\/div>\n<\/div>\n<p>Tehni\u010dke informacije<\/p><\/div>\n<\/div>\n<\/div>\n<div class=\"row\">\n<div class=\"col-lg-8 col-xs-12\">\n<table class=\"table\">\n<colgroup>\n<col class=\"col-xs-5\">\n<col class=\"col-xs-3\"> <\/colgroup>\n<thead>\n<tr>\n<th class=\"headline hl4\" colspan=\"2\">Dodatni podaci<\/th>\n<\/tr>\n<\/thead>\n<tbody>\n<tr>\n<td>To\u010dnost niveliranja<\/td>\n<td>\u00b1 1 mm na 30 m<\/td>\n<\/tr>\n<tr>\n<td>Jedinica mjere<\/td>\n<td>360 stupnjeva<\/td>\n<\/tr>\n<tr>\n<td>Pove\u0107anje<\/td>\n<td>32 x<\/td>\n<\/tr>\n<tr>\n<td>Radni prostor<\/td>\n<td>120 m<\/td>\n<\/tr>\n<tr>\n<td>Radna temperatura<\/td>\n<td>-10 \u2013 50 \u00b0C<\/td>\n<\/tr>\n<tr>\n<td>Temperatura skladi\u0161tenja<\/td>\n<td>-20 \u2013 70 \u00b0C<\/td>\n<\/tr>\n<tr>\n<td>Za\u0161tita od pra\u0161ine i prskanja<\/td>\n<td>IP 54<\/td>\n<\/tr>\n<tr>\n<td>Konac postolja<\/td>\n<td>5\/8&#8243;<\/td>\n<\/tr>\n<tr>\n<td>Te\u017eina, cca.<\/td>\n<td>1,5 kg<\/td>\n<\/tr>\n<tr>\n<td>Radni prostor, vrijednost<\/td>\n<td>120 m<\/td>\n<\/tr>\n<\/tbody>\n<\/table>\n<\/div>\n<\/div>\n","protected":false},"featured_media":3771,"comment_status":"open","ping_status":"closed","template":"","meta":[],"product_cat":[359,358],"product_tag":[],"class_list":{"0":"post-3770","1":"product","2":"type-product","3":"status-publish","4":"has-post-thumbnail","6":"product_cat-stroji-in-orodja-hr","7":"product_cat-tehnika-mjerenja","9":"first","10":"instock","11":"taxable","12":"shipping-taxable","13":"purchasable","14":"product-type-simple"},"yoast_head":"<!-- This site is optimized with the Yoast SEO plugin v24.1 - https:\/\/yoast.com\/wordpress\/plugins\/seo\/ -->\n<title>Opti\u010dka nibela BOSCH GOL 32 D Professional - Amper Sol d.o.o.<\/title>\n<meta name=\"robots\" content=\"index, follow, max-snippet:-1, max-image-preview:large, max-video-preview:-1\" \/>\n<link rel=\"canonical\" href=\"https:\/\/ampersol.com\/hr\/trgovina\/stroji-in-orodja-hr\/tehnika-mjerenja\/opticka-nibela-bosch-gol-32-d-professional\/\" \/>\n<meta property=\"og:locale\" content=\"hr_HR\" \/>\n<meta property=\"og:type\" content=\"article\" \/>\n<meta property=\"og:title\" content=\"Opti\u010dka nibela BOSCH GOL 32 D Professional - Amper Sol d.o.o.\" \/>\n<meta property=\"og:description\" content=\"Robustan i pouzdan - optimalan za vanjsku upotrebu &nbsp;  Zahvaljuju\u0107i robusnom ku\u0107i\u0161tu sa za\u0161titom od pra\u0161ine i prskanja (IP 54), idealni su za vanjsku upotrebu  Objektiv dobre svjetline za o\u0161tru sliku mete  Pri\u010dvr\u0161\u0107ivanje kompenzatora omogu\u0107uje siguran transport  Tehni\u010dke informacije      Dodatni podaci   To\u010dnost niveliranja \u00b1 1 mm na 30 m  Jedinica mjere 360 stupnjeva  Pove\u0107anje 32 x  Radni prostor 120 m  Radna temperatura -10 \u2013 50 \u00b0C  Temperatura skladi\u0161tenja -20 \u2013 70 \u00b0C  Za\u0161tita od pra\u0161ine i prskanja IP 54  Konac postolja 5\/8&quot;  Te\u017eina, cca. 1,5 kg  Radni prostor, vrijednost 120 m\" \/>\n<meta property=\"og:url\" content=\"https:\/\/ampersol.com\/hr\/trgovina\/stroji-in-orodja-hr\/tehnika-mjerenja\/opticka-nibela-bosch-gol-32-d-professional\/\" \/>\n<meta property=\"og:site_name\" content=\"Amper Sol d.o.o.\" \/>\n<meta property=\"og:image\" content=\"https:\/\/ampersol.com\/wp-content\/uploads\/2022\/06\/bosch1.png\" \/>\n\t<meta property=\"og:image:width\" content=\"506\" \/>\n\t<meta property=\"og:image:height\" content=\"489\" \/>\n\t<meta property=\"og:image:type\" content=\"image\/png\" \/>\n<meta name=\"twitter:card\" content=\"summary_large_image\" \/>\n<script type=\"application\/ld+json\" class=\"yoast-schema-graph\">{\"@context\":\"https:\/\/schema.org\",\"@graph\":[{\"@type\":\"WebPage\",\"@id\":\"https:\/\/ampersol.com\/hr\/trgovina\/stroji-in-orodja-hr\/tehnika-mjerenja\/opticka-nibela-bosch-gol-32-d-professional\/\",\"url\":\"https:\/\/ampersol.com\/hr\/trgovina\/stroji-in-orodja-hr\/tehnika-mjerenja\/opticka-nibela-bosch-gol-32-d-professional\/\",\"name\":\"Opti\u010dka nibela BOSCH GOL 32 D Professional - Amper Sol d.o.o.\",\"isPartOf\":{\"@id\":\"https:\/\/ampersol.com\/hr\/#website\"},\"primaryImageOfPage\":{\"@id\":\"https:\/\/ampersol.com\/hr\/trgovina\/stroji-in-orodja-hr\/tehnika-mjerenja\/opticka-nibela-bosch-gol-32-d-professional\/#primaryimage\"},\"image\":{\"@id\":\"https:\/\/ampersol.com\/hr\/trgovina\/stroji-in-orodja-hr\/tehnika-mjerenja\/opticka-nibela-bosch-gol-32-d-professional\/#primaryimage\"},\"thumbnailUrl\":\"https:\/\/ampersol.com\/wp-content\/uploads\/2022\/06\/bosch1.png\",\"datePublished\":\"2022-06-28T13:09:39+00:00\",\"dateModified\":\"2022-06-28T13:09:39+00:00\",\"breadcrumb\":{\"@id\":\"https:\/\/ampersol.com\/hr\/trgovina\/stroji-in-orodja-hr\/tehnika-mjerenja\/opticka-nibela-bosch-gol-32-d-professional\/#breadcrumb\"},\"inLanguage\":\"hr\",\"potentialAction\":[{\"@type\":\"ReadAction\",\"target\":[\"https:\/\/ampersol.com\/hr\/trgovina\/stroji-in-orodja-hr\/tehnika-mjerenja\/opticka-nibela-bosch-gol-32-d-professional\/\"]}]},{\"@type\":\"ImageObject\",\"inLanguage\":\"hr\",\"@id\":\"https:\/\/ampersol.com\/hr\/trgovina\/stroji-in-orodja-hr\/tehnika-mjerenja\/opticka-nibela-bosch-gol-32-d-professional\/#primaryimage\",\"url\":\"https:\/\/ampersol.com\/wp-content\/uploads\/2022\/06\/bosch1.png\",\"contentUrl\":\"https:\/\/ampersol.com\/wp-content\/uploads\/2022\/06\/bosch1.png\",\"width\":506,\"height\":489},{\"@type\":\"BreadcrumbList\",\"@id\":\"https:\/\/ampersol.com\/hr\/trgovina\/stroji-in-orodja-hr\/tehnika-mjerenja\/opticka-nibela-bosch-gol-32-d-professional\/#breadcrumb\",\"itemListElement\":[{\"@type\":\"ListItem\",\"position\":1,\"name\":\"Home\",\"item\":\"https:\/\/ampersol.com\/hr\/\"},{\"@type\":\"ListItem\",\"position\":2,\"name\":\"Trgovina\",\"item\":\"https:\/\/ampersol.com\/hr\/trgovina\/\"},{\"@type\":\"ListItem\",\"position\":3,\"name\":\"Opti\u010dka nibela BOSCH GOL 32 D Professional\"}]},{\"@type\":\"WebSite\",\"@id\":\"https:\/\/ampersol.com\/hr\/#website\",\"url\":\"https:\/\/ampersol.com\/hr\/\",\"name\":\"Amper Sol d.o.o.\",\"description\":\"Prodaja, servis in storitve\",\"publisher\":{\"@id\":\"https:\/\/ampersol.com\/hr\/#organization\"},\"potentialAction\":[{\"@type\":\"SearchAction\",\"target\":{\"@type\":\"EntryPoint\",\"urlTemplate\":\"https:\/\/ampersol.com\/hr\/?s={search_term_string}\"},\"query-input\":{\"@type\":\"PropertyValueSpecification\",\"valueRequired\":true,\"valueName\":\"search_term_string\"}}],\"inLanguage\":\"hr\"},{\"@type\":\"Organization\",\"@id\":\"https:\/\/ampersol.com\/hr\/#organization\",\"name\":\"Amper Sol d.o.o.\",\"url\":\"https:\/\/ampersol.com\/hr\/\",\"logo\":{\"@type\":\"ImageObject\",\"inLanguage\":\"hr\",\"@id\":\"https:\/\/ampersol.com\/hr\/#\/schema\/logo\/image\/\",\"url\":\"https:\/\/ampersol.com\/wp-content\/uploads\/2022\/06\/cropped-deni-logo-1-303x71-1.png\",\"contentUrl\":\"https:\/\/ampersol.com\/wp-content\/uploads\/2022\/06\/cropped-deni-logo-1-303x71-1.png\",\"width\":303,\"height\":71,\"caption\":\"Amper Sol d.o.o.\"},\"image\":{\"@id\":\"https:\/\/ampersol.com\/hr\/#\/schema\/logo\/image\/\"}}]}<\/script>\n<!-- \/ Yoast SEO plugin. -->","yoast_head_json":{"title":"Opti\u010dka nibela BOSCH GOL 32 D Professional - Amper Sol d.o.o.","robots":{"index":"index","follow":"follow","max-snippet":"max-snippet:-1","max-image-preview":"max-image-preview:large","max-video-preview":"max-video-preview:-1"},"canonical":"https:\/\/ampersol.com\/hr\/trgovina\/stroji-in-orodja-hr\/tehnika-mjerenja\/opticka-nibela-bosch-gol-32-d-professional\/","og_locale":"hr_HR","og_type":"article","og_title":"Opti\u010dka nibela BOSCH GOL 32 D Professional - Amper Sol d.o.o.","og_description":"Robustan i pouzdan - optimalan za vanjsku upotrebu &nbsp;  Zahvaljuju\u0107i robusnom ku\u0107i\u0161tu sa za\u0161titom od pra\u0161ine i prskanja (IP 54), idealni su za vanjsku upotrebu  Objektiv dobre svjetline za o\u0161tru sliku mete  Pri\u010dvr\u0161\u0107ivanje kompenzatora omogu\u0107uje siguran transport  Tehni\u010dke informacije      Dodatni podaci   To\u010dnost niveliranja \u00b1 1 mm na 30 m  Jedinica mjere 360 stupnjeva  Pove\u0107anje 32 x  Radni prostor 120 m  Radna temperatura -10 \u2013 50 \u00b0C  Temperatura skladi\u0161tenja -20 \u2013 70 \u00b0C  Za\u0161tita od pra\u0161ine i prskanja IP 54  Konac postolja 5\/8\"  Te\u017eina, cca. 1,5 kg  Radni prostor, vrijednost 120 m","og_url":"https:\/\/ampersol.com\/hr\/trgovina\/stroji-in-orodja-hr\/tehnika-mjerenja\/opticka-nibela-bosch-gol-32-d-professional\/","og_site_name":"Amper Sol d.o.o.","og_image":[{"width":506,"height":489,"url":"https:\/\/ampersol.com\/wp-content\/uploads\/2022\/06\/bosch1.png","type":"image\/png"}],"twitter_card":"summary_large_image","schema":{"@context":"https:\/\/schema.org","@graph":[{"@type":"WebPage","@id":"https:\/\/ampersol.com\/hr\/trgovina\/stroji-in-orodja-hr\/tehnika-mjerenja\/opticka-nibela-bosch-gol-32-d-professional\/","url":"https:\/\/ampersol.com\/hr\/trgovina\/stroji-in-orodja-hr\/tehnika-mjerenja\/opticka-nibela-bosch-gol-32-d-professional\/","name":"Opti\u010dka nibela BOSCH GOL 32 D Professional - Amper Sol d.o.o.","isPartOf":{"@id":"https:\/\/ampersol.com\/hr\/#website"},"primaryImageOfPage":{"@id":"https:\/\/ampersol.com\/hr\/trgovina\/stroji-in-orodja-hr\/tehnika-mjerenja\/opticka-nibela-bosch-gol-32-d-professional\/#primaryimage"},"image":{"@id":"https:\/\/ampersol.com\/hr\/trgovina\/stroji-in-orodja-hr\/tehnika-mjerenja\/opticka-nibela-bosch-gol-32-d-professional\/#primaryimage"},"thumbnailUrl":"https:\/\/ampersol.com\/wp-content\/uploads\/2022\/06\/bosch1.png","datePublished":"2022-06-28T13:09:39+00:00","dateModified":"2022-06-28T13:09:39+00:00","breadcrumb":{"@id":"https:\/\/ampersol.com\/hr\/trgovina\/stroji-in-orodja-hr\/tehnika-mjerenja\/opticka-nibela-bosch-gol-32-d-professional\/#breadcrumb"},"inLanguage":"hr","potentialAction":[{"@type":"ReadAction","target":["https:\/\/ampersol.com\/hr\/trgovina\/stroji-in-orodja-hr\/tehnika-mjerenja\/opticka-nibela-bosch-gol-32-d-professional\/"]}]},{"@type":"ImageObject","inLanguage":"hr","@id":"https:\/\/ampersol.com\/hr\/trgovina\/stroji-in-orodja-hr\/tehnika-mjerenja\/opticka-nibela-bosch-gol-32-d-professional\/#primaryimage","url":"https:\/\/ampersol.com\/wp-content\/uploads\/2022\/06\/bosch1.png","contentUrl":"https:\/\/ampersol.com\/wp-content\/uploads\/2022\/06\/bosch1.png","width":506,"height":489},{"@type":"BreadcrumbList","@id":"https:\/\/ampersol.com\/hr\/trgovina\/stroji-in-orodja-hr\/tehnika-mjerenja\/opticka-nibela-bosch-gol-32-d-professional\/#breadcrumb","itemListElement":[{"@type":"ListItem","position":1,"name":"Home","item":"https:\/\/ampersol.com\/hr\/"},{"@type":"ListItem","position":2,"name":"Trgovina","item":"https:\/\/ampersol.com\/hr\/trgovina\/"},{"@type":"ListItem","position":3,"name":"Opti\u010dka nibela BOSCH GOL 32 D Professional"}]},{"@type":"WebSite","@id":"https:\/\/ampersol.com\/hr\/#website","url":"https:\/\/ampersol.com\/hr\/","name":"Amper Sol d.o.o.","description":"Prodaja, servis in storitve","publisher":{"@id":"https:\/\/ampersol.com\/hr\/#organization"},"potentialAction":[{"@type":"SearchAction","target":{"@type":"EntryPoint","urlTemplate":"https:\/\/ampersol.com\/hr\/?s={search_term_string}"},"query-input":{"@type":"PropertyValueSpecification","valueRequired":true,"valueName":"search_term_string"}}],"inLanguage":"hr"},{"@type":"Organization","@id":"https:\/\/ampersol.com\/hr\/#organization","name":"Amper Sol d.o.o.","url":"https:\/\/ampersol.com\/hr\/","logo":{"@type":"ImageObject","inLanguage":"hr","@id":"https:\/\/ampersol.com\/hr\/#\/schema\/logo\/image\/","url":"https:\/\/ampersol.com\/wp-content\/uploads\/2022\/06\/cropped-deni-logo-1-303x71-1.png","contentUrl":"https:\/\/ampersol.com\/wp-content\/uploads\/2022\/06\/cropped-deni-logo-1-303x71-1.png","width":303,"height":71,"caption":"Amper Sol d.o.o."},"image":{"@id":"https:\/\/ampersol.com\/hr\/#\/schema\/logo\/image\/"}}]}},"_links":{"self":[{"href":"https:\/\/ampersol.com\/hr\/wp-json\/wp\/v2\/product\/3770","targetHints":{"allow":["GET"]}}],"collection":[{"href":"https:\/\/ampersol.com\/hr\/wp-json\/wp\/v2\/product"}],"about":[{"href":"https:\/\/ampersol.com\/hr\/wp-json\/wp\/v2\/types\/product"}],"replies":[{"embeddable":true,"href":"https:\/\/ampersol.com\/hr\/wp-json\/wp\/v2\/comments?post=3770"}],"wp:featuredmedia":[{"embeddable":true,"href":"https:\/\/ampersol.com\/hr\/wp-json\/wp\/v2\/media\/3771"}],"wp:attachment":[{"href":"https:\/\/ampersol.com\/hr\/wp-json\/wp\/v2\/media?parent=3770"}],"wp:term":[{"taxonomy":"product_cat","embeddable":true,"href":"https:\/\/ampersol.com\/hr\/wp-json\/wp\/v2\/product_cat?post=3770"},{"taxonomy":"product_tag","embeddable":true,"href":"https:\/\/ampersol.com\/hr\/wp-json\/wp\/v2\/product_tag?post=3770"}],"curies":[{"name":"wp","href":"https:\/\/api.w.org\/{rel}","templated":true}]}}