{"id":3764,"date":"2022-06-28T13:09:39","date_gmt":"2022-06-28T13:09:39","guid":{"rendered":"https:\/\/ampersol.com\/trgovina\/Bez kategorije\/rotacijski-laser-bosch-grl-300-hv-professional\/"},"modified":"2022-06-28T13:09:39","modified_gmt":"2022-06-28T13:09:39","slug":"rotacijski-laser-bosch-grl-300-hv-professional","status":"publish","type":"product","link":"https:\/\/ampersol.com\/hr\/trgovina\/stroji-in-orodja-hr\/tehnika-mjerenja\/rotacijski-laser-bosch-grl-300-hv-professional\/","title":{"rendered":"Rotacijski laser BOSCH GRL 300 HV Professional"},"content":{"rendered":"","protected":false},"excerpt":{"rendered":"<div>\n<div class=\"col-md-6\">\n<div class=\"m-product_hightlights__content-wrapper\">\n<div class=\"row\">\n<div class=\"col-xs-12\">\n<div class=\"headline hl1\">Tehni\u010dke informacije:<\/div>\n<\/div>\n<\/div>\n<div class=\"row\">\n<div class=\"col-lg-8 col-xs-12\">\n<table class=\"table\">\n<colgroup>\n<col class=\"col-xs-5\">\n<col class=\"col-xs-3\"> <\/colgroup>\n<thead>\n<tr>\n<th class=\"headline hl4\" colspan=\"2\">Dodatni podaci<\/th>\n<\/tr>\n<\/thead>\n<tbody>\n<tr>\n<td>Radni prostor s prijemnikom, vrijednost<\/td>\n<td>300 m<\/td>\n<\/tr>\n<tr>\n<td>Funkcija naginjanja<\/td>\n<td>Ne<\/td>\n<\/tr>\n<tr>\n<td>To\u010dnost niveliranja<\/td>\n<td>\u00b1 3,0 mm na 30 m* (*i odstupanje ovisno o upotrebi)<\/td>\n<\/tr>\n<tr>\n<td>Radni prostor s prijemnikom<\/td>\n<td>do 300 m (promjer)<\/td>\n<\/tr>\n<tr>\n<td>Radna temperatura<\/td>\n<td>-10 \u2013 50 \u00b0C<\/td>\n<\/tr>\n<tr>\n<td>Temperatura skladi\u0161tenja<\/td>\n<td>-20 \u2013 70 \u00b0C<\/td>\n<\/tr>\n<tr>\n<td>Radni prostor bez prijemnika<\/td>\n<td>do 60 m (promjer)<\/td>\n<\/tr>\n<tr>\n<td>Laserska dioda<\/td>\n<td>635 Nm,&lt; 5 mW<\/td>\n<\/tr>\n<tr>\n<td>Klasa lasera<\/td>\n<td>3R<\/td>\n<\/tr>\n<tr>\n<td>Samoniveliraju\u0107a povr\u0161ina<\/td>\n<td>\u00b1 5\u00b0 (8%)<\/td>\n<\/tr>\n<tr>\n<td>Vrijeme izravnavanja<\/td>\n<td>15 s<\/td>\n<\/tr>\n<tr>\n<td>Za\u0161tita od pra\u0161ine i prskanja<\/td>\n<td>IP 54<\/td>\n<\/tr>\n<tr>\n<td>Brzina rotacije<\/td>\n<td>150, 300, 600 min-1<\/td>\n<\/tr>\n<tr>\n<td>Opskrba elektri\u010dnom energijom<\/td>\n<td>Punjiva baterija NiMH, 2 x 1,5 V LR20 (D)<\/td>\n<\/tr>\n<tr>\n<td>Konac postolja<\/td>\n<td>5\/8&#8243;<\/td>\n<\/tr>\n<tr>\n<td>Te\u017eina, cca.<\/td>\n<td>1,8 kg<\/td>\n<\/tr>\n<tr>\n<td>Boja laserske linije<\/td>\n<td>Crvena<\/td>\n<\/tr>\n<\/tbody>\n<\/table>\n<\/div>\n<\/div>\n<h3 class=\"headline hl4\">Jednostavno rukovanje s vodoravnim i okomitim automatskim niveliranjem<\/h3>\n<ul class=\"m-product_hightlights__list\">\n<li>Jednostavan za kori\u0161tenje s upravljanjem funkcijama jednim gumbom i jasnim zaslonom<\/li>\n<li>Brza instalacija u vodoravnom i okomitom na\u010dinu rada zahvaljuju\u0107i automatskom samoniveliranju do 8% (\u00b15\u00b0)<\/li>\n<li>Mogu\u0107nost uklju\u010divanja alarmnog upozorenja za sprje\u010davanje gre\u0161aka u slu\u010daju vibracija i udara<\/li>\n<\/ul>\n<\/div>\n<\/div>\n<\/div>\n<div class=\"row\">\n<div class=\"col-xs-12\">\n<div class=\"headline hl1\">Paket uklju\u010duje:<\/div>\n<div>\n<div class=\"m-conversion_area__headline m-conversion_area__headline--hl3\"><\/div>\n<ul class=\"m-conversion_area__ul\">\n<li class=\"m-conversion_area__li\">Odjeljak za baterije (katalo\u0161ki broj 1 608 M00 05D)<\/li>\n<li class=\"m-conversion_area__li\">Transportni kofer<\/li>\n<li class=\"m-conversion_area__li\">Komplet punja\u010da s adapterom (katalo\u0161ki broj 1 600 A00 1W3)<\/li>\n<li class=\"m-conversion_area__li\">Dr\u017ea\u010d je tako\u0111er dostupan zasebno kao dodatna oprema (katalo\u0161ki broj 1 608 M00 70F)<\/li>\n<li class=\"m-conversion_area__li\">Laserski prijemnik LR 1 Professional <span class=\"a-ordernumber grey-text grey-text\">0 601 015 400<\/span><\/li>\n<li class=\"m-conversion_area__li\">Laserska mjerna plo\u010da (crvena) (katalo\u0161ki broj 1 608 M00 05C)<\/li>\n<li class=\"m-conversion_area__li\">Nao\u010dale za promatranje laserske zrake (crvene) (katalo\u0161ki broj 1 608 M00 05B)<\/li>\n<li class=\"m-conversion_area__li\">Daljinski upravlja\u010d RC1 Professional <span class=\"a-ordernumber grey-text grey-text\">0 601 069 900<\/span><\/li>\n<li class=\"m-conversion_area__li\">Univerzalna stezna glava WM 4 Professional <span class=\"a-ordernumber grey-text grey-text\">0 601 092 400<\/span><\/li>\n<li class=\"m-conversion_area__li\">1 x NiMH punjiva baterija (katalo\u0161ki broj 1 608 M00 05G)<\/li>\n<li class=\"m-conversion_area__li\">1 x baterija (blok) 9 V (6LR61)<\/li>\n<li class=\"m-conversion_area__li\">2 x baterija 1,5 V LR20 (D)<\/li>\n<li class=\"m-conversion_area__li\">1 x baterija 1,5 V LR6 (AA)<\/li>\n<\/ul>\n<\/div>\n<\/div>\n<\/div>\n<div class=\"row\">\n<div class=\"col-lg-8 col-xs-12\"><\/div>\n<\/div>\n","protected":false},"featured_media":3765,"comment_status":"open","ping_status":"closed","template":"","meta":[],"product_cat":[359,358],"product_tag":[],"class_list":{"0":"post-3764","1":"product","2":"type-product","3":"status-publish","4":"has-post-thumbnail","6":"product_cat-stroji-in-orodja-hr","7":"product_cat-tehnika-mjerenja","9":"first","10":"instock","11":"taxable","12":"shipping-taxable","13":"purchasable","14":"product-type-simple"},"yoast_head":"<!-- This site is optimized with the Yoast SEO plugin v24.1 - https:\/\/yoast.com\/wordpress\/plugins\/seo\/ -->\n<title>Rotacijski laser BOSCH GRL 300 HV Professional - Amper Sol d.o.o.<\/title>\n<meta name=\"robots\" content=\"index, follow, max-snippet:-1, max-image-preview:large, max-video-preview:-1\" \/>\n<link rel=\"canonical\" href=\"https:\/\/ampersol.com\/hr\/trgovina\/stroji-in-orodja-hr\/tehnika-mjerenja\/rotacijski-laser-bosch-grl-300-hv-professional\/\" \/>\n<meta property=\"og:locale\" content=\"hr_HR\" \/>\n<meta property=\"og:type\" content=\"article\" \/>\n<meta property=\"og:title\" content=\"Rotacijski laser BOSCH GRL 300 HV Professional - Amper Sol d.o.o.\" \/>\n<meta property=\"og:description\" content=\"Tehni\u010dke informacije:      Dodatni podaci   Radni prostor s prijemnikom, vrijednost 300 m  Funkcija naginjanja Ne  To\u010dnost niveliranja \u00b1 3,0 mm na 30 m* (*i odstupanje ovisno o upotrebi)  Radni prostor s prijemnikom do 300 m (promjer)  Radna temperatura -10 \u2013 50 \u00b0C  Temperatura skladi\u0161tenja -20 \u2013 70 \u00b0C  Radni prostor bez prijemnika do 60 m (promjer)  Laserska dioda 635 Nm,&lt; 5 mW  Klasa lasera 3R  Samoniveliraju\u0107a povr\u0161ina \u00b1 5\u00b0 (8%)  Vrijeme izravnavanja 15 s  Za\u0161tita od pra\u0161ine i prskanja IP 54  Brzina rotacije 150, 300, 600 min-1  Opskrba elektri\u010dnom energijom Punjiva baterija NiMH, 2 x 1,5 V LR20 (D)  Konac postolja 5\/8&quot;  Te\u017eina, cca. 1,8 kg  Boja laserske linije Crvena   Jednostavno rukovanje s vodoravnim i okomitim automatskim niveliranjem  Jednostavan za kori\u0161tenje s upravljanjem funkcijama jednim gumbom i jasnim zaslonom  Brza instalacija u vodoravnom i okomitom na\u010dinu rada zahvaljuju\u0107i automatskom samoniveliranju do 8% (\u00b15\u00b0)  Mogu\u0107nost uklju\u010divanja alarmnog upozorenja za sprje\u010davanje gre\u0161aka u slu\u010daju vibracija i udara    Paket uklju\u010duje:   Odjeljak za baterije (katalo\u0161ki broj 1 608 M00 05D)  Transportni kofer  Komplet punja\u010da s adapterom (katalo\u0161ki broj 1 600 A00 1W3)  Dr\u017ea\u010d je tako\u0111er dostupan zasebno kao dodatna oprema (katalo\u0161ki broj 1 608 M00 70F)  Laserski prijemnik LR 1 Professional 0 601 015 400  Laserska mjerna plo\u010da (crvena) (katalo\u0161ki broj 1 608 M00 05C)  Nao\u010dale za promatranje laserske zrake (crvene) (katalo\u0161ki broj 1 608 M00 05B)  Daljinski upravlja\u010d RC1 Professional 0 601 069 900  Univerzalna stezna glava WM 4 Professional 0 601 092 400  1 x NiMH punjiva baterija (katalo\u0161ki broj 1 608 M00 05G)  1 x baterija (blok) 9 V (6LR61)  2 x baterija 1,5 V LR20 (D)  1 x baterija 1,5 V LR6 (AA)\" \/>\n<meta property=\"og:url\" content=\"https:\/\/ampersol.com\/hr\/trgovina\/stroji-in-orodja-hr\/tehnika-mjerenja\/rotacijski-laser-bosch-grl-300-hv-professional\/\" \/>\n<meta property=\"og:site_name\" content=\"Amper Sol d.o.o.\" \/>\n<meta property=\"og:image\" content=\"https:\/\/ampersol.com\/wp-content\/uploads\/2022\/06\/IMG-RD-349226-16.jpg\" \/>\n\t<meta property=\"og:image:width\" content=\"612\" \/>\n\t<meta property=\"og:image:height\" content=\"600\" \/>\n\t<meta property=\"og:image:type\" content=\"image\/jpeg\" \/>\n<meta name=\"twitter:card\" content=\"summary_large_image\" \/>\n<script type=\"application\/ld+json\" class=\"yoast-schema-graph\">{\"@context\":\"https:\/\/schema.org\",\"@graph\":[{\"@type\":\"WebPage\",\"@id\":\"https:\/\/ampersol.com\/hr\/trgovina\/stroji-in-orodja-hr\/tehnika-mjerenja\/rotacijski-laser-bosch-grl-300-hv-professional\/\",\"url\":\"https:\/\/ampersol.com\/hr\/trgovina\/stroji-in-orodja-hr\/tehnika-mjerenja\/rotacijski-laser-bosch-grl-300-hv-professional\/\",\"name\":\"Rotacijski laser BOSCH GRL 300 HV Professional - Amper Sol d.o.o.\",\"isPartOf\":{\"@id\":\"https:\/\/ampersol.com\/hr\/#website\"},\"primaryImageOfPage\":{\"@id\":\"https:\/\/ampersol.com\/hr\/trgovina\/stroji-in-orodja-hr\/tehnika-mjerenja\/rotacijski-laser-bosch-grl-300-hv-professional\/#primaryimage\"},\"image\":{\"@id\":\"https:\/\/ampersol.com\/hr\/trgovina\/stroji-in-orodja-hr\/tehnika-mjerenja\/rotacijski-laser-bosch-grl-300-hv-professional\/#primaryimage\"},\"thumbnailUrl\":\"https:\/\/ampersol.com\/wp-content\/uploads\/2022\/06\/IMG-RD-349226-16.jpg\",\"datePublished\":\"2022-06-28T13:09:39+00:00\",\"dateModified\":\"2022-06-28T13:09:39+00:00\",\"breadcrumb\":{\"@id\":\"https:\/\/ampersol.com\/hr\/trgovina\/stroji-in-orodja-hr\/tehnika-mjerenja\/rotacijski-laser-bosch-grl-300-hv-professional\/#breadcrumb\"},\"inLanguage\":\"hr\",\"potentialAction\":[{\"@type\":\"ReadAction\",\"target\":[\"https:\/\/ampersol.com\/hr\/trgovina\/stroji-in-orodja-hr\/tehnika-mjerenja\/rotacijski-laser-bosch-grl-300-hv-professional\/\"]}]},{\"@type\":\"ImageObject\",\"inLanguage\":\"hr\",\"@id\":\"https:\/\/ampersol.com\/hr\/trgovina\/stroji-in-orodja-hr\/tehnika-mjerenja\/rotacijski-laser-bosch-grl-300-hv-professional\/#primaryimage\",\"url\":\"https:\/\/ampersol.com\/wp-content\/uploads\/2022\/06\/IMG-RD-349226-16.jpg\",\"contentUrl\":\"https:\/\/ampersol.com\/wp-content\/uploads\/2022\/06\/IMG-RD-349226-16.jpg\",\"width\":612,\"height\":600},{\"@type\":\"BreadcrumbList\",\"@id\":\"https:\/\/ampersol.com\/hr\/trgovina\/stroji-in-orodja-hr\/tehnika-mjerenja\/rotacijski-laser-bosch-grl-300-hv-professional\/#breadcrumb\",\"itemListElement\":[{\"@type\":\"ListItem\",\"position\":1,\"name\":\"Home\",\"item\":\"https:\/\/ampersol.com\/hr\/\"},{\"@type\":\"ListItem\",\"position\":2,\"name\":\"Trgovina\",\"item\":\"https:\/\/ampersol.com\/hr\/trgovina\/\"},{\"@type\":\"ListItem\",\"position\":3,\"name\":\"Rotacijski laser BOSCH GRL 300 HV Professional\"}]},{\"@type\":\"WebSite\",\"@id\":\"https:\/\/ampersol.com\/hr\/#website\",\"url\":\"https:\/\/ampersol.com\/hr\/\",\"name\":\"Amper Sol d.o.o.\",\"description\":\"Prodaja, servis in storitve\",\"publisher\":{\"@id\":\"https:\/\/ampersol.com\/hr\/#organization\"},\"potentialAction\":[{\"@type\":\"SearchAction\",\"target\":{\"@type\":\"EntryPoint\",\"urlTemplate\":\"https:\/\/ampersol.com\/hr\/?s={search_term_string}\"},\"query-input\":{\"@type\":\"PropertyValueSpecification\",\"valueRequired\":true,\"valueName\":\"search_term_string\"}}],\"inLanguage\":\"hr\"},{\"@type\":\"Organization\",\"@id\":\"https:\/\/ampersol.com\/hr\/#organization\",\"name\":\"Amper Sol d.o.o.\",\"url\":\"https:\/\/ampersol.com\/hr\/\",\"logo\":{\"@type\":\"ImageObject\",\"inLanguage\":\"hr\",\"@id\":\"https:\/\/ampersol.com\/hr\/#\/schema\/logo\/image\/\",\"url\":\"https:\/\/ampersol.com\/wp-content\/uploads\/2022\/06\/cropped-deni-logo-1-303x71-1.png\",\"contentUrl\":\"https:\/\/ampersol.com\/wp-content\/uploads\/2022\/06\/cropped-deni-logo-1-303x71-1.png\",\"width\":303,\"height\":71,\"caption\":\"Amper Sol d.o.o.\"},\"image\":{\"@id\":\"https:\/\/ampersol.com\/hr\/#\/schema\/logo\/image\/\"}}]}<\/script>\n<!-- \/ Yoast SEO plugin. -->","yoast_head_json":{"title":"Rotacijski laser BOSCH GRL 300 HV Professional - Amper Sol d.o.o.","robots":{"index":"index","follow":"follow","max-snippet":"max-snippet:-1","max-image-preview":"max-image-preview:large","max-video-preview":"max-video-preview:-1"},"canonical":"https:\/\/ampersol.com\/hr\/trgovina\/stroji-in-orodja-hr\/tehnika-mjerenja\/rotacijski-laser-bosch-grl-300-hv-professional\/","og_locale":"hr_HR","og_type":"article","og_title":"Rotacijski laser BOSCH GRL 300 HV Professional - Amper Sol d.o.o.","og_description":"Tehni\u010dke informacije:      Dodatni podaci   Radni prostor s prijemnikom, vrijednost 300 m  Funkcija naginjanja Ne  To\u010dnost niveliranja \u00b1 3,0 mm na 30 m* (*i odstupanje ovisno o upotrebi)  Radni prostor s prijemnikom do 300 m (promjer)  Radna temperatura -10 \u2013 50 \u00b0C  Temperatura skladi\u0161tenja -20 \u2013 70 \u00b0C  Radni prostor bez prijemnika do 60 m (promjer)  Laserska dioda 635 Nm,&lt; 5 mW  Klasa lasera 3R  Samoniveliraju\u0107a povr\u0161ina \u00b1 5\u00b0 (8%)  Vrijeme izravnavanja 15 s  Za\u0161tita od pra\u0161ine i prskanja IP 54  Brzina rotacije 150, 300, 600 min-1  Opskrba elektri\u010dnom energijom Punjiva baterija NiMH, 2 x 1,5 V LR20 (D)  Konac postolja 5\/8\"  Te\u017eina, cca. 1,8 kg  Boja laserske linije Crvena   Jednostavno rukovanje s vodoravnim i okomitim automatskim niveliranjem  Jednostavan za kori\u0161tenje s upravljanjem funkcijama jednim gumbom i jasnim zaslonom  Brza instalacija u vodoravnom i okomitom na\u010dinu rada zahvaljuju\u0107i automatskom samoniveliranju do 8% (\u00b15\u00b0)  Mogu\u0107nost uklju\u010divanja alarmnog upozorenja za sprje\u010davanje gre\u0161aka u slu\u010daju vibracija i udara    Paket uklju\u010duje:   Odjeljak za baterije (katalo\u0161ki broj 1 608 M00 05D)  Transportni kofer  Komplet punja\u010da s adapterom (katalo\u0161ki broj 1 600 A00 1W3)  Dr\u017ea\u010d je tako\u0111er dostupan zasebno kao dodatna oprema (katalo\u0161ki broj 1 608 M00 70F)  Laserski prijemnik LR 1 Professional 0 601 015 400  Laserska mjerna plo\u010da (crvena) (katalo\u0161ki broj 1 608 M00 05C)  Nao\u010dale za promatranje laserske zrake (crvene) (katalo\u0161ki broj 1 608 M00 05B)  Daljinski upravlja\u010d RC1 Professional 0 601 069 900  Univerzalna stezna glava WM 4 Professional 0 601 092 400  1 x NiMH punjiva baterija (katalo\u0161ki broj 1 608 M00 05G)  1 x baterija (blok) 9 V (6LR61)  2 x baterija 1,5 V LR20 (D)  1 x baterija 1,5 V LR6 (AA)","og_url":"https:\/\/ampersol.com\/hr\/trgovina\/stroji-in-orodja-hr\/tehnika-mjerenja\/rotacijski-laser-bosch-grl-300-hv-professional\/","og_site_name":"Amper Sol d.o.o.","og_image":[{"width":612,"height":600,"url":"https:\/\/ampersol.com\/wp-content\/uploads\/2022\/06\/IMG-RD-349226-16.jpg","type":"image\/jpeg"}],"twitter_card":"summary_large_image","schema":{"@context":"https:\/\/schema.org","@graph":[{"@type":"WebPage","@id":"https:\/\/ampersol.com\/hr\/trgovina\/stroji-in-orodja-hr\/tehnika-mjerenja\/rotacijski-laser-bosch-grl-300-hv-professional\/","url":"https:\/\/ampersol.com\/hr\/trgovina\/stroji-in-orodja-hr\/tehnika-mjerenja\/rotacijski-laser-bosch-grl-300-hv-professional\/","name":"Rotacijski laser BOSCH GRL 300 HV Professional - Amper Sol d.o.o.","isPartOf":{"@id":"https:\/\/ampersol.com\/hr\/#website"},"primaryImageOfPage":{"@id":"https:\/\/ampersol.com\/hr\/trgovina\/stroji-in-orodja-hr\/tehnika-mjerenja\/rotacijski-laser-bosch-grl-300-hv-professional\/#primaryimage"},"image":{"@id":"https:\/\/ampersol.com\/hr\/trgovina\/stroji-in-orodja-hr\/tehnika-mjerenja\/rotacijski-laser-bosch-grl-300-hv-professional\/#primaryimage"},"thumbnailUrl":"https:\/\/ampersol.com\/wp-content\/uploads\/2022\/06\/IMG-RD-349226-16.jpg","datePublished":"2022-06-28T13:09:39+00:00","dateModified":"2022-06-28T13:09:39+00:00","breadcrumb":{"@id":"https:\/\/ampersol.com\/hr\/trgovina\/stroji-in-orodja-hr\/tehnika-mjerenja\/rotacijski-laser-bosch-grl-300-hv-professional\/#breadcrumb"},"inLanguage":"hr","potentialAction":[{"@type":"ReadAction","target":["https:\/\/ampersol.com\/hr\/trgovina\/stroji-in-orodja-hr\/tehnika-mjerenja\/rotacijski-laser-bosch-grl-300-hv-professional\/"]}]},{"@type":"ImageObject","inLanguage":"hr","@id":"https:\/\/ampersol.com\/hr\/trgovina\/stroji-in-orodja-hr\/tehnika-mjerenja\/rotacijski-laser-bosch-grl-300-hv-professional\/#primaryimage","url":"https:\/\/ampersol.com\/wp-content\/uploads\/2022\/06\/IMG-RD-349226-16.jpg","contentUrl":"https:\/\/ampersol.com\/wp-content\/uploads\/2022\/06\/IMG-RD-349226-16.jpg","width":612,"height":600},{"@type":"BreadcrumbList","@id":"https:\/\/ampersol.com\/hr\/trgovina\/stroji-in-orodja-hr\/tehnika-mjerenja\/rotacijski-laser-bosch-grl-300-hv-professional\/#breadcrumb","itemListElement":[{"@type":"ListItem","position":1,"name":"Home","item":"https:\/\/ampersol.com\/hr\/"},{"@type":"ListItem","position":2,"name":"Trgovina","item":"https:\/\/ampersol.com\/hr\/trgovina\/"},{"@type":"ListItem","position":3,"name":"Rotacijski laser BOSCH GRL 300 HV Professional"}]},{"@type":"WebSite","@id":"https:\/\/ampersol.com\/hr\/#website","url":"https:\/\/ampersol.com\/hr\/","name":"Amper Sol d.o.o.","description":"Prodaja, servis in storitve","publisher":{"@id":"https:\/\/ampersol.com\/hr\/#organization"},"potentialAction":[{"@type":"SearchAction","target":{"@type":"EntryPoint","urlTemplate":"https:\/\/ampersol.com\/hr\/?s={search_term_string}"},"query-input":{"@type":"PropertyValueSpecification","valueRequired":true,"valueName":"search_term_string"}}],"inLanguage":"hr"},{"@type":"Organization","@id":"https:\/\/ampersol.com\/hr\/#organization","name":"Amper Sol d.o.o.","url":"https:\/\/ampersol.com\/hr\/","logo":{"@type":"ImageObject","inLanguage":"hr","@id":"https:\/\/ampersol.com\/hr\/#\/schema\/logo\/image\/","url":"https:\/\/ampersol.com\/wp-content\/uploads\/2022\/06\/cropped-deni-logo-1-303x71-1.png","contentUrl":"https:\/\/ampersol.com\/wp-content\/uploads\/2022\/06\/cropped-deni-logo-1-303x71-1.png","width":303,"height":71,"caption":"Amper Sol d.o.o."},"image":{"@id":"https:\/\/ampersol.com\/hr\/#\/schema\/logo\/image\/"}}]}},"_links":{"self":[{"href":"https:\/\/ampersol.com\/hr\/wp-json\/wp\/v2\/product\/3764","targetHints":{"allow":["GET"]}}],"collection":[{"href":"https:\/\/ampersol.com\/hr\/wp-json\/wp\/v2\/product"}],"about":[{"href":"https:\/\/ampersol.com\/hr\/wp-json\/wp\/v2\/types\/product"}],"replies":[{"embeddable":true,"href":"https:\/\/ampersol.com\/hr\/wp-json\/wp\/v2\/comments?post=3764"}],"wp:featuredmedia":[{"embeddable":true,"href":"https:\/\/ampersol.com\/hr\/wp-json\/wp\/v2\/media\/3765"}],"wp:attachment":[{"href":"https:\/\/ampersol.com\/hr\/wp-json\/wp\/v2\/media?parent=3764"}],"wp:term":[{"taxonomy":"product_cat","embeddable":true,"href":"https:\/\/ampersol.com\/hr\/wp-json\/wp\/v2\/product_cat?post=3764"},{"taxonomy":"product_tag","embeddable":true,"href":"https:\/\/ampersol.com\/hr\/wp-json\/wp\/v2\/product_tag?post=3764"}],"curies":[{"name":"wp","href":"https:\/\/api.w.org\/{rel}","templated":true}]}}