{"id":3762,"date":"2022-06-28T13:09:39","date_gmt":"2022-06-28T13:09:39","guid":{"rendered":"https:\/\/ampersol.com\/trgovina\/Bez kategorije\/rotacijski-laser-bosch-grl-600-chv-bt-170-gr-240-lr-60-rb-60-wm-6\/"},"modified":"2022-06-28T13:09:39","modified_gmt":"2022-06-28T13:09:39","slug":"rotacijski-laser-bosch-grl-600-chv-bt-170-gr-240-lr-60-rb-60-wm-6","status":"publish","type":"product","link":"https:\/\/ampersol.com\/hr\/trgovina\/stroji-in-orodja-hr\/tehnika-mjerenja\/rotacijski-laser-bosch-grl-600-chv-bt-170-gr-240-lr-60-rb-60-wm-6\/","title":{"rendered":"Rotacijski laser BOSCH GRL 600 CHV + BT 170 + GR 240 + LR 60 + RB 60 + WM 6"},"content":{"rendered":"","protected":false},"excerpt":{"rendered":"<div class=\"row\">\n<div class=\"col-xs-12\">\n<div class=\"headline hl1\">Tehni\u010dke informacije<\/div>\n<\/div>\n<\/div>\n<div class=\"row\">\n<div class=\"col-lg-8 col-xs-12\">\n<table class=\"table\">\n<colgroup>\n<col class=\"col-xs-5\">\n<col class=\"col-xs-3\"> <\/colgroup>\n<thead>\n<tr>\n<th class=\"headline hl4\" colspan=\"2\">Dodatni podaci<\/th>\n<\/tr>\n<\/thead>\n<tbody>\n<tr>\n<td>Radni prostor s prijemnikom, vrijednost<\/td>\n<td>600 m<\/td>\n<\/tr>\n<tr>\n<td>Funkcija naginjanja<\/td>\n<td>Da<\/td>\n<\/tr>\n<tr>\n<td>To\u010dnost niveliranja<\/td>\n<td>\u00b1 1,5 mm na 30 m*, vodoravno (*i odstupanje ovisno o upotrebi), \u00b1 3,0 mm na 30 m*, okomito (*i odstupanje ovisno o uporabi)<\/td>\n<\/tr>\n<tr>\n<td>Projekcija<\/td>\n<td>1 x linija od 360 stupnjeva<\/td>\n<\/tr>\n<tr>\n<td>Radni prostor s prijemnikom<\/td>\n<td>do 600 m (promjer)<\/td>\n<\/tr>\n<tr>\n<td>Radna temperatura<\/td>\n<td>-10 \u2013 50 \u00b0C<\/td>\n<\/tr>\n<tr>\n<td>Temperatura skladi\u0161tenja<\/td>\n<td>-20 \u2013 50 \u00b0C<\/td>\n<\/tr>\n<tr>\n<td>Radni prostor bez prijemnika<\/td>\n<td>do 60 m (promjer)<\/td>\n<\/tr>\n<tr>\n<td>Laserska dioda<\/td>\n<td>630\u2013650 nm,&lt; 1mW<\/td>\n<\/tr>\n<tr>\n<td>Klasa lasera<\/td>\n<td>2<\/td>\n<\/tr>\n<tr>\n<td>Za\u0161tita od pra\u0161ine i prskanja<\/td>\n<td>IP 68<\/td>\n<\/tr>\n<tr>\n<td>Brzina rotacije<\/td>\n<td>150\/300\/600 min-1<\/td>\n<\/tr>\n<tr>\n<td>Opskrba elektri\u010dnom energijom<\/td>\n<td>18 V litij-ionska punjiva baterija<\/td>\n<\/tr>\n<tr>\n<td>Vrijeme rada, max.<\/td>\n<td>60 h, 70 h<\/td>\n<\/tr>\n<tr>\n<td>Konac postolja<\/td>\n<td>2 x 5\/8&#8243;<\/td>\n<\/tr>\n<tr>\n<td>Kompatibilni laserski prijemnici<\/td>\n<td>LR 60<\/td>\n<\/tr>\n<tr>\n<td>Te\u017eina s punjivom baterijom od 4,0 Ah<\/td>\n<td>4,3 kg<\/td>\n<\/tr>\n<tr>\n<td>Te\u017eina s alkalnim baterijama<\/td>\n<td>4,6 kg<\/td>\n<\/tr>\n<\/tbody>\n<\/table>\n<\/div>\n<\/div>\n<p>&nbsp;<\/p>\n<h2 class=\"headline hl1\">Prednosti<\/h2>\n<div class=\"row\">\n<div class=\"col-md-6\">\n<div class=\"m-product_hightlights__content-wrapper\">\n<h3 class=\"headline hl4\">Precizni rezultati i u\u0161teda vremena s GRL 600 CHV \u2013 savr\u0161eno za zahtjevne poslove<\/h3>\n<ul class=\"m-product_hightlights__list\">\n<li>Vrlo fleksibilan u lo\u0161im vremenskim uvjetima s robusnim dizajnom, za\u0161titom od udaraca i IP68 za\u0161titom od pra\u0161ine i vode<\/li>\n<li>Intuitivna uporaba putem zaslona i pristupa aplikaciji za daljinsko niveliranje koja prikazuje sve funkcije, uklju\u010duju\u0107i pode\u0161avanje dvostrukog nagiba radi u\u0161tede vremena<\/li>\n<li>Prikladno dugo vrijeme rada sa sustavom baterija od 18 volti i alkalnim baterijama (adapter uklju\u010den)<\/li>\n<\/ul>\n<\/div>\n<div class=\"m-product_hightlights__content-wrapper\">\n<div class=\"collapse in\" aria-expanded=\"true\">\n<p class=\"m-product_hightlights__paragraph\">Izvrstan za zahtjevne zadatke i dokazan na gradili\u0161tu \u2013 robusni laser GRL 600 CHV Professional podnosi \u010dak i najzahtjevnija okru\u017eenja. Njegov robusni dizajn nudi za\u0161titu od udaraca i ima IP68 ocjenu protiv pra\u0161ine i vode \u2013 uklju\u010duju\u0107i pretinac za baterije za vrlo fleksibilan rad u nepovoljnim vremenskim uvjetima. Omogu\u0107uje prakti\u010dno povezivanje i fokusiraniji rad s manje izgubljenog vremena. Rukovanje alatom je intuitivno zahvaljuju\u0107i zaslonu i pristupu aplikaciji za daljinsko niveliranje, koja prikazuje sve funkcije, uklju\u010duju\u0107i pode\u0161avanje dvostrukog nagiba, \u010dime se \u0161tedi dragocjeno vrijeme. Ovaj izuzetno precizan laser omogu\u0107uje kontinuirani rad, jer ima dugo vrijeme rada, kako sa 18-voltnim baterijskim sustavom tako i sa alkalnim baterijama.<\/p>\n<p class=\"m-product_hightlights__paragraph\">Alat je idealan za vanjsku upotrebu pri odre\u0111ivanju vrijednosti usjeka i ispune za kupanje, betonske blokove, ure\u0111enje okoli\u0161a i fasadne radove.<\/p>\n<p class=\"m-product_hightlights__paragraph\">Laser GRL 600 CHV tako\u0111er ima visokokvalitetni prijemnik s podru\u010djem prijema od 125 mm, dvostranim zaslonom i funkcijom milimetarskog ofseta. Kalibracija alata brza je i jednostavna \u2013 upute korak po korak u intuitivnoj aplikaciji \u0161tede vrijeme i resurse i osiguravaju to\u010dne rezultate na svakom poslu. Uz prakti\u010dan na\u010din rada maske koji je dostupan u aplikaciji, mogu\u0107e je izbje\u0107i refleksiju i smetnje drugih ure\u0111aja na gradili\u0161tu.<\/p>\n<p>Set sadr\u017ei:<\/p>\n<div class=\"m-conversion_area__headline m-conversion_area__headline--hl3\">\n<div class=\"headline hl3\">u torbici s 1 litij-ionskom punjivom baterijom ProCORE18V 4,0 Ah, laserskom ciljnom plo\u010dom<\/div>\n<\/div>\n<div class=\"m-conversion_area__headline m-conversion_area__headline--hl5\">\n<div class=\"headline hl5\">Katalo\u0161ki broj: <span class=\"a-ordernumber\">0 615 994 0P5<\/span><\/div>\n<\/div>\n<ul class=\"m-conversion_area__ul\">\n<li class=\"m-conversion_area__li\">Laserski prijemnik LR 60 Professional <span class=\"a-ordernumber grey-text grey-text\">0 601 069 P00<\/span><\/li>\n<li class=\"m-conversion_area__li\">Dr\u017ea\u010d prijemnika RB 60 Professional<\/li>\n<li class=\"m-conversion_area__li\">Daljinski upravlja\u010d RC 6 Professional<\/li>\n<li class=\"m-conversion_area__li\">1 x punjiva baterija ProCORE18V 4.0Ah <span class=\"a-ordernumber grey-text grey-text\">1 600 A01 6GB<\/span><\/li>\n<li class=\"m-conversion_area__li\">Brzi punja\u010d GAL 18V-40 Professional <span class=\"a-ordernumber grey-text grey-text\">1 600 A01 9RJ<\/span><\/li>\n<li class=\"m-conversion_area__li\">Baterijski adapter BA 1 Professional<\/li>\n<li class=\"m-conversion_area__li\">Zidni nosa\u010d WM 6 Professional<\/li>\n<li class=\"m-conversion_area__li\">4 x baterija 1,5 V LR20 (D)<\/li>\n<li class=\"m-conversion_area__li\">4 x baterija 1,5 V LR6 (AA)<\/li>\n<li class=\"m-conversion_area__li\">Laserska meta<\/li>\n<li class=\"m-conversion_area__li\">Nao\u010dale za promatranje laserske zrake (crvene) (katalo\u0161ki broj 1 608 M00 05B)<\/li>\n<li class=\"m-conversion_area__li\">Transportni kofer<\/li>\n<li class=\"m-conversion_area__li\">Gra\u0111evinski stalak BT 170 HD Professional <span class=\"a-ordernumber grey-text grey-text\">0 601 091 300<\/span><\/li>\n<li class=\"m-conversion_area__li\">Mjerna \u0161ipka GR 240 Professional <span class=\"a-ordernumber grey-text grey-text\">0 601 094 100<\/span><\/li>\n<\/ul>\n<\/div>\n<\/div>\n<\/div>\n<\/div>\n","protected":false},"featured_media":3763,"comment_status":"open","ping_status":"closed","template":"","meta":[],"product_cat":[359,358],"product_tag":[],"class_list":{"0":"post-3762","1":"product","2":"type-product","3":"status-publish","4":"has-post-thumbnail","6":"product_cat-stroji-in-orodja-hr","7":"product_cat-tehnika-mjerenja","9":"first","10":"instock","11":"taxable","12":"shipping-taxable","13":"purchasable","14":"product-type-simple"},"yoast_head":"<!-- This site is optimized with the Yoast SEO plugin v24.1 - https:\/\/yoast.com\/wordpress\/plugins\/seo\/ -->\n<title>Rotacijski laser BOSCH GRL 600 CHV + BT 170 + GR 240 + LR 60 + RB 60 + WM 6 - Amper Sol d.o.o.<\/title>\n<meta name=\"robots\" content=\"index, follow, max-snippet:-1, max-image-preview:large, max-video-preview:-1\" \/>\n<link rel=\"canonical\" href=\"https:\/\/ampersol.com\/hr\/trgovina\/stroji-in-orodja-hr\/tehnika-mjerenja\/rotacijski-laser-bosch-grl-600-chv-bt-170-gr-240-lr-60-rb-60-wm-6\/\" \/>\n<meta property=\"og:locale\" content=\"hr_HR\" \/>\n<meta property=\"og:type\" content=\"article\" \/>\n<meta property=\"og:title\" content=\"Rotacijski laser BOSCH GRL 600 CHV + BT 170 + GR 240 + LR 60 + RB 60 + WM 6 - Amper Sol d.o.o.\" \/>\n<meta property=\"og:description\" content=\"Tehni\u010dke informacije      Dodatni podaci   Radni prostor s prijemnikom, vrijednost 600 m  Funkcija naginjanja Da  To\u010dnost niveliranja \u00b1 1,5 mm na 30 m*, vodoravno (*i odstupanje ovisno o upotrebi), \u00b1 3,0 mm na 30 m*, okomito (*i odstupanje ovisno o uporabi)  Projekcija 1 x linija od 360 stupnjeva  Radni prostor s prijemnikom do 600 m (promjer)  Radna temperatura -10 \u2013 50 \u00b0C  Temperatura skladi\u0161tenja -20 \u2013 50 \u00b0C  Radni prostor bez prijemnika do 60 m (promjer)  Laserska dioda 630\u2013650 nm,&lt; 1mW  Klasa lasera 2  Za\u0161tita od pra\u0161ine i prskanja IP 68  Brzina rotacije 150\/300\/600 min-1  Opskrba elektri\u010dnom energijom 18 V litij-ionska punjiva baterija  Vrijeme rada, max. 60 h, 70 h  Konac postolja 2 x 5\/8&quot;  Kompatibilni laserski prijemnici LR 60  Te\u017eina s punjivom baterijom od 4,0 Ah 4,3 kg  Te\u017eina s alkalnim baterijama 4,6 kg   &nbsp; Prednosti  Precizni rezultati i u\u0161teda vremena s GRL 600 CHV \u2013 savr\u0161eno za zahtjevne poslove  Vrlo fleksibilan u lo\u0161im vremenskim uvjetima s robusnim dizajnom, za\u0161titom od udaraca i IP68 za\u0161titom od pra\u0161ine i vode  Intuitivna uporaba putem zaslona i pristupa aplikaciji za daljinsko niveliranje koja prikazuje sve funkcije, uklju\u010duju\u0107i pode\u0161avanje dvostrukog nagiba radi u\u0161tede vremena  Prikladno dugo vrijeme rada sa sustavom baterija od 18 volti i alkalnim baterijama (adapter uklju\u010den)   Izvrstan za zahtjevne zadatke i dokazan na gradili\u0161tu \u2013 robusni laser GRL 600 CHV Professional podnosi \u010dak i najzahtjevnija okru\u017eenja. Njegov robusni dizajn nudi za\u0161titu od udaraca i ima IP68 ocjenu protiv pra\u0161ine i vode \u2013 uklju\u010duju\u0107i pretinac za baterije za vrlo fleksibilan rad u nepovoljnim vremenskim uvjetima. Omogu\u0107uje prakti\u010dno povezivanje i fokusiraniji rad s manje izgubljenog vremena. Rukovanje alatom je intuitivno zahvaljuju\u0107i zaslonu i pristupu aplikaciji za daljinsko niveliranje, koja prikazuje sve funkcije, uklju\u010duju\u0107i pode\u0161avanje dvostrukog nagiba, \u010dime se \u0161tedi dragocjeno vrijeme. Ovaj izuzetno precizan laser omogu\u0107uje kontinuirani rad, jer ima dugo vrijeme rada, kako sa 18-voltnim baterijskim sustavom tako i sa alkalnim baterijama. Alat je idealan za vanjsku upotrebu pri odre\u0111ivanju vrijednosti usjeka i ispune za kupanje, betonske blokove, ure\u0111enje okoli\u0161a i fasadne radove. Laser GRL 600 CHV tako\u0111er ima visokokvalitetni prijemnik s podru\u010djem prijema od 125 mm, dvostranim zaslonom i funkcijom milimetarskog ofseta. Kalibracija alata brza je i jednostavna \u2013 upute korak po korak u intuitivnoj aplikaciji \u0161tede vrijeme i resurse i osiguravaju to\u010dne rezultate na svakom poslu. Uz prakti\u010dan na\u010din rada maske koji je dostupan u aplikaciji, mogu\u0107e je izbje\u0107i refleksiju i smetnje drugih ure\u0111aja na gradili\u0161tu. Set sadr\u017ei: u torbici s 1 litij-ionskom punjivom baterijom ProCORE18V 4,0 Ah, laserskom ciljnom plo\u010dom  Katalo\u0161ki broj: 0 615 994 0P5   Laserski prijemnik LR 60 Professional 0 601 069 P00  Dr\u017ea\u010d prijemnika RB 60 Professional  Daljinski upravlja\u010d RC 6 Professional  1 x punjiva baterija ProCORE18V 4.0Ah 1 600 A01 6GB  Brzi punja\u010d GAL 18V-40 Professional 1 600 A01 9RJ  Baterijski adapter BA 1 Professional  Zidni nosa\u010d WM 6 Professional  4 x baterija 1,5 V LR20 (D)  4 x baterija 1,5 V LR6 (AA)  Laserska meta  Nao\u010dale za promatranje laserske zrake (crvene) (katalo\u0161ki broj 1 608 M00 05B)  Transportni kofer  Gra\u0111evinski stalak BT 170 HD Professional 0 601 091 300  Mjerna \u0161ipka GR 240 Professional 0 601 094 100\" \/>\n<meta property=\"og:url\" content=\"https:\/\/ampersol.com\/hr\/trgovina\/stroji-in-orodja-hr\/tehnika-mjerenja\/rotacijski-laser-bosch-grl-600-chv-bt-170-gr-240-lr-60-rb-60-wm-6\/\" \/>\n<meta property=\"og:site_name\" content=\"Amper Sol d.o.o.\" \/>\n<meta property=\"og:image\" content=\"https:\/\/ampersol.com\/wp-content\/uploads\/2022\/06\/22-1.png\" \/>\n\t<meta property=\"og:image:width\" content=\"460\" \/>\n\t<meta property=\"og:image:height\" content=\"464\" \/>\n\t<meta property=\"og:image:type\" content=\"image\/png\" \/>\n<meta name=\"twitter:card\" content=\"summary_large_image\" \/>\n<script type=\"application\/ld+json\" class=\"yoast-schema-graph\">{\"@context\":\"https:\/\/schema.org\",\"@graph\":[{\"@type\":\"WebPage\",\"@id\":\"https:\/\/ampersol.com\/hr\/trgovina\/stroji-in-orodja-hr\/tehnika-mjerenja\/rotacijski-laser-bosch-grl-600-chv-bt-170-gr-240-lr-60-rb-60-wm-6\/\",\"url\":\"https:\/\/ampersol.com\/hr\/trgovina\/stroji-in-orodja-hr\/tehnika-mjerenja\/rotacijski-laser-bosch-grl-600-chv-bt-170-gr-240-lr-60-rb-60-wm-6\/\",\"name\":\"Rotacijski laser BOSCH GRL 600 CHV + BT 170 + GR 240 + LR 60 + RB 60 + WM 6 - Amper Sol d.o.o.\",\"isPartOf\":{\"@id\":\"https:\/\/ampersol.com\/hr\/#website\"},\"primaryImageOfPage\":{\"@id\":\"https:\/\/ampersol.com\/hr\/trgovina\/stroji-in-orodja-hr\/tehnika-mjerenja\/rotacijski-laser-bosch-grl-600-chv-bt-170-gr-240-lr-60-rb-60-wm-6\/#primaryimage\"},\"image\":{\"@id\":\"https:\/\/ampersol.com\/hr\/trgovina\/stroji-in-orodja-hr\/tehnika-mjerenja\/rotacijski-laser-bosch-grl-600-chv-bt-170-gr-240-lr-60-rb-60-wm-6\/#primaryimage\"},\"thumbnailUrl\":\"https:\/\/ampersol.com\/wp-content\/uploads\/2022\/06\/22-1.png\",\"datePublished\":\"2022-06-28T13:09:39+00:00\",\"dateModified\":\"2022-06-28T13:09:39+00:00\",\"breadcrumb\":{\"@id\":\"https:\/\/ampersol.com\/hr\/trgovina\/stroji-in-orodja-hr\/tehnika-mjerenja\/rotacijski-laser-bosch-grl-600-chv-bt-170-gr-240-lr-60-rb-60-wm-6\/#breadcrumb\"},\"inLanguage\":\"hr\",\"potentialAction\":[{\"@type\":\"ReadAction\",\"target\":[\"https:\/\/ampersol.com\/hr\/trgovina\/stroji-in-orodja-hr\/tehnika-mjerenja\/rotacijski-laser-bosch-grl-600-chv-bt-170-gr-240-lr-60-rb-60-wm-6\/\"]}]},{\"@type\":\"ImageObject\",\"inLanguage\":\"hr\",\"@id\":\"https:\/\/ampersol.com\/hr\/trgovina\/stroji-in-orodja-hr\/tehnika-mjerenja\/rotacijski-laser-bosch-grl-600-chv-bt-170-gr-240-lr-60-rb-60-wm-6\/#primaryimage\",\"url\":\"https:\/\/ampersol.com\/wp-content\/uploads\/2022\/06\/22-1.png\",\"contentUrl\":\"https:\/\/ampersol.com\/wp-content\/uploads\/2022\/06\/22-1.png\",\"width\":460,\"height\":464},{\"@type\":\"BreadcrumbList\",\"@id\":\"https:\/\/ampersol.com\/hr\/trgovina\/stroji-in-orodja-hr\/tehnika-mjerenja\/rotacijski-laser-bosch-grl-600-chv-bt-170-gr-240-lr-60-rb-60-wm-6\/#breadcrumb\",\"itemListElement\":[{\"@type\":\"ListItem\",\"position\":1,\"name\":\"Home\",\"item\":\"https:\/\/ampersol.com\/hr\/\"},{\"@type\":\"ListItem\",\"position\":2,\"name\":\"Trgovina\",\"item\":\"https:\/\/ampersol.com\/hr\/trgovina\/\"},{\"@type\":\"ListItem\",\"position\":3,\"name\":\"Rotacijski laser BOSCH GRL 600 CHV + BT 170 + GR 240 + LR 60 + RB 60 + WM 6\"}]},{\"@type\":\"WebSite\",\"@id\":\"https:\/\/ampersol.com\/hr\/#website\",\"url\":\"https:\/\/ampersol.com\/hr\/\",\"name\":\"Amper Sol d.o.o.\",\"description\":\"Prodaja, servis in storitve\",\"publisher\":{\"@id\":\"https:\/\/ampersol.com\/hr\/#organization\"},\"potentialAction\":[{\"@type\":\"SearchAction\",\"target\":{\"@type\":\"EntryPoint\",\"urlTemplate\":\"https:\/\/ampersol.com\/hr\/?s={search_term_string}\"},\"query-input\":{\"@type\":\"PropertyValueSpecification\",\"valueRequired\":true,\"valueName\":\"search_term_string\"}}],\"inLanguage\":\"hr\"},{\"@type\":\"Organization\",\"@id\":\"https:\/\/ampersol.com\/hr\/#organization\",\"name\":\"Amper Sol d.o.o.\",\"url\":\"https:\/\/ampersol.com\/hr\/\",\"logo\":{\"@type\":\"ImageObject\",\"inLanguage\":\"hr\",\"@id\":\"https:\/\/ampersol.com\/hr\/#\/schema\/logo\/image\/\",\"url\":\"https:\/\/ampersol.com\/wp-content\/uploads\/2022\/06\/cropped-deni-logo-1-303x71-1.png\",\"contentUrl\":\"https:\/\/ampersol.com\/wp-content\/uploads\/2022\/06\/cropped-deni-logo-1-303x71-1.png\",\"width\":303,\"height\":71,\"caption\":\"Amper Sol d.o.o.\"},\"image\":{\"@id\":\"https:\/\/ampersol.com\/hr\/#\/schema\/logo\/image\/\"}}]}<\/script>\n<!-- \/ Yoast SEO plugin. -->","yoast_head_json":{"title":"Rotacijski laser BOSCH GRL 600 CHV + BT 170 + GR 240 + LR 60 + RB 60 + WM 6 - Amper Sol d.o.o.","robots":{"index":"index","follow":"follow","max-snippet":"max-snippet:-1","max-image-preview":"max-image-preview:large","max-video-preview":"max-video-preview:-1"},"canonical":"https:\/\/ampersol.com\/hr\/trgovina\/stroji-in-orodja-hr\/tehnika-mjerenja\/rotacijski-laser-bosch-grl-600-chv-bt-170-gr-240-lr-60-rb-60-wm-6\/","og_locale":"hr_HR","og_type":"article","og_title":"Rotacijski laser BOSCH GRL 600 CHV + BT 170 + GR 240 + LR 60 + RB 60 + WM 6 - Amper Sol d.o.o.","og_description":"Tehni\u010dke informacije      Dodatni podaci   Radni prostor s prijemnikom, vrijednost 600 m  Funkcija naginjanja Da  To\u010dnost niveliranja \u00b1 1,5 mm na 30 m*, vodoravno (*i odstupanje ovisno o upotrebi), \u00b1 3,0 mm na 30 m*, okomito (*i odstupanje ovisno o uporabi)  Projekcija 1 x linija od 360 stupnjeva  Radni prostor s prijemnikom do 600 m (promjer)  Radna temperatura -10 \u2013 50 \u00b0C  Temperatura skladi\u0161tenja -20 \u2013 50 \u00b0C  Radni prostor bez prijemnika do 60 m (promjer)  Laserska dioda 630\u2013650 nm,&lt; 1mW  Klasa lasera 2  Za\u0161tita od pra\u0161ine i prskanja IP 68  Brzina rotacije 150\/300\/600 min-1  Opskrba elektri\u010dnom energijom 18 V litij-ionska punjiva baterija  Vrijeme rada, max. 60 h, 70 h  Konac postolja 2 x 5\/8\"  Kompatibilni laserski prijemnici LR 60  Te\u017eina s punjivom baterijom od 4,0 Ah 4,3 kg  Te\u017eina s alkalnim baterijama 4,6 kg   &nbsp; Prednosti  Precizni rezultati i u\u0161teda vremena s GRL 600 CHV \u2013 savr\u0161eno za zahtjevne poslove  Vrlo fleksibilan u lo\u0161im vremenskim uvjetima s robusnim dizajnom, za\u0161titom od udaraca i IP68 za\u0161titom od pra\u0161ine i vode  Intuitivna uporaba putem zaslona i pristupa aplikaciji za daljinsko niveliranje koja prikazuje sve funkcije, uklju\u010duju\u0107i pode\u0161avanje dvostrukog nagiba radi u\u0161tede vremena  Prikladno dugo vrijeme rada sa sustavom baterija od 18 volti i alkalnim baterijama (adapter uklju\u010den)   Izvrstan za zahtjevne zadatke i dokazan na gradili\u0161tu \u2013 robusni laser GRL 600 CHV Professional podnosi \u010dak i najzahtjevnija okru\u017eenja. Njegov robusni dizajn nudi za\u0161titu od udaraca i ima IP68 ocjenu protiv pra\u0161ine i vode \u2013 uklju\u010duju\u0107i pretinac za baterije za vrlo fleksibilan rad u nepovoljnim vremenskim uvjetima. Omogu\u0107uje prakti\u010dno povezivanje i fokusiraniji rad s manje izgubljenog vremena. Rukovanje alatom je intuitivno zahvaljuju\u0107i zaslonu i pristupu aplikaciji za daljinsko niveliranje, koja prikazuje sve funkcije, uklju\u010duju\u0107i pode\u0161avanje dvostrukog nagiba, \u010dime se \u0161tedi dragocjeno vrijeme. Ovaj izuzetno precizan laser omogu\u0107uje kontinuirani rad, jer ima dugo vrijeme rada, kako sa 18-voltnim baterijskim sustavom tako i sa alkalnim baterijama. Alat je idealan za vanjsku upotrebu pri odre\u0111ivanju vrijednosti usjeka i ispune za kupanje, betonske blokove, ure\u0111enje okoli\u0161a i fasadne radove. Laser GRL 600 CHV tako\u0111er ima visokokvalitetni prijemnik s podru\u010djem prijema od 125 mm, dvostranim zaslonom i funkcijom milimetarskog ofseta. Kalibracija alata brza je i jednostavna \u2013 upute korak po korak u intuitivnoj aplikaciji \u0161tede vrijeme i resurse i osiguravaju to\u010dne rezultate na svakom poslu. Uz prakti\u010dan na\u010din rada maske koji je dostupan u aplikaciji, mogu\u0107e je izbje\u0107i refleksiju i smetnje drugih ure\u0111aja na gradili\u0161tu. Set sadr\u017ei: u torbici s 1 litij-ionskom punjivom baterijom ProCORE18V 4,0 Ah, laserskom ciljnom plo\u010dom  Katalo\u0161ki broj: 0 615 994 0P5   Laserski prijemnik LR 60 Professional 0 601 069 P00  Dr\u017ea\u010d prijemnika RB 60 Professional  Daljinski upravlja\u010d RC 6 Professional  1 x punjiva baterija ProCORE18V 4.0Ah 1 600 A01 6GB  Brzi punja\u010d GAL 18V-40 Professional 1 600 A01 9RJ  Baterijski adapter BA 1 Professional  Zidni nosa\u010d WM 6 Professional  4 x baterija 1,5 V LR20 (D)  4 x baterija 1,5 V LR6 (AA)  Laserska meta  Nao\u010dale za promatranje laserske zrake (crvene) (katalo\u0161ki broj 1 608 M00 05B)  Transportni kofer  Gra\u0111evinski stalak BT 170 HD Professional 0 601 091 300  Mjerna \u0161ipka GR 240 Professional 0 601 094 100","og_url":"https:\/\/ampersol.com\/hr\/trgovina\/stroji-in-orodja-hr\/tehnika-mjerenja\/rotacijski-laser-bosch-grl-600-chv-bt-170-gr-240-lr-60-rb-60-wm-6\/","og_site_name":"Amper Sol d.o.o.","og_image":[{"width":460,"height":464,"url":"https:\/\/ampersol.com\/wp-content\/uploads\/2022\/06\/22-1.png","type":"image\/png"}],"twitter_card":"summary_large_image","schema":{"@context":"https:\/\/schema.org","@graph":[{"@type":"WebPage","@id":"https:\/\/ampersol.com\/hr\/trgovina\/stroji-in-orodja-hr\/tehnika-mjerenja\/rotacijski-laser-bosch-grl-600-chv-bt-170-gr-240-lr-60-rb-60-wm-6\/","url":"https:\/\/ampersol.com\/hr\/trgovina\/stroji-in-orodja-hr\/tehnika-mjerenja\/rotacijski-laser-bosch-grl-600-chv-bt-170-gr-240-lr-60-rb-60-wm-6\/","name":"Rotacijski laser BOSCH GRL 600 CHV + BT 170 + GR 240 + LR 60 + RB 60 + WM 6 - Amper Sol d.o.o.","isPartOf":{"@id":"https:\/\/ampersol.com\/hr\/#website"},"primaryImageOfPage":{"@id":"https:\/\/ampersol.com\/hr\/trgovina\/stroji-in-orodja-hr\/tehnika-mjerenja\/rotacijski-laser-bosch-grl-600-chv-bt-170-gr-240-lr-60-rb-60-wm-6\/#primaryimage"},"image":{"@id":"https:\/\/ampersol.com\/hr\/trgovina\/stroji-in-orodja-hr\/tehnika-mjerenja\/rotacijski-laser-bosch-grl-600-chv-bt-170-gr-240-lr-60-rb-60-wm-6\/#primaryimage"},"thumbnailUrl":"https:\/\/ampersol.com\/wp-content\/uploads\/2022\/06\/22-1.png","datePublished":"2022-06-28T13:09:39+00:00","dateModified":"2022-06-28T13:09:39+00:00","breadcrumb":{"@id":"https:\/\/ampersol.com\/hr\/trgovina\/stroji-in-orodja-hr\/tehnika-mjerenja\/rotacijski-laser-bosch-grl-600-chv-bt-170-gr-240-lr-60-rb-60-wm-6\/#breadcrumb"},"inLanguage":"hr","potentialAction":[{"@type":"ReadAction","target":["https:\/\/ampersol.com\/hr\/trgovina\/stroji-in-orodja-hr\/tehnika-mjerenja\/rotacijski-laser-bosch-grl-600-chv-bt-170-gr-240-lr-60-rb-60-wm-6\/"]}]},{"@type":"ImageObject","inLanguage":"hr","@id":"https:\/\/ampersol.com\/hr\/trgovina\/stroji-in-orodja-hr\/tehnika-mjerenja\/rotacijski-laser-bosch-grl-600-chv-bt-170-gr-240-lr-60-rb-60-wm-6\/#primaryimage","url":"https:\/\/ampersol.com\/wp-content\/uploads\/2022\/06\/22-1.png","contentUrl":"https:\/\/ampersol.com\/wp-content\/uploads\/2022\/06\/22-1.png","width":460,"height":464},{"@type":"BreadcrumbList","@id":"https:\/\/ampersol.com\/hr\/trgovina\/stroji-in-orodja-hr\/tehnika-mjerenja\/rotacijski-laser-bosch-grl-600-chv-bt-170-gr-240-lr-60-rb-60-wm-6\/#breadcrumb","itemListElement":[{"@type":"ListItem","position":1,"name":"Home","item":"https:\/\/ampersol.com\/hr\/"},{"@type":"ListItem","position":2,"name":"Trgovina","item":"https:\/\/ampersol.com\/hr\/trgovina\/"},{"@type":"ListItem","position":3,"name":"Rotacijski laser BOSCH GRL 600 CHV + BT 170 + GR 240 + LR 60 + RB 60 + WM 6"}]},{"@type":"WebSite","@id":"https:\/\/ampersol.com\/hr\/#website","url":"https:\/\/ampersol.com\/hr\/","name":"Amper Sol d.o.o.","description":"Prodaja, servis in storitve","publisher":{"@id":"https:\/\/ampersol.com\/hr\/#organization"},"potentialAction":[{"@type":"SearchAction","target":{"@type":"EntryPoint","urlTemplate":"https:\/\/ampersol.com\/hr\/?s={search_term_string}"},"query-input":{"@type":"PropertyValueSpecification","valueRequired":true,"valueName":"search_term_string"}}],"inLanguage":"hr"},{"@type":"Organization","@id":"https:\/\/ampersol.com\/hr\/#organization","name":"Amper Sol d.o.o.","url":"https:\/\/ampersol.com\/hr\/","logo":{"@type":"ImageObject","inLanguage":"hr","@id":"https:\/\/ampersol.com\/hr\/#\/schema\/logo\/image\/","url":"https:\/\/ampersol.com\/wp-content\/uploads\/2022\/06\/cropped-deni-logo-1-303x71-1.png","contentUrl":"https:\/\/ampersol.com\/wp-content\/uploads\/2022\/06\/cropped-deni-logo-1-303x71-1.png","width":303,"height":71,"caption":"Amper Sol d.o.o."},"image":{"@id":"https:\/\/ampersol.com\/hr\/#\/schema\/logo\/image\/"}}]}},"_links":{"self":[{"href":"https:\/\/ampersol.com\/hr\/wp-json\/wp\/v2\/product\/3762","targetHints":{"allow":["GET"]}}],"collection":[{"href":"https:\/\/ampersol.com\/hr\/wp-json\/wp\/v2\/product"}],"about":[{"href":"https:\/\/ampersol.com\/hr\/wp-json\/wp\/v2\/types\/product"}],"replies":[{"embeddable":true,"href":"https:\/\/ampersol.com\/hr\/wp-json\/wp\/v2\/comments?post=3762"}],"wp:featuredmedia":[{"embeddable":true,"href":"https:\/\/ampersol.com\/hr\/wp-json\/wp\/v2\/media\/3763"}],"wp:attachment":[{"href":"https:\/\/ampersol.com\/hr\/wp-json\/wp\/v2\/media?parent=3762"}],"wp:term":[{"taxonomy":"product_cat","embeddable":true,"href":"https:\/\/ampersol.com\/hr\/wp-json\/wp\/v2\/product_cat?post=3762"},{"taxonomy":"product_tag","embeddable":true,"href":"https:\/\/ampersol.com\/hr\/wp-json\/wp\/v2\/product_tag?post=3762"}],"curies":[{"name":"wp","href":"https:\/\/api.w.org\/{rel}","templated":true}]}}