{"id":3728,"date":"2022-06-28T13:09:14","date_gmt":"2022-06-28T13:09:14","guid":{"rendered":"https:\/\/ampersol.com\/trgovina\/Bez kategorije\/32kw-18l-min-plinski-protocni-grijac-vode-na-butan-propan-ili-lpg-plin\/"},"modified":"2022-06-28T13:09:14","modified_gmt":"2022-06-28T13:09:14","slug":"32kw-18l-min-plinski-protocni-grijac-vode-na-butan-propan-ili-lpg-plin","status":"publish","type":"product","link":"https:\/\/ampersol.com\/hr\/trgovina\/dom-nautika-karavaning\/ogrevanje-na-plin-hr\/32kw-18l-min-plinski-protocni-grijac-vode-na-butan-propan-ili-lpg-plin\/","title":{"rendered":"32kW 18L\/min PLINSKI PROTO\u010cNI GRIJA\u010c VODE na butan-propan ili LPG plin"},"content":{"rendered":"","protected":false},"excerpt":{"rendered":"<div class=\"woocommerce-product-details__short-description\">\n<p>Plinski proto\u010dni bojler za rad ne treba elektri\u010dnu instalaciju jer radi na baterijsko napajanje (2x tip D baterije).<br \/>\nVrlo ekonomi\u010dna alternativa klasi\u010dnom ku\u0107nom bojleru, jer zagrijava vodu samo kada vam je potrebna. Grija\u010d je dovoljno sna\u017ean za vi\u0161e korisnika istovremeno. Pogodno samo za vi\u0161estambene zgrade.<br \/>\nProto\u010dni grija\u010d vode automatski se pokre\u0107e kada detektira protok vode. Jednostavna monta\u017ea i spajanje na postoje\u0107u vodovodnu instalaciju.<br \/>\nGrija\u010d radi i pri vrlo niskim protokima ili pritiska vode i stoga je prikladan i za kori\u0161tenje s potopnim pumpama.<\/p>\n<p>Ako se grija\u010d ugra\u0111uje u stambene prostore, potrebno je osigurati dovod svje\u017eeg zraka i odvod ispu\u0161nih plinova. Priklju\u010dak za cijev od nehr\u0111aju\u0107eg \u010delika nalazi se na vrhu ure\u0111aja.<\/p>\n<p>Paket uklju\u010duje priklju\u010dnu cijev za vodu, glavu tu\u0161a, gumene brtve i vijke za pri\u010dvr\u0161\u0107ivanje na zid te upute za uporabu i monta\u017eu<\/p>\n<p>Za monta\u017eu i prvo pu\u0161tanje potreban plinski serviser!<\/p>\n<\/div>\n<div class=\"woocommerce-product-details__short-description\">Tehni\u010dke informacije:<br \/>\nSnaga grijanja: 32kW<br \/>\nDimenzije: 730x380x180mm<br \/>\nDogrijavanje vode za +25\u00b0C pri protoku od 18L\/min<br \/>\nPromjer priklju\u010dka za ispu\u0161nu cijev: <span class=\"cont-maximize\"><span class=\"emoji-face has-text\"><span data-spm-anchor-id=\"a2g0s.imconversation.0.i4.3d073e5f5pqGfS\">12,6 cm<\/span><\/span><\/span><br \/>\nPlin: LPG ili Butan Propan 2800Pa ili 28mBar<br \/>\nPlinski priklju\u010dak: Konus za plinsku cijev 20mm ili standardni navoj<br \/>\nTlak vode: min.: 0,02 MPa, maks. 0,8 MPa Ku\u0107i\u0161te od nehr\u0111aju\u0107eg \u010delika<br \/>\nZa\u0161tita od ga\u0161enja plamena<br \/>\nZa\u0161tita od pregrijavanja<br \/>\nAutomatsko paljenje plamena<br \/>\nLED zaslon s prikazom temperature vode<br \/>\nTri potenciometra za pode\u0161avanje temperature<\/div>\n","protected":false},"featured_media":3729,"comment_status":"open","ping_status":"closed","template":"","meta":[],"product_cat":[368],"product_tag":[],"class_list":{"0":"post-3728","1":"product","2":"type-product","3":"status-publish","4":"has-post-thumbnail","6":"product_cat-ogrevanje-na-plin-hr","8":"first","9":"instock","10":"sale","11":"taxable","12":"shipping-taxable","13":"purchasable","14":"product-type-simple"},"yoast_head":"<!-- This site is optimized with the Yoast SEO plugin v24.1 - https:\/\/yoast.com\/wordpress\/plugins\/seo\/ -->\n<title>32kW 18L\/min PLINSKI PROTO\u010cNI GRIJA\u010c VODE na butan-propan ili LPG plin - Amper Sol d.o.o.<\/title>\n<meta name=\"description\" content=\"Plinski proto\u010dni bojler ne treba elektri\u010dnu instalaciju jer radi na baterije (2x baterije tip D) Vrlo ekonomi\u010dna alternativa klasi\u010dnom bojleru jer grije vodu samo kada vam je potrebna. Grija\u010d je dovoljno sna\u017ean za vi\u0161e korisnika istovremeno. Prikladno samo za vi\u0161estambene zgrade. Proto\u010dni bojler se uklju\u010duje automatski kada detektira protok vode. Jednostavna monta\u017ea i spajanje na postoje\u0107u vodovodnu instalaciju Grija\u010d radi i pri vrlo malim protocima odn pritiska vode i stoga je tako\u0111er prikladan za kori\u0161tenje s potopnim pumpama.\" \/>\n<meta name=\"robots\" content=\"index, follow, max-snippet:-1, max-image-preview:large, max-video-preview:-1\" \/>\n<link rel=\"canonical\" href=\"https:\/\/ampersol.com\/hr\/trgovina\/dom-nautika-karavaning\/ogrevanje-na-plin-hr\/32kw-18l-min-plinski-protocni-grijac-vode-na-butan-propan-ili-lpg-plin\/\" \/>\n<meta property=\"og:locale\" content=\"hr_HR\" \/>\n<meta property=\"og:type\" content=\"article\" \/>\n<meta property=\"og:title\" content=\"32kW 18L\/min PLINSKI PROTO\u010cNI GRIJA\u010c VODE na butan-propan ili LPG plin - Amper Sol d.o.o.\" \/>\n<meta property=\"og:description\" content=\"Plinski proto\u010dni bojler ne treba elektri\u010dnu instalaciju jer radi na baterije (2x baterije tip D) Vrlo ekonomi\u010dna alternativa klasi\u010dnom bojleru jer grije vodu samo kada vam je potrebna. Grija\u010d je dovoljno sna\u017ean za vi\u0161e korisnika istovremeno. Prikladno samo za vi\u0161estambene zgrade. Proto\u010dni bojler se uklju\u010duje automatski kada detektira protok vode. Jednostavna monta\u017ea i spajanje na postoje\u0107u vodovodnu instalaciju Grija\u010d radi i pri vrlo malim protocima odn pritiska vode i stoga je tako\u0111er prikladan za kori\u0161tenje s potopnim pumpama.\" \/>\n<meta property=\"og:url\" content=\"https:\/\/ampersol.com\/hr\/trgovina\/dom-nautika-karavaning\/ogrevanje-na-plin-hr\/32kw-18l-min-plinski-protocni-grijac-vode-na-butan-propan-ili-lpg-plin\/\" \/>\n<meta property=\"og:site_name\" content=\"Amper Sol d.o.o.\" \/>\n<meta property=\"og:image\" content=\"https:\/\/ampersol.com\/wp-content\/uploads\/2022\/06\/asfg.png\" \/>\n\t<meta property=\"og:image:width\" content=\"523\" \/>\n\t<meta property=\"og:image:height\" content=\"579\" \/>\n\t<meta property=\"og:image:type\" content=\"image\/png\" \/>\n<meta name=\"twitter:card\" content=\"summary_large_image\" \/>\n<script type=\"application\/ld+json\" class=\"yoast-schema-graph\">{\"@context\":\"https:\/\/schema.org\",\"@graph\":[{\"@type\":\"WebPage\",\"@id\":\"https:\/\/ampersol.com\/hr\/trgovina\/dom-nautika-karavaning\/ogrevanje-na-plin-hr\/32kw-18l-min-plinski-protocni-grijac-vode-na-butan-propan-ili-lpg-plin\/\",\"url\":\"https:\/\/ampersol.com\/hr\/trgovina\/dom-nautika-karavaning\/ogrevanje-na-plin-hr\/32kw-18l-min-plinski-protocni-grijac-vode-na-butan-propan-ili-lpg-plin\/\",\"name\":\"32kW 18L\/min PLINSKI PROTO\u010cNI GRIJA\u010c VODE na butan-propan ili LPG plin - Amper Sol d.o.o.\",\"isPartOf\":{\"@id\":\"https:\/\/ampersol.com\/hr\/#website\"},\"primaryImageOfPage\":{\"@id\":\"https:\/\/ampersol.com\/hr\/trgovina\/dom-nautika-karavaning\/ogrevanje-na-plin-hr\/32kw-18l-min-plinski-protocni-grijac-vode-na-butan-propan-ili-lpg-plin\/#primaryimage\"},\"image\":{\"@id\":\"https:\/\/ampersol.com\/hr\/trgovina\/dom-nautika-karavaning\/ogrevanje-na-plin-hr\/32kw-18l-min-plinski-protocni-grijac-vode-na-butan-propan-ili-lpg-plin\/#primaryimage\"},\"thumbnailUrl\":\"https:\/\/ampersol.com\/wp-content\/uploads\/2022\/06\/asfg.png\",\"datePublished\":\"2022-06-28T13:09:14+00:00\",\"dateModified\":\"2022-06-28T13:09:14+00:00\",\"description\":\"Plinski proto\u010dni bojler ne treba elektri\u010dnu instalaciju jer radi na baterije (2x baterije tip D) Vrlo ekonomi\u010dna alternativa klasi\u010dnom bojleru jer grije vodu samo kada vam je potrebna. Grija\u010d je dovoljno sna\u017ean za vi\u0161e korisnika istovremeno. Prikladno samo za vi\u0161estambene zgrade. Proto\u010dni bojler se uklju\u010duje automatski kada detektira protok vode. Jednostavna monta\u017ea i spajanje na postoje\u0107u vodovodnu instalaciju Grija\u010d radi i pri vrlo malim protocima odn pritiska vode i stoga je tako\u0111er prikladan za kori\u0161tenje s potopnim pumpama.\",\"breadcrumb\":{\"@id\":\"https:\/\/ampersol.com\/hr\/trgovina\/dom-nautika-karavaning\/ogrevanje-na-plin-hr\/32kw-18l-min-plinski-protocni-grijac-vode-na-butan-propan-ili-lpg-plin\/#breadcrumb\"},\"inLanguage\":\"hr\",\"potentialAction\":[{\"@type\":\"ReadAction\",\"target\":[\"https:\/\/ampersol.com\/hr\/trgovina\/dom-nautika-karavaning\/ogrevanje-na-plin-hr\/32kw-18l-min-plinski-protocni-grijac-vode-na-butan-propan-ili-lpg-plin\/\"]}]},{\"@type\":\"ImageObject\",\"inLanguage\":\"hr\",\"@id\":\"https:\/\/ampersol.com\/hr\/trgovina\/dom-nautika-karavaning\/ogrevanje-na-plin-hr\/32kw-18l-min-plinski-protocni-grijac-vode-na-butan-propan-ili-lpg-plin\/#primaryimage\",\"url\":\"https:\/\/ampersol.com\/wp-content\/uploads\/2022\/06\/asfg.png\",\"contentUrl\":\"https:\/\/ampersol.com\/wp-content\/uploads\/2022\/06\/asfg.png\",\"width\":523,\"height\":579},{\"@type\":\"BreadcrumbList\",\"@id\":\"https:\/\/ampersol.com\/hr\/trgovina\/dom-nautika-karavaning\/ogrevanje-na-plin-hr\/32kw-18l-min-plinski-protocni-grijac-vode-na-butan-propan-ili-lpg-plin\/#breadcrumb\",\"itemListElement\":[{\"@type\":\"ListItem\",\"position\":1,\"name\":\"Home\",\"item\":\"https:\/\/ampersol.com\/hr\/\"},{\"@type\":\"ListItem\",\"position\":2,\"name\":\"Trgovina\",\"item\":\"https:\/\/ampersol.com\/hr\/trgovina\/\"},{\"@type\":\"ListItem\",\"position\":3,\"name\":\"32kW 18L\/min PLINSKI PROTO\u010cNI GRIJA\u010c VODE na butan-propan ili LPG plin\"}]},{\"@type\":\"WebSite\",\"@id\":\"https:\/\/ampersol.com\/hr\/#website\",\"url\":\"https:\/\/ampersol.com\/hr\/\",\"name\":\"Amper Sol d.o.o.\",\"description\":\"Prodaja, servis in storitve\",\"publisher\":{\"@id\":\"https:\/\/ampersol.com\/hr\/#organization\"},\"potentialAction\":[{\"@type\":\"SearchAction\",\"target\":{\"@type\":\"EntryPoint\",\"urlTemplate\":\"https:\/\/ampersol.com\/hr\/?s={search_term_string}\"},\"query-input\":{\"@type\":\"PropertyValueSpecification\",\"valueRequired\":true,\"valueName\":\"search_term_string\"}}],\"inLanguage\":\"hr\"},{\"@type\":\"Organization\",\"@id\":\"https:\/\/ampersol.com\/hr\/#organization\",\"name\":\"Amper Sol d.o.o.\",\"url\":\"https:\/\/ampersol.com\/hr\/\",\"logo\":{\"@type\":\"ImageObject\",\"inLanguage\":\"hr\",\"@id\":\"https:\/\/ampersol.com\/hr\/#\/schema\/logo\/image\/\",\"url\":\"https:\/\/ampersol.com\/wp-content\/uploads\/2022\/06\/cropped-deni-logo-1-303x71-1.png\",\"contentUrl\":\"https:\/\/ampersol.com\/wp-content\/uploads\/2022\/06\/cropped-deni-logo-1-303x71-1.png\",\"width\":303,\"height\":71,\"caption\":\"Amper Sol d.o.o.\"},\"image\":{\"@id\":\"https:\/\/ampersol.com\/hr\/#\/schema\/logo\/image\/\"}}]}<\/script>\n<!-- \/ Yoast SEO plugin. -->","yoast_head_json":{"title":"32kW 18L\/min PLINSKI PROTO\u010cNI GRIJA\u010c VODE na butan-propan ili LPG plin - Amper Sol d.o.o.","description":"Plinski proto\u010dni bojler ne treba elektri\u010dnu instalaciju jer radi na baterije (2x baterije tip D) Vrlo ekonomi\u010dna alternativa klasi\u010dnom bojleru jer grije vodu samo kada vam je potrebna. Grija\u010d je dovoljno sna\u017ean za vi\u0161e korisnika istovremeno. Prikladno samo za vi\u0161estambene zgrade. Proto\u010dni bojler se uklju\u010duje automatski kada detektira protok vode. Jednostavna monta\u017ea i spajanje na postoje\u0107u vodovodnu instalaciju Grija\u010d radi i pri vrlo malim protocima odn pritiska vode i stoga je tako\u0111er prikladan za kori\u0161tenje s potopnim pumpama.","robots":{"index":"index","follow":"follow","max-snippet":"max-snippet:-1","max-image-preview":"max-image-preview:large","max-video-preview":"max-video-preview:-1"},"canonical":"https:\/\/ampersol.com\/hr\/trgovina\/dom-nautika-karavaning\/ogrevanje-na-plin-hr\/32kw-18l-min-plinski-protocni-grijac-vode-na-butan-propan-ili-lpg-plin\/","og_locale":"hr_HR","og_type":"article","og_title":"32kW 18L\/min PLINSKI PROTO\u010cNI GRIJA\u010c VODE na butan-propan ili LPG plin - Amper Sol d.o.o.","og_description":"Plinski proto\u010dni bojler ne treba elektri\u010dnu instalaciju jer radi na baterije (2x baterije tip D) Vrlo ekonomi\u010dna alternativa klasi\u010dnom bojleru jer grije vodu samo kada vam je potrebna. Grija\u010d je dovoljno sna\u017ean za vi\u0161e korisnika istovremeno. Prikladno samo za vi\u0161estambene zgrade. Proto\u010dni bojler se uklju\u010duje automatski kada detektira protok vode. Jednostavna monta\u017ea i spajanje na postoje\u0107u vodovodnu instalaciju Grija\u010d radi i pri vrlo malim protocima odn pritiska vode i stoga je tako\u0111er prikladan za kori\u0161tenje s potopnim pumpama.","og_url":"https:\/\/ampersol.com\/hr\/trgovina\/dom-nautika-karavaning\/ogrevanje-na-plin-hr\/32kw-18l-min-plinski-protocni-grijac-vode-na-butan-propan-ili-lpg-plin\/","og_site_name":"Amper Sol d.o.o.","og_image":[{"width":523,"height":579,"url":"https:\/\/ampersol.com\/wp-content\/uploads\/2022\/06\/asfg.png","type":"image\/png"}],"twitter_card":"summary_large_image","schema":{"@context":"https:\/\/schema.org","@graph":[{"@type":"WebPage","@id":"https:\/\/ampersol.com\/hr\/trgovina\/dom-nautika-karavaning\/ogrevanje-na-plin-hr\/32kw-18l-min-plinski-protocni-grijac-vode-na-butan-propan-ili-lpg-plin\/","url":"https:\/\/ampersol.com\/hr\/trgovina\/dom-nautika-karavaning\/ogrevanje-na-plin-hr\/32kw-18l-min-plinski-protocni-grijac-vode-na-butan-propan-ili-lpg-plin\/","name":"32kW 18L\/min PLINSKI PROTO\u010cNI GRIJA\u010c VODE na butan-propan ili LPG plin - Amper Sol d.o.o.","isPartOf":{"@id":"https:\/\/ampersol.com\/hr\/#website"},"primaryImageOfPage":{"@id":"https:\/\/ampersol.com\/hr\/trgovina\/dom-nautika-karavaning\/ogrevanje-na-plin-hr\/32kw-18l-min-plinski-protocni-grijac-vode-na-butan-propan-ili-lpg-plin\/#primaryimage"},"image":{"@id":"https:\/\/ampersol.com\/hr\/trgovina\/dom-nautika-karavaning\/ogrevanje-na-plin-hr\/32kw-18l-min-plinski-protocni-grijac-vode-na-butan-propan-ili-lpg-plin\/#primaryimage"},"thumbnailUrl":"https:\/\/ampersol.com\/wp-content\/uploads\/2022\/06\/asfg.png","datePublished":"2022-06-28T13:09:14+00:00","dateModified":"2022-06-28T13:09:14+00:00","description":"Plinski proto\u010dni bojler ne treba elektri\u010dnu instalaciju jer radi na baterije (2x baterije tip D) Vrlo ekonomi\u010dna alternativa klasi\u010dnom bojleru jer grije vodu samo kada vam je potrebna. Grija\u010d je dovoljno sna\u017ean za vi\u0161e korisnika istovremeno. Prikladno samo za vi\u0161estambene zgrade. Proto\u010dni bojler se uklju\u010duje automatski kada detektira protok vode. Jednostavna monta\u017ea i spajanje na postoje\u0107u vodovodnu instalaciju Grija\u010d radi i pri vrlo malim protocima odn pritiska vode i stoga je tako\u0111er prikladan za kori\u0161tenje s potopnim pumpama.","breadcrumb":{"@id":"https:\/\/ampersol.com\/hr\/trgovina\/dom-nautika-karavaning\/ogrevanje-na-plin-hr\/32kw-18l-min-plinski-protocni-grijac-vode-na-butan-propan-ili-lpg-plin\/#breadcrumb"},"inLanguage":"hr","potentialAction":[{"@type":"ReadAction","target":["https:\/\/ampersol.com\/hr\/trgovina\/dom-nautika-karavaning\/ogrevanje-na-plin-hr\/32kw-18l-min-plinski-protocni-grijac-vode-na-butan-propan-ili-lpg-plin\/"]}]},{"@type":"ImageObject","inLanguage":"hr","@id":"https:\/\/ampersol.com\/hr\/trgovina\/dom-nautika-karavaning\/ogrevanje-na-plin-hr\/32kw-18l-min-plinski-protocni-grijac-vode-na-butan-propan-ili-lpg-plin\/#primaryimage","url":"https:\/\/ampersol.com\/wp-content\/uploads\/2022\/06\/asfg.png","contentUrl":"https:\/\/ampersol.com\/wp-content\/uploads\/2022\/06\/asfg.png","width":523,"height":579},{"@type":"BreadcrumbList","@id":"https:\/\/ampersol.com\/hr\/trgovina\/dom-nautika-karavaning\/ogrevanje-na-plin-hr\/32kw-18l-min-plinski-protocni-grijac-vode-na-butan-propan-ili-lpg-plin\/#breadcrumb","itemListElement":[{"@type":"ListItem","position":1,"name":"Home","item":"https:\/\/ampersol.com\/hr\/"},{"@type":"ListItem","position":2,"name":"Trgovina","item":"https:\/\/ampersol.com\/hr\/trgovina\/"},{"@type":"ListItem","position":3,"name":"32kW 18L\/min PLINSKI PROTO\u010cNI GRIJA\u010c VODE na butan-propan ili LPG plin"}]},{"@type":"WebSite","@id":"https:\/\/ampersol.com\/hr\/#website","url":"https:\/\/ampersol.com\/hr\/","name":"Amper Sol d.o.o.","description":"Prodaja, servis in storitve","publisher":{"@id":"https:\/\/ampersol.com\/hr\/#organization"},"potentialAction":[{"@type":"SearchAction","target":{"@type":"EntryPoint","urlTemplate":"https:\/\/ampersol.com\/hr\/?s={search_term_string}"},"query-input":{"@type":"PropertyValueSpecification","valueRequired":true,"valueName":"search_term_string"}}],"inLanguage":"hr"},{"@type":"Organization","@id":"https:\/\/ampersol.com\/hr\/#organization","name":"Amper Sol d.o.o.","url":"https:\/\/ampersol.com\/hr\/","logo":{"@type":"ImageObject","inLanguage":"hr","@id":"https:\/\/ampersol.com\/hr\/#\/schema\/logo\/image\/","url":"https:\/\/ampersol.com\/wp-content\/uploads\/2022\/06\/cropped-deni-logo-1-303x71-1.png","contentUrl":"https:\/\/ampersol.com\/wp-content\/uploads\/2022\/06\/cropped-deni-logo-1-303x71-1.png","width":303,"height":71,"caption":"Amper Sol d.o.o."},"image":{"@id":"https:\/\/ampersol.com\/hr\/#\/schema\/logo\/image\/"}}]}},"_links":{"self":[{"href":"https:\/\/ampersol.com\/hr\/wp-json\/wp\/v2\/product\/3728","targetHints":{"allow":["GET"]}}],"collection":[{"href":"https:\/\/ampersol.com\/hr\/wp-json\/wp\/v2\/product"}],"about":[{"href":"https:\/\/ampersol.com\/hr\/wp-json\/wp\/v2\/types\/product"}],"replies":[{"embeddable":true,"href":"https:\/\/ampersol.com\/hr\/wp-json\/wp\/v2\/comments?post=3728"}],"wp:featuredmedia":[{"embeddable":true,"href":"https:\/\/ampersol.com\/hr\/wp-json\/wp\/v2\/media\/3729"}],"wp:attachment":[{"href":"https:\/\/ampersol.com\/hr\/wp-json\/wp\/v2\/media?parent=3728"}],"wp:term":[{"taxonomy":"product_cat","embeddable":true,"href":"https:\/\/ampersol.com\/hr\/wp-json\/wp\/v2\/product_cat?post=3728"},{"taxonomy":"product_tag","embeddable":true,"href":"https:\/\/ampersol.com\/hr\/wp-json\/wp\/v2\/product_tag?post=3728"}],"curies":[{"name":"wp","href":"https:\/\/api.w.org\/{rel}","templated":true}]}}