{"id":3709,"date":"2022-06-28T13:09:15","date_gmt":"2022-06-28T13:09:15","guid":{"rendered":"https:\/\/ampersol.com\/trgovina\/Bez kategorije\/kompresor-hladnjak-zamrzivac-cool5-50l-12v-24v-dc-220v\/"},"modified":"2022-06-28T13:09:15","modified_gmt":"2022-06-28T13:09:15","slug":"kompresor-hladnjak-zamrzivac-cool5-50l-12v-24v-dc-220v","status":"publish","type":"product","link":"https:\/\/ampersol.com\/hr\/trgovina\/dom-nautika-karavaning\/kompresor-hladnjak-zamrzivac-cool5-50l-12v-24v-dc-220v\/","title":{"rendered":"KOMPRESOR HLADNJAK-ZAMRZIVA\u010c CooL5 &#8211; 50L 12V \/ 24V DC \/ 220V"},"content":{"rendered":"","protected":false},"excerpt":{"rendered":"<p>Hladnjak kompresora odn zamrziva\u010d:<\/p>\n<p>Pogodno za nautiku, karanaving i solarne sustave. Minimalna potro\u0161nja elektri\u010dne energije, dobra izolacija i robusna konstrukcija!<\/p>\n<p>&#8211; Zapremina 50 litara<\/p>\n<p>-Radi na baterijski napon 12V\/24V i na <strong>prilo\u017eeni<\/strong> adapter od 220V<\/p>\n<p>&#8211; Hla\u0111enje i sve funkcije se pode\u0161avaju na LED ekranu (ili mobilnoj aplikaciji)<\/p>\n<p>-Pode\u0161avanje \u017eeljene temperature do -20\u00b0C<\/p>\n<p>&#8211; Trostepeno pode\u0161avanje dubine pra\u017enjenja baterije (H, M, L,)<\/p>\n<p>-Potro\u0161nja hladnjaka pri radu na 12V je 3.5A i 1.8A na 24V<\/p>\n<p>&#8211; Kompresor visokih performansi s niskom potro\u0161njom<\/p>\n<p>&#8211; mo\u017ee se postaviti izme\u0111u ECO i HH na\u010dina rada.<\/p>\n<p>-Rad na nagibima do 45\u00b0 &#8211; tako\u0111er izvrstan za terensku vo\u017enju<\/p>\n<p>-Robusno ku\u0107i\u0161te s ugra\u0111enim ru\u010dkama za jednostavno no\u0161enje i fiksiranje u vozilu<\/p>\n<p>-Velika i manja ladica unutra, LED rasvjeta<\/p>\n<p>-Vanjske dimenzije: D 575 x \u0160 365 x V 500 mm<\/p>\n<p>-Unutarnje dimenzije: D 450 x \u0160 280 c V 410 mm<\/p>\n<p>Hladnjak ima jamstvo od 1 godine i certificiran je prema sljede\u0107im standardima: CE, GS, ROHS, ETL, CB i SAA.<\/p>\n<p>Rezervni dijelovi na stanju, servis u Ljubljani.<\/p>\n<p>&nbsp;<\/p>\n","protected":false},"featured_media":3710,"comment_status":"open","ping_status":"closed","template":"","meta":[],"product_cat":[362],"product_tag":[],"class_list":{"0":"post-3709","1":"product","2":"type-product","3":"status-publish","4":"has-post-thumbnail","6":"product_cat-dom-nautika-karavaning","8":"first","9":"instock","10":"sale","11":"taxable","12":"shipping-taxable","13":"purchasable","14":"product-type-simple"},"yoast_head":"<!-- This site is optimized with the Yoast SEO plugin v24.1 - https:\/\/yoast.com\/wordpress\/plugins\/seo\/ -->\n<title>KOMPRESOR HLADNJAK-ZAMRZIVA\u010c CooL5 - 50L 12V \/ 24V DC \/ 220V - Amper Sol d.o.o.<\/title>\n<meta name=\"robots\" content=\"index, follow, max-snippet:-1, max-image-preview:large, max-video-preview:-1\" \/>\n<link rel=\"canonical\" href=\"https:\/\/ampersol.com\/hr\/trgovina\/dom-nautika-karavaning\/kompresor-hladnjak-zamrzivac-cool5-50l-12v-24v-dc-220v\/\" \/>\n<meta property=\"og:locale\" content=\"hr_HR\" \/>\n<meta property=\"og:type\" content=\"article\" \/>\n<meta property=\"og:title\" content=\"KOMPRESOR HLADNJAK-ZAMRZIVA\u010c CooL5 - 50L 12V \/ 24V DC \/ 220V - Amper Sol d.o.o.\" \/>\n<meta property=\"og:description\" content=\"Hladnjak kompresora odn zamrziva\u010d: Pogodno za nautiku, karanaving i solarne sustave. Minimalna potro\u0161nja elektri\u010dne energije, dobra izolacija i robusna konstrukcija! - Zapremina 50 litara -Radi na baterijski napon 12V\/24V i na prilo\u017eeni adapter od 220V - Hla\u0111enje i sve funkcije se pode\u0161avaju na LED ekranu (ili mobilnoj aplikaciji) -Pode\u0161avanje \u017eeljene temperature do -20\u00b0C - Trostepeno pode\u0161avanje dubine pra\u017enjenja baterije (H, M, L,) -Potro\u0161nja hladnjaka pri radu na 12V je 3.5A i 1.8A na 24V - Kompresor visokih performansi s niskom potro\u0161njom - mo\u017ee se postaviti izme\u0111u ECO i HH na\u010dina rada. -Rad na nagibima do 45\u00b0 - tako\u0111er izvrstan za terensku vo\u017enju -Robusno ku\u0107i\u0161te s ugra\u0111enim ru\u010dkama za jednostavno no\u0161enje i fiksiranje u vozilu -Velika i manja ladica unutra, LED rasvjeta -Vanjske dimenzije: D 575 x \u0160 365 x V 500 mm -Unutarnje dimenzije: D 450 x \u0160 280 c V 410 mm Hladnjak ima jamstvo od 1 godine i certificiran je prema sljede\u0107im standardima: CE, GS, ROHS, ETL, CB i SAA. Rezervni dijelovi na stanju, servis u Ljubljani. &nbsp;\" \/>\n<meta property=\"og:url\" content=\"https:\/\/ampersol.com\/hr\/trgovina\/dom-nautika-karavaning\/kompresor-hladnjak-zamrzivac-cool5-50l-12v-24v-dc-220v\/\" \/>\n<meta property=\"og:site_name\" content=\"Amper Sol d.o.o.\" \/>\n<meta property=\"og:image\" content=\"https:\/\/ampersol.com\/wp-content\/uploads\/2022\/06\/dfsdg.png\" \/>\n\t<meta property=\"og:image:width\" content=\"431\" \/>\n\t<meta property=\"og:image:height\" content=\"451\" \/>\n\t<meta property=\"og:image:type\" content=\"image\/png\" \/>\n<meta name=\"twitter:card\" content=\"summary_large_image\" \/>\n<script type=\"application\/ld+json\" class=\"yoast-schema-graph\">{\"@context\":\"https:\/\/schema.org\",\"@graph\":[{\"@type\":\"WebPage\",\"@id\":\"https:\/\/ampersol.com\/hr\/trgovina\/dom-nautika-karavaning\/kompresor-hladnjak-zamrzivac-cool5-50l-12v-24v-dc-220v\/\",\"url\":\"https:\/\/ampersol.com\/hr\/trgovina\/dom-nautika-karavaning\/kompresor-hladnjak-zamrzivac-cool5-50l-12v-24v-dc-220v\/\",\"name\":\"KOMPRESOR HLADNJAK-ZAMRZIVA\u010c CooL5 - 50L 12V \/ 24V DC \/ 220V - Amper Sol d.o.o.\",\"isPartOf\":{\"@id\":\"https:\/\/ampersol.com\/hr\/#website\"},\"primaryImageOfPage\":{\"@id\":\"https:\/\/ampersol.com\/hr\/trgovina\/dom-nautika-karavaning\/kompresor-hladnjak-zamrzivac-cool5-50l-12v-24v-dc-220v\/#primaryimage\"},\"image\":{\"@id\":\"https:\/\/ampersol.com\/hr\/trgovina\/dom-nautika-karavaning\/kompresor-hladnjak-zamrzivac-cool5-50l-12v-24v-dc-220v\/#primaryimage\"},\"thumbnailUrl\":\"https:\/\/ampersol.com\/wp-content\/uploads\/2022\/06\/dfsdg.png\",\"datePublished\":\"2022-06-28T13:09:15+00:00\",\"dateModified\":\"2022-06-28T13:09:15+00:00\",\"breadcrumb\":{\"@id\":\"https:\/\/ampersol.com\/hr\/trgovina\/dom-nautika-karavaning\/kompresor-hladnjak-zamrzivac-cool5-50l-12v-24v-dc-220v\/#breadcrumb\"},\"inLanguage\":\"hr\",\"potentialAction\":[{\"@type\":\"ReadAction\",\"target\":[\"https:\/\/ampersol.com\/hr\/trgovina\/dom-nautika-karavaning\/kompresor-hladnjak-zamrzivac-cool5-50l-12v-24v-dc-220v\/\"]}]},{\"@type\":\"ImageObject\",\"inLanguage\":\"hr\",\"@id\":\"https:\/\/ampersol.com\/hr\/trgovina\/dom-nautika-karavaning\/kompresor-hladnjak-zamrzivac-cool5-50l-12v-24v-dc-220v\/#primaryimage\",\"url\":\"https:\/\/ampersol.com\/wp-content\/uploads\/2022\/06\/dfsdg.png\",\"contentUrl\":\"https:\/\/ampersol.com\/wp-content\/uploads\/2022\/06\/dfsdg.png\",\"width\":431,\"height\":451},{\"@type\":\"BreadcrumbList\",\"@id\":\"https:\/\/ampersol.com\/hr\/trgovina\/dom-nautika-karavaning\/kompresor-hladnjak-zamrzivac-cool5-50l-12v-24v-dc-220v\/#breadcrumb\",\"itemListElement\":[{\"@type\":\"ListItem\",\"position\":1,\"name\":\"Home\",\"item\":\"https:\/\/ampersol.com\/hr\/\"},{\"@type\":\"ListItem\",\"position\":2,\"name\":\"Trgovina\",\"item\":\"https:\/\/ampersol.com\/hr\/trgovina\/\"},{\"@type\":\"ListItem\",\"position\":3,\"name\":\"KOMPRESOR HLADNJAK-ZAMRZIVA\u010c CooL5 &#8211; 50L 12V \/ 24V DC \/ 220V\"}]},{\"@type\":\"WebSite\",\"@id\":\"https:\/\/ampersol.com\/hr\/#website\",\"url\":\"https:\/\/ampersol.com\/hr\/\",\"name\":\"Amper Sol d.o.o.\",\"description\":\"Prodaja, servis in storitve\",\"publisher\":{\"@id\":\"https:\/\/ampersol.com\/hr\/#organization\"},\"potentialAction\":[{\"@type\":\"SearchAction\",\"target\":{\"@type\":\"EntryPoint\",\"urlTemplate\":\"https:\/\/ampersol.com\/hr\/?s={search_term_string}\"},\"query-input\":{\"@type\":\"PropertyValueSpecification\",\"valueRequired\":true,\"valueName\":\"search_term_string\"}}],\"inLanguage\":\"hr\"},{\"@type\":\"Organization\",\"@id\":\"https:\/\/ampersol.com\/hr\/#organization\",\"name\":\"Amper Sol d.o.o.\",\"url\":\"https:\/\/ampersol.com\/hr\/\",\"logo\":{\"@type\":\"ImageObject\",\"inLanguage\":\"hr\",\"@id\":\"https:\/\/ampersol.com\/hr\/#\/schema\/logo\/image\/\",\"url\":\"https:\/\/ampersol.com\/wp-content\/uploads\/2022\/06\/cropped-deni-logo-1-303x71-1.png\",\"contentUrl\":\"https:\/\/ampersol.com\/wp-content\/uploads\/2022\/06\/cropped-deni-logo-1-303x71-1.png\",\"width\":303,\"height\":71,\"caption\":\"Amper Sol d.o.o.\"},\"image\":{\"@id\":\"https:\/\/ampersol.com\/hr\/#\/schema\/logo\/image\/\"}}]}<\/script>\n<!-- \/ Yoast SEO plugin. -->","yoast_head_json":{"title":"KOMPRESOR HLADNJAK-ZAMRZIVA\u010c CooL5 - 50L 12V \/ 24V DC \/ 220V - Amper Sol d.o.o.","robots":{"index":"index","follow":"follow","max-snippet":"max-snippet:-1","max-image-preview":"max-image-preview:large","max-video-preview":"max-video-preview:-1"},"canonical":"https:\/\/ampersol.com\/hr\/trgovina\/dom-nautika-karavaning\/kompresor-hladnjak-zamrzivac-cool5-50l-12v-24v-dc-220v\/","og_locale":"hr_HR","og_type":"article","og_title":"KOMPRESOR HLADNJAK-ZAMRZIVA\u010c CooL5 - 50L 12V \/ 24V DC \/ 220V - Amper Sol d.o.o.","og_description":"Hladnjak kompresora odn zamrziva\u010d: Pogodno za nautiku, karanaving i solarne sustave. Minimalna potro\u0161nja elektri\u010dne energije, dobra izolacija i robusna konstrukcija! - Zapremina 50 litara -Radi na baterijski napon 12V\/24V i na prilo\u017eeni adapter od 220V - Hla\u0111enje i sve funkcije se pode\u0161avaju na LED ekranu (ili mobilnoj aplikaciji) -Pode\u0161avanje \u017eeljene temperature do -20\u00b0C - Trostepeno pode\u0161avanje dubine pra\u017enjenja baterije (H, M, L,) -Potro\u0161nja hladnjaka pri radu na 12V je 3.5A i 1.8A na 24V - Kompresor visokih performansi s niskom potro\u0161njom - mo\u017ee se postaviti izme\u0111u ECO i HH na\u010dina rada. -Rad na nagibima do 45\u00b0 - tako\u0111er izvrstan za terensku vo\u017enju -Robusno ku\u0107i\u0161te s ugra\u0111enim ru\u010dkama za jednostavno no\u0161enje i fiksiranje u vozilu -Velika i manja ladica unutra, LED rasvjeta -Vanjske dimenzije: D 575 x \u0160 365 x V 500 mm -Unutarnje dimenzije: D 450 x \u0160 280 c V 410 mm Hladnjak ima jamstvo od 1 godine i certificiran je prema sljede\u0107im standardima: CE, GS, ROHS, ETL, CB i SAA. Rezervni dijelovi na stanju, servis u Ljubljani. &nbsp;","og_url":"https:\/\/ampersol.com\/hr\/trgovina\/dom-nautika-karavaning\/kompresor-hladnjak-zamrzivac-cool5-50l-12v-24v-dc-220v\/","og_site_name":"Amper Sol d.o.o.","og_image":[{"width":431,"height":451,"url":"https:\/\/ampersol.com\/wp-content\/uploads\/2022\/06\/dfsdg.png","type":"image\/png"}],"twitter_card":"summary_large_image","schema":{"@context":"https:\/\/schema.org","@graph":[{"@type":"WebPage","@id":"https:\/\/ampersol.com\/hr\/trgovina\/dom-nautika-karavaning\/kompresor-hladnjak-zamrzivac-cool5-50l-12v-24v-dc-220v\/","url":"https:\/\/ampersol.com\/hr\/trgovina\/dom-nautika-karavaning\/kompresor-hladnjak-zamrzivac-cool5-50l-12v-24v-dc-220v\/","name":"KOMPRESOR HLADNJAK-ZAMRZIVA\u010c CooL5 - 50L 12V \/ 24V DC \/ 220V - Amper Sol d.o.o.","isPartOf":{"@id":"https:\/\/ampersol.com\/hr\/#website"},"primaryImageOfPage":{"@id":"https:\/\/ampersol.com\/hr\/trgovina\/dom-nautika-karavaning\/kompresor-hladnjak-zamrzivac-cool5-50l-12v-24v-dc-220v\/#primaryimage"},"image":{"@id":"https:\/\/ampersol.com\/hr\/trgovina\/dom-nautika-karavaning\/kompresor-hladnjak-zamrzivac-cool5-50l-12v-24v-dc-220v\/#primaryimage"},"thumbnailUrl":"https:\/\/ampersol.com\/wp-content\/uploads\/2022\/06\/dfsdg.png","datePublished":"2022-06-28T13:09:15+00:00","dateModified":"2022-06-28T13:09:15+00:00","breadcrumb":{"@id":"https:\/\/ampersol.com\/hr\/trgovina\/dom-nautika-karavaning\/kompresor-hladnjak-zamrzivac-cool5-50l-12v-24v-dc-220v\/#breadcrumb"},"inLanguage":"hr","potentialAction":[{"@type":"ReadAction","target":["https:\/\/ampersol.com\/hr\/trgovina\/dom-nautika-karavaning\/kompresor-hladnjak-zamrzivac-cool5-50l-12v-24v-dc-220v\/"]}]},{"@type":"ImageObject","inLanguage":"hr","@id":"https:\/\/ampersol.com\/hr\/trgovina\/dom-nautika-karavaning\/kompresor-hladnjak-zamrzivac-cool5-50l-12v-24v-dc-220v\/#primaryimage","url":"https:\/\/ampersol.com\/wp-content\/uploads\/2022\/06\/dfsdg.png","contentUrl":"https:\/\/ampersol.com\/wp-content\/uploads\/2022\/06\/dfsdg.png","width":431,"height":451},{"@type":"BreadcrumbList","@id":"https:\/\/ampersol.com\/hr\/trgovina\/dom-nautika-karavaning\/kompresor-hladnjak-zamrzivac-cool5-50l-12v-24v-dc-220v\/#breadcrumb","itemListElement":[{"@type":"ListItem","position":1,"name":"Home","item":"https:\/\/ampersol.com\/hr\/"},{"@type":"ListItem","position":2,"name":"Trgovina","item":"https:\/\/ampersol.com\/hr\/trgovina\/"},{"@type":"ListItem","position":3,"name":"KOMPRESOR HLADNJAK-ZAMRZIVA\u010c CooL5 &#8211; 50L 12V \/ 24V DC \/ 220V"}]},{"@type":"WebSite","@id":"https:\/\/ampersol.com\/hr\/#website","url":"https:\/\/ampersol.com\/hr\/","name":"Amper Sol d.o.o.","description":"Prodaja, servis in storitve","publisher":{"@id":"https:\/\/ampersol.com\/hr\/#organization"},"potentialAction":[{"@type":"SearchAction","target":{"@type":"EntryPoint","urlTemplate":"https:\/\/ampersol.com\/hr\/?s={search_term_string}"},"query-input":{"@type":"PropertyValueSpecification","valueRequired":true,"valueName":"search_term_string"}}],"inLanguage":"hr"},{"@type":"Organization","@id":"https:\/\/ampersol.com\/hr\/#organization","name":"Amper Sol d.o.o.","url":"https:\/\/ampersol.com\/hr\/","logo":{"@type":"ImageObject","inLanguage":"hr","@id":"https:\/\/ampersol.com\/hr\/#\/schema\/logo\/image\/","url":"https:\/\/ampersol.com\/wp-content\/uploads\/2022\/06\/cropped-deni-logo-1-303x71-1.png","contentUrl":"https:\/\/ampersol.com\/wp-content\/uploads\/2022\/06\/cropped-deni-logo-1-303x71-1.png","width":303,"height":71,"caption":"Amper Sol d.o.o."},"image":{"@id":"https:\/\/ampersol.com\/hr\/#\/schema\/logo\/image\/"}}]}},"_links":{"self":[{"href":"https:\/\/ampersol.com\/hr\/wp-json\/wp\/v2\/product\/3709","targetHints":{"allow":["GET"]}}],"collection":[{"href":"https:\/\/ampersol.com\/hr\/wp-json\/wp\/v2\/product"}],"about":[{"href":"https:\/\/ampersol.com\/hr\/wp-json\/wp\/v2\/types\/product"}],"replies":[{"embeddable":true,"href":"https:\/\/ampersol.com\/hr\/wp-json\/wp\/v2\/comments?post=3709"}],"wp:featuredmedia":[{"embeddable":true,"href":"https:\/\/ampersol.com\/hr\/wp-json\/wp\/v2\/media\/3710"}],"wp:attachment":[{"href":"https:\/\/ampersol.com\/hr\/wp-json\/wp\/v2\/media?parent=3709"}],"wp:term":[{"taxonomy":"product_cat","embeddable":true,"href":"https:\/\/ampersol.com\/hr\/wp-json\/wp\/v2\/product_cat?post=3709"},{"taxonomy":"product_tag","embeddable":true,"href":"https:\/\/ampersol.com\/hr\/wp-json\/wp\/v2\/product_tag?post=3709"}],"curies":[{"name":"wp","href":"https:\/\/api.w.org\/{rel}","templated":true}]}}