{"id":3705,"date":"2023-07-18T11:47:41","date_gmt":"2023-07-18T11:47:41","guid":{"rendered":"https:\/\/ampersol.com\/trgovina\/Bez kategorije\/e-krpan-krovni-prozor-40cm-s-ventilatorom-daljinskim-upravljacem-i-senzorom-za-kisu\/"},"modified":"2023-07-18T11:47:41","modified_gmt":"2023-07-18T11:47:41","slug":"e-krpan-krovni-prozor-40cm-s-ventilatorom-daljinskim-upravljacem-i-senzorom-za-kisu","status":"publish","type":"product","link":"https:\/\/ampersol.com\/hr\/trgovina\/dom-nautika-karavaning\/ostala-oprema-hr\/e-krpan-krovni-prozor-40cm-s-ventilatorom-daljinskim-upravljacem-i-senzorom-za-kisu\/","title":{"rendered":"E-KRPAN krovni prozor 40cm s ventilatorom, daljinskim upravlja\u010dem i senzorom za ki\u0161u"},"content":{"rendered":"<ol>\n<li>LCD daljinski upravlja\u010d, nadzor unutarnje temperature u stvarnom vremenu, prikaz u Fahrenheitima i Celzijusima.<\/li>\n<li>12V dvostruki ventilacijski sustav, deset razina pode\u0161avanja, dizajn gumba, daljinsko + ru\u010dno upravljanje.<\/li>\n<li>Europski stil, s neovisnim osigura\u010dem (jedan zamjenjivi osigura\u010d uklju\u010den).<\/li>\n<li>Sna\u017eni motor \u010detke osigurava trenutnu ventilaciju (jak protok).<\/li>\n<li>Poklopac na elektri\u010dno podizanje (elektri\u010dna kontrola otvaranja poklopca).<\/li>\n<li>Automatska funkcija detekcije ki\u0161e (automatsko zatvaranje poklopca u slu\u010daju ki\u0161e).<\/li>\n<li>Dizajn s vi\u0161e lopatica pove\u0107ava protok ispu\u0161nog zraka.<\/li>\n<li>Uklju\u010deno je 16 monta\u017enih vijaka za jednostavnu monta\u017eu.<\/li>\n<li>Mre\u017ea protiv komaraca se mo\u017ee ukloniti radi lak\u0161eg \u010di\u0161\u0107enja.<\/li>\n<li>Upute za instalaciju na pet jezika rje\u0161avaju probleme s instalacijom.<\/li>\n<li>Pogodno za zamjenu svih standardnih krovnih prozora od 40 cm<\/li>\n<\/ol>\n","protected":false},"excerpt":{"rendered":"<p>Daljinski upravlja\u010d s 10 stupnjeva brzine:<\/p>\n<ol>\n<li>Pametni daljinski upravlja\u010d i nadzor temperature<\/li>\n<\/ol>\n<p>A\u017eurirani LCD daljinski upravlja\u010d ima veliki zaslon koji jasno prikazuje brzinu vjetra i dodatnu funkciju pra\u0107enja temperature unutar automobila u stvarnom vremenu. Dva na\u010dina prikaza temperature, Fahrenheit i Celsius, omogu\u0107uju vam udobniju upotrebu.<\/p>\n<ol start=\"2\">\n<li>Inteligentni senzor za ki\u0161u i kvalitetne lopatice ventilatora<\/li>\n<\/ol>\n<p>Kad pada ki\u0161a, poklopac ventilacijskog ventilatora automatski se zatvara, u\u010dinkovito \u0161tite\u0107i va\u0161 karavan od ki\u0161e. Istodobno, struktura lopatica ventilatora osigurava finu i ujedna\u010denu kvalitetu zraka, posti\u017eu\u0107i maksimalni protok zraka uz minimalnu buku.<\/p>\n<ol start=\"3\">\n<li>Transparentan dizajn i niska razina buke<\/li>\n<\/ol>\n<p>Izdr\u017eljiva prozirna navlaka smanjuje \u0161tetne UV zrake i sprje\u010dava da te zrake u\u0111u u va\u0161 karavan kroz ventilacijske otvore. Osim toga, tako\u0111er pru\u017ea jaku rasvjetu. Jaka ventilacija, tih rad i niska razina buke (&lt; 35 dB) na\u0161e su velike prednosti.<\/p>\n<ol start=\"4\">\n<li>Dvostruki ispuh i 10-brzinska kontrola brzine<\/li>\n<\/ol>\n<p>Proizvod omogu\u0107uje ispuh i usis zraka kao i pode\u0161avanje brzine u 10 stupnjeva. Maksimalni kut otvaranja prozora je 60\u00b0, \u0161to u\u010dinkovito uklanja mirise hrane, dima, pra\u0161ine, otpada, ku\u0107nih ljubimaca itd. te omogu\u0107uje ulazak svje\u017eeg zraka, \u0161to stvara ugodan i zdrav okoli\u0161.<\/p>\n<ol start=\"5\">\n<li>Jednostavna monta\u017ea i kori\u0161tenje u svim godi\u0161njim dobima<\/li>\n<\/ol>\n<p>Nudimo vam 16 standardnih vijaka za pri\u010dvr\u0161\u0107ivanje, rezervni osigura\u010d i upute na pet jezika. Komarnik je ve\u0107 postavljen, sve \u0161to trebate je odvija\u010d, svrdlo, brtvilo i metar. Za monta\u017eu nije potrebna stru\u010dna pomo\u0107 ili elektri\u010dno znanje. Preporu\u010dene dimenzije krovnog otvora: 40 x 40 cm, debljina krova: 25-55 mm, monta\u017ea u blizini autoinstalacija.<\/p>\n<p>Napomena: Kada koristite senzor za ki\u0161u, morate prvo otvoriti ovu postavku, indikator senzora za ki\u0161u \u0107e svijetliti<\/p>\n","protected":false},"featured_media":3706,"comment_status":"open","ping_status":"closed","template":"","meta":[],"product_cat":[360,362],"product_tag":[],"class_list":{"0":"post-3705","1":"product","2":"type-product","3":"status-publish","4":"has-post-thumbnail","6":"product_cat-ostala-oprema-hr","7":"product_cat-dom-nautika-karavaning","9":"first","10":"instock","11":"taxable","12":"shipping-taxable","13":"purchasable","14":"product-type-simple"},"yoast_head":"<!-- This site is optimized with the Yoast SEO plugin v24.1 - https:\/\/yoast.com\/wordpress\/plugins\/seo\/ -->\n<title>E-KRPAN krovni prozor 40cm s ventilatorom, daljinskim upravlja\u010dem i senzorom za ki\u0161u - Amper Sol d.o.o.<\/title>\n<meta name=\"robots\" content=\"index, follow, max-snippet:-1, max-image-preview:large, max-video-preview:-1\" \/>\n<link rel=\"canonical\" href=\"https:\/\/ampersol.com\/hr\/trgovina\/dom-nautika-karavaning\/ostala-oprema-hr\/e-krpan-krovni-prozor-40cm-s-ventilatorom-daljinskim-upravljacem-i-senzorom-za-kisu\/\" \/>\n<meta property=\"og:locale\" content=\"hr_HR\" \/>\n<meta property=\"og:type\" content=\"article\" \/>\n<meta property=\"og:title\" content=\"E-KRPAN krovni prozor 40cm s ventilatorom, daljinskim upravlja\u010dem i senzorom za ki\u0161u - Amper Sol d.o.o.\" \/>\n<meta property=\"og:description\" content=\"Daljinski upravlja\u010d s 10 stupnjeva brzine:  Pametni daljinski upravlja\u010d i nadzor temperature A\u017eurirani LCD daljinski upravlja\u010d ima veliki zaslon koji jasno prikazuje brzinu vjetra i dodatnu funkciju pra\u0107enja temperature unutar automobila u stvarnom vremenu. Dva na\u010dina prikaza temperature, Fahrenheit i Celsius, omogu\u0107uju vam udobniju upotrebu.  Inteligentni senzor za ki\u0161u i kvalitetne lopatice ventilatora Kad pada ki\u0161a, poklopac ventilacijskog ventilatora automatski se zatvara, u\u010dinkovito \u0161tite\u0107i va\u0161 karavan od ki\u0161e. Istodobno, struktura lopatica ventilatora osigurava finu i ujedna\u010denu kvalitetu zraka, posti\u017eu\u0107i maksimalni protok zraka uz minimalnu buku.  Transparentan dizajn i niska razina buke Izdr\u017eljiva prozirna navlaka smanjuje \u0161tetne UV zrake i sprje\u010dava da te zrake u\u0111u u va\u0161 karavan kroz ventilacijske otvore. Osim toga, tako\u0111er pru\u017ea jaku rasvjetu. Jaka ventilacija, tih rad i niska razina buke (&lt; 35 dB) na\u0161e su velike prednosti.  Dvostruki ispuh i 10-brzinska kontrola brzine Proizvod omogu\u0107uje ispuh i usis zraka kao i pode\u0161avanje brzine u 10 stupnjeva. Maksimalni kut otvaranja prozora je 60\u00b0, \u0161to u\u010dinkovito uklanja mirise hrane, dima, pra\u0161ine, otpada, ku\u0107nih ljubimaca itd. te omogu\u0107uje ulazak svje\u017eeg zraka, \u0161to stvara ugodan i zdrav okoli\u0161.  Jednostavna monta\u017ea i kori\u0161tenje u svim godi\u0161njim dobima Nudimo vam 16 standardnih vijaka za pri\u010dvr\u0161\u0107ivanje, rezervni osigura\u010d i upute na pet jezika. Komarnik je ve\u0107 postavljen, sve \u0161to trebate je odvija\u010d, svrdlo, brtvilo i metar. Za monta\u017eu nije potrebna stru\u010dna pomo\u0107 ili elektri\u010dno znanje. Preporu\u010dene dimenzije krovnog otvora: 40 x 40 cm, debljina krova: 25-55 mm, monta\u017ea u blizini autoinstalacija. Napomena: Kada koristite senzor za ki\u0161u, morate prvo otvoriti ovu postavku, indikator senzora za ki\u0161u \u0107e svijetliti\" \/>\n<meta property=\"og:url\" content=\"https:\/\/ampersol.com\/hr\/trgovina\/dom-nautika-karavaning\/ostala-oprema-hr\/e-krpan-krovni-prozor-40cm-s-ventilatorom-daljinskim-upravljacem-i-senzorom-za-kisu\/\" \/>\n<meta property=\"og:site_name\" content=\"Amper Sol d.o.o.\" \/>\n<meta property=\"og:image\" content=\"https:\/\/ampersol.com\/wp-content\/uploads\/2023\/07\/1.png\" \/>\n\t<meta property=\"og:image:width\" content=\"679\" \/>\n\t<meta property=\"og:image:height\" content=\"551\" \/>\n\t<meta property=\"og:image:type\" content=\"image\/png\" \/>\n<meta name=\"twitter:card\" content=\"summary_large_image\" \/>\n<meta name=\"twitter:label1\" content=\"Procijenjeno vrijeme \u010ditanja\" \/>\n\t<meta name=\"twitter:data1\" content=\"1 minuta\" \/>\n<script type=\"application\/ld+json\" class=\"yoast-schema-graph\">{\"@context\":\"https:\/\/schema.org\",\"@graph\":[{\"@type\":\"WebPage\",\"@id\":\"https:\/\/ampersol.com\/hr\/trgovina\/dom-nautika-karavaning\/ostala-oprema-hr\/e-krpan-krovni-prozor-40cm-s-ventilatorom-daljinskim-upravljacem-i-senzorom-za-kisu\/\",\"url\":\"https:\/\/ampersol.com\/hr\/trgovina\/dom-nautika-karavaning\/ostala-oprema-hr\/e-krpan-krovni-prozor-40cm-s-ventilatorom-daljinskim-upravljacem-i-senzorom-za-kisu\/\",\"name\":\"E-KRPAN krovni prozor 40cm s ventilatorom, daljinskim upravlja\u010dem i senzorom za ki\u0161u - Amper Sol d.o.o.\",\"isPartOf\":{\"@id\":\"https:\/\/ampersol.com\/hr\/#website\"},\"primaryImageOfPage\":{\"@id\":\"https:\/\/ampersol.com\/hr\/trgovina\/dom-nautika-karavaning\/ostala-oprema-hr\/e-krpan-krovni-prozor-40cm-s-ventilatorom-daljinskim-upravljacem-i-senzorom-za-kisu\/#primaryimage\"},\"image\":{\"@id\":\"https:\/\/ampersol.com\/hr\/trgovina\/dom-nautika-karavaning\/ostala-oprema-hr\/e-krpan-krovni-prozor-40cm-s-ventilatorom-daljinskim-upravljacem-i-senzorom-za-kisu\/#primaryimage\"},\"thumbnailUrl\":\"https:\/\/ampersol.com\/wp-content\/uploads\/2023\/07\/1.png\",\"datePublished\":\"2023-07-18T11:47:41+00:00\",\"dateModified\":\"2023-07-18T11:47:41+00:00\",\"breadcrumb\":{\"@id\":\"https:\/\/ampersol.com\/hr\/trgovina\/dom-nautika-karavaning\/ostala-oprema-hr\/e-krpan-krovni-prozor-40cm-s-ventilatorom-daljinskim-upravljacem-i-senzorom-za-kisu\/#breadcrumb\"},\"inLanguage\":\"hr\",\"potentialAction\":[{\"@type\":\"ReadAction\",\"target\":[\"https:\/\/ampersol.com\/hr\/trgovina\/dom-nautika-karavaning\/ostala-oprema-hr\/e-krpan-krovni-prozor-40cm-s-ventilatorom-daljinskim-upravljacem-i-senzorom-za-kisu\/\"]}]},{\"@type\":\"ImageObject\",\"inLanguage\":\"hr\",\"@id\":\"https:\/\/ampersol.com\/hr\/trgovina\/dom-nautika-karavaning\/ostala-oprema-hr\/e-krpan-krovni-prozor-40cm-s-ventilatorom-daljinskim-upravljacem-i-senzorom-za-kisu\/#primaryimage\",\"url\":\"https:\/\/ampersol.com\/wp-content\/uploads\/2023\/07\/1.png\",\"contentUrl\":\"https:\/\/ampersol.com\/wp-content\/uploads\/2023\/07\/1.png\",\"width\":679,\"height\":551},{\"@type\":\"BreadcrumbList\",\"@id\":\"https:\/\/ampersol.com\/hr\/trgovina\/dom-nautika-karavaning\/ostala-oprema-hr\/e-krpan-krovni-prozor-40cm-s-ventilatorom-daljinskim-upravljacem-i-senzorom-za-kisu\/#breadcrumb\",\"itemListElement\":[{\"@type\":\"ListItem\",\"position\":1,\"name\":\"Home\",\"item\":\"https:\/\/ampersol.com\/hr\/\"},{\"@type\":\"ListItem\",\"position\":2,\"name\":\"Trgovina\",\"item\":\"https:\/\/ampersol.com\/hr\/trgovina\/\"},{\"@type\":\"ListItem\",\"position\":3,\"name\":\"E-KRPAN krovni prozor 40cm s ventilatorom, daljinskim upravlja\u010dem i senzorom za ki\u0161u\"}]},{\"@type\":\"WebSite\",\"@id\":\"https:\/\/ampersol.com\/hr\/#website\",\"url\":\"https:\/\/ampersol.com\/hr\/\",\"name\":\"Amper Sol d.o.o.\",\"description\":\"Prodaja, servis in storitve\",\"publisher\":{\"@id\":\"https:\/\/ampersol.com\/hr\/#organization\"},\"potentialAction\":[{\"@type\":\"SearchAction\",\"target\":{\"@type\":\"EntryPoint\",\"urlTemplate\":\"https:\/\/ampersol.com\/hr\/?s={search_term_string}\"},\"query-input\":{\"@type\":\"PropertyValueSpecification\",\"valueRequired\":true,\"valueName\":\"search_term_string\"}}],\"inLanguage\":\"hr\"},{\"@type\":\"Organization\",\"@id\":\"https:\/\/ampersol.com\/hr\/#organization\",\"name\":\"Amper Sol d.o.o.\",\"url\":\"https:\/\/ampersol.com\/hr\/\",\"logo\":{\"@type\":\"ImageObject\",\"inLanguage\":\"hr\",\"@id\":\"https:\/\/ampersol.com\/hr\/#\/schema\/logo\/image\/\",\"url\":\"https:\/\/ampersol.com\/wp-content\/uploads\/2022\/06\/cropped-deni-logo-1-303x71-1.png\",\"contentUrl\":\"https:\/\/ampersol.com\/wp-content\/uploads\/2022\/06\/cropped-deni-logo-1-303x71-1.png\",\"width\":303,\"height\":71,\"caption\":\"Amper Sol d.o.o.\"},\"image\":{\"@id\":\"https:\/\/ampersol.com\/hr\/#\/schema\/logo\/image\/\"}}]}<\/script>\n<!-- \/ Yoast SEO plugin. -->","yoast_head_json":{"title":"E-KRPAN krovni prozor 40cm s ventilatorom, daljinskim upravlja\u010dem i senzorom za ki\u0161u - Amper Sol d.o.o.","robots":{"index":"index","follow":"follow","max-snippet":"max-snippet:-1","max-image-preview":"max-image-preview:large","max-video-preview":"max-video-preview:-1"},"canonical":"https:\/\/ampersol.com\/hr\/trgovina\/dom-nautika-karavaning\/ostala-oprema-hr\/e-krpan-krovni-prozor-40cm-s-ventilatorom-daljinskim-upravljacem-i-senzorom-za-kisu\/","og_locale":"hr_HR","og_type":"article","og_title":"E-KRPAN krovni prozor 40cm s ventilatorom, daljinskim upravlja\u010dem i senzorom za ki\u0161u - Amper Sol d.o.o.","og_description":"Daljinski upravlja\u010d s 10 stupnjeva brzine:  Pametni daljinski upravlja\u010d i nadzor temperature A\u017eurirani LCD daljinski upravlja\u010d ima veliki zaslon koji jasno prikazuje brzinu vjetra i dodatnu funkciju pra\u0107enja temperature unutar automobila u stvarnom vremenu. Dva na\u010dina prikaza temperature, Fahrenheit i Celsius, omogu\u0107uju vam udobniju upotrebu.  Inteligentni senzor za ki\u0161u i kvalitetne lopatice ventilatora Kad pada ki\u0161a, poklopac ventilacijskog ventilatora automatski se zatvara, u\u010dinkovito \u0161tite\u0107i va\u0161 karavan od ki\u0161e. Istodobno, struktura lopatica ventilatora osigurava finu i ujedna\u010denu kvalitetu zraka, posti\u017eu\u0107i maksimalni protok zraka uz minimalnu buku.  Transparentan dizajn i niska razina buke Izdr\u017eljiva prozirna navlaka smanjuje \u0161tetne UV zrake i sprje\u010dava da te zrake u\u0111u u va\u0161 karavan kroz ventilacijske otvore. Osim toga, tako\u0111er pru\u017ea jaku rasvjetu. Jaka ventilacija, tih rad i niska razina buke (&lt; 35 dB) na\u0161e su velike prednosti.  Dvostruki ispuh i 10-brzinska kontrola brzine Proizvod omogu\u0107uje ispuh i usis zraka kao i pode\u0161avanje brzine u 10 stupnjeva. Maksimalni kut otvaranja prozora je 60\u00b0, \u0161to u\u010dinkovito uklanja mirise hrane, dima, pra\u0161ine, otpada, ku\u0107nih ljubimaca itd. te omogu\u0107uje ulazak svje\u017eeg zraka, \u0161to stvara ugodan i zdrav okoli\u0161.  Jednostavna monta\u017ea i kori\u0161tenje u svim godi\u0161njim dobima Nudimo vam 16 standardnih vijaka za pri\u010dvr\u0161\u0107ivanje, rezervni osigura\u010d i upute na pet jezika. Komarnik je ve\u0107 postavljen, sve \u0161to trebate je odvija\u010d, svrdlo, brtvilo i metar. Za monta\u017eu nije potrebna stru\u010dna pomo\u0107 ili elektri\u010dno znanje. Preporu\u010dene dimenzije krovnog otvora: 40 x 40 cm, debljina krova: 25-55 mm, monta\u017ea u blizini autoinstalacija. Napomena: Kada koristite senzor za ki\u0161u, morate prvo otvoriti ovu postavku, indikator senzora za ki\u0161u \u0107e svijetliti","og_url":"https:\/\/ampersol.com\/hr\/trgovina\/dom-nautika-karavaning\/ostala-oprema-hr\/e-krpan-krovni-prozor-40cm-s-ventilatorom-daljinskim-upravljacem-i-senzorom-za-kisu\/","og_site_name":"Amper Sol d.o.o.","og_image":[{"width":679,"height":551,"url":"https:\/\/ampersol.com\/wp-content\/uploads\/2023\/07\/1.png","type":"image\/png"}],"twitter_card":"summary_large_image","twitter_misc":{"Procijenjeno vrijeme \u010ditanja":"1 minuta"},"schema":{"@context":"https:\/\/schema.org","@graph":[{"@type":"WebPage","@id":"https:\/\/ampersol.com\/hr\/trgovina\/dom-nautika-karavaning\/ostala-oprema-hr\/e-krpan-krovni-prozor-40cm-s-ventilatorom-daljinskim-upravljacem-i-senzorom-za-kisu\/","url":"https:\/\/ampersol.com\/hr\/trgovina\/dom-nautika-karavaning\/ostala-oprema-hr\/e-krpan-krovni-prozor-40cm-s-ventilatorom-daljinskim-upravljacem-i-senzorom-za-kisu\/","name":"E-KRPAN krovni prozor 40cm s ventilatorom, daljinskim upravlja\u010dem i senzorom za ki\u0161u - Amper Sol d.o.o.","isPartOf":{"@id":"https:\/\/ampersol.com\/hr\/#website"},"primaryImageOfPage":{"@id":"https:\/\/ampersol.com\/hr\/trgovina\/dom-nautika-karavaning\/ostala-oprema-hr\/e-krpan-krovni-prozor-40cm-s-ventilatorom-daljinskim-upravljacem-i-senzorom-za-kisu\/#primaryimage"},"image":{"@id":"https:\/\/ampersol.com\/hr\/trgovina\/dom-nautika-karavaning\/ostala-oprema-hr\/e-krpan-krovni-prozor-40cm-s-ventilatorom-daljinskim-upravljacem-i-senzorom-za-kisu\/#primaryimage"},"thumbnailUrl":"https:\/\/ampersol.com\/wp-content\/uploads\/2023\/07\/1.png","datePublished":"2023-07-18T11:47:41+00:00","dateModified":"2023-07-18T11:47:41+00:00","breadcrumb":{"@id":"https:\/\/ampersol.com\/hr\/trgovina\/dom-nautika-karavaning\/ostala-oprema-hr\/e-krpan-krovni-prozor-40cm-s-ventilatorom-daljinskim-upravljacem-i-senzorom-za-kisu\/#breadcrumb"},"inLanguage":"hr","potentialAction":[{"@type":"ReadAction","target":["https:\/\/ampersol.com\/hr\/trgovina\/dom-nautika-karavaning\/ostala-oprema-hr\/e-krpan-krovni-prozor-40cm-s-ventilatorom-daljinskim-upravljacem-i-senzorom-za-kisu\/"]}]},{"@type":"ImageObject","inLanguage":"hr","@id":"https:\/\/ampersol.com\/hr\/trgovina\/dom-nautika-karavaning\/ostala-oprema-hr\/e-krpan-krovni-prozor-40cm-s-ventilatorom-daljinskim-upravljacem-i-senzorom-za-kisu\/#primaryimage","url":"https:\/\/ampersol.com\/wp-content\/uploads\/2023\/07\/1.png","contentUrl":"https:\/\/ampersol.com\/wp-content\/uploads\/2023\/07\/1.png","width":679,"height":551},{"@type":"BreadcrumbList","@id":"https:\/\/ampersol.com\/hr\/trgovina\/dom-nautika-karavaning\/ostala-oprema-hr\/e-krpan-krovni-prozor-40cm-s-ventilatorom-daljinskim-upravljacem-i-senzorom-za-kisu\/#breadcrumb","itemListElement":[{"@type":"ListItem","position":1,"name":"Home","item":"https:\/\/ampersol.com\/hr\/"},{"@type":"ListItem","position":2,"name":"Trgovina","item":"https:\/\/ampersol.com\/hr\/trgovina\/"},{"@type":"ListItem","position":3,"name":"E-KRPAN krovni prozor 40cm s ventilatorom, daljinskim upravlja\u010dem i senzorom za ki\u0161u"}]},{"@type":"WebSite","@id":"https:\/\/ampersol.com\/hr\/#website","url":"https:\/\/ampersol.com\/hr\/","name":"Amper Sol d.o.o.","description":"Prodaja, servis in storitve","publisher":{"@id":"https:\/\/ampersol.com\/hr\/#organization"},"potentialAction":[{"@type":"SearchAction","target":{"@type":"EntryPoint","urlTemplate":"https:\/\/ampersol.com\/hr\/?s={search_term_string}"},"query-input":{"@type":"PropertyValueSpecification","valueRequired":true,"valueName":"search_term_string"}}],"inLanguage":"hr"},{"@type":"Organization","@id":"https:\/\/ampersol.com\/hr\/#organization","name":"Amper Sol d.o.o.","url":"https:\/\/ampersol.com\/hr\/","logo":{"@type":"ImageObject","inLanguage":"hr","@id":"https:\/\/ampersol.com\/hr\/#\/schema\/logo\/image\/","url":"https:\/\/ampersol.com\/wp-content\/uploads\/2022\/06\/cropped-deni-logo-1-303x71-1.png","contentUrl":"https:\/\/ampersol.com\/wp-content\/uploads\/2022\/06\/cropped-deni-logo-1-303x71-1.png","width":303,"height":71,"caption":"Amper Sol d.o.o."},"image":{"@id":"https:\/\/ampersol.com\/hr\/#\/schema\/logo\/image\/"}}]}},"_links":{"self":[{"href":"https:\/\/ampersol.com\/hr\/wp-json\/wp\/v2\/product\/3705","targetHints":{"allow":["GET"]}}],"collection":[{"href":"https:\/\/ampersol.com\/hr\/wp-json\/wp\/v2\/product"}],"about":[{"href":"https:\/\/ampersol.com\/hr\/wp-json\/wp\/v2\/types\/product"}],"replies":[{"embeddable":true,"href":"https:\/\/ampersol.com\/hr\/wp-json\/wp\/v2\/comments?post=3705"}],"wp:featuredmedia":[{"embeddable":true,"href":"https:\/\/ampersol.com\/hr\/wp-json\/wp\/v2\/media\/3706"}],"wp:attachment":[{"href":"https:\/\/ampersol.com\/hr\/wp-json\/wp\/v2\/media?parent=3705"}],"wp:term":[{"taxonomy":"product_cat","embeddable":true,"href":"https:\/\/ampersol.com\/hr\/wp-json\/wp\/v2\/product_cat?post=3705"},{"taxonomy":"product_tag","embeddable":true,"href":"https:\/\/ampersol.com\/hr\/wp-json\/wp\/v2\/product_tag?post=3705"}],"curies":[{"name":"wp","href":"https:\/\/api.w.org\/{rel}","templated":true}]}}