{"id":3690,"date":"2022-06-28T13:09:15","date_gmt":"2022-06-28T13:09:15","guid":{"rendered":"https:\/\/ampersol.com\/trgovina\/Bez kategorije\/samostalni-diesel-grijac-zraka-5-8kw-12v\/"},"modified":"2025-04-14T07:44:12","modified_gmt":"2025-04-14T07:44:12","slug":"samostalni-diesel-grijac-zraka-5-8kw-12v","status":"publish","type":"product","link":"https:\/\/ampersol.com\/hr\/trgovina\/samooskrba-hr\/ogrijavanje-off-grid\/samostalni-diesel-grijac-zraka-5-8kw-12v\/","title":{"rendered":"SAMOSTALNI DIESEL GRIJA\u010c ZRAKA 5-8kW 12V"},"content":{"rendered":"","protected":false},"excerpt":{"rendered":"<p>Prednost samostoje\u0107eg grija\u010da je jednostavna monta\u017ea. Potrebno je samo predvidjeti otvor promjera 2 cm za odvod ispu\u0161nih plinova iz prostorije.<\/p>\n<p>-Napajanje 12V (tako\u0111er dostupan 24V model ili napajanje putem 230V ac pomo\u0107u ispravlja\u010da)<br \/>\n-Snaga grijanja: 1000-2000-3000-4000-5000-8000W (snaga grijanja se automatski pode\u0161ava za odr\u017eavanje zadane temperature)<br \/>\n-Potro\u0161nja goriva: 0,2 &#8211; 0,5 dcl\/h<br \/>\n&#8211; Temp. podru\u010dje rada: -40 &#8211; +50\u00b0C<br \/>\n&#8211; Dimenzije: visina: 41 cm, du\u017eina 41 cm, \u0161irina 15 cm<br \/>\n&#8211; Set sadr\u017ei sve \u0161to je potrebno za ugradnju grija\u010da u vozilo<br \/>\n-Dovod goriva je ve\u0107 instaliran<br \/>\n-Pode\u0161avanje temperature<br \/>\n-Pode\u0161avanje \u017eeljene snage<br \/>\n-Pode\u0161avanje brzine pumpanja goriva<br \/>\n-Pode\u0161avanje timera &#8211; uklju\u010dite i isklju\u010dite u bilo kojem trenutku<br \/>\n&#8211; Prikaz napona baterije<br \/>\n&#8211; Prikaz kompletne dijagnostike<br \/>\n-Napredni upravlja\u010d iza dvosmjernog daljinskog upravlja\u010da s LCD zaslonom statusa<br \/>\n-Domet daljinskog upravlja\u010da: 100m<br \/>\n-Sve postavke su mogu\u0107e preko daljinskog upravlja\u010da sa LDC prikazom stanja<\/p>\n<p>Raspola\u017eemo grija\u010dima dvaju proizvo\u0111a\u010da koji nude najvi\u0161u kvalitetu ugradbenih komponenti, uskla\u0111enost sa zahtjevima EU direktiva EN 13842:2004 i CE certifikat o sukladnosti Svi grija\u010di opremljeni su slovenskim uputama za ugradnju i uporabu te imaju 2-. godina garancije!<\/p>\n","protected":false},"featured_media":3691,"comment_status":"open","ping_status":"closed","template":"","meta":[],"product_cat":[364,371],"product_tag":[],"class_list":{"0":"post-3690","1":"product","2":"type-product","3":"status-publish","4":"has-post-thumbnail","6":"product_cat-grijanje-na-dizel","7":"product_cat-ogrijavanje-off-grid","9":"first","10":"onbackorder","11":"sale","12":"taxable","13":"shipping-taxable","14":"purchasable","15":"product-type-simple"},"yoast_head":"<!-- This site is optimized with the Yoast SEO plugin v24.1 - https:\/\/yoast.com\/wordpress\/plugins\/seo\/ -->\n<title>SAMOSTALNI DIESEL GRIJA\u010c ZRAKA 5-8kW 12V - Amper Sol d.o.o.<\/title>\n<meta name=\"robots\" content=\"index, follow, max-snippet:-1, max-image-preview:large, max-video-preview:-1\" \/>\n<link rel=\"canonical\" href=\"https:\/\/ampersol.com\/hr\/trgovina\/samooskrba-hr\/ogrijavanje-off-grid\/samostalni-diesel-grijac-zraka-5-8kw-12v\/\" \/>\n<meta property=\"og:locale\" content=\"hr_HR\" \/>\n<meta property=\"og:type\" content=\"article\" \/>\n<meta property=\"og:title\" content=\"SAMOSTALNI DIESEL GRIJA\u010c ZRAKA 5-8kW 12V - Amper Sol d.o.o.\" \/>\n<meta property=\"og:description\" content=\"Prednost samostoje\u0107eg grija\u010da je jednostavna monta\u017ea. Potrebno je samo predvidjeti otvor promjera 2 cm za odvod ispu\u0161nih plinova iz prostorije. -Napajanje 12V (tako\u0111er dostupan 24V model ili napajanje putem 230V ac pomo\u0107u ispravlja\u010da) -Snaga grijanja: 1000-2000-3000-4000-5000-8000W (snaga grijanja se automatski pode\u0161ava za odr\u017eavanje zadane temperature) -Potro\u0161nja goriva: 0,2 - 0,5 dcl\/h - Temp. podru\u010dje rada: -40 - +50\u00b0C - Dimenzije: visina: 41 cm, du\u017eina 41 cm, \u0161irina 15 cm - Set sadr\u017ei sve \u0161to je potrebno za ugradnju grija\u010da u vozilo -Dovod goriva je ve\u0107 instaliran -Pode\u0161avanje temperature -Pode\u0161avanje \u017eeljene snage -Pode\u0161avanje brzine pumpanja goriva -Pode\u0161avanje timera - uklju\u010dite i isklju\u010dite u bilo kojem trenutku - Prikaz napona baterije - Prikaz kompletne dijagnostike -Napredni upravlja\u010d iza dvosmjernog daljinskog upravlja\u010da s LCD zaslonom statusa -Domet daljinskog upravlja\u010da: 100m -Sve postavke su mogu\u0107e preko daljinskog upravlja\u010da sa LDC prikazom stanja Raspola\u017eemo grija\u010dima dvaju proizvo\u0111a\u010da koji nude najvi\u0161u kvalitetu ugradbenih komponenti, uskla\u0111enost sa zahtjevima EU direktiva EN 13842:2004 i CE certifikat o sukladnosti Svi grija\u010di opremljeni su slovenskim uputama za ugradnju i uporabu te imaju 2-. godina garancije!\" \/>\n<meta property=\"og:url\" content=\"https:\/\/ampersol.com\/hr\/trgovina\/samooskrba-hr\/ogrijavanje-off-grid\/samostalni-diesel-grijac-zraka-5-8kw-12v\/\" \/>\n<meta property=\"og:site_name\" content=\"Amper Sol d.o.o.\" \/>\n<meta property=\"article:modified_time\" content=\"2025-04-14T07:44:12+00:00\" \/>\n<meta property=\"og:image\" content=\"https:\/\/ampersol.com\/wp-content\/uploads\/2022\/06\/asd-1.png\" \/>\n\t<meta property=\"og:image:width\" content=\"614\" \/>\n\t<meta property=\"og:image:height\" content=\"551\" \/>\n\t<meta property=\"og:image:type\" content=\"image\/png\" \/>\n<meta name=\"twitter:card\" content=\"summary_large_image\" \/>\n<script type=\"application\/ld+json\" class=\"yoast-schema-graph\">{\"@context\":\"https:\/\/schema.org\",\"@graph\":[{\"@type\":\"WebPage\",\"@id\":\"https:\/\/ampersol.com\/hr\/trgovina\/samooskrba-hr\/ogrijavanje-off-grid\/samostalni-diesel-grijac-zraka-5-8kw-12v\/\",\"url\":\"https:\/\/ampersol.com\/hr\/trgovina\/samooskrba-hr\/ogrijavanje-off-grid\/samostalni-diesel-grijac-zraka-5-8kw-12v\/\",\"name\":\"SAMOSTALNI DIESEL GRIJA\u010c ZRAKA 5-8kW 12V - Amper Sol d.o.o.\",\"isPartOf\":{\"@id\":\"https:\/\/ampersol.com\/hr\/#website\"},\"primaryImageOfPage\":{\"@id\":\"https:\/\/ampersol.com\/hr\/trgovina\/samooskrba-hr\/ogrijavanje-off-grid\/samostalni-diesel-grijac-zraka-5-8kw-12v\/#primaryimage\"},\"image\":{\"@id\":\"https:\/\/ampersol.com\/hr\/trgovina\/samooskrba-hr\/ogrijavanje-off-grid\/samostalni-diesel-grijac-zraka-5-8kw-12v\/#primaryimage\"},\"thumbnailUrl\":\"https:\/\/ampersol.com\/wp-content\/uploads\/2022\/06\/asd-1.png\",\"datePublished\":\"2022-06-28T13:09:15+00:00\",\"dateModified\":\"2025-04-14T07:44:12+00:00\",\"breadcrumb\":{\"@id\":\"https:\/\/ampersol.com\/hr\/trgovina\/samooskrba-hr\/ogrijavanje-off-grid\/samostalni-diesel-grijac-zraka-5-8kw-12v\/#breadcrumb\"},\"inLanguage\":\"hr\",\"potentialAction\":[{\"@type\":\"ReadAction\",\"target\":[\"https:\/\/ampersol.com\/hr\/trgovina\/samooskrba-hr\/ogrijavanje-off-grid\/samostalni-diesel-grijac-zraka-5-8kw-12v\/\"]}]},{\"@type\":\"ImageObject\",\"inLanguage\":\"hr\",\"@id\":\"https:\/\/ampersol.com\/hr\/trgovina\/samooskrba-hr\/ogrijavanje-off-grid\/samostalni-diesel-grijac-zraka-5-8kw-12v\/#primaryimage\",\"url\":\"https:\/\/ampersol.com\/wp-content\/uploads\/2022\/06\/asd-1.png\",\"contentUrl\":\"https:\/\/ampersol.com\/wp-content\/uploads\/2022\/06\/asd-1.png\",\"width\":614,\"height\":551},{\"@type\":\"BreadcrumbList\",\"@id\":\"https:\/\/ampersol.com\/hr\/trgovina\/samooskrba-hr\/ogrijavanje-off-grid\/samostalni-diesel-grijac-zraka-5-8kw-12v\/#breadcrumb\",\"itemListElement\":[{\"@type\":\"ListItem\",\"position\":1,\"name\":\"Home\",\"item\":\"https:\/\/ampersol.com\/hr\/\"},{\"@type\":\"ListItem\",\"position\":2,\"name\":\"Trgovina\",\"item\":\"https:\/\/ampersol.com\/hr\/trgovina\/\"},{\"@type\":\"ListItem\",\"position\":3,\"name\":\"SAMOSTALNI DIESEL GRIJA\u010c ZRAKA 5-8kW 12V\"}]},{\"@type\":\"WebSite\",\"@id\":\"https:\/\/ampersol.com\/hr\/#website\",\"url\":\"https:\/\/ampersol.com\/hr\/\",\"name\":\"Amper Sol d.o.o.\",\"description\":\"Prodaja, servis in storitve\",\"publisher\":{\"@id\":\"https:\/\/ampersol.com\/hr\/#organization\"},\"potentialAction\":[{\"@type\":\"SearchAction\",\"target\":{\"@type\":\"EntryPoint\",\"urlTemplate\":\"https:\/\/ampersol.com\/hr\/?s={search_term_string}\"},\"query-input\":{\"@type\":\"PropertyValueSpecification\",\"valueRequired\":true,\"valueName\":\"search_term_string\"}}],\"inLanguage\":\"hr\"},{\"@type\":\"Organization\",\"@id\":\"https:\/\/ampersol.com\/hr\/#organization\",\"name\":\"Amper Sol d.o.o.\",\"url\":\"https:\/\/ampersol.com\/hr\/\",\"logo\":{\"@type\":\"ImageObject\",\"inLanguage\":\"hr\",\"@id\":\"https:\/\/ampersol.com\/hr\/#\/schema\/logo\/image\/\",\"url\":\"https:\/\/ampersol.com\/wp-content\/uploads\/2022\/06\/cropped-deni-logo-1-303x71-1.png\",\"contentUrl\":\"https:\/\/ampersol.com\/wp-content\/uploads\/2022\/06\/cropped-deni-logo-1-303x71-1.png\",\"width\":303,\"height\":71,\"caption\":\"Amper Sol d.o.o.\"},\"image\":{\"@id\":\"https:\/\/ampersol.com\/hr\/#\/schema\/logo\/image\/\"}}]}<\/script>\n<!-- \/ Yoast SEO plugin. -->","yoast_head_json":{"title":"SAMOSTALNI DIESEL GRIJA\u010c ZRAKA 5-8kW 12V - Amper Sol d.o.o.","robots":{"index":"index","follow":"follow","max-snippet":"max-snippet:-1","max-image-preview":"max-image-preview:large","max-video-preview":"max-video-preview:-1"},"canonical":"https:\/\/ampersol.com\/hr\/trgovina\/samooskrba-hr\/ogrijavanje-off-grid\/samostalni-diesel-grijac-zraka-5-8kw-12v\/","og_locale":"hr_HR","og_type":"article","og_title":"SAMOSTALNI DIESEL GRIJA\u010c ZRAKA 5-8kW 12V - Amper Sol d.o.o.","og_description":"Prednost samostoje\u0107eg grija\u010da je jednostavna monta\u017ea. Potrebno je samo predvidjeti otvor promjera 2 cm za odvod ispu\u0161nih plinova iz prostorije. -Napajanje 12V (tako\u0111er dostupan 24V model ili napajanje putem 230V ac pomo\u0107u ispravlja\u010da) -Snaga grijanja: 1000-2000-3000-4000-5000-8000W (snaga grijanja se automatski pode\u0161ava za odr\u017eavanje zadane temperature) -Potro\u0161nja goriva: 0,2 - 0,5 dcl\/h - Temp. podru\u010dje rada: -40 - +50\u00b0C - Dimenzije: visina: 41 cm, du\u017eina 41 cm, \u0161irina 15 cm - Set sadr\u017ei sve \u0161to je potrebno za ugradnju grija\u010da u vozilo -Dovod goriva je ve\u0107 instaliran -Pode\u0161avanje temperature -Pode\u0161avanje \u017eeljene snage -Pode\u0161avanje brzine pumpanja goriva -Pode\u0161avanje timera - uklju\u010dite i isklju\u010dite u bilo kojem trenutku - Prikaz napona baterije - Prikaz kompletne dijagnostike -Napredni upravlja\u010d iza dvosmjernog daljinskog upravlja\u010da s LCD zaslonom statusa -Domet daljinskog upravlja\u010da: 100m -Sve postavke su mogu\u0107e preko daljinskog upravlja\u010da sa LDC prikazom stanja Raspola\u017eemo grija\u010dima dvaju proizvo\u0111a\u010da koji nude najvi\u0161u kvalitetu ugradbenih komponenti, uskla\u0111enost sa zahtjevima EU direktiva EN 13842:2004 i CE certifikat o sukladnosti Svi grija\u010di opremljeni su slovenskim uputama za ugradnju i uporabu te imaju 2-. godina garancije!","og_url":"https:\/\/ampersol.com\/hr\/trgovina\/samooskrba-hr\/ogrijavanje-off-grid\/samostalni-diesel-grijac-zraka-5-8kw-12v\/","og_site_name":"Amper Sol d.o.o.","article_modified_time":"2025-04-14T07:44:12+00:00","og_image":[{"width":614,"height":551,"url":"https:\/\/ampersol.com\/wp-content\/uploads\/2022\/06\/asd-1.png","type":"image\/png"}],"twitter_card":"summary_large_image","schema":{"@context":"https:\/\/schema.org","@graph":[{"@type":"WebPage","@id":"https:\/\/ampersol.com\/hr\/trgovina\/samooskrba-hr\/ogrijavanje-off-grid\/samostalni-diesel-grijac-zraka-5-8kw-12v\/","url":"https:\/\/ampersol.com\/hr\/trgovina\/samooskrba-hr\/ogrijavanje-off-grid\/samostalni-diesel-grijac-zraka-5-8kw-12v\/","name":"SAMOSTALNI DIESEL GRIJA\u010c ZRAKA 5-8kW 12V - Amper Sol d.o.o.","isPartOf":{"@id":"https:\/\/ampersol.com\/hr\/#website"},"primaryImageOfPage":{"@id":"https:\/\/ampersol.com\/hr\/trgovina\/samooskrba-hr\/ogrijavanje-off-grid\/samostalni-diesel-grijac-zraka-5-8kw-12v\/#primaryimage"},"image":{"@id":"https:\/\/ampersol.com\/hr\/trgovina\/samooskrba-hr\/ogrijavanje-off-grid\/samostalni-diesel-grijac-zraka-5-8kw-12v\/#primaryimage"},"thumbnailUrl":"https:\/\/ampersol.com\/wp-content\/uploads\/2022\/06\/asd-1.png","datePublished":"2022-06-28T13:09:15+00:00","dateModified":"2025-04-14T07:44:12+00:00","breadcrumb":{"@id":"https:\/\/ampersol.com\/hr\/trgovina\/samooskrba-hr\/ogrijavanje-off-grid\/samostalni-diesel-grijac-zraka-5-8kw-12v\/#breadcrumb"},"inLanguage":"hr","potentialAction":[{"@type":"ReadAction","target":["https:\/\/ampersol.com\/hr\/trgovina\/samooskrba-hr\/ogrijavanje-off-grid\/samostalni-diesel-grijac-zraka-5-8kw-12v\/"]}]},{"@type":"ImageObject","inLanguage":"hr","@id":"https:\/\/ampersol.com\/hr\/trgovina\/samooskrba-hr\/ogrijavanje-off-grid\/samostalni-diesel-grijac-zraka-5-8kw-12v\/#primaryimage","url":"https:\/\/ampersol.com\/wp-content\/uploads\/2022\/06\/asd-1.png","contentUrl":"https:\/\/ampersol.com\/wp-content\/uploads\/2022\/06\/asd-1.png","width":614,"height":551},{"@type":"BreadcrumbList","@id":"https:\/\/ampersol.com\/hr\/trgovina\/samooskrba-hr\/ogrijavanje-off-grid\/samostalni-diesel-grijac-zraka-5-8kw-12v\/#breadcrumb","itemListElement":[{"@type":"ListItem","position":1,"name":"Home","item":"https:\/\/ampersol.com\/hr\/"},{"@type":"ListItem","position":2,"name":"Trgovina","item":"https:\/\/ampersol.com\/hr\/trgovina\/"},{"@type":"ListItem","position":3,"name":"SAMOSTALNI DIESEL GRIJA\u010c ZRAKA 5-8kW 12V"}]},{"@type":"WebSite","@id":"https:\/\/ampersol.com\/hr\/#website","url":"https:\/\/ampersol.com\/hr\/","name":"Amper Sol d.o.o.","description":"Prodaja, servis in storitve","publisher":{"@id":"https:\/\/ampersol.com\/hr\/#organization"},"potentialAction":[{"@type":"SearchAction","target":{"@type":"EntryPoint","urlTemplate":"https:\/\/ampersol.com\/hr\/?s={search_term_string}"},"query-input":{"@type":"PropertyValueSpecification","valueRequired":true,"valueName":"search_term_string"}}],"inLanguage":"hr"},{"@type":"Organization","@id":"https:\/\/ampersol.com\/hr\/#organization","name":"Amper Sol d.o.o.","url":"https:\/\/ampersol.com\/hr\/","logo":{"@type":"ImageObject","inLanguage":"hr","@id":"https:\/\/ampersol.com\/hr\/#\/schema\/logo\/image\/","url":"https:\/\/ampersol.com\/wp-content\/uploads\/2022\/06\/cropped-deni-logo-1-303x71-1.png","contentUrl":"https:\/\/ampersol.com\/wp-content\/uploads\/2022\/06\/cropped-deni-logo-1-303x71-1.png","width":303,"height":71,"caption":"Amper Sol d.o.o."},"image":{"@id":"https:\/\/ampersol.com\/hr\/#\/schema\/logo\/image\/"}}]}},"_links":{"self":[{"href":"https:\/\/ampersol.com\/hr\/wp-json\/wp\/v2\/product\/3690","targetHints":{"allow":["GET"]}}],"collection":[{"href":"https:\/\/ampersol.com\/hr\/wp-json\/wp\/v2\/product"}],"about":[{"href":"https:\/\/ampersol.com\/hr\/wp-json\/wp\/v2\/types\/product"}],"replies":[{"embeddable":true,"href":"https:\/\/ampersol.com\/hr\/wp-json\/wp\/v2\/comments?post=3690"}],"wp:featuredmedia":[{"embeddable":true,"href":"https:\/\/ampersol.com\/hr\/wp-json\/wp\/v2\/media\/3691"}],"wp:attachment":[{"href":"https:\/\/ampersol.com\/hr\/wp-json\/wp\/v2\/media?parent=3690"}],"wp:term":[{"taxonomy":"product_cat","embeddable":true,"href":"https:\/\/ampersol.com\/hr\/wp-json\/wp\/v2\/product_cat?post=3690"},{"taxonomy":"product_tag","embeddable":true,"href":"https:\/\/ampersol.com\/hr\/wp-json\/wp\/v2\/product_tag?post=3690"}],"curies":[{"name":"wp","href":"https:\/\/api.w.org\/{rel}","templated":true}]}}