{"id":3667,"date":"2022-06-28T13:09:15","date_gmt":"2022-06-28T13:09:15","guid":{"rendered":"https:\/\/ampersol.com\/trgovina\/Bez kategorije\/e-krpan-2150-professional-rotacijski-laser-za-niveliranje-nagiba\/"},"modified":"2022-06-28T13:09:15","modified_gmt":"2022-06-28T13:09:15","slug":"e-krpan-2150-professional-rotacijski-laser-za-niveliranje-nagiba","status":"publish","type":"product","link":"https:\/\/ampersol.com\/hr\/trgovina\/stroji-in-orodja-hr\/tehnika-mjerenja\/e-krpan-2150-professional-rotacijski-laser-za-niveliranje-nagiba\/","title":{"rendered":"E-KRPAN 2150 Professional &#8211; Rotacijski laser za niveliranje nagiba"},"content":{"rendered":"<p>Rotacijski laseri s digitalnim pode\u0161avanjem nagiba iznimno su pouzdani i robusni laserski niveliri. Namijenjeni su uglavnom za op\u0107e gra\u0111evinske radove i za upravljanje gra\u0111evinskim strojevima, gdje je potrebno precizno izvo\u0111enje kosina.<\/p>\n<p>Isti\u010du se u svim vrstama niskogradnje, gdje se morate baviti jednom ili objema osovinama (postavljanje kanalizacijskih cijevi, postavljanje rubnjaka, izgradnja parkirali\u0161ta i oku\u0107nica), kod strojnih iskopa pod nagibom bagerom ili rovokopa\u010d (iskopi za kanalizaciju, vodovod) i kao pomo\u0107 u kontroli preciznog planiranja terena buldo\u017eerom.<\/p>\n<p>Rotacijski laser E-KRPAN 2150 Professional iznimno je pouzdan i jednostavan za kori\u0161tenje. Namijenjen je za sve vrste radova u gra\u0111evinarstvu, gdje pru\u017ea jedinstvenu preciznost, pouzdanost i prilagodljivost. Laser tako\u0111er ima odli\u010dan sustav niveliranja i robusno ku\u0107i\u0161te koje je otporno na pra\u0161inu i vodu.<\/p>\n","protected":false},"excerpt":{"rendered":"<h3>Tehni\u010dke informacije<\/h3>\n<ul class=\"default_list_ul\">\n<li class=\"default_list_li\">Horizontalna to\u010dnost rotacije: +\/- 2,4 mm \/ 30 m (+\/- 10 Z)<\/li>\n<li class=\"default_list_li\">Vertikalna to\u010dnost rotacije: +\/- 3 mm \/ 30 m (+\/- 20 Z)<\/li>\n<li class=\"default_list_li\">Vertikalna to\u010dnost prema dolje: +\/- 1 mm \/1,5 m (+\/- 60 Z)<\/li>\n<li>Raspon kompenzacije: 5 \u00b0 +\/- 1 \u00b0 (dvostruka os)<\/li>\n<li class=\"default_list_li\">Raspon nagiba: 5 \u00b0 +\/- 1 \u00b0 (dvostruka os)<\/li>\n<li class=\"default_list_li\">Raspon skeniranja: 10\u00b0 \/ 45\u00b0 \/ 90\u00b0 \/180\u00b0<\/li>\n<li class=\"default_list_li\">Promjer radne povr\u0161ine s detektorom: 500 m<\/li>\n<li class=\"default_list_li\">Brzina vrtnje: 600\/300\/120\/60\/0 o\/min<\/li>\n<li class=\"default_list_li\">Valna duljina lasera: 635 nm \u00b1 5 nm<\/li>\n<li>Klasa lasera: 2<\/li>\n<li>Valna duljina lasera: 635 nm (crveno)<\/li>\n<li>Domet daljinskog upravlja\u010da: cca. 20m<\/li>\n<li>Vodootporan: IP55<\/li>\n<li>Raspon radne temperature: -5\u00b0C do +45\u00b0C<\/li>\n<li>Raspon temperature skladi\u0161tenja: -10\u00b0C do +70\u00b0C<\/li>\n<li>Te\u017eina (uklju\u010duju\u0107i transportnu kutiju: 4,6 kg<\/li>\n<li class=\"default_list_li\">Vrijeme niveliranja 20 sekundi.<\/li>\n<li>Vrijeme rada s baterijama prb. 20 sati<\/li>\n<\/ul>\n<h3>Paket uklju\u010duje:<\/h3>\n<ul>\n<li class=\"default_list_li\">E-KRPAN 207 rotacijski laser<\/li>\n<li>Daljinski upravlja\u010d<\/li>\n<li>Prijamnik<\/li>\n<li>Nosa\u010d prijemnika<\/li>\n<li>Cilj (tar\u010da)<\/li>\n<li>Za\u0161titne nao\u010dale<\/li>\n<li>Punja\u010d akumulatora<\/li>\n<li>Upute za kori\u0161tenje<\/li>\n<\/ul>\n","protected":false},"featured_media":3662,"comment_status":"open","ping_status":"closed","template":"","meta":[],"product_cat":[359,358],"product_tag":[],"class_list":{"0":"post-3667","1":"product","2":"type-product","3":"status-publish","4":"has-post-thumbnail","6":"product_cat-stroji-in-orodja-hr","7":"product_cat-tehnika-mjerenja","9":"first","10":"instock","11":"taxable","12":"shipping-taxable","13":"purchasable","14":"product-type-simple"},"yoast_head":"<!-- This site is optimized with the Yoast SEO plugin v24.1 - https:\/\/yoast.com\/wordpress\/plugins\/seo\/ -->\n<title>E-KRPAN 2150 Professional - Rotacijski laser za niveliranje nagiba - Amper Sol d.o.o.<\/title>\n<meta name=\"description\" content=\"Rotacijski laseri s digitalnim pode\u0161avanjem nagiba iznimno su pouzdani i robusni laserski niveliri. Uglavnom su namijenjeni za op\u0107e gra\u0111evinske radove i za upravljanje gra\u0111evinskim strojevima, gdje je potrebna precizna izvedba kosina. Izvrsni su za sve vrste niskih konstrukcija, gdje se morate baviti jednom ili objema osovinama (monta\u017ea kanalizacijskih cijevi, postavljanje rubnjaka, izgradnja parkirali\u0161ta i dvori\u0161ta ). Namijenjen je za sve vrste radova u gra\u0111evinarstvu, gdje pru\u017ea jedinstvenu preciznost, pouzdanost i prilagodljivost. Laser tako\u0111er ima odli\u010dan sustav niveliranja i robusno ku\u0107i\u0161te koje je otporno na pra\u0161inu i vodu.\" \/>\n<meta name=\"robots\" content=\"index, follow, max-snippet:-1, max-image-preview:large, max-video-preview:-1\" \/>\n<link rel=\"canonical\" href=\"https:\/\/ampersol.com\/hr\/trgovina\/stroji-in-orodja-hr\/tehnika-mjerenja\/e-krpan-2150-professional-rotacijski-laser-za-niveliranje-nagiba\/\" \/>\n<meta property=\"og:locale\" content=\"hr_HR\" \/>\n<meta property=\"og:type\" content=\"article\" \/>\n<meta property=\"og:title\" content=\"E-KRPAN 2150 Professional - Rotacijski laser za niveliranje nagiba - Amper Sol d.o.o.\" \/>\n<meta property=\"og:description\" content=\"Rotacijski laseri s digitalnim pode\u0161avanjem nagiba iznimno su pouzdani i robusni laserski niveliri. Uglavnom su namijenjeni za op\u0107e gra\u0111evinske radove i za upravljanje gra\u0111evinskim strojevima, gdje je potrebna precizna izvedba kosina. Izvrsni su za sve vrste niskih konstrukcija, gdje se morate baviti jednom ili objema osovinama (monta\u017ea kanalizacijskih cijevi, postavljanje rubnjaka, izgradnja parkirali\u0161ta i dvori\u0161ta ). Namijenjen je za sve vrste radova u gra\u0111evinarstvu, gdje pru\u017ea jedinstvenu preciznost, pouzdanost i prilagodljivost. Laser tako\u0111er ima odli\u010dan sustav niveliranja i robusno ku\u0107i\u0161te koje je otporno na pra\u0161inu i vodu.\" \/>\n<meta property=\"og:url\" content=\"https:\/\/ampersol.com\/hr\/trgovina\/stroji-in-orodja-hr\/tehnika-mjerenja\/e-krpan-2150-professional-rotacijski-laser-za-niveliranje-nagiba\/\" \/>\n<meta property=\"og:site_name\" content=\"Amper Sol d.o.o.\" \/>\n<meta property=\"og:image\" content=\"https:\/\/ampersol.com\/wp-content\/uploads\/2022\/06\/Photoroom-20240308_133239-768x1024.png\" \/>\n\t<meta property=\"og:image:width\" content=\"768\" \/>\n\t<meta property=\"og:image:height\" content=\"1024\" \/>\n\t<meta property=\"og:image:type\" content=\"image\/png\" \/>\n<meta name=\"twitter:card\" content=\"summary_large_image\" \/>\n<meta name=\"twitter:label1\" content=\"Procijenjeno vrijeme \u010ditanja\" \/>\n\t<meta name=\"twitter:data1\" content=\"1 minuta\" \/>\n<script type=\"application\/ld+json\" class=\"yoast-schema-graph\">{\"@context\":\"https:\/\/schema.org\",\"@graph\":[{\"@type\":\"WebPage\",\"@id\":\"https:\/\/ampersol.com\/hr\/trgovina\/stroji-in-orodja-hr\/tehnika-mjerenja\/e-krpan-2150-professional-rotacijski-laser-za-niveliranje-nagiba\/\",\"url\":\"https:\/\/ampersol.com\/hr\/trgovina\/stroji-in-orodja-hr\/tehnika-mjerenja\/e-krpan-2150-professional-rotacijski-laser-za-niveliranje-nagiba\/\",\"name\":\"E-KRPAN 2150 Professional - Rotacijski laser za niveliranje nagiba - Amper Sol d.o.o.\",\"isPartOf\":{\"@id\":\"https:\/\/ampersol.com\/hr\/#website\"},\"primaryImageOfPage\":{\"@id\":\"https:\/\/ampersol.com\/hr\/trgovina\/stroji-in-orodja-hr\/tehnika-mjerenja\/e-krpan-2150-professional-rotacijski-laser-za-niveliranje-nagiba\/#primaryimage\"},\"image\":{\"@id\":\"https:\/\/ampersol.com\/hr\/trgovina\/stroji-in-orodja-hr\/tehnika-mjerenja\/e-krpan-2150-professional-rotacijski-laser-za-niveliranje-nagiba\/#primaryimage\"},\"thumbnailUrl\":\"https:\/\/ampersol.com\/wp-content\/uploads\/2022\/06\/Photoroom-20240308_133239.png\",\"datePublished\":\"2022-06-28T13:09:15+00:00\",\"dateModified\":\"2022-06-28T13:09:15+00:00\",\"description\":\"Rotacijski laseri s digitalnim pode\u0161avanjem nagiba iznimno su pouzdani i robusni laserski niveliri. Uglavnom su namijenjeni za op\u0107e gra\u0111evinske radove i za upravljanje gra\u0111evinskim strojevima, gdje je potrebna precizna izvedba kosina. Izvrsni su za sve vrste niskih konstrukcija, gdje se morate baviti jednom ili objema osovinama (monta\u017ea kanalizacijskih cijevi, postavljanje rubnjaka, izgradnja parkirali\u0161ta i dvori\u0161ta ). Namijenjen je za sve vrste radova u gra\u0111evinarstvu, gdje pru\u017ea jedinstvenu preciznost, pouzdanost i prilagodljivost. Laser tako\u0111er ima odli\u010dan sustav niveliranja i robusno ku\u0107i\u0161te koje je otporno na pra\u0161inu i vodu.\",\"breadcrumb\":{\"@id\":\"https:\/\/ampersol.com\/hr\/trgovina\/stroji-in-orodja-hr\/tehnika-mjerenja\/e-krpan-2150-professional-rotacijski-laser-za-niveliranje-nagiba\/#breadcrumb\"},\"inLanguage\":\"hr\",\"potentialAction\":[{\"@type\":\"ReadAction\",\"target\":[\"https:\/\/ampersol.com\/hr\/trgovina\/stroji-in-orodja-hr\/tehnika-mjerenja\/e-krpan-2150-professional-rotacijski-laser-za-niveliranje-nagiba\/\"]}]},{\"@type\":\"ImageObject\",\"inLanguage\":\"hr\",\"@id\":\"https:\/\/ampersol.com\/hr\/trgovina\/stroji-in-orodja-hr\/tehnika-mjerenja\/e-krpan-2150-professional-rotacijski-laser-za-niveliranje-nagiba\/#primaryimage\",\"url\":\"https:\/\/ampersol.com\/wp-content\/uploads\/2022\/06\/Photoroom-20240308_133239.png\",\"contentUrl\":\"https:\/\/ampersol.com\/wp-content\/uploads\/2022\/06\/Photoroom-20240308_133239.png\",\"width\":1500,\"height\":2000},{\"@type\":\"BreadcrumbList\",\"@id\":\"https:\/\/ampersol.com\/hr\/trgovina\/stroji-in-orodja-hr\/tehnika-mjerenja\/e-krpan-2150-professional-rotacijski-laser-za-niveliranje-nagiba\/#breadcrumb\",\"itemListElement\":[{\"@type\":\"ListItem\",\"position\":1,\"name\":\"Home\",\"item\":\"https:\/\/ampersol.com\/hr\/\"},{\"@type\":\"ListItem\",\"position\":2,\"name\":\"Trgovina\",\"item\":\"https:\/\/ampersol.com\/hr\/trgovina\/\"},{\"@type\":\"ListItem\",\"position\":3,\"name\":\"E-KRPAN 2150 Professional &#8211; Rotacijski laser za niveliranje nagiba\"}]},{\"@type\":\"WebSite\",\"@id\":\"https:\/\/ampersol.com\/hr\/#website\",\"url\":\"https:\/\/ampersol.com\/hr\/\",\"name\":\"Amper Sol d.o.o.\",\"description\":\"Prodaja, servis in storitve\",\"publisher\":{\"@id\":\"https:\/\/ampersol.com\/hr\/#organization\"},\"potentialAction\":[{\"@type\":\"SearchAction\",\"target\":{\"@type\":\"EntryPoint\",\"urlTemplate\":\"https:\/\/ampersol.com\/hr\/?s={search_term_string}\"},\"query-input\":{\"@type\":\"PropertyValueSpecification\",\"valueRequired\":true,\"valueName\":\"search_term_string\"}}],\"inLanguage\":\"hr\"},{\"@type\":\"Organization\",\"@id\":\"https:\/\/ampersol.com\/hr\/#organization\",\"name\":\"Amper Sol d.o.o.\",\"url\":\"https:\/\/ampersol.com\/hr\/\",\"logo\":{\"@type\":\"ImageObject\",\"inLanguage\":\"hr\",\"@id\":\"https:\/\/ampersol.com\/hr\/#\/schema\/logo\/image\/\",\"url\":\"https:\/\/ampersol.com\/wp-content\/uploads\/2022\/06\/cropped-deni-logo-1-303x71-1.png\",\"contentUrl\":\"https:\/\/ampersol.com\/wp-content\/uploads\/2022\/06\/cropped-deni-logo-1-303x71-1.png\",\"width\":303,\"height\":71,\"caption\":\"Amper Sol d.o.o.\"},\"image\":{\"@id\":\"https:\/\/ampersol.com\/hr\/#\/schema\/logo\/image\/\"}}]}<\/script>\n<!-- \/ Yoast SEO plugin. -->","yoast_head_json":{"title":"E-KRPAN 2150 Professional - Rotacijski laser za niveliranje nagiba - Amper Sol d.o.o.","description":"Rotacijski laseri s digitalnim pode\u0161avanjem nagiba iznimno su pouzdani i robusni laserski niveliri. Uglavnom su namijenjeni za op\u0107e gra\u0111evinske radove i za upravljanje gra\u0111evinskim strojevima, gdje je potrebna precizna izvedba kosina. Izvrsni su za sve vrste niskih konstrukcija, gdje se morate baviti jednom ili objema osovinama (monta\u017ea kanalizacijskih cijevi, postavljanje rubnjaka, izgradnja parkirali\u0161ta i dvori\u0161ta ). Namijenjen je za sve vrste radova u gra\u0111evinarstvu, gdje pru\u017ea jedinstvenu preciznost, pouzdanost i prilagodljivost. Laser tako\u0111er ima odli\u010dan sustav niveliranja i robusno ku\u0107i\u0161te koje je otporno na pra\u0161inu i vodu.","robots":{"index":"index","follow":"follow","max-snippet":"max-snippet:-1","max-image-preview":"max-image-preview:large","max-video-preview":"max-video-preview:-1"},"canonical":"https:\/\/ampersol.com\/hr\/trgovina\/stroji-in-orodja-hr\/tehnika-mjerenja\/e-krpan-2150-professional-rotacijski-laser-za-niveliranje-nagiba\/","og_locale":"hr_HR","og_type":"article","og_title":"E-KRPAN 2150 Professional - Rotacijski laser za niveliranje nagiba - Amper Sol d.o.o.","og_description":"Rotacijski laseri s digitalnim pode\u0161avanjem nagiba iznimno su pouzdani i robusni laserski niveliri. Uglavnom su namijenjeni za op\u0107e gra\u0111evinske radove i za upravljanje gra\u0111evinskim strojevima, gdje je potrebna precizna izvedba kosina. Izvrsni su za sve vrste niskih konstrukcija, gdje se morate baviti jednom ili objema osovinama (monta\u017ea kanalizacijskih cijevi, postavljanje rubnjaka, izgradnja parkirali\u0161ta i dvori\u0161ta ). Namijenjen je za sve vrste radova u gra\u0111evinarstvu, gdje pru\u017ea jedinstvenu preciznost, pouzdanost i prilagodljivost. Laser tako\u0111er ima odli\u010dan sustav niveliranja i robusno ku\u0107i\u0161te koje je otporno na pra\u0161inu i vodu.","og_url":"https:\/\/ampersol.com\/hr\/trgovina\/stroji-in-orodja-hr\/tehnika-mjerenja\/e-krpan-2150-professional-rotacijski-laser-za-niveliranje-nagiba\/","og_site_name":"Amper Sol d.o.o.","og_image":[{"width":768,"height":1024,"url":"https:\/\/ampersol.com\/wp-content\/uploads\/2022\/06\/Photoroom-20240308_133239-768x1024.png","type":"image\/png"}],"twitter_card":"summary_large_image","twitter_misc":{"Procijenjeno vrijeme \u010ditanja":"1 minuta"},"schema":{"@context":"https:\/\/schema.org","@graph":[{"@type":"WebPage","@id":"https:\/\/ampersol.com\/hr\/trgovina\/stroji-in-orodja-hr\/tehnika-mjerenja\/e-krpan-2150-professional-rotacijski-laser-za-niveliranje-nagiba\/","url":"https:\/\/ampersol.com\/hr\/trgovina\/stroji-in-orodja-hr\/tehnika-mjerenja\/e-krpan-2150-professional-rotacijski-laser-za-niveliranje-nagiba\/","name":"E-KRPAN 2150 Professional - Rotacijski laser za niveliranje nagiba - Amper Sol d.o.o.","isPartOf":{"@id":"https:\/\/ampersol.com\/hr\/#website"},"primaryImageOfPage":{"@id":"https:\/\/ampersol.com\/hr\/trgovina\/stroji-in-orodja-hr\/tehnika-mjerenja\/e-krpan-2150-professional-rotacijski-laser-za-niveliranje-nagiba\/#primaryimage"},"image":{"@id":"https:\/\/ampersol.com\/hr\/trgovina\/stroji-in-orodja-hr\/tehnika-mjerenja\/e-krpan-2150-professional-rotacijski-laser-za-niveliranje-nagiba\/#primaryimage"},"thumbnailUrl":"https:\/\/ampersol.com\/wp-content\/uploads\/2022\/06\/Photoroom-20240308_133239.png","datePublished":"2022-06-28T13:09:15+00:00","dateModified":"2022-06-28T13:09:15+00:00","description":"Rotacijski laseri s digitalnim pode\u0161avanjem nagiba iznimno su pouzdani i robusni laserski niveliri. Uglavnom su namijenjeni za op\u0107e gra\u0111evinske radove i za upravljanje gra\u0111evinskim strojevima, gdje je potrebna precizna izvedba kosina. Izvrsni su za sve vrste niskih konstrukcija, gdje se morate baviti jednom ili objema osovinama (monta\u017ea kanalizacijskih cijevi, postavljanje rubnjaka, izgradnja parkirali\u0161ta i dvori\u0161ta ). Namijenjen je za sve vrste radova u gra\u0111evinarstvu, gdje pru\u017ea jedinstvenu preciznost, pouzdanost i prilagodljivost. Laser tako\u0111er ima odli\u010dan sustav niveliranja i robusno ku\u0107i\u0161te koje je otporno na pra\u0161inu i vodu.","breadcrumb":{"@id":"https:\/\/ampersol.com\/hr\/trgovina\/stroji-in-orodja-hr\/tehnika-mjerenja\/e-krpan-2150-professional-rotacijski-laser-za-niveliranje-nagiba\/#breadcrumb"},"inLanguage":"hr","potentialAction":[{"@type":"ReadAction","target":["https:\/\/ampersol.com\/hr\/trgovina\/stroji-in-orodja-hr\/tehnika-mjerenja\/e-krpan-2150-professional-rotacijski-laser-za-niveliranje-nagiba\/"]}]},{"@type":"ImageObject","inLanguage":"hr","@id":"https:\/\/ampersol.com\/hr\/trgovina\/stroji-in-orodja-hr\/tehnika-mjerenja\/e-krpan-2150-professional-rotacijski-laser-za-niveliranje-nagiba\/#primaryimage","url":"https:\/\/ampersol.com\/wp-content\/uploads\/2022\/06\/Photoroom-20240308_133239.png","contentUrl":"https:\/\/ampersol.com\/wp-content\/uploads\/2022\/06\/Photoroom-20240308_133239.png","width":1500,"height":2000},{"@type":"BreadcrumbList","@id":"https:\/\/ampersol.com\/hr\/trgovina\/stroji-in-orodja-hr\/tehnika-mjerenja\/e-krpan-2150-professional-rotacijski-laser-za-niveliranje-nagiba\/#breadcrumb","itemListElement":[{"@type":"ListItem","position":1,"name":"Home","item":"https:\/\/ampersol.com\/hr\/"},{"@type":"ListItem","position":2,"name":"Trgovina","item":"https:\/\/ampersol.com\/hr\/trgovina\/"},{"@type":"ListItem","position":3,"name":"E-KRPAN 2150 Professional &#8211; Rotacijski laser za niveliranje nagiba"}]},{"@type":"WebSite","@id":"https:\/\/ampersol.com\/hr\/#website","url":"https:\/\/ampersol.com\/hr\/","name":"Amper Sol d.o.o.","description":"Prodaja, servis in storitve","publisher":{"@id":"https:\/\/ampersol.com\/hr\/#organization"},"potentialAction":[{"@type":"SearchAction","target":{"@type":"EntryPoint","urlTemplate":"https:\/\/ampersol.com\/hr\/?s={search_term_string}"},"query-input":{"@type":"PropertyValueSpecification","valueRequired":true,"valueName":"search_term_string"}}],"inLanguage":"hr"},{"@type":"Organization","@id":"https:\/\/ampersol.com\/hr\/#organization","name":"Amper Sol d.o.o.","url":"https:\/\/ampersol.com\/hr\/","logo":{"@type":"ImageObject","inLanguage":"hr","@id":"https:\/\/ampersol.com\/hr\/#\/schema\/logo\/image\/","url":"https:\/\/ampersol.com\/wp-content\/uploads\/2022\/06\/cropped-deni-logo-1-303x71-1.png","contentUrl":"https:\/\/ampersol.com\/wp-content\/uploads\/2022\/06\/cropped-deni-logo-1-303x71-1.png","width":303,"height":71,"caption":"Amper Sol d.o.o."},"image":{"@id":"https:\/\/ampersol.com\/hr\/#\/schema\/logo\/image\/"}}]}},"_links":{"self":[{"href":"https:\/\/ampersol.com\/hr\/wp-json\/wp\/v2\/product\/3667","targetHints":{"allow":["GET"]}}],"collection":[{"href":"https:\/\/ampersol.com\/hr\/wp-json\/wp\/v2\/product"}],"about":[{"href":"https:\/\/ampersol.com\/hr\/wp-json\/wp\/v2\/types\/product"}],"replies":[{"embeddable":true,"href":"https:\/\/ampersol.com\/hr\/wp-json\/wp\/v2\/comments?post=3667"}],"wp:featuredmedia":[{"embeddable":true,"href":"https:\/\/ampersol.com\/hr\/wp-json\/wp\/v2\/media\/3662"}],"wp:attachment":[{"href":"https:\/\/ampersol.com\/hr\/wp-json\/wp\/v2\/media?parent=3667"}],"wp:term":[{"taxonomy":"product_cat","embeddable":true,"href":"https:\/\/ampersol.com\/hr\/wp-json\/wp\/v2\/product_cat?post=3667"},{"taxonomy":"product_tag","embeddable":true,"href":"https:\/\/ampersol.com\/hr\/wp-json\/wp\/v2\/product_tag?post=3667"}],"curies":[{"name":"wp","href":"https:\/\/api.w.org\/{rel}","templated":true}]}}