{"id":3664,"date":"2022-06-28T13:10:25","date_gmt":"2022-06-28T13:10:25","guid":{"rendered":"https:\/\/ampersol.com\/trgovina\/Bez kategorije\/rotacijski-nivelir-e-krpan-500g-zeleni-rotary-amons-laser\/"},"modified":"2022-06-28T13:10:25","modified_gmt":"2022-06-28T13:10:25","slug":"rotacijski-nivelir-e-krpan-500g-zeleni-rotary-amons-laser","status":"publish","type":"product","link":"https:\/\/ampersol.com\/hr\/trgovina\/stroji-in-orodja-hr\/tehnika-mjerenja\/rotacijski-nivelir-e-krpan-500g-zeleni-rotary-amons-laser\/","title":{"rendered":"Rotacijski nivelir E-KRPAN 500G &#8211; ZELENI Rotary Amons Laser"},"content":{"rendered":"<p>E-KRPAN 500G rotacijski laser osigurava najve\u0107u preciznost, pouzdanost i prilagodljivost. Izvrstan je za sve vrste gra\u0111evinskih radova, pa i one najzahtjevnije. Laser je izuzetno precizan i jednostavan za kori\u0161tenje. Zajedno s robusnim ku\u0107i\u0161tem otpornim na pra\u0161inu i vodu omogu\u0107uje rad u svim uvjetima. Rotacijski laser E-KRPAN 500G omogu\u0107uje horizontalno i vertikalno niveliranje. Tako\u0111er omogu\u0107uje ru\u010dno pode\u0161avanje nagiba du\u017e X i Y osi (do 10\u00b0). Ru\u010dni na\u010din rada tako\u0111er je dostupan za ve\u0107e nagibe. Sve funkcije (pode\u0161avanje nagiba, brzine i dometa) mogu se namjestiti daljinskim upravlja\u010dem. Prilo\u017een je prijemnik sa audio signalom i dva LCD zaslona. Zajam\u010dena kvaliteta uz 3 godine jamstva.<\/p>\n","protected":false},"excerpt":{"rendered":"<p><strong>Tehni\u010dke informacije<\/strong><\/p>\n<ul>\n<li>To\u010dnost niveliranja: \u00b10,1mm\/m<\/li>\n<li>Horizontalna to\u010dnost: \u00b120\u2033 (1mm na 10m)<\/li>\n<li>Vertikalna to\u010dnost: \u00b120\u2033 (1mm na 10m)<\/li>\n<li>Vertikalna to\u010dnost prema dolje: +\/- 1 mm \/1,5 m (+\/- 60 Z)<\/li>\n<li>Raspon kompenzacije: 5 \u00b0 +\/- 1 \u00b0 (dvostruka os)<\/li>\n<li>Raspon nagiba: 5 \u00b0 +\/- 1 \u00b0 (dvostruka os)<\/li>\n<li>Raspon skeniranja: 10\u00b0 \/ 45\u00b0 \/ 90\u00b0 \/180\u00b0<\/li>\n<li>Promjer radne povr\u0161ine s detektorom: 500 m<\/li>\n<li>Brzina vrtnje: 600\/300\/120\/60\/0 o\/min<\/li>\n<li>Valna duljina lasera: 635 nm \u00b1 5 nm<\/li>\n<li>Klasa lasera: 2<\/li>\n<li>Polo\u017een certifikat kvalitete ISO9001 i CE certifikat<\/li>\n<li>Valna duljina lasera: 635 nm (crveno)<\/li>\n<li>Domet daljinskog upravlja\u010da: cca. 20m<\/li>\n<li>Vodootporan: IP54<\/li>\n<li>Raspon radne temperature: -15\u00b0C do +45\u00b0C<\/li>\n<li>Raspon temperature skladi\u0161tenja: -15\u00b0C do +70\u00b0C<\/li>\n<li>Te\u017eina (uklju\u010duju\u0107i transportnu torbu: 2,5 kg<\/li>\n<li>Vrijeme niveliranja do 20 sekundi.<\/li>\n<li>Vrijeme rada s baterijama cca 10 sati<\/li>\n<li>Jamstvo 3 godine (u slu\u010daju kvara dobiva se zamjenski nivelir)<\/li>\n<\/ul>\n<p><strong>Paket uklju\u010duje: <\/strong><\/p>\n<ul>\n<li>Rotacijski nivelir E-KRPAN 500G sa zelenom diodom<\/li>\n<li>Daljinski upravlja\u010d<\/li>\n<li>Prijamnik<\/li>\n<li>Nosa\u010d prijemnika<\/li>\n<li>Cilj (tar\u010da)<\/li>\n<li>Za\u0161titne nao\u010dale<\/li>\n<li>Punja\u010d akumulatora<\/li>\n<li>Transportni kofer<\/li>\n<li>Upute za kori\u0161tenje<\/li>\n<\/ul>\n","protected":false},"featured_media":3654,"comment_status":"open","ping_status":"closed","template":"","meta":[],"product_cat":[359,358],"product_tag":[],"class_list":{"0":"post-3664","1":"product","2":"type-product","3":"status-publish","4":"has-post-thumbnail","6":"product_cat-stroji-in-orodja-hr","7":"product_cat-tehnika-mjerenja","9":"first","10":"instock","11":"taxable","12":"shipping-taxable","13":"purchasable","14":"product-type-simple"},"yoast_head":"<!-- This site is optimized with the Yoast SEO plugin v24.1 - https:\/\/yoast.com\/wordpress\/plugins\/seo\/ -->\n<title>Rotacijski nivelir E-KRPAN 500G - ZELENI Rotary Amons Laser - Amper Sol d.o.o.<\/title>\n<meta name=\"description\" content=\"E-KG500K rotacijski laser pru\u017ea najve\u0107u preciznost, pouzdanost i fleksibilnost. Savr\u0161ena je za sve vrste gra\u0111evinskih radova, \u010dak i one najzahtjevnije. Laser je iznimno precizan i jednostavan za kori\u0161tenje. Zajedno s robusnim ku\u0107i\u0161tem otpornim na pra\u0161inu i vodu, omogu\u0107uje rad u svim uvjetima. Rotacijski laser E-KG 500 omogu\u0107uje horizontalno i vertikalno niveliranje. Tako\u0111er omogu\u0107uje ru\u010dno pode\u0161avanje nagiba du\u017e X i Y osi (do 10\u00b0). Ru\u010dni na\u010din rada tako\u0111er je dostupan za ve\u0107e nagibe. Sve funkcije (pode\u0161avanje nagiba, brzine i dometa) mogu se namjestiti daljinskim upravlja\u010dem. Prilo\u017een je prijemnik sa audio signalom i dva LCD zaslona. Zajam\u010dena kvaliteta uz 3 godine jamstva.\" \/>\n<meta name=\"robots\" content=\"index, follow, max-snippet:-1, max-image-preview:large, max-video-preview:-1\" \/>\n<link rel=\"canonical\" href=\"https:\/\/ampersol.com\/hr\/trgovina\/stroji-in-orodja-hr\/tehnika-mjerenja\/rotacijski-nivelir-e-krpan-500g-zeleni-rotary-amons-laser\/\" \/>\n<meta property=\"og:locale\" content=\"hr_HR\" \/>\n<meta property=\"og:type\" content=\"article\" \/>\n<meta property=\"og:title\" content=\"Rotacijski nivelir E-KRPAN 500G - ZELENI Rotary Amons Laser - Amper Sol d.o.o.\" \/>\n<meta property=\"og:description\" content=\"E-KG500K rotacijski laser pru\u017ea najve\u0107u preciznost, pouzdanost i fleksibilnost. Savr\u0161ena je za sve vrste gra\u0111evinskih radova, \u010dak i one najzahtjevnije. Laser je iznimno precizan i jednostavan za kori\u0161tenje. Zajedno s robusnim ku\u0107i\u0161tem otpornim na pra\u0161inu i vodu, omogu\u0107uje rad u svim uvjetima. Rotacijski laser E-KG 500 omogu\u0107uje horizontalno i vertikalno niveliranje. Tako\u0111er omogu\u0107uje ru\u010dno pode\u0161avanje nagiba du\u017e X i Y osi (do 10\u00b0). Ru\u010dni na\u010din rada tako\u0111er je dostupan za ve\u0107e nagibe. Sve funkcije (pode\u0161avanje nagiba, brzine i dometa) mogu se namjestiti daljinskim upravlja\u010dem. Prilo\u017een je prijemnik sa audio signalom i dva LCD zaslona. Zajam\u010dena kvaliteta uz 3 godine jamstva.\" \/>\n<meta property=\"og:url\" content=\"https:\/\/ampersol.com\/hr\/trgovina\/stroji-in-orodja-hr\/tehnika-mjerenja\/rotacijski-nivelir-e-krpan-500g-zeleni-rotary-amons-laser\/\" \/>\n<meta property=\"og:site_name\" content=\"Amper Sol d.o.o.\" \/>\n<meta property=\"og:image\" content=\"https:\/\/ampersol.com\/wp-content\/uploads\/2022\/06\/Photoroom-20240308_132043.png\" \/>\n\t<meta property=\"og:image:width\" content=\"1492\" \/>\n\t<meta property=\"og:image:height\" content=\"1558\" \/>\n\t<meta property=\"og:image:type\" content=\"image\/png\" \/>\n<meta name=\"twitter:card\" content=\"summary_large_image\" \/>\n<meta name=\"twitter:label1\" content=\"Procijenjeno vrijeme \u010ditanja\" \/>\n\t<meta name=\"twitter:data1\" content=\"1 minuta\" \/>\n<script type=\"application\/ld+json\" class=\"yoast-schema-graph\">{\"@context\":\"https:\/\/schema.org\",\"@graph\":[{\"@type\":\"WebPage\",\"@id\":\"https:\/\/ampersol.com\/hr\/trgovina\/stroji-in-orodja-hr\/tehnika-mjerenja\/rotacijski-nivelir-e-krpan-500g-zeleni-rotary-amons-laser\/\",\"url\":\"https:\/\/ampersol.com\/hr\/trgovina\/stroji-in-orodja-hr\/tehnika-mjerenja\/rotacijski-nivelir-e-krpan-500g-zeleni-rotary-amons-laser\/\",\"name\":\"Rotacijski nivelir E-KRPAN 500G - ZELENI Rotary Amons Laser - Amper Sol d.o.o.\",\"isPartOf\":{\"@id\":\"https:\/\/ampersol.com\/hr\/#website\"},\"primaryImageOfPage\":{\"@id\":\"https:\/\/ampersol.com\/hr\/trgovina\/stroji-in-orodja-hr\/tehnika-mjerenja\/rotacijski-nivelir-e-krpan-500g-zeleni-rotary-amons-laser\/#primaryimage\"},\"image\":{\"@id\":\"https:\/\/ampersol.com\/hr\/trgovina\/stroji-in-orodja-hr\/tehnika-mjerenja\/rotacijski-nivelir-e-krpan-500g-zeleni-rotary-amons-laser\/#primaryimage\"},\"thumbnailUrl\":\"https:\/\/ampersol.com\/wp-content\/uploads\/2022\/06\/Photoroom-20240308_132043.png\",\"datePublished\":\"2022-06-28T13:10:25+00:00\",\"dateModified\":\"2022-06-28T13:10:25+00:00\",\"description\":\"E-KG500K rotacijski laser pru\u017ea najve\u0107u preciznost, pouzdanost i fleksibilnost. Savr\u0161ena je za sve vrste gra\u0111evinskih radova, \u010dak i one najzahtjevnije. Laser je iznimno precizan i jednostavan za kori\u0161tenje. Zajedno s robusnim ku\u0107i\u0161tem otpornim na pra\u0161inu i vodu, omogu\u0107uje rad u svim uvjetima. Rotacijski laser E-KG 500 omogu\u0107uje horizontalno i vertikalno niveliranje. Tako\u0111er omogu\u0107uje ru\u010dno pode\u0161avanje nagiba du\u017e X i Y osi (do 10\u00b0). Ru\u010dni na\u010din rada tako\u0111er je dostupan za ve\u0107e nagibe. Sve funkcije (pode\u0161avanje nagiba, brzine i dometa) mogu se namjestiti daljinskim upravlja\u010dem. Prilo\u017een je prijemnik sa audio signalom i dva LCD zaslona. Zajam\u010dena kvaliteta uz 3 godine jamstva.\",\"breadcrumb\":{\"@id\":\"https:\/\/ampersol.com\/hr\/trgovina\/stroji-in-orodja-hr\/tehnika-mjerenja\/rotacijski-nivelir-e-krpan-500g-zeleni-rotary-amons-laser\/#breadcrumb\"},\"inLanguage\":\"hr\",\"potentialAction\":[{\"@type\":\"ReadAction\",\"target\":[\"https:\/\/ampersol.com\/hr\/trgovina\/stroji-in-orodja-hr\/tehnika-mjerenja\/rotacijski-nivelir-e-krpan-500g-zeleni-rotary-amons-laser\/\"]}]},{\"@type\":\"ImageObject\",\"inLanguage\":\"hr\",\"@id\":\"https:\/\/ampersol.com\/hr\/trgovina\/stroji-in-orodja-hr\/tehnika-mjerenja\/rotacijski-nivelir-e-krpan-500g-zeleni-rotary-amons-laser\/#primaryimage\",\"url\":\"https:\/\/ampersol.com\/wp-content\/uploads\/2022\/06\/Photoroom-20240308_132043.png\",\"contentUrl\":\"https:\/\/ampersol.com\/wp-content\/uploads\/2022\/06\/Photoroom-20240308_132043.png\",\"width\":1492,\"height\":1558},{\"@type\":\"BreadcrumbList\",\"@id\":\"https:\/\/ampersol.com\/hr\/trgovina\/stroji-in-orodja-hr\/tehnika-mjerenja\/rotacijski-nivelir-e-krpan-500g-zeleni-rotary-amons-laser\/#breadcrumb\",\"itemListElement\":[{\"@type\":\"ListItem\",\"position\":1,\"name\":\"Home\",\"item\":\"https:\/\/ampersol.com\/hr\/\"},{\"@type\":\"ListItem\",\"position\":2,\"name\":\"Trgovina\",\"item\":\"https:\/\/ampersol.com\/hr\/trgovina\/\"},{\"@type\":\"ListItem\",\"position\":3,\"name\":\"Rotacijski nivelir E-KRPAN 500G &#8211; ZELENI Rotary Amons Laser\"}]},{\"@type\":\"WebSite\",\"@id\":\"https:\/\/ampersol.com\/hr\/#website\",\"url\":\"https:\/\/ampersol.com\/hr\/\",\"name\":\"Amper Sol d.o.o.\",\"description\":\"Prodaja, servis in storitve\",\"publisher\":{\"@id\":\"https:\/\/ampersol.com\/hr\/#organization\"},\"potentialAction\":[{\"@type\":\"SearchAction\",\"target\":{\"@type\":\"EntryPoint\",\"urlTemplate\":\"https:\/\/ampersol.com\/hr\/?s={search_term_string}\"},\"query-input\":{\"@type\":\"PropertyValueSpecification\",\"valueRequired\":true,\"valueName\":\"search_term_string\"}}],\"inLanguage\":\"hr\"},{\"@type\":\"Organization\",\"@id\":\"https:\/\/ampersol.com\/hr\/#organization\",\"name\":\"Amper Sol d.o.o.\",\"url\":\"https:\/\/ampersol.com\/hr\/\",\"logo\":{\"@type\":\"ImageObject\",\"inLanguage\":\"hr\",\"@id\":\"https:\/\/ampersol.com\/hr\/#\/schema\/logo\/image\/\",\"url\":\"https:\/\/ampersol.com\/wp-content\/uploads\/2022\/06\/cropped-deni-logo-1-303x71-1.png\",\"contentUrl\":\"https:\/\/ampersol.com\/wp-content\/uploads\/2022\/06\/cropped-deni-logo-1-303x71-1.png\",\"width\":303,\"height\":71,\"caption\":\"Amper Sol d.o.o.\"},\"image\":{\"@id\":\"https:\/\/ampersol.com\/hr\/#\/schema\/logo\/image\/\"}}]}<\/script>\n<!-- \/ Yoast SEO plugin. -->","yoast_head_json":{"title":"Rotacijski nivelir E-KRPAN 500G - ZELENI Rotary Amons Laser - Amper Sol d.o.o.","description":"E-KG500K rotacijski laser pru\u017ea najve\u0107u preciznost, pouzdanost i fleksibilnost. Savr\u0161ena je za sve vrste gra\u0111evinskih radova, \u010dak i one najzahtjevnije. Laser je iznimno precizan i jednostavan za kori\u0161tenje. Zajedno s robusnim ku\u0107i\u0161tem otpornim na pra\u0161inu i vodu, omogu\u0107uje rad u svim uvjetima. Rotacijski laser E-KG 500 omogu\u0107uje horizontalno i vertikalno niveliranje. Tako\u0111er omogu\u0107uje ru\u010dno pode\u0161avanje nagiba du\u017e X i Y osi (do 10\u00b0). Ru\u010dni na\u010din rada tako\u0111er je dostupan za ve\u0107e nagibe. Sve funkcije (pode\u0161avanje nagiba, brzine i dometa) mogu se namjestiti daljinskim upravlja\u010dem. Prilo\u017een je prijemnik sa audio signalom i dva LCD zaslona. Zajam\u010dena kvaliteta uz 3 godine jamstva.","robots":{"index":"index","follow":"follow","max-snippet":"max-snippet:-1","max-image-preview":"max-image-preview:large","max-video-preview":"max-video-preview:-1"},"canonical":"https:\/\/ampersol.com\/hr\/trgovina\/stroji-in-orodja-hr\/tehnika-mjerenja\/rotacijski-nivelir-e-krpan-500g-zeleni-rotary-amons-laser\/","og_locale":"hr_HR","og_type":"article","og_title":"Rotacijski nivelir E-KRPAN 500G - ZELENI Rotary Amons Laser - Amper Sol d.o.o.","og_description":"E-KG500K rotacijski laser pru\u017ea najve\u0107u preciznost, pouzdanost i fleksibilnost. Savr\u0161ena je za sve vrste gra\u0111evinskih radova, \u010dak i one najzahtjevnije. Laser je iznimno precizan i jednostavan za kori\u0161tenje. Zajedno s robusnim ku\u0107i\u0161tem otpornim na pra\u0161inu i vodu, omogu\u0107uje rad u svim uvjetima. Rotacijski laser E-KG 500 omogu\u0107uje horizontalno i vertikalno niveliranje. Tako\u0111er omogu\u0107uje ru\u010dno pode\u0161avanje nagiba du\u017e X i Y osi (do 10\u00b0). Ru\u010dni na\u010din rada tako\u0111er je dostupan za ve\u0107e nagibe. Sve funkcije (pode\u0161avanje nagiba, brzine i dometa) mogu se namjestiti daljinskim upravlja\u010dem. Prilo\u017een je prijemnik sa audio signalom i dva LCD zaslona. Zajam\u010dena kvaliteta uz 3 godine jamstva.","og_url":"https:\/\/ampersol.com\/hr\/trgovina\/stroji-in-orodja-hr\/tehnika-mjerenja\/rotacijski-nivelir-e-krpan-500g-zeleni-rotary-amons-laser\/","og_site_name":"Amper Sol d.o.o.","og_image":[{"width":1492,"height":1558,"url":"https:\/\/ampersol.com\/wp-content\/uploads\/2022\/06\/Photoroom-20240308_132043.png","type":"image\/png"}],"twitter_card":"summary_large_image","twitter_misc":{"Procijenjeno vrijeme \u010ditanja":"1 minuta"},"schema":{"@context":"https:\/\/schema.org","@graph":[{"@type":"WebPage","@id":"https:\/\/ampersol.com\/hr\/trgovina\/stroji-in-orodja-hr\/tehnika-mjerenja\/rotacijski-nivelir-e-krpan-500g-zeleni-rotary-amons-laser\/","url":"https:\/\/ampersol.com\/hr\/trgovina\/stroji-in-orodja-hr\/tehnika-mjerenja\/rotacijski-nivelir-e-krpan-500g-zeleni-rotary-amons-laser\/","name":"Rotacijski nivelir E-KRPAN 500G - ZELENI Rotary Amons Laser - Amper Sol d.o.o.","isPartOf":{"@id":"https:\/\/ampersol.com\/hr\/#website"},"primaryImageOfPage":{"@id":"https:\/\/ampersol.com\/hr\/trgovina\/stroji-in-orodja-hr\/tehnika-mjerenja\/rotacijski-nivelir-e-krpan-500g-zeleni-rotary-amons-laser\/#primaryimage"},"image":{"@id":"https:\/\/ampersol.com\/hr\/trgovina\/stroji-in-orodja-hr\/tehnika-mjerenja\/rotacijski-nivelir-e-krpan-500g-zeleni-rotary-amons-laser\/#primaryimage"},"thumbnailUrl":"https:\/\/ampersol.com\/wp-content\/uploads\/2022\/06\/Photoroom-20240308_132043.png","datePublished":"2022-06-28T13:10:25+00:00","dateModified":"2022-06-28T13:10:25+00:00","description":"E-KG500K rotacijski laser pru\u017ea najve\u0107u preciznost, pouzdanost i fleksibilnost. Savr\u0161ena je za sve vrste gra\u0111evinskih radova, \u010dak i one najzahtjevnije. Laser je iznimno precizan i jednostavan za kori\u0161tenje. Zajedno s robusnim ku\u0107i\u0161tem otpornim na pra\u0161inu i vodu, omogu\u0107uje rad u svim uvjetima. Rotacijski laser E-KG 500 omogu\u0107uje horizontalno i vertikalno niveliranje. Tako\u0111er omogu\u0107uje ru\u010dno pode\u0161avanje nagiba du\u017e X i Y osi (do 10\u00b0). Ru\u010dni na\u010din rada tako\u0111er je dostupan za ve\u0107e nagibe. Sve funkcije (pode\u0161avanje nagiba, brzine i dometa) mogu se namjestiti daljinskim upravlja\u010dem. Prilo\u017een je prijemnik sa audio signalom i dva LCD zaslona. Zajam\u010dena kvaliteta uz 3 godine jamstva.","breadcrumb":{"@id":"https:\/\/ampersol.com\/hr\/trgovina\/stroji-in-orodja-hr\/tehnika-mjerenja\/rotacijski-nivelir-e-krpan-500g-zeleni-rotary-amons-laser\/#breadcrumb"},"inLanguage":"hr","potentialAction":[{"@type":"ReadAction","target":["https:\/\/ampersol.com\/hr\/trgovina\/stroji-in-orodja-hr\/tehnika-mjerenja\/rotacijski-nivelir-e-krpan-500g-zeleni-rotary-amons-laser\/"]}]},{"@type":"ImageObject","inLanguage":"hr","@id":"https:\/\/ampersol.com\/hr\/trgovina\/stroji-in-orodja-hr\/tehnika-mjerenja\/rotacijski-nivelir-e-krpan-500g-zeleni-rotary-amons-laser\/#primaryimage","url":"https:\/\/ampersol.com\/wp-content\/uploads\/2022\/06\/Photoroom-20240308_132043.png","contentUrl":"https:\/\/ampersol.com\/wp-content\/uploads\/2022\/06\/Photoroom-20240308_132043.png","width":1492,"height":1558},{"@type":"BreadcrumbList","@id":"https:\/\/ampersol.com\/hr\/trgovina\/stroji-in-orodja-hr\/tehnika-mjerenja\/rotacijski-nivelir-e-krpan-500g-zeleni-rotary-amons-laser\/#breadcrumb","itemListElement":[{"@type":"ListItem","position":1,"name":"Home","item":"https:\/\/ampersol.com\/hr\/"},{"@type":"ListItem","position":2,"name":"Trgovina","item":"https:\/\/ampersol.com\/hr\/trgovina\/"},{"@type":"ListItem","position":3,"name":"Rotacijski nivelir E-KRPAN 500G &#8211; ZELENI Rotary Amons Laser"}]},{"@type":"WebSite","@id":"https:\/\/ampersol.com\/hr\/#website","url":"https:\/\/ampersol.com\/hr\/","name":"Amper Sol d.o.o.","description":"Prodaja, servis in storitve","publisher":{"@id":"https:\/\/ampersol.com\/hr\/#organization"},"potentialAction":[{"@type":"SearchAction","target":{"@type":"EntryPoint","urlTemplate":"https:\/\/ampersol.com\/hr\/?s={search_term_string}"},"query-input":{"@type":"PropertyValueSpecification","valueRequired":true,"valueName":"search_term_string"}}],"inLanguage":"hr"},{"@type":"Organization","@id":"https:\/\/ampersol.com\/hr\/#organization","name":"Amper Sol d.o.o.","url":"https:\/\/ampersol.com\/hr\/","logo":{"@type":"ImageObject","inLanguage":"hr","@id":"https:\/\/ampersol.com\/hr\/#\/schema\/logo\/image\/","url":"https:\/\/ampersol.com\/wp-content\/uploads\/2022\/06\/cropped-deni-logo-1-303x71-1.png","contentUrl":"https:\/\/ampersol.com\/wp-content\/uploads\/2022\/06\/cropped-deni-logo-1-303x71-1.png","width":303,"height":71,"caption":"Amper Sol d.o.o."},"image":{"@id":"https:\/\/ampersol.com\/hr\/#\/schema\/logo\/image\/"}}]}},"_links":{"self":[{"href":"https:\/\/ampersol.com\/hr\/wp-json\/wp\/v2\/product\/3664","targetHints":{"allow":["GET"]}}],"collection":[{"href":"https:\/\/ampersol.com\/hr\/wp-json\/wp\/v2\/product"}],"about":[{"href":"https:\/\/ampersol.com\/hr\/wp-json\/wp\/v2\/types\/product"}],"replies":[{"embeddable":true,"href":"https:\/\/ampersol.com\/hr\/wp-json\/wp\/v2\/comments?post=3664"}],"wp:featuredmedia":[{"embeddable":true,"href":"https:\/\/ampersol.com\/hr\/wp-json\/wp\/v2\/media\/3654"}],"wp:attachment":[{"href":"https:\/\/ampersol.com\/hr\/wp-json\/wp\/v2\/media?parent=3664"}],"wp:term":[{"taxonomy":"product_cat","embeddable":true,"href":"https:\/\/ampersol.com\/hr\/wp-json\/wp\/v2\/product_cat?post=3664"},{"taxonomy":"product_tag","embeddable":true,"href":"https:\/\/ampersol.com\/hr\/wp-json\/wp\/v2\/product_tag?post=3664"}],"curies":[{"name":"wp","href":"https:\/\/api.w.org\/{rel}","templated":true}]}}