{"id":3628,"date":"2023-08-10T07:40:34","date_gmt":"2023-08-10T07:40:34","guid":{"rendered":"https:\/\/ampersol.com\/trgovina\/Bez%20kategorije\/solarni-komplet-220w-e-kr-fleksibilni-paneli-20a-regulator-vse-povezave-3m\/"},"modified":"2024-04-08T19:44:04","modified_gmt":"2024-04-08T19:44:04","slug":"solarni-komplet-220w-e-kr-fleksibilni-paneli-20a-regulator-vse-povezave-3m","status":"publish","type":"product","link":"https:\/\/ampersol.com\/hr\/trgovina\/samooskrba-hr\/elektricna-energija-hr\/solarni-komplet-220w-e-kr-fleksibilni-paneli-20a-regulator-vse-povezave-3m\/","title":{"rendered":"Solarni set 220W E-KR fleksibilni paneli + 20A regulator + svi priklju\u010dci 3m"},"content":{"rendered":"","protected":false},"excerpt":{"rendered":"<p>Set sadr\u017ei sve \u0161to vam je potrebno (bez baterija) za pokretanje solarnog sustava od 220W. Sustav mo\u017eete spojiti na 12V ili 24V.<\/p>\n<p>U kompletu dobijate:<\/p>\n<p>Solarni regulator od 20A s LCD zaslonom<\/p>\n<p>3m priklju\u010dni kabel za panele<\/p>\n<p>3m priklju\u010dni kabel za baterije<\/p>\n<p>2x Y konektor za spajanje dva panela<\/p>\n<p>2x solarni paneli<\/p>\n<p>&nbsp;<\/p>\n<p>Specifikacije plo\u010de:<\/p>\n<ul>\n<li>Materijal: monokristalni silicij<\/li>\n<li>Maksimalna snaga (Pmax): 110W\u00b13%<\/li>\n<li>Maksimalni napon snage (Vmp): 19,50V<\/li>\n<li>Maksimalna struja snage (Imp): 5.60A<\/li>\n<li>Napon bez optere\u0107enja (Voc): 23,4 V<\/li>\n<li>Struja kratkog spoja (Isc): 6.10A<\/li>\n<li>Nazivna radna temperatura \u0107elije (NOCT): -45 do 80 \u2103<\/li>\n<li>Maksimalni napon sustava: DC1000V<\/li>\n<li>Maksimalna serijska za\u0161titna struja: 15A<\/li>\n<\/ul>\n<p><strong>Solarne \u0107elije:<\/strong><\/p>\n<ul>\n<li>36 komada 166mm*83mm; 12BB solarne \u0107elije<\/li>\n<li>Dimenzija: 1050MM(D)*535MM(\u0160)*2,5mm(V) Isto kao 41,33in\u010da(D)*21,06in\u010da(\u0160)*0,09in\u010da(V)<\/li>\n<li>Te\u017eina paketa: 1,95 kg<\/li>\n<li>Dimenzija pakiranja: 1080MM <em>570MM<\/em> 40MM<\/li>\n<li>(Gore navedeni podaci temelje se na standardnom laboratorijskom ispitnom okru\u017eenju)<\/li>\n<\/ul>\n<p>Za terenske veze koristite bakrene \u017eice br. 13AWG izoliran za minimalno 90 \u2103.<\/p>\n<p><strong>Standardni uvjeti ispitivanja:<\/strong><\/p>\n<ul>\n<li>AM=1,5 ZRA\u010cENJE=1000W\/m2 Temp.=25\u2103<\/li>\n<li>(Veli\u010dina se mjeri ru\u010dno i postoji odre\u0111ena gre\u0161ka.)<\/li>\n<\/ul>\n<p>Jamstvo 1 godina, vijek trajanja 8-10 godina.<\/p>\n<p>Manje smanjenje u\u010dinkovitosti pri djelomi\u010dnom optere\u0107enju na 25\u00b0C: pri 100 W\/m2 posti\u017eemo 95% (+\/-5%) STC u\u010dinkovitosti (1000 W\/m2).<\/p>\n","protected":false},"featured_media":3629,"comment_status":"open","ping_status":"closed","template":"","meta":[],"product_cat":[360,361],"product_tag":[],"class_list":{"0":"post-3628","1":"product","2":"type-product","3":"status-publish","4":"has-post-thumbnail","6":"product_cat-ostala-oprema-hr","7":"product_cat-elektricna-energija-hr","9":"first","10":"instock","11":"taxable","12":"shipping-taxable","13":"purchasable","14":"product-type-simple"},"yoast_head":"<!-- This site is optimized with the Yoast SEO plugin v24.1 - https:\/\/yoast.com\/wordpress\/plugins\/seo\/ -->\n<title>Solarni set 220W E-KR fleksibilni paneli + 20A regulator + svi priklju\u010dci 3m - Amper Sol d.o.o.<\/title>\n<meta name=\"robots\" content=\"index, follow, max-snippet:-1, max-image-preview:large, max-video-preview:-1\" \/>\n<link rel=\"canonical\" href=\"https:\/\/ampersol.com\/hr\/trgovina\/samooskrba-hr\/elektricna-energija-hr\/solarni-komplet-220w-e-kr-fleksibilni-paneli-20a-regulator-vse-povezave-3m\/\" \/>\n<meta property=\"og:locale\" content=\"hr_HR\" \/>\n<meta property=\"og:type\" content=\"article\" \/>\n<meta property=\"og:title\" content=\"Solarni set 220W E-KR fleksibilni paneli + 20A regulator + svi priklju\u010dci 3m - Amper Sol d.o.o.\" \/>\n<meta property=\"og:description\" content=\"Set sadr\u017ei sve \u0161to vam je potrebno (bez baterija) za pokretanje solarnog sustava od 220W. Sustav mo\u017eete spojiti na 12V ili 24V. U kompletu dobijate: Solarni regulator od 20A s LCD zaslonom 3m priklju\u010dni kabel za panele 3m priklju\u010dni kabel za baterije 2x Y konektor za spajanje dva panela 2x solarni paneli &nbsp; Specifikacije plo\u010de:  Materijal: monokristalni silicij  Maksimalna snaga (Pmax): 110W\u00b13%  Maksimalni napon snage (Vmp): 19,50V  Maksimalna struja snage (Imp): 5.60A  Napon bez optere\u0107enja (Voc): 23,4 V  Struja kratkog spoja (Isc): 6.10A  Nazivna radna temperatura \u0107elije (NOCT): -45 do 80 \u2103  Maksimalni napon sustava: DC1000V  Maksimalna serijska za\u0161titna struja: 15A Solarne \u0107elije:  36 komada 166mm*83mm; 12BB solarne \u0107elije  Dimenzija: 1050MM(D)*535MM(\u0160)*2,5mm(V) Isto kao 41,33in\u010da(D)*21,06in\u010da(\u0160)*0,09in\u010da(V)  Te\u017eina paketa: 1,95 kg  Dimenzija pakiranja: 1080MM 570MM 40MM  (Gore navedeni podaci temelje se na standardnom laboratorijskom ispitnom okru\u017eenju) Za terenske veze koristite bakrene \u017eice br. 13AWG izoliran za minimalno 90 \u2103. Standardni uvjeti ispitivanja:  AM=1,5 ZRA\u010cENJE=1000W\/m2 Temp.=25\u2103  (Veli\u010dina se mjeri ru\u010dno i postoji odre\u0111ena gre\u0161ka.) Jamstvo 1 godina, vijek trajanja 8-10 godina. Manje smanjenje u\u010dinkovitosti pri djelomi\u010dnom optere\u0107enju na 25\u00b0C: pri 100 W\/m2 posti\u017eemo 95% (+\/-5%) STC u\u010dinkovitosti (1000 W\/m2).\" \/>\n<meta property=\"og:url\" content=\"https:\/\/ampersol.com\/hr\/trgovina\/samooskrba-hr\/elektricna-energija-hr\/solarni-komplet-220w-e-kr-fleksibilni-paneli-20a-regulator-vse-povezave-3m\/\" \/>\n<meta property=\"og:site_name\" content=\"Amper Sol d.o.o.\" \/>\n<meta property=\"article:modified_time\" content=\"2024-04-08T19:44:04+00:00\" \/>\n<meta property=\"og:image\" content=\"https:\/\/ampersol.com\/wp-content\/uploads\/2023\/08\/11.jpg\" \/>\n\t<meta property=\"og:image:width\" content=\"510\" \/>\n\t<meta property=\"og:image:height\" content=\"453\" \/>\n\t<meta property=\"og:image:type\" content=\"image\/jpeg\" \/>\n<meta name=\"twitter:card\" content=\"summary_large_image\" \/>\n<meta name=\"twitter:label1\" content=\"Procijenjeno vrijeme \u010ditanja\" \/>\n\t<meta name=\"twitter:data1\" content=\"1 minuta\" \/>\n<script type=\"application\/ld+json\" class=\"yoast-schema-graph\">{\"@context\":\"https:\/\/schema.org\",\"@graph\":[{\"@type\":\"WebPage\",\"@id\":\"https:\/\/ampersol.com\/hr\/trgovina\/samooskrba-hr\/elektricna-energija-hr\/solarni-komplet-220w-e-kr-fleksibilni-paneli-20a-regulator-vse-povezave-3m\/\",\"url\":\"https:\/\/ampersol.com\/hr\/trgovina\/samooskrba-hr\/elektricna-energija-hr\/solarni-komplet-220w-e-kr-fleksibilni-paneli-20a-regulator-vse-povezave-3m\/\",\"name\":\"Solarni set 220W E-KR fleksibilni paneli + 20A regulator + svi priklju\u010dci 3m - Amper Sol d.o.o.\",\"isPartOf\":{\"@id\":\"https:\/\/ampersol.com\/hr\/#website\"},\"primaryImageOfPage\":{\"@id\":\"https:\/\/ampersol.com\/hr\/trgovina\/samooskrba-hr\/elektricna-energija-hr\/solarni-komplet-220w-e-kr-fleksibilni-paneli-20a-regulator-vse-povezave-3m\/#primaryimage\"},\"image\":{\"@id\":\"https:\/\/ampersol.com\/hr\/trgovina\/samooskrba-hr\/elektricna-energija-hr\/solarni-komplet-220w-e-kr-fleksibilni-paneli-20a-regulator-vse-povezave-3m\/#primaryimage\"},\"thumbnailUrl\":\"https:\/\/ampersol.com\/wp-content\/uploads\/2023\/08\/11.jpg\",\"datePublished\":\"2023-08-10T07:40:34+00:00\",\"dateModified\":\"2024-04-08T19:44:04+00:00\",\"breadcrumb\":{\"@id\":\"https:\/\/ampersol.com\/hr\/trgovina\/samooskrba-hr\/elektricna-energija-hr\/solarni-komplet-220w-e-kr-fleksibilni-paneli-20a-regulator-vse-povezave-3m\/#breadcrumb\"},\"inLanguage\":\"hr\",\"potentialAction\":[{\"@type\":\"ReadAction\",\"target\":[\"https:\/\/ampersol.com\/hr\/trgovina\/samooskrba-hr\/elektricna-energija-hr\/solarni-komplet-220w-e-kr-fleksibilni-paneli-20a-regulator-vse-povezave-3m\/\"]}]},{\"@type\":\"ImageObject\",\"inLanguage\":\"hr\",\"@id\":\"https:\/\/ampersol.com\/hr\/trgovina\/samooskrba-hr\/elektricna-energija-hr\/solarni-komplet-220w-e-kr-fleksibilni-paneli-20a-regulator-vse-povezave-3m\/#primaryimage\",\"url\":\"https:\/\/ampersol.com\/wp-content\/uploads\/2023\/08\/11.jpg\",\"contentUrl\":\"https:\/\/ampersol.com\/wp-content\/uploads\/2023\/08\/11.jpg\",\"width\":510,\"height\":453},{\"@type\":\"BreadcrumbList\",\"@id\":\"https:\/\/ampersol.com\/hr\/trgovina\/samooskrba-hr\/elektricna-energija-hr\/solarni-komplet-220w-e-kr-fleksibilni-paneli-20a-regulator-vse-povezave-3m\/#breadcrumb\",\"itemListElement\":[{\"@type\":\"ListItem\",\"position\":1,\"name\":\"Home\",\"item\":\"https:\/\/ampersol.com\/hr\/\"},{\"@type\":\"ListItem\",\"position\":2,\"name\":\"Trgovina\",\"item\":\"https:\/\/ampersol.com\/hr\/trgovina\/\"},{\"@type\":\"ListItem\",\"position\":3,\"name\":\"Solarni set 220W E-KR fleksibilni paneli + 20A regulator + svi priklju\u010dci 3m\"}]},{\"@type\":\"WebSite\",\"@id\":\"https:\/\/ampersol.com\/hr\/#website\",\"url\":\"https:\/\/ampersol.com\/hr\/\",\"name\":\"Amper Sol d.o.o.\",\"description\":\"Prodaja, servis in storitve\",\"publisher\":{\"@id\":\"https:\/\/ampersol.com\/hr\/#organization\"},\"potentialAction\":[{\"@type\":\"SearchAction\",\"target\":{\"@type\":\"EntryPoint\",\"urlTemplate\":\"https:\/\/ampersol.com\/hr\/?s={search_term_string}\"},\"query-input\":{\"@type\":\"PropertyValueSpecification\",\"valueRequired\":true,\"valueName\":\"search_term_string\"}}],\"inLanguage\":\"hr\"},{\"@type\":\"Organization\",\"@id\":\"https:\/\/ampersol.com\/hr\/#organization\",\"name\":\"Amper Sol d.o.o.\",\"url\":\"https:\/\/ampersol.com\/hr\/\",\"logo\":{\"@type\":\"ImageObject\",\"inLanguage\":\"hr\",\"@id\":\"https:\/\/ampersol.com\/hr\/#\/schema\/logo\/image\/\",\"url\":\"https:\/\/ampersol.com\/wp-content\/uploads\/2022\/06\/cropped-deni-logo-1-303x71-1.png\",\"contentUrl\":\"https:\/\/ampersol.com\/wp-content\/uploads\/2022\/06\/cropped-deni-logo-1-303x71-1.png\",\"width\":303,\"height\":71,\"caption\":\"Amper Sol d.o.o.\"},\"image\":{\"@id\":\"https:\/\/ampersol.com\/hr\/#\/schema\/logo\/image\/\"}}]}<\/script>\n<!-- \/ Yoast SEO plugin. -->","yoast_head_json":{"title":"Solarni set 220W E-KR fleksibilni paneli + 20A regulator + svi priklju\u010dci 3m - Amper Sol d.o.o.","robots":{"index":"index","follow":"follow","max-snippet":"max-snippet:-1","max-image-preview":"max-image-preview:large","max-video-preview":"max-video-preview:-1"},"canonical":"https:\/\/ampersol.com\/hr\/trgovina\/samooskrba-hr\/elektricna-energija-hr\/solarni-komplet-220w-e-kr-fleksibilni-paneli-20a-regulator-vse-povezave-3m\/","og_locale":"hr_HR","og_type":"article","og_title":"Solarni set 220W E-KR fleksibilni paneli + 20A regulator + svi priklju\u010dci 3m - Amper Sol d.o.o.","og_description":"Set sadr\u017ei sve \u0161to vam je potrebno (bez baterija) za pokretanje solarnog sustava od 220W. Sustav mo\u017eete spojiti na 12V ili 24V. U kompletu dobijate: Solarni regulator od 20A s LCD zaslonom 3m priklju\u010dni kabel za panele 3m priklju\u010dni kabel za baterije 2x Y konektor za spajanje dva panela 2x solarni paneli &nbsp; Specifikacije plo\u010de:  Materijal: monokristalni silicij  Maksimalna snaga (Pmax): 110W\u00b13%  Maksimalni napon snage (Vmp): 19,50V  Maksimalna struja snage (Imp): 5.60A  Napon bez optere\u0107enja (Voc): 23,4 V  Struja kratkog spoja (Isc): 6.10A  Nazivna radna temperatura \u0107elije (NOCT): -45 do 80 \u2103  Maksimalni napon sustava: DC1000V  Maksimalna serijska za\u0161titna struja: 15A Solarne \u0107elije:  36 komada 166mm*83mm; 12BB solarne \u0107elije  Dimenzija: 1050MM(D)*535MM(\u0160)*2,5mm(V) Isto kao 41,33in\u010da(D)*21,06in\u010da(\u0160)*0,09in\u010da(V)  Te\u017eina paketa: 1,95 kg  Dimenzija pakiranja: 1080MM 570MM 40MM  (Gore navedeni podaci temelje se na standardnom laboratorijskom ispitnom okru\u017eenju) Za terenske veze koristite bakrene \u017eice br. 13AWG izoliran za minimalno 90 \u2103. Standardni uvjeti ispitivanja:  AM=1,5 ZRA\u010cENJE=1000W\/m2 Temp.=25\u2103  (Veli\u010dina se mjeri ru\u010dno i postoji odre\u0111ena gre\u0161ka.) Jamstvo 1 godina, vijek trajanja 8-10 godina. Manje smanjenje u\u010dinkovitosti pri djelomi\u010dnom optere\u0107enju na 25\u00b0C: pri 100 W\/m2 posti\u017eemo 95% (+\/-5%) STC u\u010dinkovitosti (1000 W\/m2).","og_url":"https:\/\/ampersol.com\/hr\/trgovina\/samooskrba-hr\/elektricna-energija-hr\/solarni-komplet-220w-e-kr-fleksibilni-paneli-20a-regulator-vse-povezave-3m\/","og_site_name":"Amper Sol d.o.o.","article_modified_time":"2024-04-08T19:44:04+00:00","og_image":[{"width":510,"height":453,"url":"https:\/\/ampersol.com\/wp-content\/uploads\/2023\/08\/11.jpg","type":"image\/jpeg"}],"twitter_card":"summary_large_image","twitter_misc":{"Procijenjeno vrijeme \u010ditanja":"1 minuta"},"schema":{"@context":"https:\/\/schema.org","@graph":[{"@type":"WebPage","@id":"https:\/\/ampersol.com\/hr\/trgovina\/samooskrba-hr\/elektricna-energija-hr\/solarni-komplet-220w-e-kr-fleksibilni-paneli-20a-regulator-vse-povezave-3m\/","url":"https:\/\/ampersol.com\/hr\/trgovina\/samooskrba-hr\/elektricna-energija-hr\/solarni-komplet-220w-e-kr-fleksibilni-paneli-20a-regulator-vse-povezave-3m\/","name":"Solarni set 220W E-KR fleksibilni paneli + 20A regulator + svi priklju\u010dci 3m - Amper Sol d.o.o.","isPartOf":{"@id":"https:\/\/ampersol.com\/hr\/#website"},"primaryImageOfPage":{"@id":"https:\/\/ampersol.com\/hr\/trgovina\/samooskrba-hr\/elektricna-energija-hr\/solarni-komplet-220w-e-kr-fleksibilni-paneli-20a-regulator-vse-povezave-3m\/#primaryimage"},"image":{"@id":"https:\/\/ampersol.com\/hr\/trgovina\/samooskrba-hr\/elektricna-energija-hr\/solarni-komplet-220w-e-kr-fleksibilni-paneli-20a-regulator-vse-povezave-3m\/#primaryimage"},"thumbnailUrl":"https:\/\/ampersol.com\/wp-content\/uploads\/2023\/08\/11.jpg","datePublished":"2023-08-10T07:40:34+00:00","dateModified":"2024-04-08T19:44:04+00:00","breadcrumb":{"@id":"https:\/\/ampersol.com\/hr\/trgovina\/samooskrba-hr\/elektricna-energija-hr\/solarni-komplet-220w-e-kr-fleksibilni-paneli-20a-regulator-vse-povezave-3m\/#breadcrumb"},"inLanguage":"hr","potentialAction":[{"@type":"ReadAction","target":["https:\/\/ampersol.com\/hr\/trgovina\/samooskrba-hr\/elektricna-energija-hr\/solarni-komplet-220w-e-kr-fleksibilni-paneli-20a-regulator-vse-povezave-3m\/"]}]},{"@type":"ImageObject","inLanguage":"hr","@id":"https:\/\/ampersol.com\/hr\/trgovina\/samooskrba-hr\/elektricna-energija-hr\/solarni-komplet-220w-e-kr-fleksibilni-paneli-20a-regulator-vse-povezave-3m\/#primaryimage","url":"https:\/\/ampersol.com\/wp-content\/uploads\/2023\/08\/11.jpg","contentUrl":"https:\/\/ampersol.com\/wp-content\/uploads\/2023\/08\/11.jpg","width":510,"height":453},{"@type":"BreadcrumbList","@id":"https:\/\/ampersol.com\/hr\/trgovina\/samooskrba-hr\/elektricna-energija-hr\/solarni-komplet-220w-e-kr-fleksibilni-paneli-20a-regulator-vse-povezave-3m\/#breadcrumb","itemListElement":[{"@type":"ListItem","position":1,"name":"Home","item":"https:\/\/ampersol.com\/hr\/"},{"@type":"ListItem","position":2,"name":"Trgovina","item":"https:\/\/ampersol.com\/hr\/trgovina\/"},{"@type":"ListItem","position":3,"name":"Solarni set 220W E-KR fleksibilni paneli + 20A regulator + svi priklju\u010dci 3m"}]},{"@type":"WebSite","@id":"https:\/\/ampersol.com\/hr\/#website","url":"https:\/\/ampersol.com\/hr\/","name":"Amper Sol d.o.o.","description":"Prodaja, servis in storitve","publisher":{"@id":"https:\/\/ampersol.com\/hr\/#organization"},"potentialAction":[{"@type":"SearchAction","target":{"@type":"EntryPoint","urlTemplate":"https:\/\/ampersol.com\/hr\/?s={search_term_string}"},"query-input":{"@type":"PropertyValueSpecification","valueRequired":true,"valueName":"search_term_string"}}],"inLanguage":"hr"},{"@type":"Organization","@id":"https:\/\/ampersol.com\/hr\/#organization","name":"Amper Sol d.o.o.","url":"https:\/\/ampersol.com\/hr\/","logo":{"@type":"ImageObject","inLanguage":"hr","@id":"https:\/\/ampersol.com\/hr\/#\/schema\/logo\/image\/","url":"https:\/\/ampersol.com\/wp-content\/uploads\/2022\/06\/cropped-deni-logo-1-303x71-1.png","contentUrl":"https:\/\/ampersol.com\/wp-content\/uploads\/2022\/06\/cropped-deni-logo-1-303x71-1.png","width":303,"height":71,"caption":"Amper Sol d.o.o."},"image":{"@id":"https:\/\/ampersol.com\/hr\/#\/schema\/logo\/image\/"}}]}},"_links":{"self":[{"href":"https:\/\/ampersol.com\/hr\/wp-json\/wp\/v2\/product\/3628","targetHints":{"allow":["GET"]}}],"collection":[{"href":"https:\/\/ampersol.com\/hr\/wp-json\/wp\/v2\/product"}],"about":[{"href":"https:\/\/ampersol.com\/hr\/wp-json\/wp\/v2\/types\/product"}],"replies":[{"embeddable":true,"href":"https:\/\/ampersol.com\/hr\/wp-json\/wp\/v2\/comments?post=3628"}],"wp:featuredmedia":[{"embeddable":true,"href":"https:\/\/ampersol.com\/hr\/wp-json\/wp\/v2\/media\/3629"}],"wp:attachment":[{"href":"https:\/\/ampersol.com\/hr\/wp-json\/wp\/v2\/media?parent=3628"}],"wp:term":[{"taxonomy":"product_cat","embeddable":true,"href":"https:\/\/ampersol.com\/hr\/wp-json\/wp\/v2\/product_cat?post=3628"},{"taxonomy":"product_tag","embeddable":true,"href":"https:\/\/ampersol.com\/hr\/wp-json\/wp\/v2\/product_tag?post=3628"}],"curies":[{"name":"wp","href":"https:\/\/api.w.org\/{rel}","templated":true}]}}