{"id":3619,"date":"2022-06-28T13:09:39","date_gmt":"2022-06-28T13:09:39","guid":{"rendered":"https:\/\/ampersol.com\/trgovina\/Bez%20kategorije\/opticni-nivelir-fc-32n-32x-povecava\/"},"modified":"2024-04-08T19:36:49","modified_gmt":"2024-04-08T19:36:49","slug":"opticni-nivelir-fc-32n-32x-povecava","status":"publish","type":"product","link":"https:\/\/ampersol.com\/hr\/trgovina\/stroji-in-orodja-hr\/tehnika-mjerenja\/opticni-nivelir-fc-32n-32x-povecava\/","title":{"rendered":"Opti\u010dka nivelira FC-32N 32x pove\u0107anje"},"content":{"rendered":"","protected":false},"excerpt":{"rendered":"<div><strong data-spm-anchor-id=\"a2g0o.detail.1000023.i0.18a65375dVCzcN\">Opti\u010dka razina<br \/>\n<\/strong><\/div>\n<div>Robustan, to\u010dan i pouzdan nivelir za vanjsku upotrebu &#8211; gradili\u0161ta. O\u0161tra slika, izvrsna svjetlina le\u0107e i jednostavnost kori\u0161tenja.<\/div>\n<div>Tehni\u010dke informacije:<\/div>\n<div>Pove\u0107anje: 32X<\/div>\n<div>Za\u0161tita od pra\u0161ine i prskanja: IP54<\/div>\n<div>Radna povr\u0161ina, vrijednost: 120m<\/div>\n<div>To\u010dnost niveliranja: 1,6mm \/ 30m<\/div>\n<div>Postavka to\u010dnosti kompenzacije: \u00b1 0,3\u201d<\/div>\n<div>Minimalna udaljenost mjerenja: 0,3 m<\/div>\n<div>Vidno polje: 1 \u00b0 30<\/div>\n<div>Raspon kompenzacije kompenzatora: \u00b1 15&#8242;<\/div>\n<div>Navoj postolja: 5\/8\u201d<\/div>\n<div>Te\u017eina proizvoda: 2,7 kg<\/div>\n<div><\/div>\n","protected":false},"featured_media":3620,"comment_status":"open","ping_status":"closed","template":"","meta":[],"product_cat":[359,358],"product_tag":[],"class_list":{"0":"post-3619","1":"product","2":"type-product","3":"status-publish","4":"has-post-thumbnail","6":"product_cat-stroji-in-orodja-hr","7":"product_cat-tehnika-mjerenja","9":"first","10":"instock","11":"taxable","12":"shipping-taxable","13":"purchasable","14":"product-type-simple"},"yoast_head":"<!-- This site is optimized with the Yoast SEO plugin v24.1 - https:\/\/yoast.com\/wordpress\/plugins\/seo\/ -->\n<title>Opti\u010dka nivelira FC-32N 32x pove\u0107anje - Amper Sol d.o.o.<\/title>\n<meta name=\"robots\" content=\"index, follow, max-snippet:-1, max-image-preview:large, max-video-preview:-1\" \/>\n<link rel=\"canonical\" href=\"https:\/\/ampersol.com\/hr\/trgovina\/stroji-in-orodja-hr\/tehnika-mjerenja\/opticni-nivelir-fc-32n-32x-povecava\/\" \/>\n<meta property=\"og:locale\" content=\"hr_HR\" \/>\n<meta property=\"og:type\" content=\"article\" \/>\n<meta property=\"og:title\" content=\"Opti\u010dka nivelira FC-32N 32x pove\u0107anje - Amper Sol d.o.o.\" \/>\n<meta property=\"og:description\" content=\"Opti\u010dka razina Robustan, to\u010dan i pouzdan nivelir za vanjsku upotrebu - gradili\u0161ta. O\u0161tra slika, izvrsna svjetlina le\u0107e i jednostavnost kori\u0161tenja. Tehni\u010dke informacije: Pove\u0107anje: 32X Za\u0161tita od pra\u0161ine i prskanja: IP54 Radna povr\u0161ina, vrijednost: 120m To\u010dnost niveliranja: 1,6mm \/ 30m Postavka to\u010dnosti kompenzacije: \u00b1 0,3\u201d Minimalna udaljenost mjerenja: 0,3 m Vidno polje: 1 \u00b0 30 Raspon kompenzacije kompenzatora: \u00b1 15&#039; Navoj postolja: 5\/8\u201d Te\u017eina proizvoda: 2,7 kg\" \/>\n<meta property=\"og:url\" content=\"https:\/\/ampersol.com\/hr\/trgovina\/stroji-in-orodja-hr\/tehnika-mjerenja\/opticni-nivelir-fc-32n-32x-povecava\/\" \/>\n<meta property=\"og:site_name\" content=\"Amper Sol d.o.o.\" \/>\n<meta property=\"article:modified_time\" content=\"2024-04-08T19:36:49+00:00\" \/>\n<meta property=\"og:image\" content=\"https:\/\/ampersol.com\/wp-content\/uploads\/2022\/06\/optnivel3.png\" \/>\n\t<meta property=\"og:image:width\" content=\"774\" \/>\n\t<meta property=\"og:image:height\" content=\"681\" \/>\n\t<meta property=\"og:image:type\" content=\"image\/png\" \/>\n<meta name=\"twitter:card\" content=\"summary_large_image\" \/>\n<script type=\"application\/ld+json\" class=\"yoast-schema-graph\">{\"@context\":\"https:\/\/schema.org\",\"@graph\":[{\"@type\":\"WebPage\",\"@id\":\"https:\/\/ampersol.com\/hr\/trgovina\/stroji-in-orodja-hr\/tehnika-mjerenja\/opticni-nivelir-fc-32n-32x-povecava\/\",\"url\":\"https:\/\/ampersol.com\/hr\/trgovina\/stroji-in-orodja-hr\/tehnika-mjerenja\/opticni-nivelir-fc-32n-32x-povecava\/\",\"name\":\"Opti\u010dka nivelira FC-32N 32x pove\u0107anje - Amper Sol d.o.o.\",\"isPartOf\":{\"@id\":\"https:\/\/ampersol.com\/hr\/#website\"},\"primaryImageOfPage\":{\"@id\":\"https:\/\/ampersol.com\/hr\/trgovina\/stroji-in-orodja-hr\/tehnika-mjerenja\/opticni-nivelir-fc-32n-32x-povecava\/#primaryimage\"},\"image\":{\"@id\":\"https:\/\/ampersol.com\/hr\/trgovina\/stroji-in-orodja-hr\/tehnika-mjerenja\/opticni-nivelir-fc-32n-32x-povecava\/#primaryimage\"},\"thumbnailUrl\":\"https:\/\/ampersol.com\/wp-content\/uploads\/2022\/06\/optnivel3.png\",\"datePublished\":\"2022-06-28T13:09:39+00:00\",\"dateModified\":\"2024-04-08T19:36:49+00:00\",\"breadcrumb\":{\"@id\":\"https:\/\/ampersol.com\/hr\/trgovina\/stroji-in-orodja-hr\/tehnika-mjerenja\/opticni-nivelir-fc-32n-32x-povecava\/#breadcrumb\"},\"inLanguage\":\"hr\",\"potentialAction\":[{\"@type\":\"ReadAction\",\"target\":[\"https:\/\/ampersol.com\/hr\/trgovina\/stroji-in-orodja-hr\/tehnika-mjerenja\/opticni-nivelir-fc-32n-32x-povecava\/\"]}]},{\"@type\":\"ImageObject\",\"inLanguage\":\"hr\",\"@id\":\"https:\/\/ampersol.com\/hr\/trgovina\/stroji-in-orodja-hr\/tehnika-mjerenja\/opticni-nivelir-fc-32n-32x-povecava\/#primaryimage\",\"url\":\"https:\/\/ampersol.com\/wp-content\/uploads\/2022\/06\/optnivel3.png\",\"contentUrl\":\"https:\/\/ampersol.com\/wp-content\/uploads\/2022\/06\/optnivel3.png\",\"width\":774,\"height\":681},{\"@type\":\"BreadcrumbList\",\"@id\":\"https:\/\/ampersol.com\/hr\/trgovina\/stroji-in-orodja-hr\/tehnika-mjerenja\/opticni-nivelir-fc-32n-32x-povecava\/#breadcrumb\",\"itemListElement\":[{\"@type\":\"ListItem\",\"position\":1,\"name\":\"Home\",\"item\":\"https:\/\/ampersol.com\/hr\/\"},{\"@type\":\"ListItem\",\"position\":2,\"name\":\"Trgovina\",\"item\":\"https:\/\/ampersol.com\/hr\/trgovina\/\"},{\"@type\":\"ListItem\",\"position\":3,\"name\":\"Opti\u010dka nivelira FC-32N 32x pove\u0107anje\"}]},{\"@type\":\"WebSite\",\"@id\":\"https:\/\/ampersol.com\/hr\/#website\",\"url\":\"https:\/\/ampersol.com\/hr\/\",\"name\":\"Amper Sol d.o.o.\",\"description\":\"Prodaja, servis in storitve\",\"publisher\":{\"@id\":\"https:\/\/ampersol.com\/hr\/#organization\"},\"potentialAction\":[{\"@type\":\"SearchAction\",\"target\":{\"@type\":\"EntryPoint\",\"urlTemplate\":\"https:\/\/ampersol.com\/hr\/?s={search_term_string}\"},\"query-input\":{\"@type\":\"PropertyValueSpecification\",\"valueRequired\":true,\"valueName\":\"search_term_string\"}}],\"inLanguage\":\"hr\"},{\"@type\":\"Organization\",\"@id\":\"https:\/\/ampersol.com\/hr\/#organization\",\"name\":\"Amper Sol d.o.o.\",\"url\":\"https:\/\/ampersol.com\/hr\/\",\"logo\":{\"@type\":\"ImageObject\",\"inLanguage\":\"hr\",\"@id\":\"https:\/\/ampersol.com\/hr\/#\/schema\/logo\/image\/\",\"url\":\"https:\/\/ampersol.com\/wp-content\/uploads\/2022\/06\/cropped-deni-logo-1-303x71-1.png\",\"contentUrl\":\"https:\/\/ampersol.com\/wp-content\/uploads\/2022\/06\/cropped-deni-logo-1-303x71-1.png\",\"width\":303,\"height\":71,\"caption\":\"Amper Sol d.o.o.\"},\"image\":{\"@id\":\"https:\/\/ampersol.com\/hr\/#\/schema\/logo\/image\/\"}}]}<\/script>\n<!-- \/ Yoast SEO plugin. -->","yoast_head_json":{"title":"Opti\u010dka nivelira FC-32N 32x pove\u0107anje - Amper Sol d.o.o.","robots":{"index":"index","follow":"follow","max-snippet":"max-snippet:-1","max-image-preview":"max-image-preview:large","max-video-preview":"max-video-preview:-1"},"canonical":"https:\/\/ampersol.com\/hr\/trgovina\/stroji-in-orodja-hr\/tehnika-mjerenja\/opticni-nivelir-fc-32n-32x-povecava\/","og_locale":"hr_HR","og_type":"article","og_title":"Opti\u010dka nivelira FC-32N 32x pove\u0107anje - Amper Sol d.o.o.","og_description":"Opti\u010dka razina Robustan, to\u010dan i pouzdan nivelir za vanjsku upotrebu - gradili\u0161ta. O\u0161tra slika, izvrsna svjetlina le\u0107e i jednostavnost kori\u0161tenja. Tehni\u010dke informacije: Pove\u0107anje: 32X Za\u0161tita od pra\u0161ine i prskanja: IP54 Radna povr\u0161ina, vrijednost: 120m To\u010dnost niveliranja: 1,6mm \/ 30m Postavka to\u010dnosti kompenzacije: \u00b1 0,3\u201d Minimalna udaljenost mjerenja: 0,3 m Vidno polje: 1 \u00b0 30 Raspon kompenzacije kompenzatora: \u00b1 15' Navoj postolja: 5\/8\u201d Te\u017eina proizvoda: 2,7 kg","og_url":"https:\/\/ampersol.com\/hr\/trgovina\/stroji-in-orodja-hr\/tehnika-mjerenja\/opticni-nivelir-fc-32n-32x-povecava\/","og_site_name":"Amper Sol d.o.o.","article_modified_time":"2024-04-08T19:36:49+00:00","og_image":[{"width":774,"height":681,"url":"https:\/\/ampersol.com\/wp-content\/uploads\/2022\/06\/optnivel3.png","type":"image\/png"}],"twitter_card":"summary_large_image","schema":{"@context":"https:\/\/schema.org","@graph":[{"@type":"WebPage","@id":"https:\/\/ampersol.com\/hr\/trgovina\/stroji-in-orodja-hr\/tehnika-mjerenja\/opticni-nivelir-fc-32n-32x-povecava\/","url":"https:\/\/ampersol.com\/hr\/trgovina\/stroji-in-orodja-hr\/tehnika-mjerenja\/opticni-nivelir-fc-32n-32x-povecava\/","name":"Opti\u010dka nivelira FC-32N 32x pove\u0107anje - Amper Sol d.o.o.","isPartOf":{"@id":"https:\/\/ampersol.com\/hr\/#website"},"primaryImageOfPage":{"@id":"https:\/\/ampersol.com\/hr\/trgovina\/stroji-in-orodja-hr\/tehnika-mjerenja\/opticni-nivelir-fc-32n-32x-povecava\/#primaryimage"},"image":{"@id":"https:\/\/ampersol.com\/hr\/trgovina\/stroji-in-orodja-hr\/tehnika-mjerenja\/opticni-nivelir-fc-32n-32x-povecava\/#primaryimage"},"thumbnailUrl":"https:\/\/ampersol.com\/wp-content\/uploads\/2022\/06\/optnivel3.png","datePublished":"2022-06-28T13:09:39+00:00","dateModified":"2024-04-08T19:36:49+00:00","breadcrumb":{"@id":"https:\/\/ampersol.com\/hr\/trgovina\/stroji-in-orodja-hr\/tehnika-mjerenja\/opticni-nivelir-fc-32n-32x-povecava\/#breadcrumb"},"inLanguage":"hr","potentialAction":[{"@type":"ReadAction","target":["https:\/\/ampersol.com\/hr\/trgovina\/stroji-in-orodja-hr\/tehnika-mjerenja\/opticni-nivelir-fc-32n-32x-povecava\/"]}]},{"@type":"ImageObject","inLanguage":"hr","@id":"https:\/\/ampersol.com\/hr\/trgovina\/stroji-in-orodja-hr\/tehnika-mjerenja\/opticni-nivelir-fc-32n-32x-povecava\/#primaryimage","url":"https:\/\/ampersol.com\/wp-content\/uploads\/2022\/06\/optnivel3.png","contentUrl":"https:\/\/ampersol.com\/wp-content\/uploads\/2022\/06\/optnivel3.png","width":774,"height":681},{"@type":"BreadcrumbList","@id":"https:\/\/ampersol.com\/hr\/trgovina\/stroji-in-orodja-hr\/tehnika-mjerenja\/opticni-nivelir-fc-32n-32x-povecava\/#breadcrumb","itemListElement":[{"@type":"ListItem","position":1,"name":"Home","item":"https:\/\/ampersol.com\/hr\/"},{"@type":"ListItem","position":2,"name":"Trgovina","item":"https:\/\/ampersol.com\/hr\/trgovina\/"},{"@type":"ListItem","position":3,"name":"Opti\u010dka nivelira FC-32N 32x pove\u0107anje"}]},{"@type":"WebSite","@id":"https:\/\/ampersol.com\/hr\/#website","url":"https:\/\/ampersol.com\/hr\/","name":"Amper Sol d.o.o.","description":"Prodaja, servis in storitve","publisher":{"@id":"https:\/\/ampersol.com\/hr\/#organization"},"potentialAction":[{"@type":"SearchAction","target":{"@type":"EntryPoint","urlTemplate":"https:\/\/ampersol.com\/hr\/?s={search_term_string}"},"query-input":{"@type":"PropertyValueSpecification","valueRequired":true,"valueName":"search_term_string"}}],"inLanguage":"hr"},{"@type":"Organization","@id":"https:\/\/ampersol.com\/hr\/#organization","name":"Amper Sol d.o.o.","url":"https:\/\/ampersol.com\/hr\/","logo":{"@type":"ImageObject","inLanguage":"hr","@id":"https:\/\/ampersol.com\/hr\/#\/schema\/logo\/image\/","url":"https:\/\/ampersol.com\/wp-content\/uploads\/2022\/06\/cropped-deni-logo-1-303x71-1.png","contentUrl":"https:\/\/ampersol.com\/wp-content\/uploads\/2022\/06\/cropped-deni-logo-1-303x71-1.png","width":303,"height":71,"caption":"Amper Sol d.o.o."},"image":{"@id":"https:\/\/ampersol.com\/hr\/#\/schema\/logo\/image\/"}}]}},"_links":{"self":[{"href":"https:\/\/ampersol.com\/hr\/wp-json\/wp\/v2\/product\/3619","targetHints":{"allow":["GET"]}}],"collection":[{"href":"https:\/\/ampersol.com\/hr\/wp-json\/wp\/v2\/product"}],"about":[{"href":"https:\/\/ampersol.com\/hr\/wp-json\/wp\/v2\/types\/product"}],"replies":[{"embeddable":true,"href":"https:\/\/ampersol.com\/hr\/wp-json\/wp\/v2\/comments?post=3619"}],"wp:featuredmedia":[{"embeddable":true,"href":"https:\/\/ampersol.com\/hr\/wp-json\/wp\/v2\/media\/3620"}],"wp:attachment":[{"href":"https:\/\/ampersol.com\/hr\/wp-json\/wp\/v2\/media?parent=3619"}],"wp:term":[{"taxonomy":"product_cat","embeddable":true,"href":"https:\/\/ampersol.com\/hr\/wp-json\/wp\/v2\/product_cat?post=3619"},{"taxonomy":"product_tag","embeddable":true,"href":"https:\/\/ampersol.com\/hr\/wp-json\/wp\/v2\/product_tag?post=3619"}],"curies":[{"name":"wp","href":"https:\/\/api.w.org\/{rel}","templated":true}]}}