{"id":3614,"date":"2023-08-04T11:12:17","date_gmt":"2023-08-04T11:12:17","guid":{"rendered":"https:\/\/ampersol.com\/trgovina\/Bez%20kategorije\/potopna-crpalka-za-poplavljene-kleti-20m-cevi\/"},"modified":"2024-03-27T11:56:07","modified_gmt":"2024-03-27T11:56:07","slug":"potopna-crpalka-za-poplavljene-kleti-20m-cevi","status":"publish","type":"product","link":"https:\/\/ampersol.com\/hr\/trgovina\/samooskrba-hr\/crpalke-za-vodo\/potopna-crpalka-za-poplavljene-kleti-20m-cevi\/","title":{"rendered":"Potopna pumpa za poplavljene podrume + crijevo od 20m"},"content":{"rendered":"<p>Predstavljamo na\u0161u potopnu pumpu za otpadnu vodu visokih performansi!<\/p>\n<p>Otkrijte vrhunsko rje\u0161enje za sve svoje potrebe za pumpanjem vode s na\u0161om naprednom potopnom pumpom za otpadnu vodu. Dizajnirana za izvrsnost, ova pumpa je dizajnirana da pru\u017ei iznimne performanse i pouzdanost u svakoj situaciji.<\/p>\n<p>Sna\u017ean i u\u010dinkovit Do\u017eivite snagu na\u0161eg motora od 500 W, koji bez napora upravlja ispumpavanjem \u010diste i prljave vode. S maksimalnim protokom od 200L\/min (12m3\/h), impresionirat \u0107e vas svojom sposobno\u0161\u0107u da se nosi \u010dak i s najte\u017eim izazovima pumpanja.<\/p>\n<p>Svestranost bez premca Od poplavljenih podru\u010dja do bazena, ribnjaka i dalje, na\u0161a pumpa je va\u0161e rje\u0161enje za sve. Dizajn vi\u0161eg postolja osigurava da se sedimenti ne za\u010depe, \u0161to omogu\u0107uje u\u010dinkovito pumpanje \u010diste ili prljave vode. Prilo\u017eeni nastavak za vrtno crijevo zna\u010di da ga mo\u017eete po\u010deti koristiti odmah za trenutne rezultate.<\/p>\n<p>Napravljena da traje od visokokvalitetnih materijala, uklju\u010duju\u0107i izdr\u017eljivu konstrukciju od lijevanog \u017eeljeza, na\u0161a je pumpa dizajnirana da izdr\u017ei test vremena. Izdr\u017eljiva lopata mo\u017ee zgnje\u010diti i najtvr\u0111e \u010destice, osiguravaju\u0107i neprekidan i pouzdan rad. Motor od \u010distog bakra i vrhunski le\u017eajevi osiguravaju glatki rad, minimalnu buku i dug \u017eivotni vijek.<\/p>\n<p>Napredna za\u0161tita od pregrijavanja Bojite li se pregrijavanja? Na\u0161a pumpa opremljena je naprednom za\u0161titom od pregrijavanja kako bi se osigurao du\u017ei vijek trajanja. Ova funkcija \u0161titi crpku od pregrijavanja i produljuje njenu izdr\u017eljivost, daju\u0107i vam bezbri\u017enost svaki put kada je koristite.<\/p>\n<p>Kompletan paket U paketu \u0107ete prona\u0107i sve \u0161to vam je potrebno, uklju\u010duju\u0107i i samu potopnu pumpu za otpadnu vodu. Promi\u0161ljeno uklju\u010deni elektri\u010dni utika\u010d, prekida\u010d s plovkom i opcijski adapter za crijevo olak\u0161avaju postavljanje tako da mo\u017eete po\u010deti pumpati u trenu.<\/p>\n<p>Nadogradite svoje iskustvo crpljenja vode danas s na\u0161om potopnom pumpom za otpadnu vodu. Pripremite se iskusiti vrhunske performanse, neusporedivu svestranost i dugotrajnu pouzdanost. Bilo da se radi o poplavljenom podru\u010dju ili vrtnim projektima, na\u0161a pumpa je va\u0161 savr\u0161en partner. Naru\u010dite sada i pretvorite svaki zadatak pumpanja u jednostavan posao!<\/p>\n","protected":false},"excerpt":{"rendered":"<p>Tehni\u010dke specifikacije:<\/p>\n<p>Napon: 230V, 50Hz<br \/>\nSnaga: 0,5 kW, 0,7 KS<br \/>\nVisina dizanja: 12 m (39,37 stopa)<br \/>\nMaksimalni protok: 200 L\/min (12 m3\/h)<br \/>\nKabel: 8 m (26 stopa)<br \/>\nDuljina crijeva: 20 m (65,6 stopa)<br \/>\nMaterijal: Lijevano \u017eeljezo<\/p>\n<p>Paket i sadr\u017eaj:<\/p>\n<p>1 x potopna pumpa za otpadnu vodu<\/p>\n<p>Zna\u010dajke i pojedinosti:<\/p>\n<p>\u3010GLAVNI PARAMETRI\u3011- Snaga: 500W; Maksimalni protok: 200 L\/min; Maksimalna dizanja: 12 m; Napon\/frekvencija: 230V\/50Hz; Duljina cijevi: 20 m; Materijal: Lijevano \u017eeljezo.<\/p>\n<p>\u3010IZVANREDNA U\u010cINKOVITOST\u3011 &#8211; Pumpa za \u010distu i prljavu vodu opremljena je bakrenim motorom, elektri\u010dnim priklju\u010dkom, plovnim prekida\u010dem i dodatnim adapterom za crijevo. Visoko postolje pogodno je za ispumpavanje ve\u0107eg otpada, \u0161to sprje\u010dava za\u010depljenje i osigurava mirniji rad. Visokokvalitetni le\u017eajevi omogu\u0107uju nesmetan rad, manje buke i manje gubitaka.<\/p>\n<p>\u3010ZA\u0160TITA OD PREGRIJAVANJA\u3011 &#8211; Za\u0161tita od pregrijavanja omogu\u0107uje dulji vijek trajanja. Kota\u010d s lopaticama od lijevanog \u017eeljeza mo\u017ee izdr\u017eati \u010dak i najtvr\u0111e \u010destice i trajati vje\u010dno. Toplinska za\u0161tita sprje\u010dava pregrijavanje za produljeni vijek trajanja.<\/p>\n<p>\u3010SVESTRANA UPOTREBA\u3011 &#8211; Vi\u0161a baza osigurava sprje\u010davanje skupljanja krhotina u oknu, omogu\u0107uju\u0107i ispumpavanje \u010diste ili prljave vode. Priklju\u010dak za vrtno crijevo omogu\u0107uje trenutnu upotrebu. Izlaz je fleksibilan za ve\u0107e cijevi, poplavljena podru\u010dja, bazene, ribnjake itd.<\/p>\n","protected":false},"featured_media":3615,"comment_status":"open","ping_status":"closed","template":"","meta":[],"product_cat":[357],"product_tag":[],"class_list":{"0":"post-3614","1":"product","2":"type-product","3":"status-publish","4":"has-post-thumbnail","6":"product_cat-crpalke-za-vodo","8":"first","9":"outofstock","10":"taxable","11":"shipping-taxable","12":"purchasable","13":"product-type-simple"},"yoast_head":"<!-- This site is optimized with the Yoast SEO plugin v24.1 - https:\/\/yoast.com\/wordpress\/plugins\/seo\/ -->\n<title>Potopna pumpa za poplavljene podrume + crijevo od 20m - Amper Sol d.o.o.<\/title>\n<meta name=\"robots\" content=\"index, follow, max-snippet:-1, max-image-preview:large, max-video-preview:-1\" \/>\n<link rel=\"canonical\" href=\"https:\/\/ampersol.com\/hr\/trgovina\/samooskrba-hr\/crpalke-za-vodo\/potopna-crpalka-za-poplavljene-kleti-20m-cevi\/\" \/>\n<meta property=\"og:locale\" content=\"hr_HR\" \/>\n<meta property=\"og:type\" content=\"article\" \/>\n<meta property=\"og:title\" content=\"Potopna pumpa za poplavljene podrume + crijevo od 20m - Amper Sol d.o.o.\" \/>\n<meta property=\"og:description\" content=\"Tehni\u010dke specifikacije:  Napon: 230V, 50Hz Snaga: 0,5 kW, 0,7 KS Visina dizanja: 12 m (39,37 stopa) Maksimalni protok: 200 L\/min (12 m3\/h) Kabel: 8 m (26 stopa) Duljina crijeva: 20 m (65,6 stopa) Materijal: Lijevano \u017eeljezo  Paket i sadr\u017eaj:  1 x potopna pumpa za otpadnu vodu  Zna\u010dajke i pojedinosti:  \u3010GLAVNI PARAMETRI\u3011- Snaga: 500W; Maksimalni protok: 200 L\/min; Maksimalna dizanja: 12 m; Napon\/frekvencija: 230V\/50Hz; Duljina cijevi: 20 m; Materijal: Lijevano \u017eeljezo.  \u3010IZVANREDNA U\u010cINKOVITOST\u3011 - Pumpa za \u010distu i prljavu vodu opremljena je bakrenim motorom, elektri\u010dnim priklju\u010dkom, plovnim prekida\u010dem i dodatnim adapterom za crijevo. Visoko postolje pogodno je za ispumpavanje ve\u0107eg otpada, \u0161to sprje\u010dava za\u010depljenje i osigurava mirniji rad. Visokokvalitetni le\u017eajevi omogu\u0107uju nesmetan rad, manje buke i manje gubitaka.  \u3010ZA\u0160TITA OD PREGRIJAVANJA\u3011 - Za\u0161tita od pregrijavanja omogu\u0107uje dulji vijek trajanja. Kota\u010d s lopaticama od lijevanog \u017eeljeza mo\u017ee izdr\u017eati \u010dak i najtvr\u0111e \u010destice i trajati vje\u010dno. Toplinska za\u0161tita sprje\u010dava pregrijavanje za produljeni vijek trajanja.  \u3010SVESTRANA UPOTREBA\u3011 - Vi\u0161a baza osigurava sprje\u010davanje skupljanja krhotina u oknu, omogu\u0107uju\u0107i ispumpavanje \u010diste ili prljave vode. Priklju\u010dak za vrtno crijevo omogu\u0107uje trenutnu upotrebu. Izlaz je fleksibilan za ve\u0107e cijevi, poplavljena podru\u010dja, bazene, ribnjake itd.\" \/>\n<meta property=\"og:url\" content=\"https:\/\/ampersol.com\/hr\/trgovina\/samooskrba-hr\/crpalke-za-vodo\/potopna-crpalka-za-poplavljene-kleti-20m-cevi\/\" \/>\n<meta property=\"og:site_name\" content=\"Amper Sol d.o.o.\" \/>\n<meta property=\"article:modified_time\" content=\"2024-03-27T11:56:07+00:00\" \/>\n<meta property=\"og:image\" content=\"https:\/\/ampersol.com\/wp-content\/uploads\/2023\/08\/2.jpg\" \/>\n\t<meta property=\"og:image:width\" content=\"858\" \/>\n\t<meta property=\"og:image:height\" content=\"846\" \/>\n\t<meta property=\"og:image:type\" content=\"image\/jpeg\" \/>\n<meta name=\"twitter:card\" content=\"summary_large_image\" \/>\n<meta name=\"twitter:label1\" content=\"Procijenjeno vrijeme \u010ditanja\" \/>\n\t<meta name=\"twitter:data1\" content=\"2 minute\" \/>\n<script type=\"application\/ld+json\" class=\"yoast-schema-graph\">{\"@context\":\"https:\/\/schema.org\",\"@graph\":[{\"@type\":\"WebPage\",\"@id\":\"https:\/\/ampersol.com\/hr\/trgovina\/samooskrba-hr\/crpalke-za-vodo\/potopna-crpalka-za-poplavljene-kleti-20m-cevi\/\",\"url\":\"https:\/\/ampersol.com\/hr\/trgovina\/samooskrba-hr\/crpalke-za-vodo\/potopna-crpalka-za-poplavljene-kleti-20m-cevi\/\",\"name\":\"Potopna pumpa za poplavljene podrume + crijevo od 20m - Amper Sol d.o.o.\",\"isPartOf\":{\"@id\":\"https:\/\/ampersol.com\/hr\/#website\"},\"primaryImageOfPage\":{\"@id\":\"https:\/\/ampersol.com\/hr\/trgovina\/samooskrba-hr\/crpalke-za-vodo\/potopna-crpalka-za-poplavljene-kleti-20m-cevi\/#primaryimage\"},\"image\":{\"@id\":\"https:\/\/ampersol.com\/hr\/trgovina\/samooskrba-hr\/crpalke-za-vodo\/potopna-crpalka-za-poplavljene-kleti-20m-cevi\/#primaryimage\"},\"thumbnailUrl\":\"https:\/\/ampersol.com\/wp-content\/uploads\/2023\/08\/2.jpg\",\"datePublished\":\"2023-08-04T11:12:17+00:00\",\"dateModified\":\"2024-03-27T11:56:07+00:00\",\"breadcrumb\":{\"@id\":\"https:\/\/ampersol.com\/hr\/trgovina\/samooskrba-hr\/crpalke-za-vodo\/potopna-crpalka-za-poplavljene-kleti-20m-cevi\/#breadcrumb\"},\"inLanguage\":\"hr\",\"potentialAction\":[{\"@type\":\"ReadAction\",\"target\":[\"https:\/\/ampersol.com\/hr\/trgovina\/samooskrba-hr\/crpalke-za-vodo\/potopna-crpalka-za-poplavljene-kleti-20m-cevi\/\"]}]},{\"@type\":\"ImageObject\",\"inLanguage\":\"hr\",\"@id\":\"https:\/\/ampersol.com\/hr\/trgovina\/samooskrba-hr\/crpalke-za-vodo\/potopna-crpalka-za-poplavljene-kleti-20m-cevi\/#primaryimage\",\"url\":\"https:\/\/ampersol.com\/wp-content\/uploads\/2023\/08\/2.jpg\",\"contentUrl\":\"https:\/\/ampersol.com\/wp-content\/uploads\/2023\/08\/2.jpg\",\"width\":858,\"height\":846},{\"@type\":\"BreadcrumbList\",\"@id\":\"https:\/\/ampersol.com\/hr\/trgovina\/samooskrba-hr\/crpalke-za-vodo\/potopna-crpalka-za-poplavljene-kleti-20m-cevi\/#breadcrumb\",\"itemListElement\":[{\"@type\":\"ListItem\",\"position\":1,\"name\":\"Home\",\"item\":\"https:\/\/ampersol.com\/hr\/\"},{\"@type\":\"ListItem\",\"position\":2,\"name\":\"Trgovina\",\"item\":\"https:\/\/ampersol.com\/hr\/trgovina\/\"},{\"@type\":\"ListItem\",\"position\":3,\"name\":\"Potopna pumpa za poplavljene podrume + crijevo od 20m\"}]},{\"@type\":\"WebSite\",\"@id\":\"https:\/\/ampersol.com\/hr\/#website\",\"url\":\"https:\/\/ampersol.com\/hr\/\",\"name\":\"Amper Sol d.o.o.\",\"description\":\"Prodaja, servis in storitve\",\"publisher\":{\"@id\":\"https:\/\/ampersol.com\/hr\/#organization\"},\"potentialAction\":[{\"@type\":\"SearchAction\",\"target\":{\"@type\":\"EntryPoint\",\"urlTemplate\":\"https:\/\/ampersol.com\/hr\/?s={search_term_string}\"},\"query-input\":{\"@type\":\"PropertyValueSpecification\",\"valueRequired\":true,\"valueName\":\"search_term_string\"}}],\"inLanguage\":\"hr\"},{\"@type\":\"Organization\",\"@id\":\"https:\/\/ampersol.com\/hr\/#organization\",\"name\":\"Amper Sol d.o.o.\",\"url\":\"https:\/\/ampersol.com\/hr\/\",\"logo\":{\"@type\":\"ImageObject\",\"inLanguage\":\"hr\",\"@id\":\"https:\/\/ampersol.com\/hr\/#\/schema\/logo\/image\/\",\"url\":\"https:\/\/ampersol.com\/wp-content\/uploads\/2022\/06\/cropped-deni-logo-1-303x71-1.png\",\"contentUrl\":\"https:\/\/ampersol.com\/wp-content\/uploads\/2022\/06\/cropped-deni-logo-1-303x71-1.png\",\"width\":303,\"height\":71,\"caption\":\"Amper Sol d.o.o.\"},\"image\":{\"@id\":\"https:\/\/ampersol.com\/hr\/#\/schema\/logo\/image\/\"}}]}<\/script>\n<!-- \/ Yoast SEO plugin. -->","yoast_head_json":{"title":"Potopna pumpa za poplavljene podrume + crijevo od 20m - Amper Sol d.o.o.","robots":{"index":"index","follow":"follow","max-snippet":"max-snippet:-1","max-image-preview":"max-image-preview:large","max-video-preview":"max-video-preview:-1"},"canonical":"https:\/\/ampersol.com\/hr\/trgovina\/samooskrba-hr\/crpalke-za-vodo\/potopna-crpalka-za-poplavljene-kleti-20m-cevi\/","og_locale":"hr_HR","og_type":"article","og_title":"Potopna pumpa za poplavljene podrume + crijevo od 20m - Amper Sol d.o.o.","og_description":"Tehni\u010dke specifikacije:  Napon: 230V, 50Hz Snaga: 0,5 kW, 0,7 KS Visina dizanja: 12 m (39,37 stopa) Maksimalni protok: 200 L\/min (12 m3\/h) Kabel: 8 m (26 stopa) Duljina crijeva: 20 m (65,6 stopa) Materijal: Lijevano \u017eeljezo  Paket i sadr\u017eaj:  1 x potopna pumpa za otpadnu vodu  Zna\u010dajke i pojedinosti:  \u3010GLAVNI PARAMETRI\u3011- Snaga: 500W; Maksimalni protok: 200 L\/min; Maksimalna dizanja: 12 m; Napon\/frekvencija: 230V\/50Hz; Duljina cijevi: 20 m; Materijal: Lijevano \u017eeljezo.  \u3010IZVANREDNA U\u010cINKOVITOST\u3011 - Pumpa za \u010distu i prljavu vodu opremljena je bakrenim motorom, elektri\u010dnim priklju\u010dkom, plovnim prekida\u010dem i dodatnim adapterom za crijevo. Visoko postolje pogodno je za ispumpavanje ve\u0107eg otpada, \u0161to sprje\u010dava za\u010depljenje i osigurava mirniji rad. Visokokvalitetni le\u017eajevi omogu\u0107uju nesmetan rad, manje buke i manje gubitaka.  \u3010ZA\u0160TITA OD PREGRIJAVANJA\u3011 - Za\u0161tita od pregrijavanja omogu\u0107uje dulji vijek trajanja. Kota\u010d s lopaticama od lijevanog \u017eeljeza mo\u017ee izdr\u017eati \u010dak i najtvr\u0111e \u010destice i trajati vje\u010dno. Toplinska za\u0161tita sprje\u010dava pregrijavanje za produljeni vijek trajanja.  \u3010SVESTRANA UPOTREBA\u3011 - Vi\u0161a baza osigurava sprje\u010davanje skupljanja krhotina u oknu, omogu\u0107uju\u0107i ispumpavanje \u010diste ili prljave vode. Priklju\u010dak za vrtno crijevo omogu\u0107uje trenutnu upotrebu. Izlaz je fleksibilan za ve\u0107e cijevi, poplavljena podru\u010dja, bazene, ribnjake itd.","og_url":"https:\/\/ampersol.com\/hr\/trgovina\/samooskrba-hr\/crpalke-za-vodo\/potopna-crpalka-za-poplavljene-kleti-20m-cevi\/","og_site_name":"Amper Sol d.o.o.","article_modified_time":"2024-03-27T11:56:07+00:00","og_image":[{"width":858,"height":846,"url":"https:\/\/ampersol.com\/wp-content\/uploads\/2023\/08\/2.jpg","type":"image\/jpeg"}],"twitter_card":"summary_large_image","twitter_misc":{"Procijenjeno vrijeme \u010ditanja":"2 minute"},"schema":{"@context":"https:\/\/schema.org","@graph":[{"@type":"WebPage","@id":"https:\/\/ampersol.com\/hr\/trgovina\/samooskrba-hr\/crpalke-za-vodo\/potopna-crpalka-za-poplavljene-kleti-20m-cevi\/","url":"https:\/\/ampersol.com\/hr\/trgovina\/samooskrba-hr\/crpalke-za-vodo\/potopna-crpalka-za-poplavljene-kleti-20m-cevi\/","name":"Potopna pumpa za poplavljene podrume + crijevo od 20m - Amper Sol d.o.o.","isPartOf":{"@id":"https:\/\/ampersol.com\/hr\/#website"},"primaryImageOfPage":{"@id":"https:\/\/ampersol.com\/hr\/trgovina\/samooskrba-hr\/crpalke-za-vodo\/potopna-crpalka-za-poplavljene-kleti-20m-cevi\/#primaryimage"},"image":{"@id":"https:\/\/ampersol.com\/hr\/trgovina\/samooskrba-hr\/crpalke-za-vodo\/potopna-crpalka-za-poplavljene-kleti-20m-cevi\/#primaryimage"},"thumbnailUrl":"https:\/\/ampersol.com\/wp-content\/uploads\/2023\/08\/2.jpg","datePublished":"2023-08-04T11:12:17+00:00","dateModified":"2024-03-27T11:56:07+00:00","breadcrumb":{"@id":"https:\/\/ampersol.com\/hr\/trgovina\/samooskrba-hr\/crpalke-za-vodo\/potopna-crpalka-za-poplavljene-kleti-20m-cevi\/#breadcrumb"},"inLanguage":"hr","potentialAction":[{"@type":"ReadAction","target":["https:\/\/ampersol.com\/hr\/trgovina\/samooskrba-hr\/crpalke-za-vodo\/potopna-crpalka-za-poplavljene-kleti-20m-cevi\/"]}]},{"@type":"ImageObject","inLanguage":"hr","@id":"https:\/\/ampersol.com\/hr\/trgovina\/samooskrba-hr\/crpalke-za-vodo\/potopna-crpalka-za-poplavljene-kleti-20m-cevi\/#primaryimage","url":"https:\/\/ampersol.com\/wp-content\/uploads\/2023\/08\/2.jpg","contentUrl":"https:\/\/ampersol.com\/wp-content\/uploads\/2023\/08\/2.jpg","width":858,"height":846},{"@type":"BreadcrumbList","@id":"https:\/\/ampersol.com\/hr\/trgovina\/samooskrba-hr\/crpalke-za-vodo\/potopna-crpalka-za-poplavljene-kleti-20m-cevi\/#breadcrumb","itemListElement":[{"@type":"ListItem","position":1,"name":"Home","item":"https:\/\/ampersol.com\/hr\/"},{"@type":"ListItem","position":2,"name":"Trgovina","item":"https:\/\/ampersol.com\/hr\/trgovina\/"},{"@type":"ListItem","position":3,"name":"Potopna pumpa za poplavljene podrume + crijevo od 20m"}]},{"@type":"WebSite","@id":"https:\/\/ampersol.com\/hr\/#website","url":"https:\/\/ampersol.com\/hr\/","name":"Amper Sol d.o.o.","description":"Prodaja, servis in storitve","publisher":{"@id":"https:\/\/ampersol.com\/hr\/#organization"},"potentialAction":[{"@type":"SearchAction","target":{"@type":"EntryPoint","urlTemplate":"https:\/\/ampersol.com\/hr\/?s={search_term_string}"},"query-input":{"@type":"PropertyValueSpecification","valueRequired":true,"valueName":"search_term_string"}}],"inLanguage":"hr"},{"@type":"Organization","@id":"https:\/\/ampersol.com\/hr\/#organization","name":"Amper Sol d.o.o.","url":"https:\/\/ampersol.com\/hr\/","logo":{"@type":"ImageObject","inLanguage":"hr","@id":"https:\/\/ampersol.com\/hr\/#\/schema\/logo\/image\/","url":"https:\/\/ampersol.com\/wp-content\/uploads\/2022\/06\/cropped-deni-logo-1-303x71-1.png","contentUrl":"https:\/\/ampersol.com\/wp-content\/uploads\/2022\/06\/cropped-deni-logo-1-303x71-1.png","width":303,"height":71,"caption":"Amper Sol d.o.o."},"image":{"@id":"https:\/\/ampersol.com\/hr\/#\/schema\/logo\/image\/"}}]}},"_links":{"self":[{"href":"https:\/\/ampersol.com\/hr\/wp-json\/wp\/v2\/product\/3614","targetHints":{"allow":["GET"]}}],"collection":[{"href":"https:\/\/ampersol.com\/hr\/wp-json\/wp\/v2\/product"}],"about":[{"href":"https:\/\/ampersol.com\/hr\/wp-json\/wp\/v2\/types\/product"}],"replies":[{"embeddable":true,"href":"https:\/\/ampersol.com\/hr\/wp-json\/wp\/v2\/comments?post=3614"}],"wp:featuredmedia":[{"embeddable":true,"href":"https:\/\/ampersol.com\/hr\/wp-json\/wp\/v2\/media\/3615"}],"wp:attachment":[{"href":"https:\/\/ampersol.com\/hr\/wp-json\/wp\/v2\/media?parent=3614"}],"wp:term":[{"taxonomy":"product_cat","embeddable":true,"href":"https:\/\/ampersol.com\/hr\/wp-json\/wp\/v2\/product_cat?post=3614"},{"taxonomy":"product_tag","embeddable":true,"href":"https:\/\/ampersol.com\/hr\/wp-json\/wp\/v2\/product_tag?post=3614"}],"curies":[{"name":"wp","href":"https:\/\/api.w.org\/{rel}","templated":true}]}}