{"id":2923,"date":"2022-07-10T19:54:04","date_gmt":"2022-07-10T19:54:04","guid":{"rendered":"https:\/\/ampersol.com\/cookies\/"},"modified":"2022-07-10T19:54:04","modified_gmt":"2022-07-10T19:54:04","slug":"cookies","status":"publish","type":"page","link":"https:\/\/ampersol.com\/en\/cookies\/","title":{"rendered":"Cookies"},"content":{"rendered":"<p>To make it easier for you to use our website and make it more enjoyable, we use &#8220;cookies&#8221;. Cookies are small data units that allow us to compare new and previous visitors, understand how they use our site. They provide us with data that we can use to make future visits to the website more pleasant and efficient. If you do not want to use cookies, set your computer to delete all website cookies and\/or warn you before a cookie is saved to disk. If you do not want to change the use of cookies, simply continue to the website.<\/p>\n<p>The operator of the website and all data related to it is:<\/p>\n<p>Company name: Amper Sol d.o.o.<br \/>\nCompany address: \u0160martinska cesta 106. 1000 Ljubljana<br \/>\nTax number: SI19244617<br \/>\nPhone: +38670115885<br \/>\nEmail address: info@ampersol.com<\/p>\n<p><a href=\"https:\/\/www.aboutcookies.org\/\" target=\"_blank\" rel=\"noopener\">For more information about cookies and their impact on www.aboutcookies.org<\/a>.<\/p>\n<p>TYPES OF COOKIES WE USE<\/p>\n<table dir=\"ltr\" border=\"1\" cellspacing=\"0\" cellpadding=\"10px\">\n<colgroup>\n<col width=\"348\">\n<col width=\"276\"><\/colgroup>\n<tbody>\n<tr>\n<td data-sheets-value=\"{\"1\":2,\"2\":\"Ime pi\u0161kotka\"}\"><strong>The name of the cookie<\/strong><\/td>\n<td data-sheets-value=\"{\"1\":2,\"2\":\"Namen\"}\"><strong>Purpose<\/strong><\/td>\n<td data-sheets-value=\"{\"1\":2,\"2\":\"Namen\"}\"><strong>Duration time<\/strong><\/td>\n<\/tr>\n<tr>\n<td data-sheets-value=\"{\"1\":2,\"2\":\"CookiePreferences\"}\">CookiePreferences<\/td>\n<td data-sheets-value=\"{\"1\":2,\"2\":\"Pi\u0161kotek v katerem se hrani Va\u0161e strinjanje z uporabo Googlovih storitev.\"}\">A cookie that stores your consent to use Google services.<\/td>\n<td data-sheets-value=\"{\"1\":2,\"2\":\"Pi\u0161kotek v katerem se hrani Va\u0161e strinjanje z uporabo Googlovih storitev.\"}\">Two years.<\/td>\n<\/tr>\n<tr>\n<td data-sheets-value=\"{\"1\":2,\"2\":\"NID\"}\">NID<\/td>\n<td data-sheets-value=\"{\"1\":2,\"2\":\"Identifikator za Google nastavitve\"}\">Identifier for Google settings<\/td>\n<td data-sheets-value=\"{\"1\":2,\"2\":\"Identifikator za Google nastavitve\"}\">10 months.<\/td>\n<\/tr>\n<tr>\n<td data-sheets-value=\"{\"1\":2,\"2\":\"PH_HPXY_CHECK\"}\">PH_HPXY_CHECK<\/td>\n<td>A cookie important for the operation of the website itself, it is loaded every time you visit the website, it lasts for 1 session<\/td>\n<td>Until you close your browser.<\/td>\n<\/tr>\n<tr>\n<td data-sheets-value=\"{\"1\":2,\"2\":\"_ga\"}\">_ga<\/td>\n<td data-sheets-value=\"{\"1\":2,\"2\":\"Statistika ogledov spletne strani\"}\">Statistics of website views<\/td>\n<td data-sheets-value=\"{\"1\":2,\"2\":\"Statistika ogledov spletne strani\"}\">Two years.<\/td>\n<\/tr>\n<tr>\n<td data-sheets-value=\"{\"1\":2,\"2\":\"_gid\"}\">_gid<\/td>\n<td data-sheets-value=\"{\"1\":2,\"2\":\"Statistika ogledov spletne strani\"}\">Statistics of website views<\/td>\n<td data-sheets-value=\"{\"1\":2,\"2\":\"Statistika ogledov spletne strani\"}\">One day.<\/td>\n<\/tr>\n<tr>\n<td data-sheets-value=\"{\"1\":2,\"2\":\"_gid\"}\">_gat<\/td>\n<td data-sheets-value=\"{\"1\":2,\"2\":\"Statistika ogledov spletne strani\"}\"><span data-sheets-value=\"{\"1\":2,\"2\":\"Pi\u0161kotek storitve Google Analytics. Pi\u0161kotek se uporablja za uravnavanje \u0161tevila poslanih zahtevkov Google Analytics. Pi\u0161kotek ne vsebuje informacij o uporabniku. Pi\u0161kotek se izbri\u0161e 10 minut po namestitvi.\"}\" data-sheets-userformat=\"{\"2\":769,\"3\":[null,0],\"11\":4,\"12\":0}\">Google Analytics cookie. The cookie is used to regulate the number of sent Google Analytics requests. The cookie does not contain information about the user. The cookie is deleted 10 minutes after installation.<\/span><\/td>\n<td data-sheets-value=\"{\"1\":2,\"2\":\"Statistika ogledov spletne strani\"}\"><span data-sheets-value=\"{\"1\":2,\"2\":\"Pi\u0161kotek storitve Google Analytics. Pi\u0161kotek se uporablja za uravnavanje \u0161tevila poslanih zahtevkov Google Analytics. Pi\u0161kotek ne vsebuje informacij o uporabniku. Pi\u0161kotek se izbri\u0161e 10 minut po namestitvi.\"}\" data-sheets-userformat=\"{\"2\":769,\"3\":[null,0],\"11\":4,\"12\":0}\">10 minutes.<\/span><\/td>\n<\/tr>\n<tr>\n<td data-sheets-value=\"{\"1\":2,\"2\":\"wordpress_logged_in_3054fecbcbdf6e59458543f8aefcff8a\"}\">wordpress_logged_in_3054fecbcbdf6e59458543f8aefcff8a<\/td>\n<td data-sheets-value=\"{\"1\":2,\"2\":\"Pi\u0161kotek ki si zapomne prijavljenega uporabnika na strani\"}\">A cookie that remembers the logged-in user on the page<\/td>\n<td data-sheets-value=\"{\"1\":2,\"2\":\"Pi\u0161kotek ki si zapomne prijavljenega uporabnika na strani\"}\">Until you close your browser.<\/td>\n<\/tr>\n<tr>\n<td data-sheets-value=\"{\"1\":2,\"2\":\"wordpress_sec_3054fecbcbdf6e59458543f8aefcff8a\"}\">wordpress_sec_3054fecbcbdf6e59458543f8aefcff8a<\/td>\n<td data-sheets-value=\"{\"1\":2,\"2\":\"Pi\u0161kotek z varnostno zastavico\"}\">A cookie with a security flag<\/td>\n<td data-sheets-value=\"{\"1\":2,\"2\":\"Pi\u0161kotek z varnostno zastavico\"}\">Until you close your browser.<\/td>\n<\/tr>\n<tr>\n<td data-sheets-value=\"{\"1\":2,\"2\":\"wordpress_test_cookie\"}\">wordpress_test_cookie<\/td>\n<td data-sheets-value=\"{\"1\":2,\"2\":\"Pi\u0161kotek storitve Visual Website Optimizer, ki slu\u017ei nadzoru anonimne uporabe spletnega mesta za potrebe spreminjanja oblikovne predloge le-tega.\"}\">A cookie of the Visual Website Optimizer service, which serves to control the anonymous use of the website for the purposes of changing its design template.<\/td>\n<td data-sheets-value=\"{\"1\":2,\"2\":\"Pi\u0161kotek storitve Visual Website Optimizer, ki slu\u017ei nadzoru anonimne uporabe spletnega mesta za potrebe spreminjanja oblikovne predloge le-tega.\"}\">Until you close your browser.<\/td>\n<\/tr>\n<tr>\n<td data-sheets-value=\"{\"1\":2,\"2\":\"wp-settings-1\"}\">wp-settings-1<\/td>\n<td data-sheets-value=\"{\"1\":2,\"2\":\"Nastavi se zaradi prilagoditve pogleda strani in (administratorskega) vmesnika.\"}\">It is set to customize the page view and (admin) interface.<\/td>\n<td data-sheets-value=\"{\"1\":2,\"2\":\"Nastavi se zaradi prilagoditve pogleda strani in (administratorskega) vmesnika.\"}\">210 minutes since the page was updated.<\/td>\n<\/tr>\n<tr>\n<td data-sheets-value=\"{\"1\":2,\"2\":\"wp-settings-time-1\"}\">wp-settings-time-1<\/td>\n<td data-sheets-value=\"{\"1\":2,\"2\":\"Nastavi se zaradi prilagoditve pogleda strani in (administratorskega) vmesnika.\"}\">It is set to customize the page view and (admin) interface.<\/td>\n<td data-sheets-value=\"{\"1\":2,\"2\":\"Nastavi se zaradi prilagoditve pogleda strani in (administratorskega) vmesnika.\"}\">210 minutes since the page was updated.<\/td>\n<\/tr>\n<\/tbody>\n<\/table>\n<div><\/div>\n<div>\n<p><strong>Mandatory cookies<\/strong> These cookies are necessary for moving around the website and using its options, such as access to secure areas of the website. Without these cookies, it is not possible to provide the services you have requested, for example the form for a prize draw, etc.<\/p>\n<p><strong>Performance cookies<\/strong> These cookies collect information about how the website is used, for example which pages users visit most often and if error messages appear on the website. These cookies do not collect information that could identify the user. All information collected is aggregated and anonymous. These cookies are used only to improve the functionality of the website.<\/p>\n<p>By continuing to use our website after you have been notified about cookies, you agree to us placing this type of cookie on your device.<\/p>\n<p><strong>Functional cookies<\/strong> These cookies allow the website to remember your chosen options (for example, your username, language or region where you are located) and offer you improved, more personal options. For example, our website that you are currently on offers customized content based on the topic of articles that the user has marked as popular. These cookies can also remember changes to font size and other parts of the website that you can customize. They are also useful for providing services you have requested, such as watching a video or commenting on a blog. The information collected by these cookies can be anonymous and does not track your browsing on other websites.<\/p>\n<p>By continuing to use our website after you have been notified about cookies, you agree to us placing this type of cookie on your device.<\/p>\n<p><strong>How to manage cookies on a PC<\/strong> Click to disable Google Analytics By clicking on &#8220;disable Google Analytics&#8221;, analytics will be disabled for one month.<\/p>\n<p>To enable our website&#8217;s cookies, please follow the steps below.<\/p>\n<p><strong>Google Chrome<\/strong><\/p>\n<ol>\n<li>Click &#8220;Tools&#8221; at the top of your browser and select &#8220;Settings.&#8221;<\/li>\n<li>Click &#8220;Show additional settings&#8221; and navigate to the &#8220;Privacy&#8221; section and click the &#8220;Content settings&#8221; button.<\/li>\n<li>Select &#8220;Allow setting local data&#8221;.<\/li>\n<\/ol>\n<p><strong>Microsoft Internet Explorer 6.0, 7.0, 8.0, 9.0<\/strong><\/p>\n<ol>\n<li>Click &#8220;Tools&#8221; at the top of your browser and select &#8220;Internet Options,&#8221; then click the &#8220;Privacy&#8221; tab.<\/li>\n<li>Please check if your privacy level is set to medium or lower, which will allow the use of cookies in your browser.<\/li>\n<li>A setting above the medium level will disable the use of cookies.<\/li>\n<\/ol>\n<p><strong>Mozilla Firefox<\/strong><\/p>\n<ol>\n<li>Click &#8220;Tools&#8221; at the top of your browser and select &#8220;Options.&#8221; &gt;<\/li>\n<li>Then select the \u201cPrivacy\u201d icon. &gt;<\/li>\n<li>Click on &#8220;Cookies&#8221; and select the &#8220;Allow sites to create cookies&#8221; option.<\/li>\n<\/ol>\n<p><strong>Safari<\/strong><\/p>\n<ol>\n<li>Click the gear icon at the top of your browser and select the \u201cSettings\u201d option.<\/li>\n<li>Click on &#8220;Privacy&#8221;, then check the option &#8220;Disable the use of third-party cookies and advertising cookies&#8221;.<\/li>\n<li>Click &#8220;Save&#8221;.<\/li>\n<\/ol>\n<p><strong>How to manage cookies on a Mac<\/strong> To enable cookies from our website, please follow the steps below.<\/p>\n<p><strong>Microsoft Internet Explorer 5.0 on OSX<\/strong><\/p>\n<ol>\n<li>Click &#8220;Explorer&#8221; at the top of your browser and select the &#8220;Settings&#8221; option.<\/li>\n<li>Scroll down to &#8220;Cookies&#8221; in the &#8220;Inbox&#8221; section.<\/li>\n<li>Select the &#8220;Never Ask&#8221; option.<\/li>\n<\/ol>\n<p><strong>Safari on OSX<\/strong><\/p>\n<ol>\n<li>Click on &#8220;Safari&#8221; at the top of your browser and select the &#8220;Settings&#8221; option.<\/li>\n<li>Click on &#8220;Privacy&#8221; and then &#8220;Enable the use of cookies&#8221;.<\/li>\n<li>Select &#8220;Only on visited pages&#8221;.<\/li>\n<\/ol>\n<p><strong>Mozilla and Netscape on OSX<\/strong><\/p>\n<ol>\n<li>Click &#8220;Mozilla&#8221; or &#8220;Netscape&#8221; at the top of your browser and select the &#8220;Settings&#8221; option.<\/li>\n<li>Scroll down to &#8220;Cookies&#8221; in the &#8220;Privacy &amp; Security&#8221; section.<\/li>\n<li>Select &#8220;Allow cookies for source website only&#8221;.<\/li>\n<\/ol>\n<p><strong>Opera<\/strong><\/p>\n<ol>\n<li>Click &#8220;Menu&#8221; at the top of your browser and select &#8220;Settings.&#8221;<\/li>\n<li>Then select \u201cOptions\u201d and the \u201cAdvanced\u201d tab.<\/li>\n<li>Select the option &#8220;Enable the use of cookies&#8221;.<\/li>\n<\/ol>\n<\/div>\n","protected":false},"excerpt":{"rendered":"<p>To make it easier for you to use our website and make it more enjoyable, we use &#8220;cookies&#8221;. Cookies are<\/p>\n","protected":false},"author":1,"featured_media":0,"parent":0,"menu_order":0,"comment_status":"closed","ping_status":"closed","template":"","meta":{"footnotes":""},"class_list":["post-2923","page","type-page","status-publish","hentry"],"yoast_head":"<!-- This site is optimized with the Yoast SEO plugin v24.1 - https:\/\/yoast.com\/wordpress\/plugins\/seo\/ -->\n<title>Cookies - Amper Sol d.o.o.<\/title>\n<meta name=\"robots\" content=\"index, follow, max-snippet:-1, max-image-preview:large, max-video-preview:-1\" \/>\n<link rel=\"canonical\" href=\"https:\/\/ampersol.com\/en\/cookies\/\" \/>\n<meta property=\"og:locale\" content=\"en_US\" \/>\n<meta property=\"og:type\" content=\"article\" \/>\n<meta property=\"og:title\" content=\"Cookies - Amper Sol d.o.o.\" \/>\n<meta property=\"og:description\" content=\"To make it easier for you to use our website and make it more enjoyable, we use &#8220;cookies&#8221;. Cookies are\" \/>\n<meta property=\"og:url\" content=\"https:\/\/ampersol.com\/en\/cookies\/\" \/>\n<meta property=\"og:site_name\" content=\"Amper Sol d.o.o.\" \/>\n<meta name=\"twitter:card\" content=\"summary_large_image\" \/>\n<meta name=\"twitter:label1\" content=\"Est. reading time\" \/>\n\t<meta name=\"twitter:data1\" content=\"5 minutes\" \/>\n<script type=\"application\/ld+json\" class=\"yoast-schema-graph\">{\"@context\":\"https:\/\/schema.org\",\"@graph\":[{\"@type\":\"WebPage\",\"@id\":\"https:\/\/ampersol.com\/en\/cookies\/\",\"url\":\"https:\/\/ampersol.com\/en\/cookies\/\",\"name\":\"Cookies - Amper Sol d.o.o.\",\"isPartOf\":{\"@id\":\"https:\/\/ampersol.com\/en\/#website\"},\"datePublished\":\"2022-07-10T19:54:04+00:00\",\"dateModified\":\"2022-07-10T19:54:04+00:00\",\"breadcrumb\":{\"@id\":\"https:\/\/ampersol.com\/en\/cookies\/#breadcrumb\"},\"inLanguage\":\"en-US\",\"potentialAction\":[{\"@type\":\"ReadAction\",\"target\":[\"https:\/\/ampersol.com\/en\/cookies\/\"]}]},{\"@type\":\"BreadcrumbList\",\"@id\":\"https:\/\/ampersol.com\/en\/cookies\/#breadcrumb\",\"itemListElement\":[{\"@type\":\"ListItem\",\"position\":1,\"name\":\"Home\",\"item\":\"https:\/\/ampersol.com\/en\/\"},{\"@type\":\"ListItem\",\"position\":2,\"name\":\"Cookies\"}]},{\"@type\":\"WebSite\",\"@id\":\"https:\/\/ampersol.com\/en\/#website\",\"url\":\"https:\/\/ampersol.com\/en\/\",\"name\":\"Amper Sol d.o.o.\",\"description\":\"Prodaja, servis in storitve\",\"publisher\":{\"@id\":\"https:\/\/ampersol.com\/en\/#organization\"},\"potentialAction\":[{\"@type\":\"SearchAction\",\"target\":{\"@type\":\"EntryPoint\",\"urlTemplate\":\"https:\/\/ampersol.com\/en\/?s={search_term_string}\"},\"query-input\":{\"@type\":\"PropertyValueSpecification\",\"valueRequired\":true,\"valueName\":\"search_term_string\"}}],\"inLanguage\":\"en-US\"},{\"@type\":\"Organization\",\"@id\":\"https:\/\/ampersol.com\/en\/#organization\",\"name\":\"Amper Sol d.o.o.\",\"url\":\"https:\/\/ampersol.com\/en\/\",\"logo\":{\"@type\":\"ImageObject\",\"inLanguage\":\"en-US\",\"@id\":\"https:\/\/ampersol.com\/en\/#\/schema\/logo\/image\/\",\"url\":\"https:\/\/ampersol.com\/wp-content\/uploads\/2022\/06\/cropped-deni-logo-1-303x71-1.png\",\"contentUrl\":\"https:\/\/ampersol.com\/wp-content\/uploads\/2022\/06\/cropped-deni-logo-1-303x71-1.png\",\"width\":303,\"height\":71,\"caption\":\"Amper Sol d.o.o.\"},\"image\":{\"@id\":\"https:\/\/ampersol.com\/en\/#\/schema\/logo\/image\/\"}}]}<\/script>\n<!-- \/ Yoast SEO plugin. -->","yoast_head_json":{"title":"Cookies - Amper Sol d.o.o.","robots":{"index":"index","follow":"follow","max-snippet":"max-snippet:-1","max-image-preview":"max-image-preview:large","max-video-preview":"max-video-preview:-1"},"canonical":"https:\/\/ampersol.com\/en\/cookies\/","og_locale":"en_US","og_type":"article","og_title":"Cookies - Amper Sol d.o.o.","og_description":"To make it easier for you to use our website and make it more enjoyable, we use &#8220;cookies&#8221;. Cookies are","og_url":"https:\/\/ampersol.com\/en\/cookies\/","og_site_name":"Amper Sol d.o.o.","twitter_card":"summary_large_image","twitter_misc":{"Est. reading time":"5 minutes"},"schema":{"@context":"https:\/\/schema.org","@graph":[{"@type":"WebPage","@id":"https:\/\/ampersol.com\/en\/cookies\/","url":"https:\/\/ampersol.com\/en\/cookies\/","name":"Cookies - Amper Sol d.o.o.","isPartOf":{"@id":"https:\/\/ampersol.com\/en\/#website"},"datePublished":"2022-07-10T19:54:04+00:00","dateModified":"2022-07-10T19:54:04+00:00","breadcrumb":{"@id":"https:\/\/ampersol.com\/en\/cookies\/#breadcrumb"},"inLanguage":"en-US","potentialAction":[{"@type":"ReadAction","target":["https:\/\/ampersol.com\/en\/cookies\/"]}]},{"@type":"BreadcrumbList","@id":"https:\/\/ampersol.com\/en\/cookies\/#breadcrumb","itemListElement":[{"@type":"ListItem","position":1,"name":"Home","item":"https:\/\/ampersol.com\/en\/"},{"@type":"ListItem","position":2,"name":"Cookies"}]},{"@type":"WebSite","@id":"https:\/\/ampersol.com\/en\/#website","url":"https:\/\/ampersol.com\/en\/","name":"Amper Sol d.o.o.","description":"Prodaja, servis in storitve","publisher":{"@id":"https:\/\/ampersol.com\/en\/#organization"},"potentialAction":[{"@type":"SearchAction","target":{"@type":"EntryPoint","urlTemplate":"https:\/\/ampersol.com\/en\/?s={search_term_string}"},"query-input":{"@type":"PropertyValueSpecification","valueRequired":true,"valueName":"search_term_string"}}],"inLanguage":"en-US"},{"@type":"Organization","@id":"https:\/\/ampersol.com\/en\/#organization","name":"Amper Sol d.o.o.","url":"https:\/\/ampersol.com\/en\/","logo":{"@type":"ImageObject","inLanguage":"en-US","@id":"https:\/\/ampersol.com\/en\/#\/schema\/logo\/image\/","url":"https:\/\/ampersol.com\/wp-content\/uploads\/2022\/06\/cropped-deni-logo-1-303x71-1.png","contentUrl":"https:\/\/ampersol.com\/wp-content\/uploads\/2022\/06\/cropped-deni-logo-1-303x71-1.png","width":303,"height":71,"caption":"Amper Sol d.o.o."},"image":{"@id":"https:\/\/ampersol.com\/en\/#\/schema\/logo\/image\/"}}]}},"_links":{"self":[{"href":"https:\/\/ampersol.com\/en\/wp-json\/wp\/v2\/pages\/2923","targetHints":{"allow":["GET"]}}],"collection":[{"href":"https:\/\/ampersol.com\/en\/wp-json\/wp\/v2\/pages"}],"about":[{"href":"https:\/\/ampersol.com\/en\/wp-json\/wp\/v2\/types\/page"}],"author":[{"embeddable":true,"href":"https:\/\/ampersol.com\/en\/wp-json\/wp\/v2\/users\/1"}],"replies":[{"embeddable":true,"href":"https:\/\/ampersol.com\/en\/wp-json\/wp\/v2\/comments?post=2923"}],"version-history":[{"count":0,"href":"https:\/\/ampersol.com\/en\/wp-json\/wp\/v2\/pages\/2923\/revisions"}],"wp:attachment":[{"href":"https:\/\/ampersol.com\/en\/wp-json\/wp\/v2\/media?parent=2923"}],"curies":[{"name":"wp","href":"https:\/\/api.w.org\/{rel}","templated":true}]}}